{"id":790,"date":"2018-06-13T10:29:21","date_gmt":"2018-06-13T10:29:21","guid":{"rendered":"http:\/\/www.hu.life4oakforests.eu\/?page_id=790"},"modified":"2018-06-20T12:13:35","modified_gmt":"2018-06-20T12:13:35","slug":"contact-us","status":"publish","type":"page","link":"https:\/\/hu.life4oakforests.eu\/ru\/contact-us\/","title":{"rendered":"Contact Us"},"content":{"rendered":"<h3 style=\"text-align: center;\">Leader of the project<\/h3>\n<p><img loading=\"lazy\" decoding=\"async\" class=\"size-full wp-image-687 aligncenter\" style=\"border-radius: 10px;\" src=\"http:\/\/www.it.life4oakforests.eu\/wp-content\/uploads\/2018\/03\/max_costa.png\" alt=\"\" width=\"120\" height=\"120\" srcset=\"https:\/\/hu.life4oakforests.eu\/wp-content\/uploads\/2018\/03\/max_costa.png 120w, https:\/\/hu.life4oakforests.eu\/wp-content\/uploads\/2018\/03\/max_costa-60x60.png 60w, https:\/\/hu.life4oakforests.eu\/wp-content\/uploads\/2018\/03\/max_costa-24x24.png 24w, https:\/\/hu.life4oakforests.eu\/wp-content\/uploads\/2018\/03\/max_costa-36x36.png 36w, https:\/\/hu.life4oakforests.eu\/wp-content\/uploads\/2018\/03\/max_costa-48x48.png 48w\" sizes=\"auto, (max-width: 120px) 100vw, 120px\" \/><\/p>\n<p style=\"text-align: center;\">\u00a0<\/p>\n<p style=\"text-align: center;\"><strong>Dr Massimiliano COSTA<\/strong><\/p>\n<p style=\"text-align: center;\">Director<\/p>\n<p style=\"text-align: center;\">Ente di gestione peri Parchi e la Biodiversit\u00e0-Romagna (MAR)<\/p>\n<p style=\"text-align: center;\">Coordinating Beneficiary<\/p>\n<h3>\u00a0\u00a0<\/h3>\n<h3 style=\"text-align: center;\">Project Management<\/h3>\n<h4 style=\"text-align: center;\"><a href=\"http:\/\/www.fencon.hu\/\">FENCON Consulting Ltd.<\/a><\/h4>\n<p><img loading=\"lazy\" decoding=\"async\" class=\"size-full wp-image-690 aligncenter\" style=\"border-radius: 10px;\" src=\"http:\/\/www.it.life4oakforests.eu\/wp-content\/uploads\/2018\/03\/fidlockyj.png\" alt=\"\" width=\"120\" height=\"120\" srcset=\"https:\/\/hu.life4oakforests.eu\/wp-content\/uploads\/2018\/03\/fidlockyj.png 120w, https:\/\/hu.life4oakforests.eu\/wp-content\/uploads\/2018\/03\/fidlockyj-60x60.png 60w, https:\/\/hu.life4oakforests.eu\/wp-content\/uploads\/2018\/03\/fidlockyj-24x24.png 24w, https:\/\/hu.life4oakforests.eu\/wp-content\/uploads\/2018\/03\/fidlockyj-36x36.png 36w, https:\/\/hu.life4oakforests.eu\/wp-content\/uploads\/2018\/03\/fidlockyj-48x48.png 48w\" sizes=\"auto, (max-width: 120px) 100vw, 120px\" \/><\/p>\n<p style=\"text-align: center;\"><strong>Mr J\u00f3zsef FIDL\u00d3CZKY<\/strong><\/p>\n<p style=\"text-align: center;\">Project manager<\/p>\n<p><img loading=\"lazy\" decoding=\"async\" class=\"alignnone  wp-image-820 aligncenter\" src=\"http:\/\/www.it.life4oakforests.eu\/wp-content\/uploads\/2018\/06\/bene_viktoria.jpg\" alt=\"\" width=\"140\" height=\"131\" srcset=\"https:\/\/hu.life4oakforests.eu\/wp-content\/uploads\/2018\/06\/bene_viktoria.jpg 150w, https:\/\/hu.life4oakforests.eu\/wp-content\/uploads\/2018\/06\/bene_viktoria-24x22.jpg 24w, https:\/\/hu.life4oakforests.eu\/wp-content\/uploads\/2018\/06\/bene_viktoria-36x34.jpg 36w, https:\/\/hu.life4oakforests.eu\/wp-content\/uploads\/2018\/06\/bene_viktoria-48x45.jpg 48w\" sizes=\"auto, (max-width: 140px) 100vw, 140px\" \/><\/p>\n<p style=\"text-align: center;\"><strong>Mrs. Vikt\u00f3ria BENE<\/strong><\/p>\n<p style=\"text-align: center;\">Project administrator<\/p>\n<p><img loading=\"lazy\" decoding=\"async\" class=\"size-full wp-image-691 aligncenter\" style=\"border-radius: 10px;\" src=\"http:\/\/www.it.life4oakforests.eu\/wp-content\/uploads\/2018\/03\/fidloczkyzsuzsa.png\" alt=\"\" width=\"120\" height=\"120\" srcset=\"https:\/\/hu.life4oakforests.eu\/wp-content\/uploads\/2018\/03\/fidloczkyzsuzsa.png 120w, https:\/\/hu.life4oakforests.eu\/wp-content\/uploads\/2018\/03\/fidloczkyzsuzsa-60x60.png 60w, https:\/\/hu.life4oakforests.eu\/wp-content\/uploads\/2018\/03\/fidloczkyzsuzsa-24x24.png 24w, https:\/\/hu.life4oakforests.eu\/wp-content\/uploads\/2018\/03\/fidloczkyzsuzsa-36x36.png 36w, https:\/\/hu.life4oakforests.eu\/wp-content\/uploads\/2018\/03\/fidloczkyzsuzsa-48x48.png 48w\" sizes=\"auto, (max-width: 120px) 100vw, 120px\" \/><\/p>\n<p style=\"text-align: center;\"><strong>Ms Zsuzsa FIDL\u00d3CZKY<\/strong><\/p>\n<p style=\"text-align: center;\">General substitute of the project management<\/p>\n<p style=\"text-align: center;\">\u00a0<\/p>\n<h3>\u00a0<\/h3>\n<h3 style=\"text-align: center;\">The partner coordinators<\/h3>\n<p><img loading=\"lazy\" decoding=\"async\" class=\"alignnone size-full wp-image-164 aligncenter\" src=\"http:\/\/www.it.life4oakforests.eu\/wp-content\/uploads\/2018\/04\/unnamed.png\" alt=\"\" width=\"120\" height=\"120\" srcset=\"https:\/\/hu.life4oakforests.eu\/wp-content\/uploads\/2018\/04\/unnamed.png 120w, https:\/\/hu.life4oakforests.eu\/wp-content\/uploads\/2018\/04\/unnamed-60x60.png 60w\" sizes=\"auto, (max-width: 120px) 100vw, 120px\" \/><\/p>\n<p style=\"text-align: center;\"><strong>Mr J\u00f3zsef VERS<\/strong><\/p>\n<p style=\"text-align: center;\">Balaton Upland National Directorate (BuNPD)<\/p>\n<p style=\"text-align: center;\"><em>Associated Beneficiary<\/em><\/p>\n<p><img loading=\"lazy\" decoding=\"async\" class=\"size-full wp-image-164 aligncenter\" src=\"http:\/\/www.it.life4oakforests.eu\/wp-content\/uploads\/2018\/04\/unnamed.png\" alt=\"\" width=\"120\" height=\"120\" srcset=\"https:\/\/hu.life4oakforests.eu\/wp-content\/uploads\/2018\/04\/unnamed.png 120w, https:\/\/hu.life4oakforests.eu\/wp-content\/uploads\/2018\/04\/unnamed-60x60.png 60w\" sizes=\"auto, (max-width: 120px) 100vw, 120px\" \/><\/p>\n<p style=\"text-align: center;\"><strong>Mr Zolt\u00e1n VAJDA<\/strong><\/p>\n<p style=\"text-align: center;\">B\u00fckk National Park Directorate (BNPD)<\/p>\n<p style=\"text-align: center;\">Associated Beneficiary<\/p>\n<p><img loading=\"lazy\" decoding=\"async\" class=\"size-full wp-image-596 aligncenter\" style=\"border-radius: 10px;\" src=\"http:\/\/www.it.life4oakforests.eu\/wp-content\/uploads\/2018\/03\/drkoncz_peter.png\" alt=\"\" width=\"120\" height=\"120\" \/><\/p>\n<p style=\"text-align: center;\"><strong>Dr P\u00e9ter KONCZ<\/strong><\/p>\n<p style=\"text-align: center;\">Duna-Ipoly National Park Directorate (DINPD)<\/p>\n<p style=\"text-align: center;\">Associated Beneficiary<\/p>\n<p style=\"text-align: center;\"><img loading=\"lazy\" decoding=\"async\" class=\"size-full wp-image-682 aligncenter\" style=\"border-radius: 10px;\" src=\"http:\/\/www.it.life4oakforests.eu\/wp-content\/uploads\/2018\/03\/reka_aszalos.png\" alt=\"Ms R\u00e9ka Aszal\u00f3s\" width=\"120\" height=\"120\" srcset=\"https:\/\/hu.life4oakforests.eu\/wp-content\/uploads\/2018\/03\/reka_aszalos.png 120w, https:\/\/hu.life4oakforests.eu\/wp-content\/uploads\/2018\/03\/reka_aszalos-60x60.png 60w, https:\/\/hu.life4oakforests.eu\/wp-content\/uploads\/2018\/03\/reka_aszalos-24x24.png 24w, https:\/\/hu.life4oakforests.eu\/wp-content\/uploads\/2018\/03\/reka_aszalos-36x36.png 36w, https:\/\/hu.life4oakforests.eu\/wp-content\/uploads\/2018\/03\/reka_aszalos-48x48.png 48w\" sizes=\"auto, (max-width: 120px) 100vw, 120px\" \/><\/p>\n<p style=\"text-align: center;\"><strong>Dr R\u00e9ka ASZAL\u00d3S<\/strong><\/p>\n<p style=\"text-align: center;\">Centre for Ecological Research, Hungarian Academy of Sciences<\/p>\n<p style=\"text-align: center;\">Associated Beneficiary<\/p>\n<p>\u00a0<\/p>\n<p>\u00a0<\/p>\n<p style=\"text-align: center;\"><img loading=\"lazy\" decoding=\"async\" class=\"size-full wp-image-682 aligncenter\" style=\"border-radius: 10px;\" src=\"http:\/\/www.it.life4oakforests.eu\/wp-content\/uploads\/2018\/03\/bodispal.png\" alt=\"Bodis Pal\" width=\"120\" height=\"120\" \/><\/p>\n<p style=\"text-align: center;\"><strong>Mr P\u00e1l B\u00d3DIS<\/strong><\/p>\n<p style=\"text-align: center;\">WWF Hungary<\/p>\n<p style=\"text-align: center;\">Associated Beneficiary<\/p>\n<p>\u00a0<\/p>\n<p>\u00a0<\/p>\n<p><img loading=\"lazy\" decoding=\"async\" class=\"wp-image-789 aligncenter\" src=\"http:\/\/www.it.life4oakforests.eu\/wp-content\/uploads\/2018\/03\/szipi-300x300.jpg\" alt=\"\" width=\"124\" height=\"124\" srcset=\"https:\/\/hu.life4oakforests.eu\/wp-content\/uploads\/2018\/03\/szipi-300x300.jpg 300w, https:\/\/hu.life4oakforests.eu\/wp-content\/uploads\/2018\/03\/szipi-150x150.jpg 150w, https:\/\/hu.life4oakforests.eu\/wp-content\/uploads\/2018\/03\/szipi-60x60.jpg 60w, https:\/\/hu.life4oakforests.eu\/wp-content\/uploads\/2018\/03\/szipi-24x24.jpg 24w, https:\/\/hu.life4oakforests.eu\/wp-content\/uploads\/2018\/03\/szipi-36x36.jpg 36w, https:\/\/hu.life4oakforests.eu\/wp-content\/uploads\/2018\/03\/szipi-48x48.jpg 48w, https:\/\/hu.life4oakforests.eu\/wp-content\/uploads\/2018\/03\/szipi.jpg 406w\" sizes=\"auto, (max-width: 124px) 100vw, 124px\" \/><\/p>\n<p style=\"text-align: center;\"><strong>Mr Szil\u00e1rd V\u00c1S\u00c1RHELYI<\/strong><\/p>\n<p style=\"text-align: center;\">Nature Conservation Multipurpouse Association of \u00c9rmell\u00e9k (ETTE)<\/p>\n<p style=\"text-align: center;\">Associated Beneficiary<\/p>\n<p style=\"text-align: center;\">\n<div class=\"wpcf7 no-js\" id=\"wpcf7-f652-o1\" lang=\"en-US\" dir=\"ltr\" data-wpcf7-id=\"652\">\n<div class=\"screen-reader-response\"><p role=\"status\" aria-live=\"polite\" aria-atomic=\"true\"><\/p> <ul><\/ul><\/div>\n<form action=\"\/ru\/wp-json\/wp\/v2\/pages\/790#wpcf7-f652-o1\" method=\"post\" class=\"wpcf7-form init\" aria-label=\"Contact form\" novalidate=\"novalidate\" data-status=\"init\">\n<fieldset class=\"hidden-fields-container\"><input type=\"hidden\" name=\"_wpcf7\" value=\"652\" \/><input type=\"hidden\" name=\"_wpcf7_version\" value=\"6.1.4\" \/><input type=\"hidden\" name=\"_wpcf7_locale\" value=\"en_US\" \/><input type=\"hidden\" name=\"_wpcf7_unit_tag\" value=\"wpcf7-f652-o1\" \/><input type=\"hidden\" name=\"_wpcf7_container_post\" value=\"0\" \/><input type=\"hidden\" name=\"_wpcf7_posted_data_hash\" value=\"\" \/>\n<\/fieldset>\n<p style=\"text-align: center;\"><br \/>\n<label> Your Name (required)<br \/>\n<span class=\"wpcf7-form-control-wrap\" data-name=\"your-name\"><input size=\"40\" maxlength=\"400\" class=\"wpcf7-form-control wpcf7-text wpcf7-validates-as-required\" aria-required=\"true\" aria-invalid=\"false\" value=\"\" type=\"text\" name=\"your-name\" \/><\/span> <\/label>\n<\/p>\n<p style=\"text-align: center;\"><br \/>\n<label> Your Email (required)<br \/>\n<span class=\"wpcf7-form-control-wrap\" data-name=\"your-email\"><input size=\"40\" maxlength=\"400\" class=\"wpcf7-form-control wpcf7-email wpcf7-validates-as-required wpcf7-text wpcf7-validates-as-email\" aria-required=\"true\" aria-invalid=\"false\" value=\"\" type=\"email\" name=\"your-email\" \/><\/span> <\/label>\n<\/p>\n<p style=\"text-align: center;\"><br \/>\n<label> Subject<br \/>\n<span class=\"wpcf7-form-control-wrap\" data-name=\"your-subject\"><input size=\"40\" maxlength=\"400\" class=\"wpcf7-form-control wpcf7-text\" aria-invalid=\"false\" value=\"\" type=\"text\" name=\"your-subject\" \/><\/span> <\/label>\n<\/p>\n<p style=\"text-align: center;\"><br \/>\n<label> Your Message<br \/>\n<span class=\"wpcf7-form-control-wrap\" data-name=\"your-message\"><textarea cols=\"40\" rows=\"10\" maxlength=\"2000\" class=\"wpcf7-form-control wpcf7-textarea\" aria-invalid=\"false\" name=\"your-message\"><\/textarea><\/span> <\/label>\n<\/p>\n<p style=\"text-align: center;\">\n<\/p>\n<div class=\"g-recaptcha-wrap\" style=\"padding:10px 0 10px 0\">\n\t<div  class=\"g-recaptcha\" data-sitekey=\"6Lf4ru8pAAAAAEpKoxmCrrgSB2x748qL8qo51vkF\">\n\t<\/div>\n<\/div>\n<p><span class='wpcf7-form-control-wrap' data-name='aiowps-captcha'><\/span>\n<\/p>\n<p style=\"text-align: center;\"><br \/>\n<input class=\"wpcf7-form-control wpcf7-submit has-spinner\" type=\"submit\" value=\"Send\" \/>\n<\/p><p style=\"display: none !important;\" class=\"akismet-fields-container\" data-prefix=\"_wpcf7_ak_\"><label>&#916;<textarea name=\"_wpcf7_ak_hp_textarea\" cols=\"45\" rows=\"8\" maxlength=\"100\"><\/textarea><\/label><input type=\"hidden\" id=\"ak_js_1\" name=\"_wpcf7_ak_js\" value=\"95\"\/><script>document.getElementById( \"ak_js_1\" ).setAttribute( \"value\", ( new Date() ).getTime() );<\/script><\/p><div class=\"wpcf7-response-output\" aria-hidden=\"true\"><\/div>\n<\/form>\n<\/div>\n\n<p><img loading=\"lazy\" decoding=\"async\" class=\"size-full wp-image-691 aligncenter\" style=\"border-radius: 10px;\" src=\"http:\/\/www.it.life4oakforests.eu\/wp-content\/uploads\/2018\/03\/fidloczkyzsuzsa.png\" alt=\"\" width=\"120\" height=\"120\" srcset=\"https:\/\/hu.life4oakforests.eu\/wp-content\/uploads\/2018\/03\/fidloczkyzsuzsa.png 120w, https:\/\/hu.life4oakforests.eu\/wp-content\/uploads\/2018\/03\/fidloczkyzsuzsa-60x60.png 60w, https:\/\/hu.life4oakforests.eu\/wp-content\/uploads\/2018\/03\/fidloczkyzsuzsa-24x24.png 24w, https:\/\/hu.life4oakforests.eu\/wp-content\/uploads\/2018\/03\/fidloczkyzsuzsa-36x36.png 36w, https:\/\/hu.life4oakforests.eu\/wp-content\/uploads\/2018\/03\/fidloczkyzsuzsa-48x48.png 48w\" sizes=\"auto, (max-width: 120px) 100vw, 120px\" \/><\/p>\n<p style=\"text-align: center;\"><strong>Ms Zsuzsa FIDL\u00d3CZKY<\/strong><\/p>\n<p style=\"text-align: center;\">General substitute of the project management<\/p>\n<p style=\"text-align: center;\">\n","protected":false},"excerpt":{"rendered":"<p>Leader of the project \u00a0 Dr Massimiliano COSTA Director Ente di gestione peri Parchi e la Biodiversit\u00e0-Romagna (MAR) Coordinating Beneficiary \u00a0\u00a0 Project Management FENCON Consulting Ltd. Mr J\u00f3zsef FIDL\u00d3CZKY Project manager Mrs. Vikt\u00f3ria BENE Project administrator Ms Zsuzsa FIDL\u00d3CZKY General &hellip; <a href=\"https:\/\/hu.life4oakforests.eu\/ru\/contact-us\/\">Read More<\/a><\/p>\n","protected":false},"author":1,"featured_media":150,"parent":0,"menu_order":0,"comment_status":"closed","ping_status":"closed","template":"","meta":{"kt_blocks_editor_width":"","_monsterinsights_skip_tracking":false,"_monsterinsights_sitenote_active":false,"_monsterinsights_sitenote_note":"","_monsterinsights_sitenote_category":0,"footnotes":""},"class_list":["post-790","page","type-page","status-publish","has-post-thumbnail","hentry"],"translation":{"provider":"WPGlobus","version":"3.0.1","language":"ru","enabled_languages":["en","es","de","fr","ru"],"languages":{"en":{"title":true,"content":true,"excerpt":false},"es":{"title":false,"content":false,"excerpt":false},"de":{"title":false,"content":false,"excerpt":false},"fr":{"title":false,"content":false,"excerpt":false},"ru":{"title":false,"content":false,"excerpt":false}}},"aioseo_notices":[],"_links":{"self":[{"href":"https:\/\/hu.life4oakforests.eu\/ru\/wp-json\/wp\/v2\/pages\/790","targetHints":{"allow":["GET"]}}],"collection":[{"href":"https:\/\/hu.life4oakforests.eu\/ru\/wp-json\/wp\/v2\/pages"}],"about":[{"href":"https:\/\/hu.life4oakforests.eu\/ru\/wp-json\/wp\/v2\/types\/page"}],"author":[{"embeddable":true,"href":"https:\/\/hu.life4oakforests.eu\/ru\/wp-json\/wp\/v2\/users\/1"}],"replies":[{"embeddable":true,"href":"https:\/\/hu.life4oakforests.eu\/ru\/wp-json\/wp\/v2\/comments?post=790"}],"version-history":[{"count":9,"href":"https:\/\/hu.life4oakforests.eu\/ru\/wp-json\/wp\/v2\/pages\/790\/revisions"}],"predecessor-version":[{"id":1740,"href":"https:\/\/hu.life4oakforests.eu\/ru\/wp-json\/wp\/v2\/pages\/790\/revisions\/1740"}],"wp:featuredmedia":[{"embeddable":true,"href":"https:\/\/hu.life4oakforests.eu\/ru\/wp-json\/wp\/v2\/media\/150"}],"wp:attachment":[{"href":"https:\/\/hu.life4oakforests.eu\/ru\/wp-json\/wp\/v2\/media?parent=790"}],"curies":[{"name":"wp","href":"https:\/\/api.w.org\/{rel}","templated":true}]}}