{"id":553,"date":"2018-05-08T09:17:31","date_gmt":"2018-05-08T09:17:31","guid":{"rendered":"http:\/\/www.hu.life4oakforests.eu\/?page_id=553"},"modified":"2025-03-06T10:17:18","modified_gmt":"2025-03-06T10:17:18","slug":"koloska","status":"publish","type":"page","link":"https:\/\/hu.life4oakforests.eu\/ru\/koloska\/","title":{"rendered":"Koloska"},"content":{"rendered":"<h4 style=\"text-align: center;\"><span style=\"color: #000000;\"><strong>Projektter\u00fclet \u00e1ltal\u00e1nos le\u00edr\u00e1sa<\/strong><\/span><\/h4>\n<div class=\"row\"> <div class=\"col-md-6\">\n<p>A projektter\u00fclet neve: Koloska<\/p>\n<p>Ter\u00fclet (ha): 51,140<\/p>\n<p>Eus v\u00e9delmi jog\u00e1ll\u00e1s: SCI: HUBF20034 Balatonf\u00fcredi-erd\u0151<\/p>\n<p>Egy\u00e9b jog\u00e1ll\u00e1s nemzeti vagy region\u00e1lis szab\u00e1lyoz\u00e1s \u00e9rtelm\u00e9ben:<\/p>\n<p>Nemzeti park<\/p>\n<p>A projektter\u00fcet hasznos\u00edt\u00e1sa: A f\u00f6ldhaszn\u00e1lat: Term\u00e9szetv\u00e9delem 50%, turizmus 10%, erd\u0151gazd\u00e1lkod\u00e1s 40%<\/p>\n<p>Tulajdonjogi st\u00e1tusz: \u00c1llami tulajdon 100%<\/p>\n<\/div><div class=\"col-md-6\">\n<p><img loading=\"lazy\" decoding=\"async\" class=\" wp-image-1435 aligncenter\" src=\"http:\/\/www.life4oakforests.eu\/wp-content\/uploads\/2018\/05\/koloska_1-300x176.jpg\" alt=\"\" width=\"431\" height=\"253\" \/><\/p>\n<\/div><\/div>\n<h4 style=\"text-align: center;\">Projektter\u00fclet tudom\u00e1nyos le\u00edr\u00e1sa<\/h4>\n<p>A Koloska-v\u00f6lgy egy keskeny v\u00f6lgy a Balaton-Felvid\u00e9k d\u00e9li r\u00e9sz\u00e9n, amely \u00e9szak-d\u00e9li ir\u00e1nyban ter\u00fcl el. Alapk\u0151zete a m\u00e9szk\u0151 \u00e9s a dolomit. A v\u00f6lgy alj\u00e1ban 91G0 * Pannon gyerty\u00e1nos-t\u00f6lgyeseket tal\u00e1lunk Quercus petraea-val \u00e9s Carpinus betulus-szal (35%). Vannak m\u00e9g itt 91H0* Pannon molyhos t\u00f6lgyesek Quercus pubescens-szel (35%) \u00e9s 91M0 Pannon cseres-t\u00f6lgyesek (29%) a lejt\u0151k\u00f6n. Az alacsony hegytet\u0151ket szikl\u00e1k bor\u00edtj\u00e1k \u00e9s n\u00e9hol idegenhonos \u00fcltetett feketefeny\u0151ket tal\u00e1lunk a 91H0* Pannon molyhos t\u00f6lgyesekben. Azokon a ter\u00fcleteken, amelyek alkalmasak az erd\u0151gazd\u00e1lkod\u00e1sra, ma 2-6 ha-os homog\u00e9n t\u00f6mb\u00f6k vannak. Itt a fak\u00e9szlet cs\u00f6kkent a kor\u00e1bbi erd\u0151gazd\u00e1lkod\u00e1si tev\u00e9kenys\u00e9gek miatt.<br \/>\nMeghat\u00e1roz\u00f3 n\u00f6v\u00e9nyek:\u00a0<em>Terpedt koronaf\u00fcrt, g\u00e9rbics, vastaggally\u00fa k\u00f6rte<\/em>,<br \/>\nMeghat\u00e1roz\u00f3 \u00e1llatok:<\/p>\n<ul>\n<li>Eml\u0151s\u00f6k:\u00a0<em>hegyesorr\u00fa denev\u00e9r, k\u00f6z\u00f6ns\u00e9ges denev\u00e9r<\/em><\/li>\n<li>Madarak:\u00a0<em>K\u00f6z\u00e9p fakop\u00e1ncs, kis fakop\u00e1ncs, fekete hark\u00e1ly, hamvas k\u00fcll\u0151, z\u00f6ld k\u00fcll\u0151<\/em><\/li>\n<li>Rovarok:\u00a0<em>Cs\u00edkos medvelepke, nagy h\u0151scinc\u00e9r, s\u00e1rga gyapjassz\u00f6v\u0151, nagy szarvasbog\u00e1r,<\/em><\/li>\n<\/ul>\n<h4><\/h4>\n<h4 style=\"text-align: center;\"><strong>A projektter\u00fclet jelent\u0151s\u00e9ge a biol\u00f3giai sokf\u00e9les\u00e9g \u00e9s \/ vagy a region\u00e1lis, nemzeti \u00e9s uni\u00f3s szinten c\u00e9lzott fajok \/ \u00e9l\u0151helyt\u00edpusok meg\u0151rz\u00e9se szempontj\u00e1b\u00f3l<br \/>\n<\/strong><\/h4>\n<p>A projektter\u00fclet rendk\u00edv\u00fcl fontos a 91G0 Pannon gyerty\u00e1nos-t\u00f6lgyesek \u00e9s <em>91H0*Pannon molyhos t\u00f6lgyesek<\/em> rehabilit\u00e1l\u00e1s\u00e1nak szempontj\u00e1b\u00f3l, amelyek az \u00e9l\u0151helyv\u00e9delmi ir\u00e1nyelv I. mell\u00e9klet\u00e9nek alapj\u00e1n Eur\u00f3pai Uni\u00f3s kiemelt jelent\u0151s\u00e9g\u0171 \u00e9l\u0151helyek. Az erd\u0151knek k\u00fcl\u00f6n\u00f6sen ama r\u00e9szei szorulnak rehabilit\u00e1ci\u00f3ra, amelyek homog\u00e9nn\u00e9 v\u00e1ltak a kor\u00e1bbi erd\u0151gazd\u00e1lkod\u00e1si tev\u00e9kenys\u00e9gek sor\u00e1n.<br \/>\nA ter\u00fclet helyre\u00e1ll\u00edt\u00e1sa a r\u00e9gi\u00f3 t\u00f6bbi erd\u0151kezel\u0151j\u00e9nek is p\u00e9ldak\u00e9nt szolg\u00e1l majd.<\/p>\n<h4 style=\"text-align: center;\">Projektter\u00fclet z\u00e1szl\u00f3shaj\u00f3 fajai<\/h4>\n<p style=\"text-align: center;\"><em>Hippocrepis emerus,\u00a0Ficedula albicollis,\u00a0Barbastella barbastellus<\/em><\/p>\n<p style=\"text-align: center;\"><a href=\"http:\/\/hu.life4oakforests.eu\/projekthelyszinek-magyarorszagon\/\">Vissza a projekt ter\u00fcletekre<\/a><\/p>\n","protected":false},"excerpt":{"rendered":"<p>Projektter\u00fclet \u00e1ltal\u00e1nos le\u00edr\u00e1sa Projektter\u00fclet tudom\u00e1nyos le\u00edr\u00e1sa A Koloska-v\u00f6lgy egy keskeny v\u00f6lgy a Balaton-Felvid\u00e9k d\u00e9li r\u00e9sz\u00e9n, amely \u00e9szak-d\u00e9li ir\u00e1nyban ter\u00fcl el. Alapk\u0151zete a m\u00e9szk\u0151 \u00e9s a dolomit. A v\u00f6lgy alj\u00e1ban 91G0 * Pannon gyerty\u00e1nos-t\u00f6lgyeseket tal\u00e1lunk Quercus petraea-val \u00e9s Carpinus betulus-szal (35%). &hellip; <a href=\"https:\/\/hu.life4oakforests.eu\/ru\/koloska\/\">\u0427\u0438\u0442\u0430\u0442\u044c \u0434\u0430\u043b\u0435\u0435<\/a><\/p>\n","protected":false},"author":1,"featured_media":0,"parent":0,"menu_order":0,"comment_status":"closed","ping_status":"closed","template":"","meta":{"kt_blocks_editor_width":"","_monsterinsights_skip_tracking":false,"_monsterinsights_sitenote_active":false,"_monsterinsights_sitenote_note":"","_monsterinsights_sitenote_category":0,"footnotes":""},"class_list":["post-553","page","type-page","status-publish","hentry"],"translation":{"provider":"WPGlobus","version":"3.0.1","language":"ru","enabled_languages":["en","es","de","fr","ru"],"languages":{"en":{"title":true,"content":true,"excerpt":false},"es":{"title":false,"content":false,"excerpt":false},"de":{"title":false,"content":false,"excerpt":false},"fr":{"title":false,"content":false,"excerpt":false},"ru":{"title":false,"content":false,"excerpt":false}}},"aioseo_notices":[],"_links":{"self":[{"href":"https:\/\/hu.life4oakforests.eu\/ru\/wp-json\/wp\/v2\/pages\/553","targetHints":{"allow":["GET"]}}],"collection":[{"href":"https:\/\/hu.life4oakforests.eu\/ru\/wp-json\/wp\/v2\/pages"}],"about":[{"href":"https:\/\/hu.life4oakforests.eu\/ru\/wp-json\/wp\/v2\/types\/page"}],"author":[{"embeddable":true,"href":"https:\/\/hu.life4oakforests.eu\/ru\/wp-json\/wp\/v2\/users\/1"}],"replies":[{"embeddable":true,"href":"https:\/\/hu.life4oakforests.eu\/ru\/wp-json\/wp\/v2\/comments?post=553"}],"version-history":[{"count":3,"href":"https:\/\/hu.life4oakforests.eu\/ru\/wp-json\/wp\/v2\/pages\/553\/revisions"}],"predecessor-version":[{"id":5644,"href":"https:\/\/hu.life4oakforests.eu\/ru\/wp-json\/wp\/v2\/pages\/553\/revisions\/5644"}],"wp:attachment":[{"href":"https:\/\/hu.life4oakforests.eu\/ru\/wp-json\/wp\/v2\/media?parent=553"}],"curies":[{"name":"wp","href":"https:\/\/api.w.org\/{rel}","templated":true}]}}