{"id":540,"date":"2018-05-08T08:45:12","date_gmt":"2018-05-08T08:45:12","guid":{"rendered":"http:\/\/www.hu.life4oakforests.eu\/?page_id=540"},"modified":"2025-03-06T10:28:00","modified_gmt":"2025-03-06T10:28:00","slug":"matraszentimre-falloskut","status":"publish","type":"page","link":"https:\/\/hu.life4oakforests.eu\/ru\/matraszentimre-falloskut\/","title":{"rendered":"M\u00e1traszentimre-Fall\u00f3sk\u00fat"},"content":{"rendered":"<h4 style=\"text-align: center;\"><strong>Projektter\u00fclet \u00e1ltal\u00e1nos le\u00edr\u00e1sa<\/strong><\/h4>\n<div class=\"row\"> <div class=\"col-md-6\">\n<p>A projektter\u00fclet neve: M\u00e1traszentimre-Fall\u00f3sk\u00fat<\/p>\n<p>Ter\u00fclet (ha): 48,220<\/p>\n<p>EU v\u00e9delmi jog\u00e1ll\u00e1s: K\u00fcl\u00f6nleges Mad\u00e1rv\u00e9delmi Ter\u00fclet (SPA): HUBN10006, K\u00fcl\u00f6nleges Term\u00e9szetmeg\u0151rz\u00e9si Ter\u00fclet (SCI): HUBN20049<\/p>\n<p>Egy\u00e9b jog\u00e1ll\u00e1s nemzeti vagy region\u00e1lis szab\u00e1lyoz\u00e1s \u00e9rtelm\u00e9ben:<\/p>\n<p>M\u00e1tra T\u00e1jv\u00e9delmi K\u00f6rzet, r\u00e9szben fokozottan v\u00e9dett<\/p>\n<p>A projektter\u00fcet hasznos\u00edt\u00e1sa: F\u00f6ldhaszn\u00e1lat: Term\u00e9szetmeg\u0151rz\u00e9s 60%, erd\u0151gazd\u00e1lkod\u00e1s 30%<\/p>\n<p>Tulajdonjogi st\u00e1tusz: \u00c1llami tulajdon 100%<\/p>\n<\/div><div class=\"col-md-6\">\n<p><img loading=\"lazy\" decoding=\"async\" class=\"wp-image-1509 aligncenter\" src=\"http:\/\/www.life4oakforests.eu\/wp-content\/uploads\/2018\/05\/Matraszentimre_Falloskut1-300x168.jpg\" alt=\"\" width=\"432\" height=\"242\" \/><\/p>\n<\/div><\/div>\n<h3><\/h3>\n<h4 style=\"text-align: center;\">Projektter\u00fclet tudom\u00e1nyos le\u00edr\u00e1sa<\/h4>\n<p>A ter\u00fclet 620-710 m\u00e9teres tengerszint feletti magass\u00e1gban tal\u00e1lhat\u00f3, andezit alapk\u0151zeten. Az \u00e9ves csapad\u00e9kmennyis\u00e9g nagyj\u00e1b\u00f3l 650-800 mm. A ter\u00fcletet 91G0*pannon gyerty\u00e1nos-t\u00f6lgyesek Quercus petraea-val \u00e9s Carpinus betulus-szal\u00a0(59%), 91H0*pannon molyhos t\u00f6lgyesek (27%), 91M0 pannon cseres-t\u00f6lgyesek \u00e9s elhagyatott f\u00e1s r\u00e9teken tal\u00e1lhat\u00f3 regener\u00e1l\u00f3dott erd\u0151k (10%) bor\u00edtj\u00e1k. A hegyet k\u00f6r\u00fclvev\u0151 t\u00e1jon tal\u00e1lunk erd\u0151ket, gondozott \u00e9s elhagyatott puszt\u00e1kat. Az erdei tiszt\u00e1sokat 6240* pannon lejt\u0151sztyeppeket \u00e9s sziklaf\u00fcves lejt\u0151k (0,14%) fedik <em>piros k\u00edgy\u00f3szisszel, le\u00e1nyk\u00f6k\u00f6rcsinnel, Janka-tars\u00f3k\u00e1val, magyar aszattal, f\u00fcrt\u00f6s z\u00f6rg\u0151f\u0171vel, kikeleti h\u00f3vir\u00e1ggal, p\u00e1zsitos n\u0151szirommal, tarka n\u0151szirommal \u00e9s k\u00f6vi pimp\u00f3val.<\/em>\u00a0Egy\u00e9b \u00e9l\u0151helyek a ter\u00fclet kb. 4%-\u00e1t fedik.<br \/>\nA ter\u00fclet \u00e1llatai:<\/p>\n<ul>\n<li>Eml\u0151s\u00f6k: <em>Vadmacska, tavi denev\u00e9r, k\u00f6z\u00f6ns\u00e9ges denev\u00e9r, kis patk\u00f3sdenev\u00e9r.<\/em><\/li>\n<li>Madarak:\u00a0<em>K\u00e9k galamb, eur\u00f3pai lappanty\u00fa, fekete hark\u00e1ly, k\u00f6z\u00e9p fakop\u00e1ncs, \u00f6rv\u00f6s l\u00e9gykap\u00f3, t\u00f6vissz\u00far\u00f3 g\u00e9bics, hamvas k\u00fcll\u0151, dar\u00e1zs\u00f6lyv \u00e9s ur\u00e1li bagoly<\/em><\/li>\n<li>H\u00fcll\u0151k:\u00a0<em>Z\u00f6ld gy\u00edk<\/em><\/li>\n<li>K\u00e9t\u00e9lt\u0171ek:\u00a0<em>Foltos szalamandra<\/em><\/li>\n<li>Bogarak:\u00a0<em>Nagy h\u0151scinc\u00e9r, nagy szarvasbog\u00e1r \u00e9s v\u00f6r\u00f6scomb\u00fa facinc\u00e9r.<\/em><\/li>\n<li>Lepk\u00e9k:\u00a0<em>Cs\u00edkos medvelepke, Magyar tavaszi-f\u00e9s\u0171sbagolylepke<\/em><\/li>\n<\/ul>\n<h4 style=\"text-align: center;\"><strong>A projektter\u00fclet jelent\u0151s\u00e9ge a biol\u00f3giai sokf\u00e9les\u00e9g \u00e9s \/ vagy a region\u00e1lis, nemzeti \u00e9s uni\u00f3s szinten c\u00e9lzott fajok \/ \u00e9l\u0151helyt\u00edpusok meg\u0151rz\u00e9se szempontj\u00e1b\u00f3l<br \/>\n<\/strong><\/h4>\n<p>A projektter\u00fclet \u00e9l\u0151helyekben rendk\u00edv\u00fcl gazdag, n\u00f6v\u00e9ny-\u00e9s \u00e1llatvil\u00e1ga j\u00f3 \u00e1llapot\u00fa. Sz\u00e1mos orsz\u00e1gosan \u00e9s nemzetk\u00f6zi szinten is ritka faj fordul itt el\u0151. A k\u00fcl\u00f6nf\u00e9le t\u00f6lgyerd\u0151\u00e1llom\u00e1nyok (91G0, 91H0, 91M0) sz\u00e1mos fokozottan v\u00e9dett fajnak (lsd. projektter\u00fclet tudom\u00e1nyos le\u00edr\u00e1sa) biztos\u00edtanak \u00e9l\u0151helyet, \u00edgy megfelel\u0151 term\u00e9szetv\u00e9delmi kezel\u00e9st ig\u00e9nyelnek. A pannon gyerty\u00e1nos-t\u00f6lgyesek Quercus petraea-val \u00e9s Carpinus betulus-szal, a pannon molyhos t\u00f6lgyesek Quercus pubescens-szel \u00e9s pannon cseres-t\u00f6lgyesek, valamint a pannon lejt\u0151sztyeppek \u00e9s sziklaf\u00fcves lejt\u0151k jelenl\u00e9te, \u00e1llom\u00e1nya \u00e9s \u00f6sszet\u00e9tele biol\u00f3giai soksz\u00edn\u0171s\u00e9g szempontj\u00e1b\u00f3l \u00e9s uni\u00f3s szinten is jelent\u0151ss\u00e9 teszi a ter\u00fcletet. A ter\u00fclet term\u00e9szetess\u00e9ge \u00e9s biol\u00f3giai soksz\u00edn\u0171s\u00e9ge viszonylag r\u00f6vid id\u0151n bel\u00fcl jobb\u00e1 tehet\u0151 megfelel\u0151 term\u00e9szetv\u00e9delmi kezel\u00e9ssel.<\/p>\n<h4 style=\"text-align: center;\">Projektter\u00fclet z\u00e1szl\u00f3shaj\u00f3 fajai<\/h4>\n<p style=\"text-align: center;\"><em>Iris variegata,\u00a0Zamenis longissimus,\u00a0Strix uralensis<\/em><\/p>\n<p style=\"text-align: center;\"><a href=\"http:\/\/hu.life4oakforests.eu\/projekthelyszinek-magyarorszagon\/\">Vissza a projekthelysz\u00ednekre<\/a><\/p>\n","protected":false},"excerpt":{"rendered":"<p>Projektter\u00fclet \u00e1ltal\u00e1nos le\u00edr\u00e1sa Projektter\u00fclet tudom\u00e1nyos le\u00edr\u00e1sa A ter\u00fclet 620-710 m\u00e9teres tengerszint feletti magass\u00e1gban tal\u00e1lhat\u00f3, andezit alapk\u0151zeten. Az \u00e9ves csapad\u00e9kmennyis\u00e9g nagyj\u00e1b\u00f3l 650-800 mm. A ter\u00fcletet 91G0*pannon gyerty\u00e1nos-t\u00f6lgyesek Quercus petraea-val \u00e9s Carpinus betulus-szal\u00a0(59%), 91H0*pannon molyhos t\u00f6lgyesek (27%), 91M0 pannon cseres-t\u00f6lgyesek \u00e9s elhagyatott &hellip; <a href=\"https:\/\/hu.life4oakforests.eu\/ru\/matraszentimre-falloskut\/\">\u0427\u0438\u0442\u0430\u0442\u044c \u0434\u0430\u043b\u0435\u0435<\/a><\/p>\n","protected":false},"author":1,"featured_media":0,"parent":0,"menu_order":0,"comment_status":"closed","ping_status":"closed","template":"","meta":{"kt_blocks_editor_width":"","_monsterinsights_skip_tracking":false,"_monsterinsights_sitenote_active":false,"_monsterinsights_sitenote_note":"","_monsterinsights_sitenote_category":0,"footnotes":""},"class_list":["post-540","page","type-page","status-publish","hentry"],"translation":{"provider":"WPGlobus","version":"3.0.1","language":"ru","enabled_languages":["en","es","de","fr","ru"],"languages":{"en":{"title":true,"content":true,"excerpt":false},"es":{"title":false,"content":false,"excerpt":false},"de":{"title":false,"content":false,"excerpt":false},"fr":{"title":false,"content":false,"excerpt":false},"ru":{"title":false,"content":false,"excerpt":false}}},"aioseo_notices":[],"_links":{"self":[{"href":"https:\/\/hu.life4oakforests.eu\/ru\/wp-json\/wp\/v2\/pages\/540","targetHints":{"allow":["GET"]}}],"collection":[{"href":"https:\/\/hu.life4oakforests.eu\/ru\/wp-json\/wp\/v2\/pages"}],"about":[{"href":"https:\/\/hu.life4oakforests.eu\/ru\/wp-json\/wp\/v2\/types\/page"}],"author":[{"embeddable":true,"href":"https:\/\/hu.life4oakforests.eu\/ru\/wp-json\/wp\/v2\/users\/1"}],"replies":[{"embeddable":true,"href":"https:\/\/hu.life4oakforests.eu\/ru\/wp-json\/wp\/v2\/comments?post=540"}],"version-history":[{"count":5,"href":"https:\/\/hu.life4oakforests.eu\/ru\/wp-json\/wp\/v2\/pages\/540\/revisions"}],"predecessor-version":[{"id":5661,"href":"https:\/\/hu.life4oakforests.eu\/ru\/wp-json\/wp\/v2\/pages\/540\/revisions\/5661"}],"wp:attachment":[{"href":"https:\/\/hu.life4oakforests.eu\/ru\/wp-json\/wp\/v2\/media?parent=540"}],"curies":[{"name":"wp","href":"https:\/\/api.w.org\/{rel}","templated":true}]}}