{"id":531,"date":"2018-05-08T08:09:49","date_gmt":"2018-05-08T08:09:49","guid":{"rendered":"http:\/\/www.hu.life4oakforests.eu\/?page_id=531"},"modified":"2025-03-06T10:26:35","modified_gmt":"2025-03-06T10:26:35","slug":"matraszolosi-kis-fuggo-ko","status":"publish","type":"page","link":"https:\/\/hu.life4oakforests.eu\/ru\/matraszolosi-kis-fuggo-ko\/","title":{"rendered":"M\u00e1trasz\u0151l\u0151si Kis-F\u00fcgg\u0151-k\u0151"},"content":{"rendered":"<h4 style=\"text-align: center;\"><strong>Projektter\u00fclet \u00e1ltal\u00e1nos le\u00edr\u00e1sa<\/strong><\/h4>\n<div class=\"row\"> <div class=\"col-md-6\">\n<p>A projektter\u00fclet neve: M\u00e1trasz\u0151l\u0151si Kis-F\u00fcgg\u0151-k\u0151<\/p>\n<p>Ter\u00fclet (ha): 72,970<\/p>\n<p>EU v\u00e9delmi jog\u00e1ll\u00e1s: K\u00fcl\u00f6nleges Term\u00e9szetmeg\u0151rz\u00e9si Ter\u00fclet (SCI): HUBN20056<\/p>\n<p>Egy\u00e9b jog\u00e1ll\u00e1s nemzeti vagy region\u00e1lis szab\u00e1lyoz\u00e1s \u00e9rtelm\u00e9ben:<\/p>\n<p>Kelet-Cserh\u00e1t T\u00e1jv\u00e9delmi K\u00f6rzet<\/p>\n<p>A projektter\u00fcet hasznos\u00edt\u00e1sa: F\u00f6ldhaszn\u00e1lat: Term\u00e9szetv\u00e9delem 100%<\/p>\n<p>Tulajdonjogi st\u00e1tusz: \u00c1llami tulajdon 100%<\/p>\n<\/div><div class=\"col-md-6\">\n<p><img loading=\"lazy\" decoding=\"async\" class=\"wp-image-1505 aligncenter\" src=\"http:\/\/www.life4oakforests.eu\/wp-content\/uploads\/2018\/05\/M\u00e1trasz\u0151l\u0151s-4-300x200.jpg\" alt=\"\" width=\"431\" height=\"287\" \/><\/p>\n<\/div><\/div>\n<h4 style=\"text-align: center;\">Projektter\u00fclet tudom\u00e1nyos le\u00edr\u00e1sa<\/h4>\n<p>A ter\u00fclet 280-400 m\u00e9teres tengerszint feletti magass\u00e1gban tal\u00e1lhat\u00f3, andezit alapk\u0151zeten. A hegy alj\u00e1t eg\u00e9szen a hegytet\u0151ig 72-95 \u00e9ves term\u00e9szetes erd\u0151k, mint 91G0*pannon gyerty\u00e1nos-t\u00f6lgyesek Quercus petraea-val \u00e9s Carpinus betulus-szal\u00a0(46%), 91H0*pannon molyhos t\u00f6lgyesek (4%), 91M0 pannon cseres-t\u00f6lgyesek (49%) \u00e9s \u00e1tmeneti erd\u0151k (1%) bor\u00edtj\u00e1k. A hegy l\u00e1b\u00e1t \u00e9s tetej\u00e9t megk\u00fcl\u00f6nb\u00f6ztet\u0151 k\u00e9t r\u00e9szt feketefeny\u0151 \u00fcltetv\u00e9ny \u00e9s egy elhagyatott legel\u0151 v\u00e1lasztja el. A hegyet k\u00f6r\u00fclvev\u0151 t\u00e1jon tal\u00e1lunk erd\u0151ket, gondozott \u00e9s elhagyatott kerteket. A ter\u00fclet \u00e9szaki r\u00e9sz\u00e9n tal\u00e1lunk itt fennmaradt m\u00e9szk\u0151 felsz\u00ednt kedvel\u0151 n\u00f6v\u00e9nyeket, mint <em>piros mad\u00e1rsisak, kislevel\u0171 n\u0151sz\u0151f\u0171 \u00e9s sz\u00e9leslevel\u0171 n\u0151sz\u0151f\u0171.<\/em>\u00a0A szikl\u00e1s hegyh\u00e1tat 40A0* kontinent\u00e1lis cserj\u00e9sek bor\u00edtj\u00e1k (0,1%), bele\u00e9rtve a szirti gy\u00f6ngyvessz\u0151t \u00e9s szirti mad\u00e1rbirset. Az erdei tiszt\u00e1sokat 6240* pannon lejt\u0151sztyeppeket \u00e9s sziklaf\u00fcves lejt\u0151k (0,3%) fedik, hegyk\u00f6zi cickafarkkal \u00e9s magyar bog\u00e1nccsal. Az ut\u00f3bbi 15-30 \u00e9vben nem t\u00f6rt\u00e9nt jelent\u0151s erd\u0151gazd\u00e1lkod\u00e1s a ter\u00fcleten, \u00edgy gazdag v\u00e9dett fajokban, \u00fagy mint <em>tavaszi h\u00e9rics, selymes peremizs, tarka n\u0151szirom, gum\u00f3s macskahere \u00e9s h\u00e1zi berkenye<\/em>\u00a0N\u00e9h\u00e1ny r\u00e9szen az invaz\u00edv ak\u00e1c\u00a0megtal\u00e1lhat\u00f3.<\/p>\n<p>A ter\u00fclet \u00e1llatai:<\/p>\n<ul>\n<li>Eml\u0151s\u00f6k:\u00a0<em>Vadmacska<\/em><\/li>\n<li>Madarak:\u00a0<em>K\u00e9k galamb, eur\u00f3pai lappanty\u00fa, fekete hark\u00e1ly, k\u00f6z\u00e9p fakop\u00e1ncs, \u00f6rv\u00f6s l\u00e9gykap\u00f3, hamvas k\u00fcll\u0151, dar\u00e1zs\u00f6lyv \u00e9s uhu.<\/em><\/li>\n<li>H\u00fcll\u0151k:\u00a0<em>Pannon gy\u00edk \u00e9s fali gy\u00edk.<\/em><\/li>\n<li>K\u00e9t\u00e9lt\u0171ek:\u00a0<em>Foltos szalamandra<\/em><\/li>\n<li>Bogarak:\u00a0<em>Sz\u0151r\u00f6s szarvasbog\u00e1r, nagy h\u0151scinc\u00e9r, nagy szarvasbog\u00e1r \u00e9sv \u00f6r\u00f6scomb\u00fa facinc\u00e9r.<\/em><\/li>\n<li>Lepk\u00e9k:\u00a0<em>Magyar tavaszi-f\u00e9s\u0171sbagolylepke, t\u00f6lgyfaszender, nagy feh\u00e9rs\u00e1voslepke, kis Apoll\u00f3-lepke<\/em><\/li>\n<\/ul>\n<h4 style=\"text-align: center;\"><strong>A projektter\u00fclet jelent\u0151s\u00e9ge a biol\u00f3giai sokf\u00e9les\u00e9g \u00e9s \/ vagy a region\u00e1lis, nemzeti \u00e9s uni\u00f3s szinten c\u00e9lzott fajok \/ \u00e9l\u0151helyt\u00edpusok meg\u0151rz\u00e9se szempontj\u00e1b\u00f3l<br \/>\n<\/strong><\/h4>\n<p>Jelent\u0151s a ter\u00fclet biol\u00f3giai sokf\u00e9les\u00e9ge; sz\u00e1mos ritka \u00e9s \u00e9rt\u00e9kes n\u00f6v\u00e9ny-\u00e9s \u00e1llatfaj tal\u00e1lhat\u00f3 itt. Ezek biogeogr\u00e1fiailag jelent\u0151s, \u00e9l\u0151helyspecifikus fajok, amelyek nagy popul\u00e1ci\u00f3kban fordulnak el\u0151 a ter\u00fcleten. A k\u00fcl\u00f6nf\u00e9le t\u00f6lgyerd\u0151\u00e1llom\u00e1nyok (91G0, 91H0, 91M0) sz\u00e1mos fokozottan v\u00e9dett fajnak (lsd. projektter\u00fclet tudom\u00e1nyos le\u00edr\u00e1sa) biztos\u00edtanak \u00e9l\u0151helyet, \u00edgy megfelel\u0151 term\u00e9szetv\u00e9delmi kezel\u00e9st ig\u00e9nyelnek. A pannon gyerty\u00e1nos-t\u00f6lgyesek Quercus petraea-val \u00e9s Carpinus betulus-szal, a pannon molyhos t\u00f6lgyesek Quercus pubescens-szel \u00e9s pannon cseres-t\u00f6lgyesek, valamint a kontinent\u00e1lis cserj\u00e9sek \u00e9s pannon lejt\u0151sztyeppek \u00e9s sziklaf\u00fcves lejt\u0151k jelenl\u00e9te biol\u00f3giai soksz\u00edn\u0171s\u00e9g szempontj\u00e1b\u00f3l \u00e9s uni\u00f3s szinten is jelent\u0151ss\u00e9 teszi a ter\u00fcletet. A ter\u00fclet term\u00e9szetess\u00e9ge \u00e9s biol\u00f3giai soksz\u00edn\u0171s\u00e9ge viszonylag r\u00f6vid id\u0151n bel\u00fcl jobb\u00e1 tehet\u0151 megfelel\u0151 term\u00e9szetv\u00e9delmi kezel\u00e9ssel.<\/p>\n<h4 style=\"text-align: center;\">Projektter\u00fclet z\u00e1szl\u00f3shaj\u00f3 fajai<\/h4>\n<p style=\"text-align: center;\"><em>Cerambyx cerdo,\u00a0Salamandra salamandra,\u00a0Dryocopus martius<\/em><\/p>\n<p style=\"text-align: center;\"><a href=\"http:\/\/hu.life4oakforests.eu\/projekthelyszinek-magyarorszagon\/\">Vissza a projekt ter\u00fcletekre<\/a><\/p>\n","protected":false},"excerpt":{"rendered":"<p>Projektter\u00fclet \u00e1ltal\u00e1nos le\u00edr\u00e1sa Projektter\u00fclet tudom\u00e1nyos le\u00edr\u00e1sa A ter\u00fclet 280-400 m\u00e9teres tengerszint feletti magass\u00e1gban tal\u00e1lhat\u00f3, andezit alapk\u0151zeten. A hegy alj\u00e1t eg\u00e9szen a hegytet\u0151ig 72-95 \u00e9ves term\u00e9szetes erd\u0151k, mint 91G0*pannon gyerty\u00e1nos-t\u00f6lgyesek Quercus petraea-val \u00e9s Carpinus betulus-szal\u00a0(46%), 91H0*pannon molyhos t\u00f6lgyesek (4%), 91M0 pannon &hellip; <a href=\"https:\/\/hu.life4oakforests.eu\/ru\/matraszolosi-kis-fuggo-ko\/\">\u0427\u0438\u0442\u0430\u0442\u044c \u0434\u0430\u043b\u0435\u0435<\/a><\/p>\n","protected":false},"author":1,"featured_media":0,"parent":0,"menu_order":0,"comment_status":"closed","ping_status":"closed","template":"","meta":{"kt_blocks_editor_width":"","_monsterinsights_skip_tracking":false,"_monsterinsights_sitenote_active":false,"_monsterinsights_sitenote_note":"","_monsterinsights_sitenote_category":0,"footnotes":""},"class_list":["post-531","page","type-page","status-publish","hentry"],"translation":{"provider":"WPGlobus","version":"3.0.1","language":"ru","enabled_languages":["en","es","de","fr","ru"],"languages":{"en":{"title":true,"content":true,"excerpt":false},"es":{"title":false,"content":false,"excerpt":false},"de":{"title":false,"content":false,"excerpt":false},"fr":{"title":false,"content":false,"excerpt":false},"ru":{"title":false,"content":false,"excerpt":false}}},"aioseo_notices":[],"_links":{"self":[{"href":"https:\/\/hu.life4oakforests.eu\/ru\/wp-json\/wp\/v2\/pages\/531","targetHints":{"allow":["GET"]}}],"collection":[{"href":"https:\/\/hu.life4oakforests.eu\/ru\/wp-json\/wp\/v2\/pages"}],"about":[{"href":"https:\/\/hu.life4oakforests.eu\/ru\/wp-json\/wp\/v2\/types\/page"}],"author":[{"embeddable":true,"href":"https:\/\/hu.life4oakforests.eu\/ru\/wp-json\/wp\/v2\/users\/1"}],"replies":[{"embeddable":true,"href":"https:\/\/hu.life4oakforests.eu\/ru\/wp-json\/wp\/v2\/comments?post=531"}],"version-history":[{"count":6,"href":"https:\/\/hu.life4oakforests.eu\/ru\/wp-json\/wp\/v2\/pages\/531\/revisions"}],"predecessor-version":[{"id":5659,"href":"https:\/\/hu.life4oakforests.eu\/ru\/wp-json\/wp\/v2\/pages\/531\/revisions\/5659"}],"wp:attachment":[{"href":"https:\/\/hu.life4oakforests.eu\/ru\/wp-json\/wp\/v2\/media?parent=531"}],"curies":[{"name":"wp","href":"https:\/\/api.w.org\/{rel}","templated":true}]}}