{"id":482,"date":"2018-05-07T12:44:54","date_gmt":"2018-05-07T12:44:54","guid":{"rendered":"http:\/\/www.hu.life4oakforests.eu\/?page_id=482"},"modified":"2025-03-06T10:25:05","modified_gmt":"2025-03-06T10:25:05","slug":"gyongyosi-sar-hegy","status":"publish","type":"page","link":"https:\/\/hu.life4oakforests.eu\/ru\/gyongyosi-sar-hegy\/","title":{"rendered":"Gy\u00f6ngy\u00f6si S\u00e1r-hegy"},"content":{"rendered":"<h4 style=\"text-align: center;\">Projektter\u00fclet \u00e1ltal\u00e1nos le\u00edr\u00e1sa<\/h4>\n<div class=\"row\"> <div class=\"col-md-6\">\n<p>A projektter\u00fclet neve: Gy\u00f6ngy\u00f6si S\u00e1r-hegy<\/p>\n<p>Ter\u00fclet (ha): 47,910<\/p>\n<p>EU v\u00e9delmi jog\u00e1ll\u00e1s: K\u00fcl\u00f6nleges Term\u00e9szetmeg\u0151rz\u00e9si Ter\u00fclet (SCI): HUBN20046<\/p>\n<p>Egy\u00e9b jog\u00e1ll\u00e1s nemzeti vagy region\u00e1lis szab\u00e1lyoz\u00e1s \u00e9rtelm\u00e9ben: Gy\u00f6ngy\u00f6si S\u00e1r-hegy Term\u00e9szetv\u00e9delmi Ter\u00fclet<\/p>\n<p>A projektter\u00fcet hasznos\u00edt\u00e1sa: F\u00f6ldhaszn\u00e1lat: Term\u00e9szetv\u00e9delem 50%, turizmus 30%, erd\u0151gazd\u00e1lkod\u00e1s 20%<\/p>\n<p>Tulajdonjogi st\u00e1tusz: \u00c1llami tulajdon 100%<\/p>\n<\/div><div class=\"col-md-6\">\n<p><img loading=\"lazy\" decoding=\"async\" class=\"wp-image-1498 aligncenter\" src=\"http:\/\/www.life4oakforests.eu\/wp-content\/uploads\/2018\/05\/Gyongyosi_Sarhegy1-300x171.jpg\" alt=\"\" width=\"430\" height=\"245\" \/><\/p>\n<\/div><\/div>\n<h3><\/h3>\n<h4 style=\"text-align: center;\">Projektter\u00fclet tudom\u00e1nyos le\u00edr\u00e1sa<\/h4>\n<p>A S\u00e1r-hegy 260-500 m\u00e9teres tengerszint feletti magass\u00e1gban tal\u00e1lhat\u00f3, andezit alapk\u0151zeten. Az andezit alapk\u0151zet felett vulkanikus t\u00f6rmel\u00e9k\u00e1r, \u00fcled\u00e9kes \u00e9s andezit tufa rak\u00f3dott le. Val\u00f3di biogegr\u00e1fiai \u00e9rt\u00e9ke a vulkanikus hegys\u00e9gnek, amely d\u00e9li ir\u00e1nyban emelkedik ki a M\u00e1tra vonulataib\u00f3l, hogy \u201ekapuja\u201d nyitva \u00e1ll az Alf\u00f6ld fel\u00e9, \u00edgy a hegyvonulatok \u00e9s a sztyeppek jellemz\u0151it is mag\u00e1\u00e9nak tudhatja. A leg\u00e9rt\u00e9kesebb \u00e9l\u0151helyek az \u00e1rval\u00e1nyhajjal bor\u00edtott r\u00e9tek, amelyek egykori, m\u00e1ra elhagyatott sz\u0151l\u0151k, t\u00f6rpemandula-cserj\u00e9sek \u00e9s szikl\u00e1s-f\u00fcves puszt\u00e1kon ter\u00fclnek el. A nyugati \u00e9s \u00e9szaki lejt\u0151ket 91G0*pannon gyerty\u00e1nos-t\u00f6lgyesek Quercus petraea-val \u00e9s Carpinus betulus-szal (4,9%), 91H0 *pannon molyhos t\u00f6lgyesek (33,3%), 91M0 pannon cseres-t\u00f6lgyesek (23,3%), valamint feketefeny\u0151 \u00fcltetv\u00e9nyek (33%) bor\u00edtj\u00e1k, az itt eredetileg honos 91H0 *pannon molyhos t\u00f6lgyesek erd\u0151ter\u00fcleteit, m\u00edg a hegygerincet 40A0*kontinent\u00e1lis sziklai- \u00e9s sztyeppcserj\u00e9sek (0,42%) fedik, \u00e9s az erd\u0151k tiszt\u00e1sain 6240*pannon lejt\u0151sztyeppek \u00e9s sziklaf\u00fcves lejt\u0151ket (0,09%) tal\u00e1lunk. A projektter\u00fcleten invaz\u00edv ak\u00e1c is tal\u00e1lhat\u00f3 (0,8%). A ter\u00fclet t\u00f6bbi r\u00e9sz\u00e9t cserj\u00e9k fedik.<br \/>\nK\u00f6r\u00fclbel\u00fcl 80 v\u00e9dett n\u00f6v\u00e9ny fordul itt el\u0151, k\u00f6zt\u00fck a s\u00e1padt lednek, amely csup\u00e1n h\u00e1rom helyen tal\u00e1lhat\u00f3 meg az eg\u00e9sz K\u00e1rp\u00e1t-medenc\u00e9ben. 400 kiemelt jelent\u0151s\u00e9g\u0171 lepke \u00e9s nagyj\u00e1b\u00f3l 15 h\u00fcll\u0151 \u00e9s k\u00e9t\u00e9lt\u0171 is \u00e9l itt.<br \/>\n\u00c9rt\u00e9kes n\u00f6v\u00e9nyek a piros k\u00edgy\u00f3szisz,\u00a0s\u00e1padt lednek, le\u00e1nyk\u00f6k\u00f6rcsin \u00e9s Janka-tars\u00f3ka.<\/p>\n<p>A ter\u00fclet \u00e1llatai:<\/p>\n<ul>\n<li>Madarak:\u00a0<em>K\u00e9k galamb, eur\u00f3pai lappanty\u00fa, fekete hark\u00e1ly, k\u00f6z\u00e9p fakop\u00e1ncs, \u00f6rv\u00f6s l\u00e9gykap\u00f3, hamvas k\u00fcll\u0151, dar\u00e1zs\u00f6lyv \u00e9s f\u00fcleskuvik<\/em><\/li>\n<li>H\u00fcll\u0151k:\u00a0<em>Z\u00f6ld gy\u00edk<\/em><\/li>\n<li>K\u00e9t\u00e9lt\u0171ek:\u00a0<em>V\u00f6r\u00f6shas\u00fa unka<\/em><\/li>\n<li>Rovarok:\u00a0<em>\u00d3ri\u00e1s-keresztesp\u00f3k, nagy h\u0151scinc\u00e9r, magyar tavaszi-f\u00e9s\u0171sbagolylepke, s\u00e1rga gyapjassz\u00f6v\u0151, szer\u00e9ny tarsza, nagy szarvasbog\u00e1r, nagy t\u0171zlepke, magyar akn\u00e1szp\u00f3k, l\u00e1ndzs\u00e1s karim\u00e1spoloska<\/em><\/li>\n<\/ul>\n<h4 style=\"text-align: center;\"><strong>A projektter\u00fclet jelent\u0151s\u00e9ge a biol\u00f3giai sokf\u00e9les\u00e9g \u00e9s \/ vagy a region\u00e1lis, nemzeti \u00e9s uni\u00f3s szinten c\u00e9lzott fajok \/ \u00e9l\u0151helyt\u00edpusok meg\u0151rz\u00e9se szempontj\u00e1b\u00f3l<br \/>\n<\/strong><\/h4>\n<p>Val\u00f3di biogegr\u00e1fiai \u00e9rt\u00e9ke a vulkanikus hegys\u00e9gnek, amely d\u00e9li ir\u00e1nyban emelkedik ki a M\u00e1tra vonulataib\u00f3l, hogy \u201ekapuja\u201d nyitva \u00e1ll az Alf\u00f6ld fel\u00e9, \u00edgy a hegyvonulatok \u00e9s a sztyeppek jellemz\u0151it is mag\u00e1\u00e9nak tudhatja. A k\u00fcl\u00f6nf\u00e9le t\u00f6lgyerd\u0151\u00e1llom\u00e1nyok (91G0, 91H0, 91M0) sz\u00e1mos fokozottan v\u00e9dett fajnak (lsd. projektter\u00fclet tudom\u00e1nyos le\u00edr\u00e1sa) biztos\u00edtanak \u00e9l\u0151helyet, \u00edgy megfelel\u0151 term\u00e9szetv\u00e9delmi kezel\u00e9st ig\u00e9nyelnek. A pannon gyerty\u00e1nos-t\u00f6lgyesek Quercus petraea-val \u00e9s Carpinus betulus-szal, a pannon molyhos t\u00f6lgyesek Quercus pubescens-szel \u00e9s pannon cseres-t\u00f6lgyesek, valamint a kontinent\u00e1lis cserj\u00e9sek \u00e9s pannon lejt\u0151sztyeppek \u00e9s sziklaf\u00fcves lejt\u0151k jelenl\u00e9te biol\u00f3giai soksz\u00edn\u0171s\u00e9g szempontj\u00e1b\u00f3l \u00e9s uni\u00f3s szinten is jelent\u0151ss\u00e9 teszi a ter\u00fcletet. A ter\u00fclet term\u00e9szetess\u00e9ge \u00e9s biol\u00f3giai soksz\u00edn\u0171s\u00e9ge viszonylag r\u00f6vid id\u0151n bel\u00fcl fejleszthet\u0151 lenne a <em>feketefeny\u0151<\/em>-erd\u0151k 91H0* pannon molyhos t\u00f6lgyesekk\u00e9 alak\u00edt\u00e1s\u00e1val, megfelel\u0151 term\u00e9szetv\u00e9delmi kezel\u00e9ssel \u00e9s az invaz\u00edv fajok kiirt\u00e1s\u00e1val.<\/p>\n<h4 style=\"text-align: center;\">Projektter\u00fclet z\u00e1szl\u00f3shaj\u00f3 fajai<\/h4>\n<p style=\"text-align: center;\"><em>Sorbus domestica,\u00a0Neptis rivularis,\u00a0Saturnia pyri<\/em><\/p>\n<p style=\"text-align: center;\"><a href=\"http:\/\/hu.life4oakforests.eu\/projekthelyszinek-magyarorszagon\/\">Vissza a projekt ter\u00fcletekre<\/a><\/p>\n","protected":false},"excerpt":{"rendered":"<p>Projektter\u00fclet \u00e1ltal\u00e1nos le\u00edr\u00e1sa Projektter\u00fclet tudom\u00e1nyos le\u00edr\u00e1sa A S\u00e1r-hegy 260-500 m\u00e9teres tengerszint feletti magass\u00e1gban tal\u00e1lhat\u00f3, andezit alapk\u0151zeten. Az andezit alapk\u0151zet felett vulkanikus t\u00f6rmel\u00e9k\u00e1r, \u00fcled\u00e9kes \u00e9s andezit tufa rak\u00f3dott le. Val\u00f3di biogegr\u00e1fiai \u00e9rt\u00e9ke a vulkanikus hegys\u00e9gnek, amely d\u00e9li ir\u00e1nyban emelkedik ki a &hellip; <a href=\"https:\/\/hu.life4oakforests.eu\/ru\/gyongyosi-sar-hegy\/\">\u0427\u0438\u0442\u0430\u0442\u044c \u0434\u0430\u043b\u0435\u0435<\/a><\/p>\n","protected":false},"author":1,"featured_media":0,"parent":0,"menu_order":0,"comment_status":"closed","ping_status":"closed","template":"","meta":{"kt_blocks_editor_width":"","_monsterinsights_skip_tracking":false,"_monsterinsights_sitenote_active":false,"_monsterinsights_sitenote_note":"","_monsterinsights_sitenote_category":0,"footnotes":""},"class_list":["post-482","page","type-page","status-publish","hentry"],"translation":{"provider":"WPGlobus","version":"3.0.1","language":"ru","enabled_languages":["en","es","de","fr","ru"],"languages":{"en":{"title":true,"content":true,"excerpt":false},"es":{"title":false,"content":false,"excerpt":false},"de":{"title":false,"content":false,"excerpt":false},"fr":{"title":false,"content":false,"excerpt":false},"ru":{"title":false,"content":false,"excerpt":false}}},"aioseo_notices":[],"_links":{"self":[{"href":"https:\/\/hu.life4oakforests.eu\/ru\/wp-json\/wp\/v2\/pages\/482","targetHints":{"allow":["GET"]}}],"collection":[{"href":"https:\/\/hu.life4oakforests.eu\/ru\/wp-json\/wp\/v2\/pages"}],"about":[{"href":"https:\/\/hu.life4oakforests.eu\/ru\/wp-json\/wp\/v2\/types\/page"}],"author":[{"embeddable":true,"href":"https:\/\/hu.life4oakforests.eu\/ru\/wp-json\/wp\/v2\/users\/1"}],"replies":[{"embeddable":true,"href":"https:\/\/hu.life4oakforests.eu\/ru\/wp-json\/wp\/v2\/comments?post=482"}],"version-history":[{"count":6,"href":"https:\/\/hu.life4oakforests.eu\/ru\/wp-json\/wp\/v2\/pages\/482\/revisions"}],"predecessor-version":[{"id":5657,"href":"https:\/\/hu.life4oakforests.eu\/ru\/wp-json\/wp\/v2\/pages\/482\/revisions\/5657"}],"wp:attachment":[{"href":"https:\/\/hu.life4oakforests.eu\/ru\/wp-json\/wp\/v2\/media?parent=482"}],"curies":[{"name":"wp","href":"https:\/\/api.w.org\/{rel}","templated":true}]}}