{"id":458,"date":"2018-05-07T08:47:16","date_gmt":"2018-05-07T08:47:16","guid":{"rendered":"http:\/\/www.hu.life4oakforests.eu\/?page_id=458"},"modified":"2025-03-06T10:23:51","modified_gmt":"2025-03-06T10:23:51","slug":"felsotarkanyi-miklos-volgy-and-ostoros-volgy","status":"publish","type":"page","link":"https:\/\/hu.life4oakforests.eu\/ru\/felsotarkanyi-miklos-volgy-and-ostoros-volgy\/","title":{"rendered":"Fels\u0151t\u00e1rk\u00e1nyi Mikl\u00f3s-v\u00f6lgy and Ostoros-v\u00f6lgy"},"content":{"rendered":"<h4 style=\"text-align: center;\">Projektter\u00fclet \u00e1ltal\u00e1nos le\u00edr\u00e1sa<\/h4>\n<div class=\"row\"> <div class=\"col-md-6\">\n<p>projektter\u00fclet neve: Fels\u0151t\u00e1rk\u00e1nyi Mikl\u00f3s-v\u00f6lgy \u00e9s Ostoros-v\u00f6lgy<\/p>\n<p>Ter\u00fclet (ha): 52,560<\/p>\n<p>EU v\u00e9delmi jog\u00e1ll\u00e1s: K\u00fcl\u00f6nleges mad\u00e1rv\u00e9delmi ter\u00fclet (SPA): HUBN10003, K\u00fcl\u00f6nleges Term\u00e9szetmeg\u0151rz\u00e9si Ter\u00fclet (SCI): HUBN20008<\/p>\n<p>Egy\u00e9b jog\u00e1ll\u00e1s nemzeti vagy region\u00e1lis szab\u00e1lyoz\u00e1s \u00e9rtelm\u00e9ben:\u00a0Nemzeti park<\/p>\n<p>A projektter\u00fcet hasznos\u00edt\u00e1sa: F\u00f6ldhaszn\u00e1lat: Term\u00e9szetv\u00e9delem 100%<\/p>\n<p>Tulajdonjogi st\u00e1tusz: \u00c1llami tulajdon 37%, mag\u00e1ntulajdon 63%<\/p>\n<\/div><div class=\"col-md-6\">\n<p><img loading=\"lazy\" decoding=\"async\" class=\"wp-image-1490 aligncenter\" src=\"http:\/\/www.life4oakforests.eu\/wp-content\/uploads\/2018\/05\/Ftarkany_Miklosvolgy1-300x168.jpg\" alt=\"\" width=\"430\" height=\"241\" \/><\/p>\n<\/div><\/div>\n<h5><\/h5>\n<h4 style=\"text-align: center;\">Projektter\u00fclet tudom\u00e1nyos le\u00edr\u00e1sa<\/h4>\n<p>A projektter\u00fclet a D\u00e9lnyugat-B\u00fckk f\u0151k\u00e9nt agyagpal\u00e1val bor\u00edtott karsztos r\u00e9sz\u00e9n tal\u00e1lhat\u00f3, a T\u00e1rk\u00e1nyi-medence keleti perem\u00e9n, ahol rengeteg f\u00fcves puszt\u00e1ra \u00e9s erd\u0151kre jellemz\u0151 fajjal tal\u00e1lkozhatunk, amelyek kapcsol\u00f3dnak a melegkedvel\u0151 t\u00f6lgyesekhez. A Mikl\u00f3s-v\u00f6lgyi \u00e9s Ostoros-v\u00f6lgyi csermelyek a T\u00e1rk\u00e1nyi-patakba \u00f6mlenek. A Mikl\u00f3s-v\u00f6lgyben f\u0151leg 91M0 pannon cseres-t\u00f6lgyeseket (24%) \u00e9s 91G0*pannon gyerty\u00e1nos-t\u00f6lgyeseket Quercus petraea-val \u00e9s Carpinus betulus-szal\u00a0(9%) tal\u00e1lunk, m\u00edg az Ostoros-v\u00f6lgy jellemz\u0151 \u00e9l\u0151helye a 91I0 * Euro-szib\u00e9riai erd\u0151ssztyepp-t\u00f6lgyesek (22%). Emellett tal\u00e1lunk a projektter\u00fcleten 40A0* Kontinent\u00e1lis cserj\u00e9seket (15%), 6250* s\u00edks\u00e1gi pannon l\u00f6szsztyeppeket (15%) \u00e9s 6240* pannon lejt\u0151sztyeppeket \u00e9s sziklaf\u00fcves lejt\u0151ket. Ugyanakkor az invaz\u00edv ak\u00e1c a ter\u00fclet t\u00f6bb, mint 3%-\u00e1t foglalja el. A ter\u00fclet legjelent\u0151sebb n\u00f6v\u00e9nyei a gum\u00f3s macskahere, feh\u00e9r pimp\u00f3 \u00e9s hossz\u00falevel\u0171 \u00e1rval\u00e1nyhaj. A Mikl\u00f3s-v\u00f6lgy m\u00e1sik fontos n\u00f6v\u00e9nye a kikeleti h\u00f3vir\u00e1g, m\u00edg az Ostoros-v\u00f6lgy jelent\u0151s n\u00f6v\u00e9nyei k\u00f6z\u00e9 a piros k\u00edgy\u00f3szisz, a Janka-tars\u00f3ka, \u00e9s a le\u00e1nyk\u00f6k\u00f6rcsin sorolhat\u00f3.<\/p>\n<p>A ter\u00fclet kiemelt \u00e1llatai:<\/p>\n<ul>\n<li>Eml\u0151s\u00f6k:\u00a0<em>Erdei pele, nagy pele<\/em><\/li>\n<li>Madarak:\u00a0<em>Fekete hark\u00e1ly, feh\u00e9rh\u00e1t\u00fa fakop\u00e1ncs, hamvas k\u00fcll\u0151<\/em><\/li>\n<li>Bogarak:\u00a0<em>Nagy h\u0151scinc\u00e9r \u00e9s nagy szarvasbog\u00e1r<\/em><\/li>\n<li><em>Lepk\u00e9k: Magyar tavaszi-f\u00e9s\u0171sbagolylepke<\/em><\/li>\n<\/ul>\n<h4><\/h4>\n<h4 style=\"text-align: center;\"><strong>A projektter\u00fclet jelent\u0151s\u00e9ge a biol\u00f3giai sokf\u00e9les\u00e9g \u00e9s \/ vagy a region\u00e1lis, nemzeti \u00e9s uni\u00f3s szinten c\u00e9lzott fajok \/ \u00e9l\u0151helyt\u00edpusok meg\u0151rz\u00e9se szempontj\u00e1b\u00f3l<\/strong><\/h4>\n<p>A Mikl\u00f3s-v\u00f6lgyben a 91G0* \u00e9s 91M0 t\u00f6lgyesek, m\u00edg az Ostoros-v\u00f6lgyben a 91I0 * Euro-szib\u00e9riai erd\u0151ssztyepp-t\u00f6lgyesek sz\u00e1mos fokozottan v\u00e9dett fajnak (lsd. projektter\u00fclet tudom\u00e1nyos le\u00edr\u00e1sa) biztos\u00edtanak \u00e9l\u0151helyet, \u00edgy megfelel\u0151 term\u00e9szetv\u00e9delmi kezel\u00e9st ig\u00e9nyelnek. A 91I0 * Euro-szib\u00e9riai erd\u0151ssztyepp-t\u00f6lgyesek v\u00e9delm\u00e9re k\u00fcl\u00f6n\u00f6s hangs\u00falyt kell fektetn\u00fcnk nemzeti szinten. Azonban, ma e ter\u00fcletek legnagyobb r\u00e9sze mag\u00e1nk\u00e9zben van. Ahhoz, hogy megfelel\u0151 term\u00e9szetv\u00e9delmi kezel\u00e9sre ker\u00fclhessen sor, a mag\u00e1ntulajdonban l\u00e9v\u0151 erd\u0151k felv\u00e1s\u00e1rl\u00e1sa sz\u00fcks\u00e9ges, \u00e9s az invaz\u00edv fajokat is el kell t\u00e1vol\u00edtani. A megfelel\u0151 term\u00e9szetv\u00e9delmi erd\u0151kezel\u00e9s hozz\u00e1j\u00e1rulhat a pannon gyerty\u00e1nos-t\u00f6lgyesek Quercus petraea-val \u00e9s Carpinus betulus-szal, az Euro-szib\u00e9riai erd\u0151ssztyepp-t\u00f6lgyesek, \u00e9s pannon cseres-t\u00f6lgyesek bor\u00edtotta ter\u00fcletek fejl\u0151d\u00e9s\u00e9hez. Eme erd\u0151k \u00e9s a pannon lejt\u0151sztyeppek \u00e9s sziklaf\u00fcves lejt\u0151k, valamint a kontinent\u00e1lis cserj\u00e9sek \u00e9s s\u00edks\u00e1gi pannon l\u00f6szsztyeppek jelenl\u00e9te biol\u00f3giai soksz\u00edn\u0171s\u00e9g szempontj\u00e1b\u00f3l, uni\u00f3s szinten teszi fontoss\u00e1 a ter\u00fcletet. A ter\u00fclet term\u00e9szetess\u00e9ge \u00e9s biol\u00f3giai soksz\u00edn\u0171s\u00e9ge viszonylag r\u00f6vid id\u0151n bel\u00fcl fejleszthet\u0151 megfelel\u0151 term\u00e9szetv\u00e9delmi kezel\u00e9ssel.<\/p>\n<h4 style=\"text-align: center;\">Projektter\u00fclet z\u00e1szl\u00f3shaj\u00f3 fajai<\/h4>\n<p style=\"text-align: center;\"><em>Adonis vernalis,\u00a0Prunus tenella,\u00a0Eriogaster catax<\/em><\/p>\n<p style=\"text-align: center;\"><a href=\"http:\/\/hu.life4oakforests.eu\/projekthelyszinek-magyarorszagon\/\">Vissza a projekt ter\u00fcletekre<\/a><\/p>\n","protected":false},"excerpt":{"rendered":"<p>Projektter\u00fclet \u00e1ltal\u00e1nos le\u00edr\u00e1sa Projektter\u00fclet tudom\u00e1nyos le\u00edr\u00e1sa A projektter\u00fclet a D\u00e9lnyugat-B\u00fckk f\u0151k\u00e9nt agyagpal\u00e1val bor\u00edtott karsztos r\u00e9sz\u00e9n tal\u00e1lhat\u00f3, a T\u00e1rk\u00e1nyi-medence keleti perem\u00e9n, ahol rengeteg f\u00fcves puszt\u00e1ra \u00e9s erd\u0151kre jellemz\u0151 fajjal tal\u00e1lkozhatunk, amelyek kapcsol\u00f3dnak a melegkedvel\u0151 t\u00f6lgyesekhez. A Mikl\u00f3s-v\u00f6lgyi \u00e9s Ostoros-v\u00f6lgyi csermelyek a &hellip; <a href=\"https:\/\/hu.life4oakforests.eu\/ru\/felsotarkanyi-miklos-volgy-and-ostoros-volgy\/\">\u0427\u0438\u0442\u0430\u0442\u044c \u0434\u0430\u043b\u0435\u0435<\/a><\/p>\n","protected":false},"author":1,"featured_media":0,"parent":0,"menu_order":0,"comment_status":"closed","ping_status":"closed","template":"","meta":{"kt_blocks_editor_width":"","_monsterinsights_skip_tracking":false,"_monsterinsights_sitenote_active":false,"_monsterinsights_sitenote_note":"","_monsterinsights_sitenote_category":0,"footnotes":""},"class_list":["post-458","page","type-page","status-publish","hentry"],"translation":{"provider":"WPGlobus","version":"3.0.1","language":"ru","enabled_languages":["en","es","de","fr","ru"],"languages":{"en":{"title":true,"content":true,"excerpt":false},"es":{"title":false,"content":false,"excerpt":false},"de":{"title":false,"content":false,"excerpt":false},"fr":{"title":false,"content":false,"excerpt":false},"ru":{"title":false,"content":false,"excerpt":false}}},"aioseo_notices":[],"_links":{"self":[{"href":"https:\/\/hu.life4oakforests.eu\/ru\/wp-json\/wp\/v2\/pages\/458","targetHints":{"allow":["GET"]}}],"collection":[{"href":"https:\/\/hu.life4oakforests.eu\/ru\/wp-json\/wp\/v2\/pages"}],"about":[{"href":"https:\/\/hu.life4oakforests.eu\/ru\/wp-json\/wp\/v2\/types\/page"}],"author":[{"embeddable":true,"href":"https:\/\/hu.life4oakforests.eu\/ru\/wp-json\/wp\/v2\/users\/1"}],"replies":[{"embeddable":true,"href":"https:\/\/hu.life4oakforests.eu\/ru\/wp-json\/wp\/v2\/comments?post=458"}],"version-history":[{"count":8,"href":"https:\/\/hu.life4oakforests.eu\/ru\/wp-json\/wp\/v2\/pages\/458\/revisions"}],"predecessor-version":[{"id":5655,"href":"https:\/\/hu.life4oakforests.eu\/ru\/wp-json\/wp\/v2\/pages\/458\/revisions\/5655"}],"wp:attachment":[{"href":"https:\/\/hu.life4oakforests.eu\/ru\/wp-json\/wp\/v2\/media?parent=458"}],"curies":[{"name":"wp","href":"https:\/\/api.w.org\/{rel}","templated":true}]}}