{"id":1766,"date":"2020-10-18T21:22:49","date_gmt":"2020-10-18T21:22:49","guid":{"rendered":"http:\/\/hu.life4oakforests.eu\/?page_id=1766"},"modified":"2020-10-18T21:35:02","modified_gmt":"2020-10-18T21:35:02","slug":"biboros-kosbor-orchis-purpurea","status":"publish","type":"page","link":"https:\/\/hu.life4oakforests.eu\/ru\/biboros-kosbor-orchis-purpurea\/","title":{"rendered":"B\u00edboros kosbor (Orchis purpurea)"},"content":{"rendered":"<div class=\"row\"> <div class=\"col-md-6\">\n<h4>Faj \u00e9s \u00e9l\u0151hely le\u00edr\u00e1s<\/h4>\n<p>A b\u00edboros kosbort vir\u00e1gz\u00f3 \u00e1llapotban viszonylag k\u00f6nny\u0171 felismerni hossz\u00fa, 30\u201360 cm-re n\u00f6v\u0151, egyenes sz\u00e1r\u00e1r\u00f3l, melynek v\u00e9g\u00e9n a b\u00edborv\u00f6r\u00f6s vir\u00e1gok d\u00fas, t\u00f6m\u00f6tt vir\u00e1gzatot alkotnak. Vir\u00e1g n\u00e9lk\u00fcli \u00e1llapot\u00e1ban f\u00e9nyes, l\u00e1ndzs\u00e1s-toj\u00e1sdad, kicsit a tulip\u00e1n\u00e9hoz hasonl\u00f3 t\u0151leveleir\u0151l ismerhet\u0151 fel. A faj a molyhos t\u00f6lgyes karsztbokor erd\u0151kh\u00f6z k\u00f6t\u0151dik, de pusztaf\u00fcves lejt\u0151k\u00f6n, r\u00e9teken, legel\u0151k\u00f6n is megtal\u00e1lhat\u00f3.<\/p>\n<h4>F\u0151bb vesz\u00e9lyeztet\u0151 t\u00e9nyez\u0151k<\/h4>\n<p>A molyhos t\u00f6lgyes karsztbokor erd\u0151k kiterjed\u00e9se \u00edgy a b\u00edboros kosbor \u00e9l\u0151helye is jelent\u0151sen lecs\u00f6kkent. Ezek az erd\u0151k rendszerint \u00e1ldozatul estek a hegyl\u00e1bi sz\u0151l\u0151 \u00e9s gy\u00fcm\u00f6lcs-termeszt\u00e9snek, de a zavartalanabb foltokban, szikl\u00e1s, meredekebb hegyoldalakon jelent\u0151sebb \u00e1llom\u00e1nyiak fennmaradtak. <\/p>\n<h4>Speci\u00e1lis term\u00e9szetv\u00e9delmi beavatkoz\u00e1sok<\/h4>\n<p>A molyhos t\u00f6lgyesek helyre\u00e1ll\u00edt\u00e1sa \u00e9s az erd\u0151szeg\u00e9lyek \u00e1pol\u00e1sa a faj fenntart\u00e1s\u00e1t el\u0151seg\u00edtik. A b\u00edboros kosbor a Sas-hegy k\u00f6r\u00fcli kertekben (a kerts\u00e9gben) is megtal\u00e1lhat\u00f3, \u00edgy nem adott esetben kiv\u00e1lthat\u00f3 bizonyos kert\u00e9szeti fajok betelep\u00edt\u00e9se. Mindez annak a p\u00e9ld\u00e1ja lehet, hogy hogyan lehet egyszerre term\u00e9szetv\u00e9delmi kezel\u00e9st (molyhos t\u00f6lgyes erd\u0151re jellemz\u0151 fajok fenntart\u00e1sa) \u00e9s rekre\u00e1ci\u00f3s c\u00e9l\u00fa tev\u00e9kenys\u00e9geket (kert\u00e9szked\u00e9s) egy\u00fcttesen megval\u00f3s\u00edtani t\u00e1j\u00e9koztat\u00e1ssal, c\u00e9lzott turista forgalom ir\u00e1ny\u00edt\u00e1ssal, illetve egy kis odafigyel\u00e9ssel. \u00cdgy pl. \u00fcgyelni kell arra, hogy a m\u00e9g nem vir\u00e1gz\u00f3 egyedeit v\u00e9letlen\u00fcl ne kasz\u00e1ljuk le, illetve hogy m\u00e1s fajok ne nyomj\u00e1k el. \u00cdgy magunk is v\u00e9gezhet\u00fcnk term\u00e9szetv\u00e9delmi kertm\u0171vel\u00e9st a kertekben!<\/p>\n<p style=\"text-align: left;\"><\/div><div class=\"col-md-6\">\n<p style=\"text-align: left;\"><img loading=\"lazy\" decoding=\"async\" class=\"wp-image-1627 aligncenter\" src=\"xxx\" alt=\"\" width=\"501\" height=\"319\"><\/p>\n<p style=\"text-align: left;\"><\/div><\/div>\n\n\n\n<p><strong>Kapcsol\u00f3d\u00f3 projekthelysz\u00ednek<\/strong><br><a href=\"http:\/\/hu.life4oakforests.eu\/budai-sas-hegy\/\">Budai Sas-hegy<\/a><\/p>\n\n\n\n<p><strong>Irodalom<\/strong><br><a href=\"http:\/\/www.termeszetvedelem.hu\/index.php?pg=vf_44\">http:\/\/www.termeszetvedelem.hu\/index.php?pg=vf_44<\/a><\/p>\n\n\n\n<p><br><\/p>\n","protected":false},"excerpt":{"rendered":"<p>Kapcsol\u00f3d\u00f3 projekthelysz\u00ednekBudai Sas-hegy Irodalomhttp:\/\/www.termeszetvedelem.hu\/index.php?pg=vf_44<\/p>\n","protected":false},"author":1,"featured_media":0,"parent":0,"menu_order":0,"comment_status":"closed","ping_status":"closed","template":"","meta":{"kt_blocks_editor_width":"","_monsterinsights_skip_tracking":false,"_monsterinsights_sitenote_active":false,"_monsterinsights_sitenote_note":"","_monsterinsights_sitenote_category":0,"footnotes":""},"class_list":["post-1766","page","type-page","status-publish","hentry"],"translation":{"provider":"WPGlobus","version":"3.0.1","language":"ru","enabled_languages":["en","es","de","fr","ru"],"languages":{"en":{"title":true,"content":true,"excerpt":false},"es":{"title":false,"content":false,"excerpt":false},"de":{"title":false,"content":false,"excerpt":false},"fr":{"title":false,"content":false,"excerpt":false},"ru":{"title":false,"content":false,"excerpt":false}}},"aioseo_notices":[],"_links":{"self":[{"href":"https:\/\/hu.life4oakforests.eu\/ru\/wp-json\/wp\/v2\/pages\/1766","targetHints":{"allow":["GET"]}}],"collection":[{"href":"https:\/\/hu.life4oakforests.eu\/ru\/wp-json\/wp\/v2\/pages"}],"about":[{"href":"https:\/\/hu.life4oakforests.eu\/ru\/wp-json\/wp\/v2\/types\/page"}],"author":[{"embeddable":true,"href":"https:\/\/hu.life4oakforests.eu\/ru\/wp-json\/wp\/v2\/users\/1"}],"replies":[{"embeddable":true,"href":"https:\/\/hu.life4oakforests.eu\/ru\/wp-json\/wp\/v2\/comments?post=1766"}],"version-history":[{"count":2,"href":"https:\/\/hu.life4oakforests.eu\/ru\/wp-json\/wp\/v2\/pages\/1766\/revisions"}],"predecessor-version":[{"id":1769,"href":"https:\/\/hu.life4oakforests.eu\/ru\/wp-json\/wp\/v2\/pages\/1766\/revisions\/1769"}],"wp:attachment":[{"href":"https:\/\/hu.life4oakforests.eu\/ru\/wp-json\/wp\/v2\/media?parent=1766"}],"curies":[{"name":"wp","href":"https:\/\/api.w.org\/{rel}","templated":true}]}}