{"id":1363,"date":"2019-05-08T12:15:33","date_gmt":"2019-05-08T12:15:33","guid":{"rendered":"http:\/\/hu.life4oakforests.eu\/?page_id=1363"},"modified":"2019-05-08T12:15:33","modified_gmt":"2019-05-08T12:15:33","slug":"hazi-berkenye-sorbus-domestica","status":"publish","type":"page","link":"https:\/\/hu.life4oakforests.eu\/ru\/hazi-berkenye-sorbus-domestica\/","title":{"rendered":"H\u00e1zi berkenye (Sorbus domestica)"},"content":{"rendered":"<p style=\"text-align: left;\"><div class=\"row\"> <div class=\"col-md-6\">\n<h4>Faj \u00e9s \u00e9l\u0151hely le\u00edr\u00e1s<\/h4>\n<p>K\u00f6z\u00e9p- \u00e9s d\u00e9lkelet-eur\u00f3pai elterjed\u00e9s\u0171, lassan n\u00f6v\u0151, legfeljebb 20-25 m magass\u00e1got el\u00e9r\u0151 lombhullat\u00f3 szubmediterr\u00e1n fafaj. Haz\u00e1nkban el\u0151fordul\u00e1sa els\u0151sorban a k\u00f6z\u00e9phegys\u00e9gek meleg d\u00e9lies oldalainak t\u00f6lgyeseire korl\u00e1toz\u00f3dik. Els\u0151sorban cseres-kocs\u00e1nytalan t\u00f6lgyesekben, valamint m\u00e9sz- \u00e9s melegkedvel\u0151 t\u00f6lgyesekben jellemz\u0151 ritka elegyfaj. Mint termesztett gy\u00fcm\u00f6lcsfajunk el\u0151fordul sz\u0151l\u0151hegyeken, extenz\u00edv gy\u00fcm\u00f6lcs\u00f6s\u00f6kben is. Vir\u00e1gait \u00e1ltal\u00e1ban \u00e1prilis v\u00e9g\u00e9n, m\u00e1jus elej\u00e9n bontja, melyet nem a m\u00e9hek, ink\u00e1bb k\u00fcl\u00f6nb\u00f6z\u0151 bog\u00e1r fajok l\u00e1togatnak.<\/p>\n<h4>F\u0151bb vesz\u00e9lyeztet\u0151 t\u00e9nyez\u0151k<\/h4>\n<p>\u00c9l\u0151helyein els\u0151sorban a nagyvad r\u00e1g\u00e1sa, valamint az erd\u0151gazd\u00e1lkod\u00e1s jelenti a faj sz\u00e1m\u00e1ra a legf\u0151bb probl\u00e9m\u00e1t. Gyakori, hogy erd\u0151\u00e1pol\u00e1sok sor\u00e1n egyedeit elt\u00e1vol\u00edtj\u00e1k.<\/p>\n<h4>Speci\u00e1lis term\u00e9szetv\u00e9delmi beavatkoz\u00e1sok<\/h4>\n<p>\u00c9l\u0151helyein az erd\u0151\u00e1pol\u00e1sok szakszer\u0171 v\u00e9gz\u00e9s\u00e9vel, a ritka elegyfajok k\u00edm\u00e9let\u00e9vel, esetleg \u00fcltet\u00e9s\u00e9vel a faj gyakoris\u00e1ga n\u00f6velhet\u0151, rendk\u00edv\u00fcl fontos az erd\u0151gazd\u00e1lkod\u00f3k figyelm\u00e9nek felh\u00edv\u00e1sa a faj meg\u00f3v\u00e1s\u00e1ra. \u00c9l\u0151hely\u00e9n a nagyvad l\u00e9tsz\u00e1m\u00e1nak szab\u00e1lyoz\u00e1sa sz\u00fcks\u00e9ges. A projekt helysz\u00ednein vadv\u00e9delmi ker\u00edt\u00e9sekkel \u00e9s h\u00e1zi berkenye csemet\u00e9k ki\u00fcltet\u00e9s\u00e9vel is seg\u00edtj\u00fck a faj fennmarad\u00e1s\u00e1t \u00e9s terjed\u00e9s\u00e9t.<\/p>\n<p style=\"text-align: left;\"><\/div><div class=\"col-md-6\">\n<p style=\"text-align: left;\"><img loading=\"lazy\" decoding=\"async\" class=\"alignnone wp-image-1637 aligncenter\" src=\"http:\/\/www.life4oakforests.eu\/wp-content\/uploads\/2019\/05\/h\u00e1zi-berkenye-250x300.jpg\" alt=\"\" width=\"371\" height=\"445\" \/><\/p>\n<p style=\"text-align: left;\"><\/div><\/div>\n<p><b>Kapcsol\u00f3d\u00f3 projekt helysz\u00ednek<\/b><br \/>\nP\u00e9csely<\/p>\n<p><b>Irodalom<\/b><br \/>\n1. Bartha D. \u2013 B\u00f6l\u00f6ni J. \u2013 Kir\u00e1ly G. (eds., 1999) Magyarorsz\u00e1g ritka fa \u00e9s cserjefajai I. &#8212; Tilia. 7: 1-286.<br \/>\n2. Bartha D. (szerk) Magyarorsz\u00e1g ritka fa- \u00e9s cserjefajainak atlasza. Kossuth kiad\u00f3, Budapest, pp. 352<\/p>\n<h6><\/h6>\n","protected":false},"excerpt":{"rendered":"<p>Kapcsol\u00f3d\u00f3 projekt helysz\u00ednek P\u00e9csely Irodalom 1. Bartha D. \u2013 B\u00f6l\u00f6ni J. \u2013 Kir\u00e1ly G. (eds., 1999) Magyarorsz\u00e1g ritka fa \u00e9s cserjefajai I. &#8212; Tilia. 7: 1-286. 2. Bartha D. (szerk) Magyarorsz\u00e1g ritka fa- \u00e9s cserjefajainak atlasza. Kossuth kiad\u00f3, Budapest, pp. &hellip; <a href=\"https:\/\/hu.life4oakforests.eu\/ru\/hazi-berkenye-sorbus-domestica\/\">\u0427\u0438\u0442\u0430\u0442\u044c \u0434\u0430\u043b\u0435\u0435<\/a><\/p>\n","protected":false},"author":1,"featured_media":0,"parent":0,"menu_order":0,"comment_status":"closed","ping_status":"closed","template":"","meta":{"kt_blocks_editor_width":"","_monsterinsights_skip_tracking":false,"_monsterinsights_sitenote_active":false,"_monsterinsights_sitenote_note":"","_monsterinsights_sitenote_category":0,"footnotes":""},"class_list":["post-1363","page","type-page","status-publish","hentry"],"translation":{"provider":"WPGlobus","version":"3.0.1","language":"ru","enabled_languages":["en","es","de","fr","ru"],"languages":{"en":{"title":true,"content":true,"excerpt":false},"es":{"title":false,"content":false,"excerpt":false},"de":{"title":false,"content":false,"excerpt":false},"fr":{"title":false,"content":false,"excerpt":false},"ru":{"title":false,"content":false,"excerpt":false}}},"aioseo_notices":[],"_links":{"self":[{"href":"https:\/\/hu.life4oakforests.eu\/ru\/wp-json\/wp\/v2\/pages\/1363","targetHints":{"allow":["GET"]}}],"collection":[{"href":"https:\/\/hu.life4oakforests.eu\/ru\/wp-json\/wp\/v2\/pages"}],"about":[{"href":"https:\/\/hu.life4oakforests.eu\/ru\/wp-json\/wp\/v2\/types\/page"}],"author":[{"embeddable":true,"href":"https:\/\/hu.life4oakforests.eu\/ru\/wp-json\/wp\/v2\/users\/1"}],"replies":[{"embeddable":true,"href":"https:\/\/hu.life4oakforests.eu\/ru\/wp-json\/wp\/v2\/comments?post=1363"}],"version-history":[{"count":1,"href":"https:\/\/hu.life4oakforests.eu\/ru\/wp-json\/wp\/v2\/pages\/1363\/revisions"}],"predecessor-version":[{"id":1364,"href":"https:\/\/hu.life4oakforests.eu\/ru\/wp-json\/wp\/v2\/pages\/1363\/revisions\/1364"}],"wp:attachment":[{"href":"https:\/\/hu.life4oakforests.eu\/ru\/wp-json\/wp\/v2\/media?parent=1363"}],"curies":[{"name":"wp","href":"https:\/\/api.w.org\/{rel}","templated":true}]}}