{"id":1326,"date":"2019-05-08T08:43:17","date_gmt":"2019-05-08T08:43:17","guid":{"rendered":"http:\/\/hu.life4oakforests.eu\/?page_id=1326"},"modified":"2019-05-08T08:43:17","modified_gmt":"2019-05-08T08:43:17","slug":"macskabagoly-strix-aluco","status":"publish","type":"page","link":"https:\/\/hu.life4oakforests.eu\/ru\/macskabagoly-strix-aluco\/","title":{"rendered":"Macskabagoly (Strix aluco)"},"content":{"rendered":"<p style=\"text-align: left;\"><div class=\"row\"> <div class=\"col-md-6\">\n<h4>Faj- \u00e9s \u00e9l\u0151hely ismertet\u00e9s<\/h4>\n<p>A faj el\u0151nyben r\u00e9szes\u00edti az id\u0151sebb, f\u00e9szkel\u00e9sre alkalmas fa\u00fcregekben gazdag \u00e1llom\u00e1nyokat. Gyakran f\u00e9szkel m\u00e1s \u00e1llatok elhagyott lak\u00f3helyien is, \u00edgy p\u00e9ld\u00e1ul m\u00e1s madarak odvaiban, de ak\u00e1r szikla- vagy foly\u00f3partok mered\u00e9ly\u00e9be v\u00e1jt \u00fcregekben is. A macskabagoly ember alkotta \u00e9l\u0151helyeken is megtal\u00e1lhat\u00f3. (IUCN 2016)<\/p>\n<h4>Vesz\u00e9lyeztet\u0151 t\u00e9nyez\u0151k<\/h4>\n<p>Az elegyes, v\u00e1ltozatos szerkezet\u0171 \u00e9s kor\u00fa erd\u0151kben a kiseml\u0151s\u00f6k popul\u00e1ci\u00f3ja is v\u00e1ltozatosabb, mint a homog\u00e9n erd\u0151kben, \u00edgy a faj ezekben a term\u00e9szetesebb erd\u0151kben is nagyobb es\u00e9llyel tal\u00e1lja meg a sz\u00e1m\u00e1ra sz\u00fcks\u00e9ges t\u00e1pl\u00e1l\u00e9kforr\u00e1sokat. Ez azt is jelenti, hogy a term\u00e9szetszer\u0171 erd\u0151k ter\u00fclet\u00e9nek cs\u00f6kken\u00e9se vesz\u00e9lyezteti egy\u00fattal a faj fennmarad\u00e1s\u00e1t. Lokalit\u00e1st\u00f3l f\u00fcgg\u0151en a gyomirt\u00f3 szerek vagy a szigeteletlen elektromos vezet\u00e9kek szint\u00e9n jelent\u0151s vesz\u00e9lyeztet\u0151 t\u00e9nyez\u0151k a faj sz\u00e1m\u00e1ra.<\/p>\n<h4>Faj-specifikus kezel\u00e9sek<\/h4>\n<p>Az elegyes erd\u0151k fenntart\u00e1sa \u00e9s v\u00e9delme hozz\u00e1j\u00e1rul a faj fennmarad\u00e1s\u00e1hoz. Ez\u00e9rt a homog\u00e9n erd\u0151\u00e1llom\u00e1nyokban (pl. Di\u00f3sjen\u0151, 82B) kisebb l\u00e9keket, tiszt\u00e1sokat nyitunk ezzel is el\u0151seg\u00edtve a k\u00fcl\u00f6nb\u00f6z\u0151 fa- \u00e9s cserje fajok \u00fajulat\u00e1t. A faj sz\u00e1m\u00e1ra kedvez\u0151 mikro\u00e9l\u0151helyek, k\u00f6lt\u0151odvak kialak\u00edt\u00e1s\u00e1nak \u00e9rdek\u00e9ben t\u00f6bb helyen \u00e1ll\u00f3 holtf\u00e1kat is k\u00e9pz\u00fcnk. A baglyok sz\u00e1m\u00e1ra kedvez\u0151 \u00e9l\u0151helyek kialak\u00edt\u00e1s\u00e1val rem\u00e9lj\u00fck, hogy a nagyon ritka ur\u00e1li bagoly fennmarad\u00e1s\u00e1hoz is hozz\u00e1j\u00e1rulunk.<\/p>\n<p style=\"text-align: left;\"><\/div><div class=\"col-md-6\">\n<p style=\"text-align: left;\"><img loading=\"lazy\" decoding=\"async\" class=\"wp-image-1666 aligncenter\" src=\"http:\/\/www.life4oakforests.eu\/wp-content\/uploads\/2019\/05\/Macskabagoly_\u00c1rvay-M\u00e1rton-300x199.jpg\" alt=\"\" width=\"501\" height=\"332\" \/><\/p>\n<p style=\"text-align: left;\"><\/div><\/div>\n<p><b>Kapcsol\u00f3d\u00f3 projekt helysz\u00ednek<\/b><br \/>\nDi\u00f3sjen\u0151<\/p>\n<p><b>Irodalom<\/b><br \/>\nBirdLife International. 2016. Strix aluco. The IUCN Red List of Threatened Species 2016: e.T22725469A86871093. http:\/\/dx.doi.org\/10.2305\/IUCN.UK.2016-3.RLTS.T22725469A86871093.en.<\/p>\n<h6><\/h6>\n","protected":false},"excerpt":{"rendered":"<p>Kapcsol\u00f3d\u00f3 projekt helysz\u00ednek Di\u00f3sjen\u0151 Irodalom BirdLife International. 2016. Strix aluco. The IUCN Red List of Threatened Species 2016: e.T22725469A86871093. http:\/\/dx.doi.org\/10.2305\/IUCN.UK.2016-3.RLTS.T22725469A86871093.en.<\/p>\n","protected":false},"author":1,"featured_media":0,"parent":0,"menu_order":0,"comment_status":"closed","ping_status":"closed","template":"","meta":{"kt_blocks_editor_width":"","_monsterinsights_skip_tracking":false,"_monsterinsights_sitenote_active":false,"_monsterinsights_sitenote_note":"","_monsterinsights_sitenote_category":0,"footnotes":""},"class_list":["post-1326","page","type-page","status-publish","hentry"],"translation":{"provider":"WPGlobus","version":"3.0.1","language":"ru","enabled_languages":["en","es","de","fr","ru"],"languages":{"en":{"title":true,"content":true,"excerpt":false},"es":{"title":false,"content":false,"excerpt":false},"de":{"title":false,"content":false,"excerpt":false},"fr":{"title":false,"content":false,"excerpt":false},"ru":{"title":false,"content":false,"excerpt":false}}},"aioseo_notices":[],"_links":{"self":[{"href":"https:\/\/hu.life4oakforests.eu\/ru\/wp-json\/wp\/v2\/pages\/1326","targetHints":{"allow":["GET"]}}],"collection":[{"href":"https:\/\/hu.life4oakforests.eu\/ru\/wp-json\/wp\/v2\/pages"}],"about":[{"href":"https:\/\/hu.life4oakforests.eu\/ru\/wp-json\/wp\/v2\/types\/page"}],"author":[{"embeddable":true,"href":"https:\/\/hu.life4oakforests.eu\/ru\/wp-json\/wp\/v2\/users\/1"}],"replies":[{"embeddable":true,"href":"https:\/\/hu.life4oakforests.eu\/ru\/wp-json\/wp\/v2\/comments?post=1326"}],"version-history":[{"count":1,"href":"https:\/\/hu.life4oakforests.eu\/ru\/wp-json\/wp\/v2\/pages\/1326\/revisions"}],"predecessor-version":[{"id":1328,"href":"https:\/\/hu.life4oakforests.eu\/ru\/wp-json\/wp\/v2\/pages\/1326\/revisions\/1328"}],"wp:attachment":[{"href":"https:\/\/hu.life4oakforests.eu\/ru\/wp-json\/wp\/v2\/media?parent=1326"}],"curies":[{"name":"wp","href":"https:\/\/api.w.org\/{rel}","templated":true}]}}