{"id":1288,"date":"2019-05-08T08:02:18","date_gmt":"2019-05-08T08:02:18","guid":{"rendered":"http:\/\/hu.life4oakforests.eu\/?page_id=1288"},"modified":"2019-05-08T08:02:18","modified_gmt":"2019-05-08T08:02:18","slug":"orvos-legykapo-ficedula-albicollis","status":"publish","type":"page","link":"https:\/\/hu.life4oakforests.eu\/ru\/orvos-legykapo-ficedula-albicollis\/","title":{"rendered":"\u00d6rv\u00f6s l\u00e9gykap\u00f3 (Ficedula albicollis)"},"content":{"rendered":"<p style=\"text-align: left;\"><div class=\"row\"> <div class=\"col-md-6\">\n<h4>Faj \u00e9s \u00e9l\u0151hely le\u00edr\u00e1s<\/h4>\n<p>Testhossza 13 centim\u00e9ter, sz\u00e1rnyfeszt\u00e1vols\u00e1ga 22-25 centim\u00e9ter, testt\u00f6mege 12-16 gramm.<br \/>\nA h\u00edm egyedek fekete-feh\u00e9r sz\u00ednezet\u0171ek, egy\u00e9rtelm\u0171 sz\u00e9les feh\u00e9r gall\u00e9rjuk van, farkuk teljesen fekete. A toj\u00f3kat viszonylag neh\u00e9z elk\u00fcl\u00f6n\u00edteni a rokon fajok azonos ivar\u00fa egyedeit\u0151l, de enn\u00e9l a fajn\u00e1l a sz\u00e1rnyakon egy viszonylag nagy kiterjed\u00e9s\u0171 feh\u00e9res folt tal\u00e1lhat\u00f3. Magyarorsz\u00e1gon jellemz\u0151en a gyerty\u00e1nos t\u00f6lgyeseket kedveli legink\u00e1bb, de molyhost\u00f6lgyes erd\u0151ben, kertekben, nagyobb ligetes kialak\u00edt\u00e1s\u00fa parkokban is megtelepszik, k\u00fcl\u00f6n\u00f6sen ha f\u00e9szkel\u00e9s\u00e9t mesters\u00e9ges f\u00e9szekod\u00fakkal megseg\u00edtik.<\/p>\n<h4>F\u0151bb vesz\u00e9lyeztet\u0151 t\u00e9nyez\u0151k<\/h4>\n<p>\u00c9l\u0151helyeinek feldarabol\u00f3d\u00e1sa, megsz\u0171n\u00e9se, \u00e1ll\u00f3 holt f\u00e1k, odvas f\u00e1k elt\u00e1vol\u00edt\u00e1sa, a fajk\u00e9szlet megv\u00e1ltoz\u00e1sa.<\/p>\n<h4>Speci\u00e1lis term\u00e9szetv\u00e9delmi beavatkoz\u00e1sok<\/h4>\n<p>IHomog\u00e9n \u00e1llom\u00e1nyok t\u00e9rszerkezet\u00e9nek jav\u00edt\u00e1sa, elegyfajok megseg\u00edt\u00e9se, odvas f\u00e1k k\u00edm\u00e9lete, \u00e1ll\u00f3 holtfa l\u00e9trehoz\u00e1sa. A projekt r\u00e9szek\u00e9nt valamennyi helysz\u00ednen mesters\u00e9gesen is \u201ek\u00e9sz\u00edt\u00fcnk\u201d mikro\u00e9l\u0151helyeket, odvasod\u00f3 f\u00e1kat.\/span6]<div class=\"col-md-6\"><\/div>\n<p><img loading=\"lazy\" decoding=\"async\" class=\"wp-image-1656 aligncenter\" src=\"http:\/\/www.life4oakforests.eu\/wp-content\/uploads\/2019\/05\/Ficedula_albicollis1_KZs-300x194.jpg\" alt=\"\" width=\"499\" height=\"323\" \/><\/p>\n<p style=\"text-align: left;\"><\/div><\/div>\n<p><b>Kapcsol\u00f3d\u00f3 projekt helysz\u00ednek<\/b><br \/>\nKoloska<\/p>\n<p><b>Irodalom<\/b><br \/>\nTaylor, B. 2015. Collared Flycatcher (Ficedula albicollis). In: del Hoyo, J., Elliott, A., Sargatal, J., Christie, D.A. and de Juana, E. (eds), Handbook of the Birds of the World Alive, Lynx Edicions, Barcelona.<\/p>\n","protected":false},"excerpt":{"rendered":"<p>Kapcsol\u00f3d\u00f3 projekt helysz\u00ednek Koloska Irodalom Taylor, B. 2015. Collared Flycatcher (Ficedula albicollis). In: del Hoyo, J., Elliott, A., Sargatal, J., Christie, D.A. and de Juana, E. (eds), Handbook of the Birds of the World Alive, Lynx Edicions, Barcelona.<\/p>\n","protected":false},"author":1,"featured_media":0,"parent":0,"menu_order":0,"comment_status":"closed","ping_status":"closed","template":"","meta":{"kt_blocks_editor_width":"","_monsterinsights_skip_tracking":false,"_monsterinsights_sitenote_active":false,"_monsterinsights_sitenote_note":"","_monsterinsights_sitenote_category":0,"footnotes":""},"class_list":["post-1288","page","type-page","status-publish","hentry"],"translation":{"provider":"WPGlobus","version":"3.0.1","language":"ru","enabled_languages":["en","es","de","fr","ru"],"languages":{"en":{"title":true,"content":true,"excerpt":false},"es":{"title":false,"content":false,"excerpt":false},"de":{"title":false,"content":false,"excerpt":false},"fr":{"title":false,"content":false,"excerpt":false},"ru":{"title":false,"content":false,"excerpt":false}}},"aioseo_notices":[],"_links":{"self":[{"href":"https:\/\/hu.life4oakforests.eu\/ru\/wp-json\/wp\/v2\/pages\/1288","targetHints":{"allow":["GET"]}}],"collection":[{"href":"https:\/\/hu.life4oakforests.eu\/ru\/wp-json\/wp\/v2\/pages"}],"about":[{"href":"https:\/\/hu.life4oakforests.eu\/ru\/wp-json\/wp\/v2\/types\/page"}],"author":[{"embeddable":true,"href":"https:\/\/hu.life4oakforests.eu\/ru\/wp-json\/wp\/v2\/users\/1"}],"replies":[{"embeddable":true,"href":"https:\/\/hu.life4oakforests.eu\/ru\/wp-json\/wp\/v2\/comments?post=1288"}],"version-history":[{"count":1,"href":"https:\/\/hu.life4oakforests.eu\/ru\/wp-json\/wp\/v2\/pages\/1288\/revisions"}],"predecessor-version":[{"id":1290,"href":"https:\/\/hu.life4oakforests.eu\/ru\/wp-json\/wp\/v2\/pages\/1288\/revisions\/1290"}],"wp:attachment":[{"href":"https:\/\/hu.life4oakforests.eu\/ru\/wp-json\/wp\/v2\/media?parent=1288"}],"curies":[{"name":"wp","href":"https:\/\/api.w.org\/{rel}","templated":true}]}}