{"id":1278,"date":"2019-05-08T07:52:14","date_gmt":"2019-05-08T07:52:14","guid":{"rendered":"http:\/\/hu.life4oakforests.eu\/?page_id=1278"},"modified":"2019-05-08T07:52:14","modified_gmt":"2019-05-08T07:52:14","slug":"gyaszcincer-morimus-funereus","status":"publish","type":"page","link":"https:\/\/hu.life4oakforests.eu\/ru\/gyaszcincer-morimus-funereus\/","title":{"rendered":"Gy\u00e1szcinc\u00e9r (Morimus funereus)"},"content":{"rendered":"<p style=\"text-align: left;\"><div class=\"row\"> <div class=\"col-md-6\">\n<h4>Faj \u00e9s \u00e9l\u0151hely le\u00edr\u00e1s<\/h4>\n<p>Haz\u00e1nkban k\u00fcl\u00f6n\u00f6sen a t\u00f6lgyesekben el\u0151fordul\u00f3, a cinc\u00e9rek (Cerambycidae) csal\u00e1dj\u00e1ba tartoz\u00f3 v\u00e9dett bog\u00e1rfaj. Nagym\u00e9ret\u0171, z\u00f6m\u00f6k, r\u00f6pk\u00e9ptelen faj, sz\u00e1rnyfed\u0151i a varrat ment\u00e9n \u00f6sszen\u0151ttek, a h\u00e1rty\u00e1s sz\u00e1rnyak cs\u00f6kev\u00e9nyesek. Hamvassz\u00fcrke, sz\u00e1rnyfed\u0151in k\u00e9t-k\u00e9t szab\u00e1lytalan alak\u00fa b\u00e1rsonyos fekete folt van. K\u00f6z\u00e9phegys\u00e9geink t\u00f6lgy- \u00e9s b\u00fckkerd\u0151iben, valamint irt\u00e1sokon a f\u00f6ld\u00f6n fekv\u0151 r\u00f6nk\u00f6k alatt tal\u00e1lhat\u00f3, alkonyatkor akt\u00edv.<\/p>\n<h4>F\u0151bb vesz\u00e9lyeztet\u0151 t\u00e9nyez\u0151k<\/h4>\n<p>Az \u00e1ll\u00f3 \u00e9s fekv\u0151 holt fa elt\u00e1vol\u00edt\u00e1sa vesz\u00e9lyezteti.<\/p>\n<h4>Speci\u00e1lis term\u00e9szetv\u00e9delmi beavatkoz\u00e1sok<\/h4>\n<p>A projekt sor\u00e1n valamennyi helysz\u00ednen k\u00e9pz\u00fcnk \u00e1ll\u00f3- \u00e9s fekv\u0151 holt f\u00e1t.<\/p>\n<p style=\"text-align: left;\"><\/div><div class=\"col-md-6\">\n<p style=\"text-align: left;\"><img loading=\"lazy\" decoding=\"async\" class=\"wp-image-1634 aligncenter\" src=\"http:\/\/www.life4oakforests.eu\/wp-content\/uploads\/2019\/05\/gyaszcincer-300x242.jpg\" alt=\"\" width=\"498\" height=\"402\" \/><\/p>\n<p style=\"text-align: left;\"><\/div><\/div>\n<p><b>Kapcsol\u00f3d\u00f3 projekt helysz\u00edn<\/b><br \/>\nBakonysz\u0171cs<\/p>\n<p><b>Irodalom<\/b><br \/>\nhttps:\/\/www.bfnp.hu\/hu\/gyaszcincer-morimus-funereus-mull<\/p>\n<h6><\/h6>\n","protected":false},"excerpt":{"rendered":"<p>Kapcsol\u00f3d\u00f3 projekt helysz\u00edn Bakonysz\u0171cs Irodalom https:\/\/www.bfnp.hu\/hu\/gyaszcincer-morimus-funereus-mull<\/p>\n","protected":false},"author":1,"featured_media":0,"parent":0,"menu_order":0,"comment_status":"closed","ping_status":"closed","template":"","meta":{"kt_blocks_editor_width":"","_monsterinsights_skip_tracking":false,"_monsterinsights_sitenote_active":false,"_monsterinsights_sitenote_note":"","_monsterinsights_sitenote_category":0,"footnotes":""},"class_list":["post-1278","page","type-page","status-publish","hentry"],"translation":{"provider":"WPGlobus","version":"3.0.1","language":"ru","enabled_languages":["en","es","de","fr","ru"],"languages":{"en":{"title":true,"content":true,"excerpt":false},"es":{"title":false,"content":false,"excerpt":false},"de":{"title":false,"content":false,"excerpt":false},"fr":{"title":false,"content":false,"excerpt":false},"ru":{"title":false,"content":false,"excerpt":false}}},"aioseo_notices":[],"_links":{"self":[{"href":"https:\/\/hu.life4oakforests.eu\/ru\/wp-json\/wp\/v2\/pages\/1278","targetHints":{"allow":["GET"]}}],"collection":[{"href":"https:\/\/hu.life4oakforests.eu\/ru\/wp-json\/wp\/v2\/pages"}],"about":[{"href":"https:\/\/hu.life4oakforests.eu\/ru\/wp-json\/wp\/v2\/types\/page"}],"author":[{"embeddable":true,"href":"https:\/\/hu.life4oakforests.eu\/ru\/wp-json\/wp\/v2\/users\/1"}],"replies":[{"embeddable":true,"href":"https:\/\/hu.life4oakforests.eu\/ru\/wp-json\/wp\/v2\/comments?post=1278"}],"version-history":[{"count":1,"href":"https:\/\/hu.life4oakforests.eu\/ru\/wp-json\/wp\/v2\/pages\/1278\/revisions"}],"predecessor-version":[{"id":1280,"href":"https:\/\/hu.life4oakforests.eu\/ru\/wp-json\/wp\/v2\/pages\/1278\/revisions\/1280"}],"wp:attachment":[{"href":"https:\/\/hu.life4oakforests.eu\/ru\/wp-json\/wp\/v2\/media?parent=1278"}],"curies":[{"name":"wp","href":"https:\/\/api.w.org\/{rel}","templated":true}]}}