{"id":1220,"date":"2019-05-02T00:02:27","date_gmt":"2019-05-02T00:02:27","guid":{"rendered":"http:\/\/hu.life4oakforests.eu\/?page_id=1220"},"modified":"2026-02-10T08:45:16","modified_gmt":"2026-02-10T08:45:16","slug":"tarsult-kedvezmenyezettek","status":"publish","type":"page","link":"https:\/\/hu.life4oakforests.eu\/ru\/tarsult-kedvezmenyezettek\/","title":{"rendered":"T\u00e1rsult kedvezm\u00e9nyezettek"},"content":{"rendered":"<h5><img loading=\"lazy\" decoding=\"async\" class=\"size-full wp-image-275 aligncenter\" src=\"http:\/\/www.life4oakforests.eu\/wp-content\/uploads\/2018\/03\/bukk.png\" alt=\"\" width=\"80\" height=\"80\" srcset=\"https:\/\/hu.life4oakforests.eu\/wp-content\/uploads\/2018\/03\/bukk.png 80w, https:\/\/hu.life4oakforests.eu\/wp-content\/uploads\/2018\/03\/bukk-60x60.png 60w\" sizes=\"auto, (max-width: 80px) 100vw, 80px\" \/><\/h5>\n<h5 style=\"text-align: center;\">B\u00fckki Nemzeti Park Igazgat\u00f3s\u00e1g<\/h5>\n<p style=\"text-align: center;\"><a href=\"https:\/\/www.bnpi.hu\" target=\"_blank\" rel=\"noopener\">https:\/\/www.bnpi.hu<\/a><\/p>\n<p style=\"text-align: center;\"><a href=\"https:\/\/drive.google.com\/file\/d\/1jVs_yxZ5l2AhV5XaRUxRG4o93LAayEL0\/view?usp=sharing\">BNPI kisfilm<\/a><\/p>\n<h5><a href=\"http:\/\/www.bfnp.hu\" target=\"_blank\" rel=\"noopener\"><img loading=\"lazy\" decoding=\"async\" class=\"wp-image-793 aligncenter\" src=\"http:\/\/www.life4oakforests.eu\/wp-content\/uploads\/2018\/06\/bfnpi_logo.png\" alt=\"\" width=\"80\" height=\"80\" \/><\/a><\/h5>\n<h5 style=\"text-align: center;\">Balaton-felvid\u00e9ki Nemzeti Park Igazgat\u00f3s\u00e1g<\/h5>\n<p style=\"text-align: center;\"><a href=\"http:\/\/www.bfnp.hu\" target=\"_blank\" rel=\"noopener\">https:\/\/www.bfnpi.hu<\/a><\/p>\n<p style=\"text-align: center;\"><a href=\"https:\/\/drive.google.com\/file\/d\/1wx3OP1zBrqfXLE-HUX1LyxtTz_VWS-f2\/view?usp=sharing\">BfNPI kisfilm<\/a><\/p>\n<h5><img loading=\"lazy\" decoding=\"async\" class=\"size-full wp-image-277 aligncenter\" src=\"http:\/\/www.life4oakforests.eu\/wp-content\/uploads\/2018\/03\/duna_ipoly.png\" alt=\"\" width=\"80\" height=\"80\" srcset=\"https:\/\/hu.life4oakforests.eu\/wp-content\/uploads\/2018\/03\/duna_ipoly.png 80w, https:\/\/hu.life4oakforests.eu\/wp-content\/uploads\/2018\/03\/duna_ipoly-60x60.png 60w\" sizes=\"auto, (max-width: 80px) 100vw, 80px\" \/><\/h5>\n<h5 style=\"text-align: center;\">Duna-Ipoly Nemzeti Park Igazgat\u00f3s\u00e1g<\/h5>\n<p style=\"text-align: center;\"><a href=\"https:\/\/www.dunaipoly.hu\" target=\"_blank\" rel=\"noopener\">https:\/\/www.dunaipoly.hu<\/a><\/p>\n<p style=\"text-align: center;\"><a href=\"https:\/\/drive.google.com\/file\/d\/16-dcM6iCTfP2teqY6dSNKzeOZbdHg1Fy\/view?usp=sharing\">DINPI kisfilm<\/a><\/p>\n<h5><img loading=\"lazy\" decoding=\"async\" class=\"size-full wp-image-413 aligncenter\" src=\"http:\/\/www.life4oakforests.eu\/wp-content\/uploads\/2018\/03\/ette11-e1525353871740.jpg\" alt=\"\" width=\"132\" height=\"80\" \/><\/h5>\n<h5 style=\"text-align: center;\">\u00c9rmell\u00e9ki Term\u00e9szetv\u00e9delmi T\u00f6bbc\u00e9l\u00fa Egyes\u00fclet<\/h5>\n<p style=\"text-align: center;\"><a href=\"https:\/\/ermellek.hu\/\">https:\/\/ermellek.hu\/<\/a><\/p>\n<p style=\"text-align: center;\"><a href=\"https:\/\/drive.google.com\/file\/d\/1kKyooxmnHMQSn_2yHnIWNTMgeVkd2ki1\/view?usp=sharing\">ETTE kisfilm<\/a><\/p>\n<h5><\/h5>\n<div class=\"wp-block-image\"><img loading=\"lazy\" decoding=\"async\" class=\"wpa-warning wpa-image-missing-alt  wp-image-5621 aligncenter\" src=\"http:\/\/hu.life4oakforests.eu\/wp-content\/uploads\/2025\/03\/Partner-logos-UJ-OK-L2.png\" alt=\"\" width=\"253\" height=\"105\" data-warning=\"Missing alt text\" \/><\/div>\n<h5 style=\"text-align: center;\">HUN-REN \u00d6kol\u00f3giai Kutat\u00f3k\u00f6zpont<\/h5>\n<p style=\"text-align: center;\"><a href=\"http:\/\/www.obi.okologia.mta.hu\" target=\"_blank\" rel=\"noopener\">http:\/\/www.obi.okologia.mta.hu<\/a><\/p>\n<p style=\"text-align: center;\"><a href=\"https:\/\/youtu.be\/LFIo3F06aqk\">HUN-REN kisfilm<\/a><\/p>\n<h5><img loading=\"lazy\" decoding=\"async\" class=\"size-full wp-image-281 aligncenter\" src=\"http:\/\/www.life4oakforests.eu\/wp-content\/uploads\/2018\/03\/wwf.png\" alt=\"\" width=\"80\" height=\"80\" srcset=\"https:\/\/hu.life4oakforests.eu\/wp-content\/uploads\/2018\/03\/wwf.png 80w, https:\/\/hu.life4oakforests.eu\/wp-content\/uploads\/2018\/03\/wwf-60x60.png 60w\" sizes=\"auto, (max-width: 80px) 100vw, 80px\" \/><\/h5>\n<h5 style=\"text-align: center;\">WWF Magyarorsz\u00e1g<\/h5>\n<p style=\"text-align: center;\"><a href=\"http:\/\/www.wwf.hu\" target=\"_blank\" rel=\"noopener\">http:\/\/www.wwf.hu<\/a><\/p>\n<p style=\"text-align: center;\"><a href=\"https:\/\/drive.google.com\/file\/d\/1owCfJrGoUlW-Gdd9rYHyuhLu8LRMUMQi\/view?usp=sharing\">WWF kisfilm<\/a><\/p>\n<h5><img loading=\"lazy\" decoding=\"async\" class=\"size-full wp-image-281 aligncenter\" src=\"http:\/\/www.life4oakforests.eu\/wp-content\/uploads\/2018\/03\/wwf.png\" alt=\"\" width=\"80\" height=\"80\" srcset=\"https:\/\/hu.life4oakforests.eu\/wp-content\/uploads\/2018\/03\/wwf.png 80w, https:\/\/hu.life4oakforests.eu\/wp-content\/uploads\/2018\/03\/wwf-60x60.png 60w\" sizes=\"auto, (max-width: 80px) 100vw, 80px\" \/><\/h5>\n<h5 style=\"text-align: center;\">WWF Magyarorsz\u00e1g<\/h5>\n<p style=\"text-align: center;\"><a href=\"http:\/\/www.wwf.hu\" target=\"_blank\" rel=\"noopener\">http:\/\/www.wwf.hu<\/a><\/p>\n<p style=\"text-align: center;\"><a href=\"https:\/\/drive.google.com\/file\/d\/1owCfJrGoUlW-Gdd9rYHyuhLu8LRMUMQi\/view?usp=sharing\">WWF kisfilm<\/a><\/p>\n","protected":false},"excerpt":{"rendered":"<p>B\u00fckki Nemzeti Park Igazgat\u00f3s\u00e1g https:\/\/www.bnpi.hu BNPI kisfilm Balaton-felvid\u00e9ki Nemzeti Park Igazgat\u00f3s\u00e1g https:\/\/www.bfnpi.hu BfNPI kisfilm Duna-Ipoly Nemzeti Park Igazgat\u00f3s\u00e1g https:\/\/www.dunaipoly.hu DINPI kisfilm \u00c9rmell\u00e9ki Term\u00e9szetv\u00e9delmi T\u00f6bbc\u00e9l\u00fa Egyes\u00fclet https:\/\/ermellek.hu\/ ETTE kisfilm HUN-REN \u00d6kol\u00f3giai Kutat\u00f3k\u00f6zpont http:\/\/www.obi.okologia.mta.hu HUN-REN kisfilm WWF Magyarorsz\u00e1g http:\/\/www.wwf.hu WWF kisfilm WWF &hellip; <a href=\"https:\/\/hu.life4oakforests.eu\/ru\/tarsult-kedvezmenyezettek\/\">\u0427\u0438\u0442\u0430\u0442\u044c \u0434\u0430\u043b\u0435\u0435<\/a><\/p>\n","protected":false},"author":1,"featured_media":0,"parent":0,"menu_order":0,"comment_status":"closed","ping_status":"closed","template":"","meta":{"kt_blocks_editor_width":"","_monsterinsights_skip_tracking":false,"_monsterinsights_sitenote_active":false,"_monsterinsights_sitenote_note":"","_monsterinsights_sitenote_category":0,"footnotes":""},"class_list":["post-1220","page","type-page","status-publish","hentry"],"translation":{"provider":"WPGlobus","version":"3.0.1","language":"ru","enabled_languages":["en","es","de","fr","ru"],"languages":{"en":{"title":true,"content":true,"excerpt":false},"es":{"title":false,"content":false,"excerpt":false},"de":{"title":false,"content":false,"excerpt":false},"fr":{"title":false,"content":false,"excerpt":false},"ru":{"title":false,"content":false,"excerpt":false}}},"aioseo_notices":[],"_links":{"self":[{"href":"https:\/\/hu.life4oakforests.eu\/ru\/wp-json\/wp\/v2\/pages\/1220","targetHints":{"allow":["GET"]}}],"collection":[{"href":"https:\/\/hu.life4oakforests.eu\/ru\/wp-json\/wp\/v2\/pages"}],"about":[{"href":"https:\/\/hu.life4oakforests.eu\/ru\/wp-json\/wp\/v2\/types\/page"}],"author":[{"embeddable":true,"href":"https:\/\/hu.life4oakforests.eu\/ru\/wp-json\/wp\/v2\/users\/1"}],"replies":[{"embeddable":true,"href":"https:\/\/hu.life4oakforests.eu\/ru\/wp-json\/wp\/v2\/comments?post=1220"}],"version-history":[{"count":10,"href":"https:\/\/hu.life4oakforests.eu\/ru\/wp-json\/wp\/v2\/pages\/1220\/revisions"}],"predecessor-version":[{"id":8514,"href":"https:\/\/hu.life4oakforests.eu\/ru\/wp-json\/wp\/v2\/pages\/1220\/revisions\/8514"}],"wp:attachment":[{"href":"https:\/\/hu.life4oakforests.eu\/ru\/wp-json\/wp\/v2\/media?parent=1220"}],"curies":[{"name":"wp","href":"https:\/\/api.w.org\/{rel}","templated":true}]}}