{"id":1216,"date":"2019-05-01T23:59:12","date_gmt":"2019-05-01T23:59:12","guid":{"rendered":"http:\/\/hu.life4oakforests.eu\/?page_id=1216"},"modified":"2019-05-07T01:14:49","modified_gmt":"2019-05-07T01:14:49","slug":"koordinalo-kedvezmenyezett","status":"publish","type":"page","link":"https:\/\/hu.life4oakforests.eu\/ru\/koordinalo-kedvezmenyezett\/","title":{"rendered":"Koordin\u00e1l\u00f3 kedvezm\u00e9nyezett"},"content":{"rendered":"<h5><img loading=\"lazy\" decoding=\"async\" class=\"size-full wp-image-274 aligncenter\" src=\"http:\/\/www.life4oakforests.eu\/wp-content\/uploads\/2018\/03\/parchi-1.png\" alt=\"\" width=\"80\" height=\"80\" srcset=\"https:\/\/hu.life4oakforests.eu\/wp-content\/uploads\/2018\/03\/parchi-1.png 80w, https:\/\/hu.life4oakforests.eu\/wp-content\/uploads\/2018\/03\/parchi-1-60x60.png 60w\" sizes=\"auto, (max-width: 80px) 100vw, 80px\" \/><\/h5>\n<h5 style=\"text-align: center;\">Ente di gestione per i Parchi e la Biodiversit\u00e0-Romagna (MAR)<\/h5>\n<p style=\"text-align: center;\"><span class=\"collapseomatic \" id=\"id69d443c65a935\"  tabindex=\"0\" title=\" \"    > <\/span><div id=\"target-id69d443c65a935\" class=\"collapseomatic_content \">\n<\/div>\n<p style=\"text-align: center;\"><a href=\"http:\/\/www.parchiromagna.it\" target=\"_blank\" rel=\"noopener\">http:\/\/www.parchiromagna.it<\/a><\/p>\n<p>\u00a0<\/p>\n<p><img loading=\"lazy\" decoding=\"async\" class=\"alignnone size-full wp-image-283\" src=\"http:\/\/www.life4oakforests.eu\/wp-content\/uploads\/2018\/03\/partners_pic_3.jpg\" alt=\"\" width=\"1600\" height=\"1200\" srcset=\"https:\/\/hu.life4oakforests.eu\/wp-content\/uploads\/2018\/03\/partners_pic_3.jpg 1600w, https:\/\/hu.life4oakforests.eu\/wp-content\/uploads\/2018\/03\/partners_pic_3-300x225.jpg 300w, https:\/\/hu.life4oakforests.eu\/wp-content\/uploads\/2018\/03\/partners_pic_3-768x576.jpg 768w, https:\/\/hu.life4oakforests.eu\/wp-content\/uploads\/2018\/03\/partners_pic_3-1024x768.jpg 1024w\" sizes=\"auto, (max-width: 1600px) 100vw, 1600px\" \/><\/p>\n<h5><img loading=\"lazy\" decoding=\"async\" class=\"size-full wp-image-274 aligncenter\" src=\"http:\/\/www.life4oakforests.eu\/wp-content\/uploads\/2018\/03\/parchi-1.png\" alt=\"\" width=\"80\" height=\"80\" srcset=\"https:\/\/hu.life4oakforests.eu\/wp-content\/uploads\/2018\/03\/parchi-1.png 80w, https:\/\/hu.life4oakforests.eu\/wp-content\/uploads\/2018\/03\/parchi-1-60x60.png 60w\" sizes=\"auto, (max-width: 80px) 100vw, 80px\" \/><\/h5>\n<h5 style=\"text-align: center;\">Ente di gestione per i Parchi e la Biodiversit\u00e0-Romagna (MAR)<\/h5>\n<p style=\"text-align: center;\"><span class=\"collapseomatic \" id=\"id69d443c65a99f\"  tabindex=\"0\" title=\" \"    > <\/span><div id=\"target-id69d443c65a99f\" class=\"collapseomatic_content \">\n<\/div>\n<p style=\"text-align: center;\"><a href=\"http:\/\/www.parchiromagna.it\" target=\"_blank\" rel=\"noopener\">http:\/\/www.parchiromagna.it<\/a><\/p>\n<p>&nbsp;<\/p>\n","protected":false},"excerpt":{"rendered":"<p>Ente di gestione per i Parchi e la Biodiversit\u00e0-Romagna (MAR) http:\/\/www.parchiromagna.it \u00a0 Ente di gestione per i Parchi e la Biodiversit\u00e0-Romagna (MAR) http:\/\/www.parchiromagna.it &nbsp;<\/p>\n","protected":false},"author":1,"featured_media":0,"parent":0,"menu_order":0,"comment_status":"closed","ping_status":"closed","template":"","meta":{"kt_blocks_editor_width":"","_monsterinsights_skip_tracking":false,"_monsterinsights_sitenote_active":false,"_monsterinsights_sitenote_note":"","_monsterinsights_sitenote_category":0,"footnotes":""},"class_list":["post-1216","page","type-page","status-publish","hentry"],"translation":{"provider":"WPGlobus","version":"3.0.1","language":"ru","enabled_languages":["en","es","de","fr","ru"],"languages":{"en":{"title":true,"content":true,"excerpt":false},"es":{"title":false,"content":false,"excerpt":false},"de":{"title":false,"content":false,"excerpt":false},"fr":{"title":false,"content":false,"excerpt":false},"ru":{"title":false,"content":false,"excerpt":false}}},"aioseo_notices":[],"_links":{"self":[{"href":"https:\/\/hu.life4oakforests.eu\/ru\/wp-json\/wp\/v2\/pages\/1216","targetHints":{"allow":["GET"]}}],"collection":[{"href":"https:\/\/hu.life4oakforests.eu\/ru\/wp-json\/wp\/v2\/pages"}],"about":[{"href":"https:\/\/hu.life4oakforests.eu\/ru\/wp-json\/wp\/v2\/types\/page"}],"author":[{"embeddable":true,"href":"https:\/\/hu.life4oakforests.eu\/ru\/wp-json\/wp\/v2\/users\/1"}],"replies":[{"embeddable":true,"href":"https:\/\/hu.life4oakforests.eu\/ru\/wp-json\/wp\/v2\/comments?post=1216"}],"version-history":[{"count":5,"href":"https:\/\/hu.life4oakforests.eu\/ru\/wp-json\/wp\/v2\/pages\/1216\/revisions"}],"predecessor-version":[{"id":1273,"href":"https:\/\/hu.life4oakforests.eu\/ru\/wp-json\/wp\/v2\/pages\/1216\/revisions\/1273"}],"wp:attachment":[{"href":"https:\/\/hu.life4oakforests.eu\/ru\/wp-json\/wp\/v2\/media?parent=1216"}],"curies":[{"name":"wp","href":"https:\/\/api.w.org\/{rel}","templated":true}]}}