{"id":1167,"date":"2019-05-01T23:36:22","date_gmt":"2019-05-01T23:36:22","guid":{"rendered":"http:\/\/hu.life4oakforests.eu\/?page_id=1167"},"modified":"2020-10-18T21:57:02","modified_gmt":"2020-10-18T21:57:02","slug":"sajtotajekoztatok","status":"publish","type":"page","link":"https:\/\/hu.life4oakforests.eu\/ru\/sajtotajekoztatok\/","title":{"rendered":"Sajt\u00f3k\u00f6zlem\u00e9nyek"},"content":{"rendered":"<h3>2018<\/h3>\n<p><a href=\"https:\/\/drive.google.com\/file\/d\/1cDz4lXsqOydcDHJCfv0oRkCZ8bAcnbUM\/view?usp=sharing\">&#8212; Od\u00fat a f\u00e1kra, madarat az od\u00faba!\u00a0Legyenek \u00fajra term\u00e9szetesebbek t\u00f6lgyeseink !<\/a><\/p>\n<p><a href=\"https:\/\/drive.google.com\/file\/d\/1o8ZAFTxrgQR_nM94th3e_5f3uwkZxT5p\/view?usp=sharing\">&#8212;\u00a0Sz\u00e1z\u00e9ves erd\u0151k Magyarorsz\u00e1gon\u00a0(100 years old forests in Hungary)<\/a><\/p>\n","protected":false},"excerpt":{"rendered":"<p>2018 &#8212; Od\u00fat a f\u00e1kra, madarat az od\u00faba!\u00a0Legyenek \u00fajra term\u00e9szetesebbek t\u00f6lgyeseink ! &#8212;\u00a0Sz\u00e1z\u00e9ves erd\u0151k Magyarorsz\u00e1gon\u00a0(100 years old forests in Hungary)<\/p>\n","protected":false},"author":1,"featured_media":0,"parent":0,"menu_order":0,"comment_status":"closed","ping_status":"closed","template":"","meta":{"kt_blocks_editor_width":"","_monsterinsights_skip_tracking":false,"_monsterinsights_sitenote_active":false,"_monsterinsights_sitenote_note":"","_monsterinsights_sitenote_category":0,"footnotes":""},"class_list":["post-1167","page","type-page","status-publish","hentry"],"translation":{"provider":"WPGlobus","version":"3.0.1","language":"ru","enabled_languages":["en","es","de","fr","ru"],"languages":{"en":{"title":true,"content":true,"excerpt":false},"es":{"title":false,"content":false,"excerpt":false},"de":{"title":false,"content":false,"excerpt":false},"fr":{"title":false,"content":false,"excerpt":false},"ru":{"title":false,"content":false,"excerpt":false}}},"aioseo_notices":[],"_links":{"self":[{"href":"https:\/\/hu.life4oakforests.eu\/ru\/wp-json\/wp\/v2\/pages\/1167","targetHints":{"allow":["GET"]}}],"collection":[{"href":"https:\/\/hu.life4oakforests.eu\/ru\/wp-json\/wp\/v2\/pages"}],"about":[{"href":"https:\/\/hu.life4oakforests.eu\/ru\/wp-json\/wp\/v2\/types\/page"}],"author":[{"embeddable":true,"href":"https:\/\/hu.life4oakforests.eu\/ru\/wp-json\/wp\/v2\/users\/1"}],"replies":[{"embeddable":true,"href":"https:\/\/hu.life4oakforests.eu\/ru\/wp-json\/wp\/v2\/comments?post=1167"}],"version-history":[{"count":5,"href":"https:\/\/hu.life4oakforests.eu\/ru\/wp-json\/wp\/v2\/pages\/1167\/revisions"}],"predecessor-version":[{"id":1777,"href":"https:\/\/hu.life4oakforests.eu\/ru\/wp-json\/wp\/v2\/pages\/1167\/revisions\/1777"}],"wp:attachment":[{"href":"https:\/\/hu.life4oakforests.eu\/ru\/wp-json\/wp\/v2\/media?parent=1167"}],"curies":[{"name":"wp","href":"https:\/\/api.w.org\/{rel}","templated":true}]}}