{"id":1112,"date":"2019-05-01T21:10:03","date_gmt":"2019-05-01T21:10:03","guid":{"rendered":"http:\/\/hu.life4oakforests.eu\/?page_id=1112"},"modified":"2019-05-01T21:10:03","modified_gmt":"2019-05-01T21:10:03","slug":"celok","status":"publish","type":"page","link":"https:\/\/hu.life4oakforests.eu\/ru\/celok\/","title":{"rendered":"C\u00e9lok"},"content":{"rendered":"<p>&nbsp;<\/p>\n<div class=\"row\"> <div class=\"col-md-2\">\n<\/div><div class=\"col-md-8\">\n<ol>\n<li>A term\u00e9szetv\u00e9delmi erd\u0151kezel\u00e9s c\u00e9lj\u00e1t jelent\u0151 term\u00e9szetes t\u00f6lgyerd\u0151 \u00e1llapot azonos\u00edt\u00e1sa,  mert m\u00e1r nem maradt  term\u00e9szetes t\u00f6lgyerd\u0151 Magyarorsz\u00e1g \u00e9s Olaszorsz\u00e1g ter\u00fclet\u00e9n.<\/li>\n<li>TA t\u00f6lgyerd\u0151k (*91AA, *91G0, *91H0, *91I0 &#038; 91M0) biodiverzit\u00e1s\u00e1nak n\u00f6vel\u00e9se a nemzeti parkok \u00e1ltal kezelt Natura 2000 ter\u00fcleteken.. A projekt keretein bel\u00fcl Magyarorsz\u00e1gon 1555 ha, m\u00edg Olaszorsz\u00e1gban 511 ha  helyre\u00e1ll\u00edt\u00e1sa v\u00e1rhat\u00f3 \u00e9s \u00fatmutat\u00e1st biztos\u00edt tov\u00e1bbi 21 500 hekt\u00e1rnyi Natura 2000 ter\u00fcleteken \u00e1ll\u00f3 v\u00e9dett t\u00f6lgyerd\u0151 helyre\u00e1ll\u00edt\u00e1s\u00e1hoz Magyarorsz\u00e1gon, illetve 180 500 hekt\u00e1rnyi  t\u00f6lgyerd\u0151 helyre\u00e1ll\u00edt\u00e1s\u00e1hoz Olaszorsz\u00e1gban.<\/li>\n<li>TAz inv\u00e1zi\u00f3s fajok visszaszor\u00edt\u00e1sa. Magyarorsz\u00e1gon kb. 50 hekt\u00e1rnyi, Olaszorsz\u00e1gban kb. 30 hekt\u00e1rnyi ter\u00fcleten az invaz\u00edv fajok kiirt\u00e1sa \u00e9s a ter\u00fcletek visszaalak\u00edt\u00e1sa  \u0151shonos t\u00f6lgyt\u00e1rsul\u00e1sokk\u00e1.<\/li>\n<li>A projekt c\u00e9ja a t\u00f6lgyesek term\u00e9szetv\u00e9delmi  kezel\u00e9se legjobb m\u00f3dj\u00e1nak a szeml\u00e9ltet\u00e9se is. \u00d6sszess\u00e9g\u00e9ben majdnem 21 500 hekt\u00e1rnyi t\u00f6lgyt\u00e1rsul\u00e1s tartozik a nemzeti parkok kezel\u00e9s\u00e9be a Natura 2000 ter\u00fcleteken, Magyarorsz\u00e1gon \u00e9s kb. 180 500 hekt\u00e1rnyi Olaszorsz\u00e1gban \u00e9s a projekt ezen ter\u00fcletek kezel\u0151i sz\u00e1m\u00e1ra be k\u00edv\u00e1nja mutatni a legjobb m\u00f3dszert ahogyan ezeket a ter\u00fcleteket kezelhetik.<\/li>\n<li>A projekt szint\u00e9n n\u00f6velni akarja a nyilv\u00e1noss\u00e1g \u00e9rz\u00e9kenys\u00e9g\u00e9t az erd\u0151k biodiverzit\u00e1s\u00e1nak fontoss\u00e1ga ir\u00e1nt. B\u00e1r az erd\u00e9szet  nem gazdas\u00e1gi k\u00e9rd\u00e9s  Magyarorsz\u00e1gon, de eddig annak gazdas\u00e1gi jelent\u0151s\u00e9ge volt nagyr\u00e9szt kommunik\u00e1lva.<\/li>\n<\/ol>\n<p>&nbsp;<\/p>\n<p>&nbsp;<\/p>\n<p>&nbsp;<\/p>\n<\/div><div class=\"col-md-4\">\n<\/div><\/div>\n<div><\/div>\n<div><\/div>\n<div><\/div>\n<div><\/div>\n<div><\/div>\n<div><\/div>\n<div style=\"\u201dwidth: 50%; padding: 0;\"><\/div>\n","protected":false},"excerpt":{"rendered":"<p>&nbsp;<\/p>\n","protected":false},"author":1,"featured_media":0,"parent":0,"menu_order":0,"comment_status":"closed","ping_status":"closed","template":"","meta":{"kt_blocks_editor_width":"","_monsterinsights_skip_tracking":false,"_monsterinsights_sitenote_active":false,"_monsterinsights_sitenote_note":"","_monsterinsights_sitenote_category":0,"footnotes":""},"class_list":["post-1112","page","type-page","status-publish","hentry"],"translation":{"provider":"WPGlobus","version":"3.0.1","language":"ru","enabled_languages":["en","es","de","fr","ru"],"languages":{"en":{"title":true,"content":true,"excerpt":false},"es":{"title":false,"content":false,"excerpt":false},"de":{"title":false,"content":false,"excerpt":false},"fr":{"title":false,"content":false,"excerpt":false},"ru":{"title":false,"content":false,"excerpt":false}}},"aioseo_notices":[],"_links":{"self":[{"href":"https:\/\/hu.life4oakforests.eu\/ru\/wp-json\/wp\/v2\/pages\/1112","targetHints":{"allow":["GET"]}}],"collection":[{"href":"https:\/\/hu.life4oakforests.eu\/ru\/wp-json\/wp\/v2\/pages"}],"about":[{"href":"https:\/\/hu.life4oakforests.eu\/ru\/wp-json\/wp\/v2\/types\/page"}],"author":[{"embeddable":true,"href":"https:\/\/hu.life4oakforests.eu\/ru\/wp-json\/wp\/v2\/users\/1"}],"replies":[{"embeddable":true,"href":"https:\/\/hu.life4oakforests.eu\/ru\/wp-json\/wp\/v2\/comments?post=1112"}],"version-history":[{"count":1,"href":"https:\/\/hu.life4oakforests.eu\/ru\/wp-json\/wp\/v2\/pages\/1112\/revisions"}],"predecessor-version":[{"id":1114,"href":"https:\/\/hu.life4oakforests.eu\/ru\/wp-json\/wp\/v2\/pages\/1112\/revisions\/1114"}],"wp:attachment":[{"href":"https:\/\/hu.life4oakforests.eu\/ru\/wp-json\/wp\/v2\/media?parent=1112"}],"curies":[{"name":"wp","href":"https:\/\/api.w.org\/{rel}","templated":true}]}}