{"id":734,"date":"2018-06-05T08:05:14","date_gmt":"2018-06-05T08:05:14","guid":{"rendered":"http:\/\/www.hu.life4oakforests.eu\/?page_id=734"},"modified":"2018-06-05T08:08:34","modified_gmt":"2018-06-05T08:08:34","slug":"press-releases","status":"publish","type":"page","link":"https:\/\/hu.life4oakforests.eu\/fr\/press-releases\/","title":{"rendered":"Press Releases"},"content":{"rendered":"<p><a href=\"https:\/\/afoldgomb.hu\/foldgomb\/szazeves-erdok-magyarorszagon\">Sz\u00e1z\u00e9ves erd\u0151k Magyarorsz\u00e1gon &#8211; F\u00f6ldg\u00f6mb online 2018.05.31.<\/a><\/p>\n<p><a href=\"https:\/\/afoldgomb.hu\/foldgomb\/szazeves-erdok-magyarorszagon\">Sz\u00e1z\u00e9ves erd\u0151k Magyarorsz\u00e1gon &#8211; F\u00f6ldg\u00f6mb online 2018.05.31.<\/a><\/p>\n","protected":false},"excerpt":{"rendered":"<p>Sz\u00e1z\u00e9ves erd\u0151k Magyarorsz\u00e1gon &#8211; F\u00f6ldg\u00f6mb online 2018.05.31. Sz\u00e1z\u00e9ves erd\u0151k Magyarorsz\u00e1gon &#8211; F\u00f6ldg\u00f6mb online 2018.05.31.<\/p>\n","protected":false},"author":1,"featured_media":0,"parent":0,"menu_order":0,"comment_status":"closed","ping_status":"closed","template":"","meta":{"kt_blocks_editor_width":"","_monsterinsights_skip_tracking":false,"_monsterinsights_sitenote_active":false,"_monsterinsights_sitenote_note":"","_monsterinsights_sitenote_category":0,"footnotes":""},"class_list":["post-734","page","type-page","status-publish","hentry"],"translation":{"provider":"WPGlobus","version":"3.0.1","language":"fr","enabled_languages":["en","es","de","fr","ru"],"languages":{"en":{"title":true,"content":true,"excerpt":false},"es":{"title":false,"content":false,"excerpt":false},"de":{"title":false,"content":false,"excerpt":false},"fr":{"title":false,"content":false,"excerpt":false},"ru":{"title":false,"content":false,"excerpt":false}}},"aioseo_notices":[],"_links":{"self":[{"href":"https:\/\/hu.life4oakforests.eu\/fr\/wp-json\/wp\/v2\/pages\/734","targetHints":{"allow":["GET"]}}],"collection":[{"href":"https:\/\/hu.life4oakforests.eu\/fr\/wp-json\/wp\/v2\/pages"}],"about":[{"href":"https:\/\/hu.life4oakforests.eu\/fr\/wp-json\/wp\/v2\/types\/page"}],"author":[{"embeddable":true,"href":"https:\/\/hu.life4oakforests.eu\/fr\/wp-json\/wp\/v2\/users\/1"}],"replies":[{"embeddable":true,"href":"https:\/\/hu.life4oakforests.eu\/fr\/wp-json\/wp\/v2\/comments?post=734"}],"version-history":[{"count":4,"href":"https:\/\/hu.life4oakforests.eu\/fr\/wp-json\/wp\/v2\/pages\/734\/revisions"}],"predecessor-version":[{"id":737,"href":"https:\/\/hu.life4oakforests.eu\/fr\/wp-json\/wp\/v2\/pages\/734\/revisions\/737"}],"wp:attachment":[{"href":"https:\/\/hu.life4oakforests.eu\/fr\/wp-json\/wp\/v2\/media?parent=734"}],"curies":[{"name":"wp","href":"https:\/\/api.w.org\/{rel}","templated":true}]}}