{"id":557,"date":"2018-05-08T09:27:06","date_gmt":"2018-05-08T09:27:06","guid":{"rendered":"http:\/\/www.hu.life4oakforests.eu\/?page_id=557"},"modified":"2025-03-06T10:17:51","modified_gmt":"2025-03-06T10:17:51","slug":"pecsely","status":"publish","type":"page","link":"https:\/\/hu.life4oakforests.eu\/fr\/pecsely\/","title":{"rendered":"P\u00e9csely"},"content":{"rendered":"<h4 style=\"text-align: center;\"><strong>Projektter\u00fclet \u00e1ltal\u00e1nos le\u00edr\u00e1sa<\/strong><\/h4>\n<div class=\"row\"> <div class=\"col-md-6\">\n<p>A projektter\u00fclet neve: P\u00e9csely<\/p>\n<p>Ter\u00fclet (ha): 15,330<\/p>\n<p>EUs v\u00e9delmi jog\u00e1ll\u00e1s: SCI: BFHU20014 P\u00e9cselyi-medence<\/p>\n<p>Egy\u00e9b jog\u00e1ll\u00e1s nemzeti vagy region\u00e1lis szab\u00e1lyoz\u00e1s \u00e9rtelm\u00e9ben:<\/p>\n<p>Nemzeti park<\/p>\n<p>A projektter\u00fcet hasznos\u00edt\u00e1sa: A f\u00f6ldhaszn\u00e1lat: Term\u00e9szetv\u00e9delem 60%, erd\u0151gazd\u00e1lkod\u00e1s 40%<\/p>\n<p>Tulajdonjogi st\u00e1tusz: \u00c1llami tulajdon 100%<\/p>\n<\/div><div class=\"col-md-6\">\n<p><img loading=\"lazy\" decoding=\"async\" class=\"wp-image-1438 aligncenter\" src=\"http:\/\/www.life4oakforests.eu\/wp-content\/uploads\/2018\/05\/pecsely_2-300x202.jpg\" alt=\"\" width=\"431\" height=\"290\" \/><\/p>\n<\/div><\/div>\n<h4 style=\"text-align: center;\">Projektter\u00fclet tudom\u00e1nyos le\u00edr\u00e1sa<\/h4>\n<p>A P\u00e9cselyi-medence egyike a Balaton-felvid\u00e9ki medencel\u00e1ncolatoknak. Alapk\u0151zete a m\u00e9szk\u0151, kl\u00edm\u00e1j\u00e1t pedig csak kev\u00e9ss\u00e9 befoly\u00e1solja a Balaton. 300 m\u00e9teres tengerszint feletti magass\u00e1g\u00e1val ide\u00e1lis a 91G0 * Pannon gyerty\u00e1nos-t\u00f6lgyeseknek Quercus petraea-val \u00e9s Carpinus betulus-szal, amelyek a ter\u00fclet mintegy 40%-\u00e1t bor\u00edtj\u00e1k. A sziklat\u00f6mb\u00f6k ment\u00e9n azonban 91H0* Pannon molyhos t\u00f6lgyeseket tal\u00e1lunk Quercus pubescens-szel (30%) \u00e9s 91M0 Pannon cseres-t\u00f6lgyeseket (29%). Az alacsony hegytet\u0151ket bor\u00edt\u00f3 91H0* Pannon molyhos t\u00f6lgyeseket nagyj\u00e1b\u00f3l 70 \u00e9ve \u00a0feketefeny\u0151vel cser\u00e9lt\u00e9k le. A 91H0* Pannon molyhos t\u00f6lgyesekben v\u00e9gzett erd\u0151gazd\u00e1lkod\u00e1s miatt az erd\u0151nek 2-6 hekt\u00e1rnyi r\u00e9sze van, amely \u00e1llom\u00e1ny\u00e1t, szerkezet\u00e9t \u00e9s kor\u00e1t tekintve is homog\u00e9n. A kor\u00e1bbi erd\u0151gazd\u00e1lod\u00e1si tev\u00e9kenys\u00e9gek sor\u00e1n a <em>csert\u00f6lgy<\/em> jobban elszaporodott ann\u00e1l, mint ahogy az a term\u00e9szetben egy\u00e9bk\u00e9nt indokolt volna.<br \/>\nMeghat\u00e1roz\u00f3 n\u00f6v\u00e9nyek:\u00a0<em>Tarka n\u0151szirom, m\u00e9hbang\u00f3<\/em><br \/>\nMeghat\u00e1roz\u00f3 \u00e1llatok:<\/p>\n<ul>\n<li>Eml\u0151s\u00f6k:\u00a0<em>hegyesorr\u00fa denev\u00e9r, k\u00f6z\u00f6ns\u00e9ges denev\u00e9r<\/em><\/li>\n<li>Madarak:\u00a0<em>K\u00f6z\u00e9p fakop\u00e1ncs, kis fakop\u00e1ncs, fekete hark\u00e1ly, hamvas k\u00fcll\u0151, z\u00f6ld k\u00fcll\u0151<\/em><\/li>\n<li>Rovarok:\u00a0<em>Nagy h\u0151scinc\u00e9r, s\u00e1rga gyapjassz\u00f6v\u0151, nagy szarvasbog\u00e1r, gy\u00e1szcinc\u00e9r <\/em><\/li>\n<\/ul>\n<h4><strong>A projektter\u00fclet jelent\u0151s\u00e9ge a biol\u00f3giai sokf\u00e9les\u00e9g \u00e9s \/ vagy a region\u00e1lis, nemzeti \u00e9s uni\u00f3s szinten c\u00e9lzott fajok \/ \u00e9l\u0151helyt\u00edpusok meg\u0151rz\u00e9se szempontj\u00e1b\u00f3l<br \/>\n<\/strong><\/h4>\n<p>A projektter\u00fclet rendk\u00edv\u00fcl fontos a 91G0* Pannon gyerty\u00e1nos-t\u00f6lgyesek \u00e9s <em>91H0*Pannon molyhos t\u00f6lgyesek<\/em> rehabilit\u00e1l\u00e1s\u00e1nak szempontj\u00e1b\u00f3l, amelyek az \u00e9l\u0151helyv\u00e9delmi ir\u00e1nyelv I. mell\u00e9klet\u00e9nek alapj\u00e1n Eur\u00f3pai Uni\u00f3s kiemelt jelent\u0151s\u00e9g\u0171 \u00e9l\u0151helyek. Az erd\u0151knek k\u00fcl\u00f6n\u00f6sen ama r\u00e9szei szorulnak rehabilit\u00e1ci\u00f3ra, amelyek homog\u00e9nn\u00e9 v\u00e1ltak a kor\u00e1bbi erd\u0151gazd\u00e1lkod\u00e1si tev\u00e9kenys\u00e9gek sor\u00e1n. A ter\u00fclet helyre\u00e1ll\u00edt\u00e1sa a r\u00e9gi\u00f3 t\u00f6bbi erd\u0151kezel\u0151j\u00e9nek is p\u00e9ldak\u00e9nt szolg\u00e1l majd.<\/p>\n<h3><\/h3>\n<h4><\/h4>\n<h4 style=\"text-align: center;\">Projektter\u00fclet z\u00e1szl\u00f3shaj\u00f3 fajai<\/h4>\n<p style=\"text-align: center;\"><em>Cephalanthera rubra, Sorbus domestica,\u00a0Marumba quercus<\/em><\/p>\n<p style=\"text-align: center;\"><a href=\"http:\/\/hu.life4oakforests.eu\/projekthelyszinek-magyarorszagon\/\">Vissza a projekt ter\u00fcletekre<\/a><\/p>\n<h3 style=\"text-align: center;\"><\/h3>\n","protected":false},"excerpt":{"rendered":"<p>Projektter\u00fclet \u00e1ltal\u00e1nos le\u00edr\u00e1sa Projektter\u00fclet tudom\u00e1nyos le\u00edr\u00e1sa A P\u00e9cselyi-medence egyike a Balaton-felvid\u00e9ki medencel\u00e1ncolatoknak. Alapk\u0151zete a m\u00e9szk\u0151, kl\u00edm\u00e1j\u00e1t pedig csak kev\u00e9ss\u00e9 befoly\u00e1solja a Balaton. 300 m\u00e9teres tengerszint feletti magass\u00e1g\u00e1val ide\u00e1lis a 91G0 * Pannon gyerty\u00e1nos-t\u00f6lgyeseknek Quercus petraea-val \u00e9s Carpinus betulus-szal, amelyek a &hellip; <a href=\"https:\/\/hu.life4oakforests.eu\/fr\/pecsely\/\">Lire la suite<\/a><\/p>\n","protected":false},"author":1,"featured_media":0,"parent":0,"menu_order":0,"comment_status":"closed","ping_status":"closed","template":"","meta":{"kt_blocks_editor_width":"","_monsterinsights_skip_tracking":false,"_monsterinsights_sitenote_active":false,"_monsterinsights_sitenote_note":"","_monsterinsights_sitenote_category":0,"footnotes":""},"class_list":["post-557","page","type-page","status-publish","hentry"],"translation":{"provider":"WPGlobus","version":"3.0.1","language":"fr","enabled_languages":["en","es","de","fr","ru"],"languages":{"en":{"title":true,"content":true,"excerpt":false},"es":{"title":false,"content":false,"excerpt":false},"de":{"title":false,"content":false,"excerpt":false},"fr":{"title":false,"content":false,"excerpt":false},"ru":{"title":false,"content":false,"excerpt":false}}},"aioseo_notices":[],"_links":{"self":[{"href":"https:\/\/hu.life4oakforests.eu\/fr\/wp-json\/wp\/v2\/pages\/557","targetHints":{"allow":["GET"]}}],"collection":[{"href":"https:\/\/hu.life4oakforests.eu\/fr\/wp-json\/wp\/v2\/pages"}],"about":[{"href":"https:\/\/hu.life4oakforests.eu\/fr\/wp-json\/wp\/v2\/types\/page"}],"author":[{"embeddable":true,"href":"https:\/\/hu.life4oakforests.eu\/fr\/wp-json\/wp\/v2\/users\/1"}],"replies":[{"embeddable":true,"href":"https:\/\/hu.life4oakforests.eu\/fr\/wp-json\/wp\/v2\/comments?post=557"}],"version-history":[{"count":5,"href":"https:\/\/hu.life4oakforests.eu\/fr\/wp-json\/wp\/v2\/pages\/557\/revisions"}],"predecessor-version":[{"id":5645,"href":"https:\/\/hu.life4oakforests.eu\/fr\/wp-json\/wp\/v2\/pages\/557\/revisions\/5645"}],"wp:attachment":[{"href":"https:\/\/hu.life4oakforests.eu\/fr\/wp-json\/wp\/v2\/media?parent=557"}],"curies":[{"name":"wp","href":"https:\/\/api.w.org\/{rel}","templated":true}]}}