{"id":475,"date":"2018-05-07T12:17:28","date_gmt":"2018-05-07T12:17:28","guid":{"rendered":"http:\/\/www.hu.life4oakforests.eu\/?page_id=475"},"modified":"2025-03-06T10:21:21","modified_gmt":"2025-03-06T10:21:21","slug":"budai-sas-hegy","status":"publish","type":"page","link":"https:\/\/hu.life4oakforests.eu\/fr\/budai-sas-hegy\/","title":{"rendered":"Budai Sas-hegy"},"content":{"rendered":"<h4 style=\"text-align: center;\">Projektter\u00fclet \u00e1ltal\u00e1nos le\u00edr\u00e1sa<\/h4>\n<div class=\"row\"> <div class=\"col-md-6\">\n<p>A projektter\u00fclet neve: Budai Sas-hegy<\/p>\n<p>Ter\u00fclet (ha): 14.630<\/p>\n<p>EU v\u00e9delmi jog\u00e1ll\u00e1s: K\u00fcl\u00f6nleges Mad\u00e1rv\u00e9delmi Ter\u00fclet (SPA): &#8211;<\/p>\n<p>EU v\u00e9delmi jog\u00e1ll\u00e1s: K\u00fcl\u00f6nleges Term\u00e9szetmeg\u0151rz\u00e9si Ter\u00fclet (SCI):: NATURA 2000 k\u00f3d HUDI20009<\/p>\n<p>Egy\u00e9b jog\u00e1ll\u00e1s nemzeti vagy region\u00e1lis szab\u00e1lyoz\u00e1s \u00e9rtelm\u00e9ben:\u00a0Nemzeti Park, Term\u00e9szetv\u00e9delmi Ter\u00fclet<\/p>\n<p>A projektter\u00fclet hasznos\u00edt\u00e1sa: F\u00f6ldhaszn\u00e1lat: 100% term\u00e9szetv\u00e9delem<\/p>\n<p>Tulajdonjogi st\u00e1tusz: 100% \u00e1llami tulajdon<\/p>\n<\/div><div class=\"col-md-6\">\n<p><img loading=\"lazy\" decoding=\"async\" class=\"wp-image-1468 aligncenter\" src=\"http:\/\/www.life4oakforests.eu\/wp-content\/uploads\/2018\/05\/Sas-hegy2-300x169.jpg\" alt=\"\" width=\"431\" height=\"243\" \/><\/p>\n<\/div><\/div>\n<p>\u00a0<\/p>\n<h4 style=\"text-align: center;\">Projektter\u00fclet tudom\u00e1nyos le\u00edr\u00e1sa<\/h4>\n<p>\u00a0<\/p>\n<p>\u00a0<\/p>\n<p>A Sas-hegy egy z\u00f6ld sziget a v\u00e1ros felett.\u00a0 Sz\u00e1mos v\u00e9dett faj sz\u00e1m\u00e1ra ny\u00fajt mened\u00e9ket, s\u0151t egy val\u00f3s\u00e1gos ref\u00fagium kor\u00e1bbi f\u00f6ldt\u00f6rt\u00e9neti korok fl\u00f3r\u00e1ja \u00e9s faun\u00e1ja sz\u00e1m\u00e1ra. Egy biodiverzit\u00e1s forr\u00f3 pont, ahol sz\u00e1mos ed\u00e9nyes n\u00f6v\u00e9ny, p\u00f3kf\u00e9le, h\u00fcll\u0151 \u00e9s m\u00e1s fajcsoportok \u00e9lnek egy\u00fctt. A Sas-hegyet k\u00e9t mark\u00e1nsan elt\u00e9r\u0151 r\u00e9szre lehet osztani a term\u00e9szetes, illetve a term\u00e9szetk\u00f6zeli veget\u00e1ci\u00f3 alapj\u00e1n. A hegycs\u00facsi r\u00e9szen, ahol sok helyen kil\u00e1tszik a dolomit alapk\u0151zet, szinte term\u00e9szetes sziklagyep tal\u00e1lhat\u00f3 (6190 * Pannon sziklagyepek (Stipo-Festucetalia pallentis), 6240 * Pannon lejt\u0151sztyeppek \u00e9s sziklaf\u00fcves lejt\u0151k). Az agyagm\u00e1rga \u00e9s l\u00f6sz bor\u00edtotta d\u00e9li lejt\u0151k\u00f6n m\u00e1sodlagos term\u00e9szetk\u00f6zeli veget\u00e1ci\u00f3 tal\u00e1lhat\u00f3 k\u00fcl\u00f6nb\u00f6z\u0151 cserj\u00e9kkel (pl. egybib\u00e9s galagonya, k\u00f6k\u00e9ny stb.), illetve alacsonyabb f\u00e1kkal (pl. vir\u00e1gos k\u0151ris, molyhos t\u00f6lgy stb.). Ezen a ter\u00fcleten a potenci\u00e1lis veget\u00e1ci\u00f3 a (91H0*) pannon molyhos t\u00f6lgyes Natura 2000 (SAC) jel\u00f6l\u0151 \u00e9l\u0151hely. A hegycs\u00facsi r\u00e9sz \u00e9s a lejt\u0151k t\u00e1jt\u00f6rt\u00e9nete elt\u00e9r\u0151; a cs\u00facsi r\u00e9sz sose volt alkalmas az agr\u00e1rgazd\u00e1lkod\u00e1si tev\u00e9kenys\u00e9gek sz\u00e1m\u00e1ra, ez\u00e9rt viszonylag term\u00e9szetes maradt, \u00e1m ezzel szemben a d\u00e9li lejt\u0151k\u00f6n t\u00f6bb sz\u00e1z \u00e9ven kereszt\u00fcl sz\u0151l\u0151 \u00e9s gy\u00fcm\u00f6lcstermeszt\u00e9s zajlott. Ennek k\u00f6sz\u00f6nhet\u0151en term\u00e9szetk\u00f6zelibb a cs\u00facsi r\u00e9sz a lejt\u0151h\u00f6z k\u00e9pest, de ett\u0151l m\u00e9g az idegenhonos \u00f6z\u00f6nn\u00f6v\u00e9nyek n\u00f6v\u00e9nyek (pl. az orgona) itt is megjelentek, amely jelent\u0151s vesz\u00e9lyt jelent az \u0151shonos dolomit fl\u00f3r\u00e1ra \u00e9s faun\u00e1ra n\u00e9zve. A sz\u0151l\u0151 \u00e9s gy\u00fcm\u00f6lcstermeszt\u00e9s felhagy\u00e1s\u00e1val megindult a szukcesszi\u00f3 a ter\u00fcleten. Ennek k\u00f6vetkezt\u00e9ben s\u0171r\u0171 boz\u00f3tos alakult ki, amelyben a cs\u00facsi r\u00e9sszel ellent\u00e9tben m\u00e1s \u00f6z\u00f6nn\u00f6v\u00e9nyek\u00a0 is terjednek (pl. ak\u00e1c, jap\u00e1nkeser\u0171f\u0171, mah\u00f3nia stb). A ter\u00fclet mai jellegzetes k\u00e9p\u00e9t a cs\u00facsi r\u00e9szen a gyep, majd a d\u00e9li lejt\u0151n haladva a cserje, illetve a gyep-cserje-erd\u0151 mozaikok ny\u00fajtj\u00e1k. Ez az \u00e9l\u0151hely architekt\u00fara sz\u00e1mos endemikus \u00e9s reliktum fajoknak ad otthont.\u00a0 A term\u00e9szetesen, illetve mesters\u00e9gesen kialak\u00edtott ny\u00edltabb, gyep-erd\u0151 mozaikokban \u00fajb\u00f3l megjelennek a kor\u00e1bban itt \u00e9lt v\u00e9dett, orchide\u00e1k (pl. m\u00e9hbang\u00f3, vit\u00e9zvir\u00e1g, feh\u00e9r mad\u00e1rsisak, vagy a b\u00edboros kosbor). A gyepi r\u00e9szeken olyan NATURA 2000 jel\u00f6l\u0151 fajok tal\u00e1lhat\u00f3ak, mint pl. a Szent Istv\u00e1n-szegf\u0171, le\u00e1nyk\u00f6k\u00f6rcsin<em>, <\/em>vagy a magyar gurgolya. Az erd\u0151sebb r\u00e9szeken, a szint\u00e9n NATURA 2000 jel\u00f6l\u0151 faj, a szarvasbog\u00e1r is megtal\u00e1lhat\u00f3.<\/p>\n<h3>\u00a0<\/h3>\n<h4 style=\"text-align: center;\"><strong>A projektter\u00fclet jelent\u0151s\u00e9ge a biol\u00f3giai sokf\u00e9les\u00e9g \u00e9s \/ vagy a region\u00e1lis, nemzeti \u00e9s uni\u00f3s szinten c\u00e9lzott fajok \/ \u00e9l\u0151helyt\u00edpusok meg\u0151rz\u00e9se szempontj\u00e1b\u00f3l<br \/><\/strong><\/h4>\n<p>\u00a0<\/p>\n<p>\u00a0<\/p>\n<p>Ezen a budapesti hegyen sz\u00e1mos unik\u00e1lis, \u0151si faj tal\u00e1lja meg mened\u00e9k\u00e9t, ez\u00e9rt a hegycs\u00facsi \u00e9s a d\u00e9li lejt\u0151k v\u00e9delme, fenntart\u00e1sa k\u00fcl\u00f6n\u00f6sen fontos term\u00e9szetv\u00e9delmi kezel\u00e9si szempont. Egy olyan biodiverzit\u00e1s \u201ehot spot\u201d, ahol t\u00f6bb sz\u00e1z faj \u00e9l egy\u00fctt (pl. ed\u00e9nyes n\u00f6v\u00e9nyek, p\u00f3kok, h\u00fcll\u0151k). A c\u00e9l a potenci\u00e1lis pannon molyhos t\u00f6lgyesek (91H0 *) helyre\u00e1ll\u00edt\u00e1sa. Ezt az \u00f6z\u00f6nn\u00f6v\u00e9nyek visszaszor\u00edt\u00e1s\u00e1val, az erd\u0151regener\u00e1ci\u00f3s folyamatok megseg\u00edt\u00e9s\u00e9vel (a t\u00falzottan elszaporodott cserj\u00e9k visszaszor\u00edt\u00e1s\u00e1val), illetve a t\u00f6lgyek \u00e9s a t\u00f6lgyerd\u0151kre jellemez\u0151 n\u00f6v\u00e9nyek \u00fcltet\u00e9s\u00e9vel \u00e9rj\u00fck el. A pannon molyhos t\u00f6lgyesek NATURA 2000 jel\u00f6l\u0151 \u00e9l\u0151helyek, amelynek fenntart\u00e1sa EU szinten fontos feladat.<\/p>\n<p>\u00a0<\/p>\n<h4 style=\"text-align: center;\">Projektter\u00fclet z\u00e1szl\u00f3shaj\u00f3 fajai<\/h4>\n<p style=\"text-align: center;\"><em>Quercus pubescens,\u00a0Orchis purpurea,\u00a0Homo sapiens<\/em><\/p>\n<p style=\"text-align: center;\"><a href=\"http:\/\/hu.life4oakforests.eu\/projekthelyszinek-magyarorszagon\/\">Vissza a projekt ter\u00fcletekre<\/a><\/p>\n<h5>\u00a0<\/h5>\n\n\n<p><\/p>\n","protected":false},"excerpt":{"rendered":"<p>Projektter\u00fclet \u00e1ltal\u00e1nos le\u00edr\u00e1sa \u00a0 Projektter\u00fclet tudom\u00e1nyos le\u00edr\u00e1sa \u00a0 \u00a0 A Sas-hegy egy z\u00f6ld sziget a v\u00e1ros felett.\u00a0 Sz\u00e1mos v\u00e9dett faj sz\u00e1m\u00e1ra ny\u00fajt mened\u00e9ket, s\u0151t egy val\u00f3s\u00e1gos ref\u00fagium kor\u00e1bbi f\u00f6ldt\u00f6rt\u00e9neti korok fl\u00f3r\u00e1ja \u00e9s faun\u00e1ja sz\u00e1m\u00e1ra. Egy biodiverzit\u00e1s forr\u00f3 pont, ahol sz\u00e1mos &hellip; <a href=\"https:\/\/hu.life4oakforests.eu\/fr\/budai-sas-hegy\/\">Lire la suite<\/a><\/p>\n","protected":false},"author":1,"featured_media":0,"parent":0,"menu_order":0,"comment_status":"closed","ping_status":"closed","template":"","meta":{"kt_blocks_editor_width":"","_monsterinsights_skip_tracking":false,"_monsterinsights_sitenote_active":false,"_monsterinsights_sitenote_note":"","_monsterinsights_sitenote_category":0,"footnotes":""},"class_list":["post-475","page","type-page","status-publish","hentry"],"translation":{"provider":"WPGlobus","version":"3.0.1","language":"fr","enabled_languages":["en","es","de","fr","ru"],"languages":{"en":{"title":true,"content":true,"excerpt":false},"es":{"title":false,"content":false,"excerpt":false},"de":{"title":false,"content":false,"excerpt":false},"fr":{"title":false,"content":false,"excerpt":false},"ru":{"title":false,"content":false,"excerpt":false}}},"aioseo_notices":[],"_links":{"self":[{"href":"https:\/\/hu.life4oakforests.eu\/fr\/wp-json\/wp\/v2\/pages\/475","targetHints":{"allow":["GET"]}}],"collection":[{"href":"https:\/\/hu.life4oakforests.eu\/fr\/wp-json\/wp\/v2\/pages"}],"about":[{"href":"https:\/\/hu.life4oakforests.eu\/fr\/wp-json\/wp\/v2\/types\/page"}],"author":[{"embeddable":true,"href":"https:\/\/hu.life4oakforests.eu\/fr\/wp-json\/wp\/v2\/users\/1"}],"replies":[{"embeddable":true,"href":"https:\/\/hu.life4oakforests.eu\/fr\/wp-json\/wp\/v2\/comments?post=475"}],"version-history":[{"count":13,"href":"https:\/\/hu.life4oakforests.eu\/fr\/wp-json\/wp\/v2\/pages\/475\/revisions"}],"predecessor-version":[{"id":5651,"href":"https:\/\/hu.life4oakforests.eu\/fr\/wp-json\/wp\/v2\/pages\/475\/revisions\/5651"}],"wp:attachment":[{"href":"https:\/\/hu.life4oakforests.eu\/fr\/wp-json\/wp\/v2\/media?parent=475"}],"curies":[{"name":"wp","href":"https:\/\/api.w.org\/{rel}","templated":true}]}}