{"id":1529,"date":"2020-01-16T07:29:16","date_gmt":"2020-01-16T07:29:16","guid":{"rendered":"http:\/\/hu.life4oakforests.eu\/?page_id=1529"},"modified":"2020-01-16T07:36:11","modified_gmt":"2020-01-16T07:36:11","slug":"torpemandula-prunus-tenella-syn-amygdalus-nana","status":"publish","type":"page","link":"https:\/\/hu.life4oakforests.eu\/fr\/torpemandula-prunus-tenella-syn-amygdalus-nana\/","title":{"rendered":"T\u00f6rpemandula (Prunus tenella [syn. Amygdalus nana])"},"content":{"rendered":"<div class=\"row\"> <div class=\"col-md-6\">\n<h4>Faj \u00e9s \u00e9l\u0151hely le\u00edr\u00e1s<\/h4>\n<p>Gy\u00f6k\u00e9rsarjakkal terjeszked\u0151, 0,3 &#8211; 1 m magas cserje. V\u00e9kony, egyenesen felfel\u00e9 ir\u00e1nyul\u00f3 \u00e1gain sok r\u00f6vidhajt\u00e1s van. Fiatal hajt\u00e1sai kopaszak, z\u00f6ldek vagy s\u00e1rg\u00e1ssz\u00fcrk\u00e9k, a k\u00e9t\u00e9vesek s\u00f6t\u00e9tsz\u00fcrk\u00e9k, h\u00e1l\u00f3zatosan felreped\u0151 periderm\u00e1val. R\u00fcgyei toj\u00e1sdadok, pill\u00e1s \u00e9l\u0171, barna pikkelyekkel. Levelei vissz\u00e1s l\u00e1ndzs\u00e1sak vagy hossz\u00fak\u00e1s l\u00e1ndzs\u00e1sak, 2,5 &#8211; 6 cm hossz\u00faak, hosszan ny\u00e9lbe keskenyed\u0151k, tompa cs\u00facs\u00faak, finoman f\u0171r\u00e9szes sz\u00e9l\u0171ek, kopaszak \u00e9s r\u00f6vid nyel\u0171ek. \u0150szibarack\u00e9ra eml\u00e9keztet\u0151, \u00f6tszirm\u00fa vir\u00e1gai t\u00f6bbnyire az el\u0151z\u0151 \u00e9vi hossz\u00fahajt\u00e1sok oldal\u00e1n \u00fcl\u0151k. A lombfakad\u00e1ssal egy id\u0151ben, m\u00e1rcius v\u00e9g\u00e9n-\u00e1prilisban vir\u00e1gzik. Term\u00e9se g\u00f6mb\u00f6lyded, kb. 2 cm \u00e1tm\u00e9r\u0151j\u0171, oldalr\u00f3l alig lap\u00edtott, s\u00e1rg\u00e1ssz\u00fcrke, hossz\u00fa sz\u0151r\u0171, a burok \u00e9r\u00e9skor sz\u00e9tny\u00edl\u00f3, a csont\u00e1r h\u00e1l\u00f3zatosan bar\u00e1zd\u00e1lt fel\u00fclet\u0171. Augusztusban \u00e9rik.<br \/>\nKontinent\u00e1lis jelleg\u0171 eur\u00e1zsiai faj, elterjed\u00e9si ter\u00fclete a Lajta-hegys\u00e9gt\u0151l a Kauk\u00e1zuson \u00e1t Nyugat-Szib\u00e9ri\u00e1ig ny\u00falik. Az erd\u0151ssztvepp n\u00f6v\u00e9nye. S\u00edks\u00e1gi-dombvid\u00e9ki faj.<br \/>\nHaz\u00e1nkban az \u00c9szaki-k\u00f6z\u00e9phegys\u00e9g l\u00e1b\u00e1n\u00e1l, a Dun\u00e1nt\u00fali-k\u00f6z\u00e9phegys\u00e9gben a Bakony keleti r\u00e9sz\u00e9ig, a D\u00e9l-Dun\u00e1nt\u00falon (Tolnai-hegyh\u00e1t, Vill\u00e1nyi-hegys\u00e9g) \u00e9s a Mez\u0151f\u00f6ld, illetve az Alf\u00f6ld t\u00f6bb hely\u00e9n sz\u00f3rv\u00e1nyosan fordul el\u0151.<br \/>\nM\u00e9szkedvel\u0151, legink\u00e1bb l\u00f6sz\u00f6n, n\u00e9ha homokon vagy v\u00e1lyogtalajon n\u0151. F\u00e9nyig\u00e9nyes n\u00f6v\u00e9ny, a l\u00f6sz erd\u0151ssztvepp egyik jellegzetes t\u00e1rsul\u00e1s\u00e1nak, a t\u00f6rpemandul\u00e1snak az uralkod\u00f3 \u00e9s karakterfaja. \u00c1ltal\u00e1ban l\u00f6szpusztai tat\u00e1rjuharos-t\u00f6lgyesekben, pusztai cserj\u00e9sekben, t\u00f6lgyesek sz\u00e9l\u00e9n, pusztaf\u00fcves lejt\u0151k\u00f6n, bokorerd\u0151kben, felhagyott sz\u0151l\u0151kben, mezsgy\u00e9ken telepszik meg. A mez\u0151gazdas\u00e1g t\u00e9rh\u00f3d\u00edt\u00e1s\u00e1val er\u0151sen visszaszorult, ma kis, izol\u00e1lt popul\u00e1ci\u00f3kban \u00e9l\u0151, potenci\u00e1lisan vesz\u00e9lyeztetett faj. D\u00edszcserjek\u00e9nt \u00fcltetik.<\/p>\n<h4>F\u0151bb vesz\u00e9lyeztet\u0151 t\u00e9nyez\u0151k<\/h4>\n<p>Els\u0151sorban \u00e9l\u0151helyeinek visszaszorul\u00e1sa, degrad\u00e1ci\u00f3ja, \u00e1talakul\u00e1sa\/\u00e1talak\u00edt\u00e1sa, hasznos\u00edt\u00e1si m\u00f3djai vesz\u00e9lyeztetik. A l\u00f6szpusztagyepek felt\u00f6r\u00e9se, legeltet\u00e9se, kasz\u00e1l\u00e1sa sor\u00e1n a cserj\u00e9seket felsz\u00e1molj\u00e1k. A meleg, hegyl\u00e1bi ter\u00fcleteken \u00fajabban gyakori a sz\u0151l\u0151k (\u00fajra)telep\u00edt\u00e9se, melynek sor\u00e1n az eredeti \u00f6kosziszt\u00e9ma t\u00f6bb\u00e9-kev\u00e9sb\u00e9 megsemmis\u00fcl. Az \u00f6nerd\u0151s\u00fcl\u00e9s, vagy erd\u0151telep\u00edt\u00e9s eredm\u00e9nyek\u00e9nt z\u00e1rt fa\u00e1llom\u00e1ny\u00fav\u00e1 v\u00e1l\u00f3 ter\u00fcleteken is megsz\u0171nik a faj \u00e9lettere. A bokorerd\u0151k, boz\u00f3tosok, l\u00f6szt\u00f6lgyesek eset\u00e9n az ott \u00e9l\u0151 t\u00faltartott nagyvad\u00e1llom\u00e1ny r\u00e1g\u00e1si, tapos\u00e1si, er\u00f3zi\u00f3s k\u00e1rt\u00e9tele a legt\u00f6bb n\u00f6v\u00e9nyfajra, \u00edgy a t\u00f6rpemandul\u00e1ra n\u00e9zve is jelent\u0151s. A tavaszi id\u0151szakban l\u00e1tv\u00e1nyosan vir\u00e1gz\u00f3 cserj\u00e9t a kir\u00e1ndul\u00f3k gyakran gy\u0171jtik (d\u00edsz\u00edt\u0151gallyk\u00e9nt, illetve kertbe val\u00f3 \u00e1t\u00fcltet\u00e9si c\u00e9llal).<\/p>\n<h4>Speci\u00e1lis term\u00e9szetv\u00e9delmi beavatkoz\u00e1sok<\/h4>\n<p>Els\u0151dleges meglev\u0151 egyedeinek, \u00e1llom\u00e1nyainak, \u00e9l\u0151helyeinek v\u00e9delme.<br \/>\nGyepek eset\u00e9n csak a fajt nem vesz\u00e9lyeztet\u0151 kezel\u00e9sek v\u00e9gezhet\u0151k. Vegyszerez\u00e9s teljes mell\u0151z\u00e9se sz\u00fcks\u00e9ges. Kasz\u00e1l\u00e1sn\u00e1l a faj telepei kihagyand\u00f3k. Legeltet\u00e9s eset\u00e9n a meglev\u0151 egyedek egyedi, vagy ter\u00fcleti v\u00e9delme is indokolt lehet (villanyp\u00e1sztor, ker\u00edt\u00e9s).<br \/>\nNem m\u0171velt ter\u00fcleteken a t\u00f6rpemandul\u00e1t vesz\u00e9lyeztet\u0151 k\u00f6z\u00f6ns\u00e9gesen el\u0151fordul\u00f3 cserje- \u00e9s l\u00e1gysz\u00e1r\u00fa n\u00f6v\u00e9nyzet mechanikus m\u00f3dszerekkel val\u00f3 visszaszor\u00edt\u00e1s\u00e1ra lehet sz\u00fcks\u00e9g.<br \/>\nA faj sz\u00e1m\u00e1ra megfelel\u0151 term\u0151helyek fa\u00e1llom\u00e1nnyal bor\u00edtott ter\u00fcletein bel\u00fcl alacsony z\u00e1r\u00f3d\u00e1s\u00fa, ligetes foltok, illetve tiszt\u00e1sok kialak\u00edt\u00e1s\u00e1ra, fenntart\u00e1s\u00e1ra (minimum 0,2-0,5 ha) van sz\u00fcks\u00e9g, ahol biztos\u00edthat\u00f3k a sz\u00fcks\u00e9ges mikroklimatikus jellemz\u0151k (ezzel nyilv\u00e1nval\u00f3an sok m\u00e1s \u00e9rt\u00e9kes, ritk\u00e1bb faj \u00e9letter\u00e9t is biztos\u00edthatjuk). Itt is sz\u00fcks\u00e9g lehet a nem, vagy kev\u00e9sb\u00e9 k\u00edv\u00e1natos l\u00e1gysz\u00e1r\u00faak \u00e9s f\u00e1ssz\u00e1r\u00faak (k\u00fcl\u00f6n\u00f6s tekintettel az idegenhonos, invaz\u00edv, t\u00e1jidegen fajok) visszaszor\u00edt\u00e1s\u00e1ra.<br \/>\nAmennyiben biztos\u00edthat\u00f3 az igazolt, lehet\u0151leg azonos sz\u00e1rmaz\u00e1si k\u00f6rzetb\u0151l sz\u00e1rmaz\u00f3, nem nemes\u00edtett t\u00f6rpemandula szapor\u00edt\u00f3anyag beszerz\u00e9se, megtermeltet\u00e9se, akkor lehet\u0151s\u00e9g ny\u00edlhat megfelel\u0151 term\u0151helyeken a visszatelep\u00edt\u00e9sre is. A visszatelep\u00edt\u00e9sek eset\u00e9ben azok meger\u0151s\u00f6d\u00e9s\u00e9ig v\u00e1rhat\u00f3an a vad- ill. legel\u0151 \u00e1llatok k\u00e1rt\u00e9tele elleni v\u00e9delemre lesz sz\u00fcks\u00e9g.<\/p>\n<p style=\"text-align: left;\"><\/div><div class=\"col-md-6\">\n<p style=\"text-align: left;\"><img loading=\"lazy\" decoding=\"async\" class=\"wp-image-1627 aligncenter\" src=\"http:\/\/hu.life4oakforests.eu\/wp-content\/uploads\/2020\/01\/torpe_mandula.jpg\" alt=\"\" width=\"501\" height=\"319\" \/><\/p>\n<p style=\"text-align: left;\"><\/div><\/div>\n\n\n\n<p><strong>Kapcsol\u00f3d\u00f3 projekthelysz\u00ednek<\/strong><br><a href=\"http:\/\/www.life4oakforests.eu\/felsotarkanyi-miklos-volgy-and-ostoros-volgy\/\"><a href=\"http:\/\/hu.life4oakforests.eu\/felsotarkanyi-miklos-volgy-and-ostoros-volgy\/\">Fels\u0151t\u00e1rk\u00e1nyi Mikl\u00f3s-v\u00f6lgy and Ostoros-v\u00f6lgy<\/a><\/a><\/p>\n\n\n\n<p><br><\/p>\n","protected":false},"excerpt":{"rendered":"<p>Kapcsol\u00f3d\u00f3 projekthelysz\u00ednekFels\u0151t\u00e1rk\u00e1nyi Mikl\u00f3s-v\u00f6lgy and Ostoros-v\u00f6lgy<\/p>\n","protected":false},"author":1,"featured_media":0,"parent":0,"menu_order":0,"comment_status":"closed","ping_status":"closed","template":"","meta":{"kt_blocks_editor_width":"","_monsterinsights_skip_tracking":false,"_monsterinsights_sitenote_active":false,"_monsterinsights_sitenote_note":"","_monsterinsights_sitenote_category":0,"footnotes":""},"class_list":["post-1529","page","type-page","status-publish","hentry"],"translation":{"provider":"WPGlobus","version":"3.0.1","language":"fr","enabled_languages":["en","es","de","fr","ru"],"languages":{"en":{"title":true,"content":true,"excerpt":false},"es":{"title":false,"content":false,"excerpt":false},"de":{"title":false,"content":false,"excerpt":false},"fr":{"title":false,"content":false,"excerpt":false},"ru":{"title":false,"content":false,"excerpt":false}}},"aioseo_notices":[],"_links":{"self":[{"href":"https:\/\/hu.life4oakforests.eu\/fr\/wp-json\/wp\/v2\/pages\/1529","targetHints":{"allow":["GET"]}}],"collection":[{"href":"https:\/\/hu.life4oakforests.eu\/fr\/wp-json\/wp\/v2\/pages"}],"about":[{"href":"https:\/\/hu.life4oakforests.eu\/fr\/wp-json\/wp\/v2\/types\/page"}],"author":[{"embeddable":true,"href":"https:\/\/hu.life4oakforests.eu\/fr\/wp-json\/wp\/v2\/users\/1"}],"replies":[{"embeddable":true,"href":"https:\/\/hu.life4oakforests.eu\/fr\/wp-json\/wp\/v2\/comments?post=1529"}],"version-history":[{"count":2,"href":"https:\/\/hu.life4oakforests.eu\/fr\/wp-json\/wp\/v2\/pages\/1529\/revisions"}],"predecessor-version":[{"id":1533,"href":"https:\/\/hu.life4oakforests.eu\/fr\/wp-json\/wp\/v2\/pages\/1529\/revisions\/1533"}],"wp:attachment":[{"href":"https:\/\/hu.life4oakforests.eu\/fr\/wp-json\/wp\/v2\/media?parent=1529"}],"curies":[{"name":"wp","href":"https:\/\/api.w.org\/{rel}","templated":true}]}}