{"id":1491,"date":"2019-10-01T00:15:13","date_gmt":"2019-10-01T00:15:13","guid":{"rendered":"http:\/\/hu.life4oakforests.eu\/?page_id=1491"},"modified":"2019-10-01T00:15:14","modified_gmt":"2019-10-01T00:15:14","slug":"zamenis-longissimus","status":"publish","type":"page","link":"https:\/\/hu.life4oakforests.eu\/fr\/zamenis-longissimus\/","title":{"rendered":"Erdei sikl\u00f3 (Zamenis longissimus)"},"content":{"rendered":"<div class=\"row\"> <div class=\"col-md-6\">\n<h4>Faj- \u00e9s \u00e9l\u0151hely ismertet\u00e9s<\/h4>\n<p>Hossza el\u00e9rheti a 120 cm-t, de egyes esetekben ak\u00e1r a 200 cm-t is. Teste karcs\u00fa \u00e9s er\u0151teljes. A kifejlett p\u00e9ld\u00e1nyok h\u00e1toldal\u00e1nak sz\u00edne az ol\u00edvz\u00f6ldt\u0151l a s\u00e1rg\u00e1sbarn\u00e1n \u00e1t a barn\u00e1ig v\u00e1ltozhat. Egyes p\u00e9ld\u00e1nyokon k\u00e9toldalt a h\u00e1ton, valamint a testoldalon egy-egy s\u00f6t\u00e9tebb s\u00e1v h\u00faz\u00f3dik v\u00e9gig. A has s\u00e1rga vagy vajsz\u00edn\u0171. Szeme barna, pupill\u00e1ja kerek. A fiatal p\u00e9ld\u00e1nyok sz\u00ednezete jelent\u0151sen elt\u00e9r a feln\u0151ttek\u00e9t\u0151l. Test\u00fck alapsz\u00edne barn\u00e1s, mozaikszer\u0171en foltos vagy pettyezett. A szem m\u00f6g\u00f6tti s\u00e1v majdnem fekete, melyet k\u00fcl\u00f6n\u00f6sen h\u00e1trafel\u00e9 mindk\u00e9t oldalon kiemel egy-egy \u00e9l\u00e9nks\u00e1rga nyakszirti folt. A fiatalokat e jellegzetess\u00e9g\u00fck miatt gyakran t\u00e9vesztik \u00f6ssze a v\u00edzisikl\u00f3val.<br \/>\nAz erdei sikl\u00f3 els\u0151sorban f\u00e1s, bokros, tiszt\u00e1sokkal, napos terekkel tark\u00edtott veget\u00e1ci\u00f3t\u00edpusokban tal\u00e1lhat\u00f3 meg. Kedveli a ritk\u00e1s t\u00f6lgyeseket, erd\u0151sz\u00e9leket \u00e9s minden olyan helyet, ahol a z\u00e1rt erd\u0151 valamilyen okn\u00e1l fogva megszakad. El\u0151szeretettel s\u00fctk\u00e9rezik far\u00f6nk\u00f6k, erd\u0151sz\u00e9li cserj\u00e9k t\u00f6v\u00e9ben, valamint k\u0151rak\u00e1sok ment\u00e9n. El\u0151fordul elvadult vagy term\u00e9szetes n\u00f6v\u00e9nyzettel be\u00fcltetett kertekben, \u00e9s alkalmank\u00e9nt m\u00e9g h\u00e1zakba is bemer\u00e9szkedik b\u00fav\u00f3hely vagy zs\u00e1km\u00e1ny ut\u00e1n kutatva. K\u00f6z\u00e9p-Eur\u00f3p\u00e1ban 1000-1200 m\u00e9terig, a Mediterr\u00e1neumon 2000 m\u00e9terig is felhatol. D\u00e9l-Eur\u00f3p\u00e1ban is a n\u00f6v\u00e9nyzettel d\u00fasan bor\u00edtott \u00e9l\u0151helyeket kedveli.<\/p>\n<h4>Vesz\u00e9lyeztet\u0151 t\u00e9nyez\u0151k<\/h4>\n<p>Az erdei sikl\u00f3 Magyarorsz\u00e1gon m\u00e9g viszonylag gyakorinak tekinthet\u0151 b\u00e1r val\u00f3sz\u00edn\u0171s\u00edthet\u0151, hogy popul\u00e1ci\u00f3ik egyedsz\u00e1ma nem lehet magas. Az \u00e9l\u0151helyeik feldarabol\u00f3d\u00e1sa, azok egyre fokoz\u00f3d\u00f3 emberi kihaszn\u00e1l\u00e1sa rendk\u00edv\u00fcl s\u00e9r\u00fcl\u00e9kenny\u00e9 teszik ezt a fajt. A lassan mozg\u00f3, rejt\u0151sz\u00edn\u00fckben b\u00edz\u00f3 egyedeket gyakran verik agyon vagy g\u00e1zolj\u00e1k el az erdei utakon. Legink\u00e1bb a p\u00e1rosod\u00e1si id\u0151szakban vannak ezeknek a vesz\u00e9lyeknek kit\u00e9ve, amikor a n\u0151st\u00e9nyek ut\u00e1n kutat\u00f3 h\u00edmek nagy t\u00e1vols\u00e1gokat tesznek meg.<\/p>\n<h4>Faj-specifikus kezel\u00e9sek<\/h4>\n<p>Tiszt\u00e1sok kialak\u00edt\u00e1sa \u00e9s fenntart\u00e1sa a t\u00f6lgyerd\u0151kben, az erdei utakon a forgalom m\u00e9rs\u00e9kl\u00e9se, illetve t\u00e1j\u00e9koztat\u00f3 t\u00e1bl\u00e1k kihelyez\u00e9se seg\u00edtheti a faj v\u00e9delm\u00e9t.<\/p>\n<\/div><div class=\"col-md-6\">\n<\/div><\/div>\n<p><b>Kapcsol\u00f3d\u00f3 projekt helysz\u00ednek<\/b><\/p>\n<p>Cser\u00e9pfalu k\u00f6rny\u00e9ki erd\u0151k, M\u00e1traszentimre-Fall\u00f3sk\u00fat<\/p>\n<p><b>Irodalom<\/b><\/p>\n<p>http:\/\/www.mme.hu\/keteltuek-es-hullok\/erdei-siklo<\/p>\n","protected":false},"excerpt":{"rendered":"<p>Kapcsol\u00f3d\u00f3 projekt helysz\u00ednek Cser\u00e9pfalu k\u00f6rny\u00e9ki erd\u0151k, M\u00e1traszentimre-Fall\u00f3sk\u00fat Irodalom http:\/\/www.mme.hu\/keteltuek-es-hullok\/erdei-siklo<\/p>\n","protected":false},"author":1,"featured_media":0,"parent":0,"menu_order":0,"comment_status":"closed","ping_status":"closed","template":"","meta":{"kt_blocks_editor_width":"","_monsterinsights_skip_tracking":false,"_monsterinsights_sitenote_active":false,"_monsterinsights_sitenote_note":"","_monsterinsights_sitenote_category":0,"footnotes":""},"class_list":["post-1491","page","type-page","status-publish","hentry"],"translation":{"provider":"WPGlobus","version":"3.0.1","language":"fr","enabled_languages":["en","es","de","fr","ru"],"languages":{"en":{"title":true,"content":true,"excerpt":false},"es":{"title":false,"content":false,"excerpt":false},"de":{"title":false,"content":false,"excerpt":false},"fr":{"title":false,"content":false,"excerpt":false},"ru":{"title":false,"content":false,"excerpt":false}}},"aioseo_notices":[],"_links":{"self":[{"href":"https:\/\/hu.life4oakforests.eu\/fr\/wp-json\/wp\/v2\/pages\/1491","targetHints":{"allow":["GET"]}}],"collection":[{"href":"https:\/\/hu.life4oakforests.eu\/fr\/wp-json\/wp\/v2\/pages"}],"about":[{"href":"https:\/\/hu.life4oakforests.eu\/fr\/wp-json\/wp\/v2\/types\/page"}],"author":[{"embeddable":true,"href":"https:\/\/hu.life4oakforests.eu\/fr\/wp-json\/wp\/v2\/users\/1"}],"replies":[{"embeddable":true,"href":"https:\/\/hu.life4oakforests.eu\/fr\/wp-json\/wp\/v2\/comments?post=1491"}],"version-history":[{"count":1,"href":"https:\/\/hu.life4oakforests.eu\/fr\/wp-json\/wp\/v2\/pages\/1491\/revisions"}],"predecessor-version":[{"id":1492,"href":"https:\/\/hu.life4oakforests.eu\/fr\/wp-json\/wp\/v2\/pages\/1491\/revisions\/1492"}],"wp:attachment":[{"href":"https:\/\/hu.life4oakforests.eu\/fr\/wp-json\/wp\/v2\/media?parent=1491"}],"curies":[{"name":"wp","href":"https:\/\/api.w.org\/{rel}","templated":true}]}}