{"id":1486,"date":"2019-10-01T00:00:26","date_gmt":"2019-10-01T00:00:26","guid":{"rendered":"http:\/\/hu.life4oakforests.eu\/?page_id=1486"},"modified":"2019-10-01T00:00:27","modified_gmt":"2019-10-01T00:00:27","slug":"anguis-colchica","status":"publish","type":"page","link":"https:\/\/hu.life4oakforests.eu\/fr\/anguis-colchica\/","title":{"rendered":"K\u00e9kpettyes l\u00e1batlangy\u00edk (Anguis colchica)"},"content":{"rendered":"<p style=\"text-align: left;\"><div class=\"row\"> <div class=\"col-md-6\">\n<h4>Faj \u00e9s \u00e9l\u0151hely le\u00edr\u00e1s<\/h4>\n<p>40 cm-es testhossz\u00fas\u00e1got el\u00e9r\u0151, t\u00f6mzsi, hengeres test\u0171 gy\u00edkfaj, melynek v\u00e9gtagjai hi\u00e1nyoznak. Haz\u00e1nkban a k\u00e9t l\u00e1batlangy\u00edkfajt nem k\u00f6nny\u0171 megk\u00fcl\u00f6nb\u00f6ztetni. T\u00e1mpontot els\u0151sorban el\u0151fordul\u00e1si hely\u00fck adhat. A k\u00e9kpettyes l\u00e1batlangy\u00edk gyakrabban visel k\u00e9k pettyeket, mint a k\u00f6z\u00f6ns\u00e9ges l\u00e1batlangy\u00edk. A k\u00e9kpettyes l\u00e1batlangy\u00edk hall\u00f3ny\u00edl\u00e1sa j\u00f3l l\u00e1that\u00f3 \u00e9s az \u00fan. orrnyeregpajzs \u00e9s a homlokpajzs t\u00f6bbnyire \u00f6ssze\u00e9rnek, test\u00e9nek k\u00f6z\u00e9pt\u00e1j\u00e1n 26-30 h\u00e1tpikkelysor tal\u00e1lhat\u00f3.<br \/>\nA k\u00e9kpettyes l\u00e1batlangy\u00edk els\u0151sorban a Dun\u00e1t\u00f3l keletre a r\u00e9szlegesen z\u00e1rt, erdei vagy cserj\u00e9s veget\u00e1ci\u00f3hoz k\u00f6t\u0151dik. Ebb\u0151l kifoly\u00f3lag t\u00f6bbnyire hegy- \u00e9s dombvid\u00e9keinken fordul el\u0151, de term\u00e9szetes \u00e1llapotban fennmaradt s\u00edkvid\u00e9ki erdeinkben vagy l\u00e1pok, \u00e1rterek perem\u00e9n is fellelhet\u0151. Leggyakrabban erd\u0151sz\u00e9leken, erdei tiszt\u00e1sok szeg\u00e9lyein, turista\u00f6sv\u00e9nyeken tal\u00e1lkozhatunk vele, ahova gyakran fekszik ki s\u00fctk\u00e9rezni. Fontos sz\u00e1m\u00e1ra a b\u00fav\u00f3helyek (korhad\u00f3 far\u00f6nk\u00f6k, k\u0151rak\u00e1sok, k\u0151ker\u00edt\u00e9sek, r\u00e1gcs\u00e1l\u00f3j\u00e1ratok) jelenl\u00e9te. \u00c9l\u0151helye k\u00f6zel\u00e9ben kertekbe is bemer\u00e9szkedik. A l\u00e1batlangy\u00edkok okt\u00f3ber k\u00f6zep\u00e9t\u0151l hibern\u00e1lni vonulnak. A telet far\u00f6nk\u00f6k, gy\u00f6kerek alatt, r\u00e1gcs\u00e1l\u00f3j\u00e1ratokban vagy sziklahasad\u00e9kokban v\u00e9szelik \u00e1t.<\/p>\n<h4>F\u0151bb vesz\u00e9lyeztet\u0151 t\u00e9nyez\u0151k<\/h4>\n<p>A l\u00e1batlangy\u00edkok Magyarorsz\u00e1gon viszonylag gyakoriak a sz\u00e1mukra megfelel\u0151 \u00e9l\u0151helyeken. Miut\u00e1n haz\u00e1nkban nagy m\u00e9rt\u00e9kben erd\u0151kh\u00f6z k\u00f6t\u0151dik, val\u00f3sz\u00edn\u0171s\u00edthetj\u00fck, hogy az erd\u0151gazd\u00e1lkod\u00e1s jelent\u0151sen befoly\u00e1solja \u00e1llom\u00e1nyainak nagys\u00e1g\u00e1t. Negat\u00edv t\u00e9nyez\u0151kk\u00e9nt \u00e9rt\u00e9kelhetj\u00fck az idegenhonos fafaj\u00fa \u00e1llom\u00e1nyok magas r\u00e9szar\u00e1ny\u00e1t, a v\u00e1g\u00e1sos erd\u0151gazd\u00e1lkod\u00e1si \u00fczemm\u00f3d alkalmaz\u00e1s\u00e1t, a stabiliz\u00e1lt \u00e9s s\u0171r\u0171n haszn\u00e1lt erdei felt\u00e1r\u00f3 \u00fath\u00e1l\u00f3zatot, az erd\u0151gazd\u00e1lkod\u00e1s n\u00f6vekv\u0151 g\u00e9pes\u00edtetts\u00e9g\u00e9t. Az erd\u0151tiszt\u00e1sok \u00e9s erd\u0151szeg\u00e9lyek megsz\u00fcntet\u00e9se, illetve elt\u0171n\u00e9se term\u00e9szetes erd\u0151s\u00fcl\u00e9ssel, valamint a holtfa elt\u00e1vol\u00edt\u00e1sa szint\u00e9n jelent\u0151sen negat\u00edv t\u00e9nyez\u0151 lehet. Sajnos, sokan tudatlans\u00e1gb\u00f3l k\u00edgy\u00f3nak v\u00e9lve agyonverik \u0151ket, annak ellen\u00e9re, hogy a k\u00edgy\u00f3fajaink is v\u00e9dettek. A hazai popul\u00e1ci\u00f3 k\u00e9t fajra oszt\u00e1sa azonban azt jelenti, hogy haz\u00e1nk ter\u00fclet\u00e9n osztoznak, elterjed\u00e9si ter\u00fclet\u00fck teh\u00e1t egyenk\u00e9nt j\u00f3val kisebb, csak az orsz\u00e1g valamelyik fel\u00e9re szor\u00edtkozik.<\/p>\n<h4>Speci\u00e1lis term\u00e9szetv\u00e9delmi beavatkoz\u00e1sok<\/h4>\n<p>A t\u00f6lgyerd\u0151k term\u00e9szetes \u00e1llapot\u00e1nak helyre\u00e1ll\u00edt\u00e1sa, k\u00fcl\u00f6nb\u00f6z\u0151 holtfa t\u00edpusok (f\u0151k\u00e9nt fekv\u0151 holtfa), valamint v\u00e9konygally kupacok k\u00e9pz\u00e9se, els\u0151sorban a benapozott foltokban, az erdei utakon a forgalom m\u00e9rs\u00e9kl\u00e9se, illetve t\u00e1j\u00e9koztat\u00f3 t\u00e1bl\u00e1k kihelyez\u00e9se seg\u00edtheti a faj v\u00e9delm\u00e9t.<\/p>\n<p style=\"text-align: left;\"><\/div><div class=\"col-md-6\">\n<p style=\"text-align: left;\">\n<p style=\"text-align: left;\"><\/div><\/div>\n<p><b>Kapcsol\u00f3d\u00f3 projekthelysz\u00ednek<\/b><br \/>\nGar\u00e1bi Varj\u00fa-b\u00e9rc<\/p>\n<p><b>Irodalom<\/b><br \/>\nhttp:\/\/www.mme.hu\/keteltuek-es-hullok\/kekpettyes-labatlangyik<\/p>\n<h6><\/h6>\n","protected":false},"excerpt":{"rendered":"<p>Kapcsol\u00f3d\u00f3 projekthelysz\u00ednek Gar\u00e1bi Varj\u00fa-b\u00e9rc Irodalom http:\/\/www.mme.hu\/keteltuek-es-hullok\/kekpettyes-labatlangyik<\/p>\n","protected":false},"author":1,"featured_media":0,"parent":0,"menu_order":0,"comment_status":"closed","ping_status":"closed","template":"","meta":{"kt_blocks_editor_width":"","_monsterinsights_skip_tracking":false,"_monsterinsights_sitenote_active":false,"_monsterinsights_sitenote_note":"","_monsterinsights_sitenote_category":0,"footnotes":""},"class_list":["post-1486","page","type-page","status-publish","hentry"],"translation":{"provider":"WPGlobus","version":"3.0.1","language":"fr","enabled_languages":["en","es","de","fr","ru"],"languages":{"en":{"title":true,"content":true,"excerpt":false},"es":{"title":false,"content":false,"excerpt":false},"de":{"title":false,"content":false,"excerpt":false},"fr":{"title":false,"content":false,"excerpt":false},"ru":{"title":false,"content":false,"excerpt":false}}},"aioseo_notices":[],"_links":{"self":[{"href":"https:\/\/hu.life4oakforests.eu\/fr\/wp-json\/wp\/v2\/pages\/1486","targetHints":{"allow":["GET"]}}],"collection":[{"href":"https:\/\/hu.life4oakforests.eu\/fr\/wp-json\/wp\/v2\/pages"}],"about":[{"href":"https:\/\/hu.life4oakforests.eu\/fr\/wp-json\/wp\/v2\/types\/page"}],"author":[{"embeddable":true,"href":"https:\/\/hu.life4oakforests.eu\/fr\/wp-json\/wp\/v2\/users\/1"}],"replies":[{"embeddable":true,"href":"https:\/\/hu.life4oakforests.eu\/fr\/wp-json\/wp\/v2\/comments?post=1486"}],"version-history":[{"count":1,"href":"https:\/\/hu.life4oakforests.eu\/fr\/wp-json\/wp\/v2\/pages\/1486\/revisions"}],"predecessor-version":[{"id":1488,"href":"https:\/\/hu.life4oakforests.eu\/fr\/wp-json\/wp\/v2\/pages\/1486\/revisions\/1488"}],"wp:attachment":[{"href":"https:\/\/hu.life4oakforests.eu\/fr\/wp-json\/wp\/v2\/media?parent=1486"}],"curies":[{"name":"wp","href":"https:\/\/api.w.org\/{rel}","templated":true}]}}