{"id":1426,"date":"2019-05-14T15:52:18","date_gmt":"2019-05-14T15:52:18","guid":{"rendered":"http:\/\/hu.life4oakforests.eu\/?page_id=1426"},"modified":"2019-05-14T15:52:18","modified_gmt":"2019-05-14T15:52:18","slug":"erdolatogatoi-szakmai-kerdoiv","status":"publish","type":"page","link":"https:\/\/hu.life4oakforests.eu\/fr\/erdolatogatoi-szakmai-kerdoiv\/","title":{"rendered":"Erd\u0151l\u00e1togat\u00f3i szakmai k\u00e9rd\u0151\u00edv"},"content":{"rendered":"<p>&nbsp;<\/p>\n<p style=\"text-align: center;\">\n<iframe loading=\"lazy\" src=\"https:\/\/docs.google.com\/forms\/d\/e\/1FAIpQLSeOUXAJEILrNi2-pBc9wlQyZhrfsJiF5QLWk4_kEJ-gkKvC-Q\/viewform?embedded=true\" width=\"700\" height=\"520\" frameborder=\"0\" marginwidth=\"0\" marginheight=\"0\">Bet\u00f6lt\u00e9s&#8230;<\/iframe><\/p>\n","protected":false},"excerpt":{"rendered":"<p>&nbsp; Bet\u00f6lt\u00e9s&#8230;<\/p>\n","protected":false},"author":1,"featured_media":0,"parent":0,"menu_order":0,"comment_status":"closed","ping_status":"closed","template":"","meta":{"kt_blocks_editor_width":"","_monsterinsights_skip_tracking":false,"_monsterinsights_sitenote_active":false,"_monsterinsights_sitenote_note":"","_monsterinsights_sitenote_category":0,"footnotes":""},"class_list":["post-1426","page","type-page","status-publish","hentry"],"translation":{"provider":"WPGlobus","version":"3.0.1","language":"fr","enabled_languages":["en","es","de","fr","ru"],"languages":{"en":{"title":true,"content":true,"excerpt":false},"es":{"title":false,"content":false,"excerpt":false},"de":{"title":false,"content":false,"excerpt":false},"fr":{"title":false,"content":false,"excerpt":false},"ru":{"title":false,"content":false,"excerpt":false}}},"aioseo_notices":[],"_links":{"self":[{"href":"https:\/\/hu.life4oakforests.eu\/fr\/wp-json\/wp\/v2\/pages\/1426","targetHints":{"allow":["GET"]}}],"collection":[{"href":"https:\/\/hu.life4oakforests.eu\/fr\/wp-json\/wp\/v2\/pages"}],"about":[{"href":"https:\/\/hu.life4oakforests.eu\/fr\/wp-json\/wp\/v2\/types\/page"}],"author":[{"embeddable":true,"href":"https:\/\/hu.life4oakforests.eu\/fr\/wp-json\/wp\/v2\/users\/1"}],"replies":[{"embeddable":true,"href":"https:\/\/hu.life4oakforests.eu\/fr\/wp-json\/wp\/v2\/comments?post=1426"}],"version-history":[{"count":1,"href":"https:\/\/hu.life4oakforests.eu\/fr\/wp-json\/wp\/v2\/pages\/1426\/revisions"}],"predecessor-version":[{"id":1428,"href":"https:\/\/hu.life4oakforests.eu\/fr\/wp-json\/wp\/v2\/pages\/1426\/revisions\/1428"}],"wp:attachment":[{"href":"https:\/\/hu.life4oakforests.eu\/fr\/wp-json\/wp\/v2\/media?parent=1426"}],"curies":[{"name":"wp","href":"https:\/\/api.w.org\/{rel}","templated":true}]}}