{"id":1338,"date":"2019-05-08T08:53:58","date_gmt":"2019-05-08T08:53:58","guid":{"rendered":"http:\/\/hu.life4oakforests.eu\/?page_id=1338"},"modified":"2019-05-08T08:53:58","modified_gmt":"2019-05-08T08:53:58","slug":"piros-madarsisak-cephalanthera-rubra","status":"publish","type":"page","link":"https:\/\/hu.life4oakforests.eu\/fr\/piros-madarsisak-cephalanthera-rubra\/","title":{"rendered":"Piros mad\u00e1rsisak (Cephalanthera rubra)"},"content":{"rendered":"<p style=\"text-align: left;\"><div class=\"row\"> <div class=\"col-md-6\">\n<h4>Faj \u00e9s \u00e9l\u0151hely le\u00edr\u00e1s<\/h4>\n<p>Ritka erdei orchide\u00e1nk. Legt\u00f6bbsz\u00f6r b\u00fckk\u00f6s\u00f6kben \u00e9s t\u00f6lgyesekben fordul el\u0151. Magass\u00e1ga \u00e1ltal\u00e1ban 30-50 cm. Laza f\u00fcrtvir\u00e1gzat\u00e1ban 3-10 pirosas-lila vir\u00e1g tal\u00e1lhat\u00f3. Ezen orchideafaj \u00e9l\u0151hely\u00e9n sz\u00fcks\u00e9ges a holtfa jelenl\u00e9te, valamint a fajgazdag l\u00e1gysz\u00e1r\u00fa szint, melyben a harangvir\u00e1gok is megtal\u00e1lhat\u00f3ak. A piros mad\u00e1rsisak vir\u00e1gai rovarszemmel a harangvir\u00e1g fajok vir\u00e1gaira hasonl\u00edtanak, olyannyira hogy az erdei harangvir\u00e1gok megporz\u00e1s\u00e1t v\u00e9gz\u0151 m\u0171v\u00e9szm\u00e9hek t\u00e9ved\u00e9sb\u0151l a nekt\u00e1rt nem termel\u0151 mad\u00e1rsisak vir\u00e1gokat is l\u00e1togatj\u00e1k, \u00edgy v\u00e9gezve el azok megporz\u00e1s\u00e1t. A m\u0171v\u00e9szm\u00e9hek elhalt korhad\u00f3 f\u00e1kban k\u00e9sz\u00edtik el f\u00e9szk\u00fcket, \u00edgy ha a holtf\u00e1t elt\u00e1vol\u00edtj\u00e1k az erd\u0151b\u0151l, akkor a m\u00e9heket lak\u00f3hely\u00fckt\u0151l a mad\u00e1rsisakot pedig megporz\u00f3it\u00f3l fosztj\u00e1k meg.<\/p>\n<h4>F\u0151bb vesz\u00e9lyeztet\u0151 t\u00e9nyez\u0151k<\/h4>\n<p>\u00c9l\u0151helyein az erd\u0151gazd\u00e1lkod\u00e1s jelenti a faj sz\u00e1m\u00e1ra a legf\u0151bb probl\u00e9m\u00e1t, mint a nagy ter\u00fclet\u0171 v\u00e9gv\u00e1g\u00e1sok, a holtfa elt\u00e1vol\u00edt\u00e1sa. Esetenk\u00e9nt a nagyvad k\u00e1rt\u00e9tele is megfigyelhet\u0151.<\/p>\n<h4>Speci\u00e1lis term\u00e9szetv\u00e9delmi beavatkoz\u00e1sok<\/h4>\n<p>\u00c9l\u0151helyein az \u00e1lland\u00f3 erd\u0151bor\u00edt\u00e1st biztos\u00edt\u00f3 gazd\u00e1lkod\u00e1s optim\u00e1lis. A megfelel\u0151 mennyis\u00e9g\u0171 holtfa jelenl\u00e9te k\u00edv\u00e1natos. A nagyvad l\u00e9tsz\u00e1m\u00e1nak szab\u00e1lyoz\u00e1sa sz\u00fcks\u00e9ges.<\/p>\n<p style=\"text-align: left;\"><\/div><div class=\"col-md-6\">\n<p style=\"text-align: left;\"><img loading=\"lazy\" decoding=\"async\" class=\"wp-image-1652 aligncenter\" src=\"http:\/\/www.life4oakforests.eu\/wp-content\/uploads\/2019\/05\/piros_madarsisak-170x300.jpg\" alt=\"\" width=\"354\" height=\"625\" \/><\/p>\n<p style=\"text-align: left;\"><\/div><\/div>\n<p><b>Kapcsol\u00f3d\u00f3 projekt helysz\u00ednek<\/b><br \/>\nP\u00e9csely<\/p>\n<p><b>Irodalom<\/b><br \/>\n1. FARKAS S. (szerk) (1999): Magyarorsz\u00e1g v\u00e9dett n\u00f6v\u00e9nyei. Mez\u0151gazda kiad\u00f3, Budapest, pp. 416.<br \/>\n2. MOLN\u00c1R V. ATTILA (szerk) Magyarorsz\u00e1g orchide\u00e1inak atlasza. Kossuth kiad\u00f3, Budapest, pp. 504.<\/p>\n<h6><\/h6>\n","protected":false},"excerpt":{"rendered":"<p>Kapcsol\u00f3d\u00f3 projekt helysz\u00ednek P\u00e9csely Irodalom 1. FARKAS S. (szerk) (1999): Magyarorsz\u00e1g v\u00e9dett n\u00f6v\u00e9nyei. Mez\u0151gazda kiad\u00f3, Budapest, pp. 416. 2. MOLN\u00c1R V. ATTILA (szerk) Magyarorsz\u00e1g orchide\u00e1inak atlasza. Kossuth kiad\u00f3, Budapest, pp. 504.<\/p>\n","protected":false},"author":1,"featured_media":0,"parent":0,"menu_order":0,"comment_status":"closed","ping_status":"closed","template":"","meta":{"kt_blocks_editor_width":"","_monsterinsights_skip_tracking":false,"_monsterinsights_sitenote_active":false,"_monsterinsights_sitenote_note":"","_monsterinsights_sitenote_category":0,"footnotes":""},"class_list":["post-1338","page","type-page","status-publish","hentry"],"translation":{"provider":"WPGlobus","version":"3.0.1","language":"fr","enabled_languages":["en","es","de","fr","ru"],"languages":{"en":{"title":true,"content":true,"excerpt":false},"es":{"title":false,"content":false,"excerpt":false},"de":{"title":false,"content":false,"excerpt":false},"fr":{"title":false,"content":false,"excerpt":false},"ru":{"title":false,"content":false,"excerpt":false}}},"aioseo_notices":[],"_links":{"self":[{"href":"https:\/\/hu.life4oakforests.eu\/fr\/wp-json\/wp\/v2\/pages\/1338","targetHints":{"allow":["GET"]}}],"collection":[{"href":"https:\/\/hu.life4oakforests.eu\/fr\/wp-json\/wp\/v2\/pages"}],"about":[{"href":"https:\/\/hu.life4oakforests.eu\/fr\/wp-json\/wp\/v2\/types\/page"}],"author":[{"embeddable":true,"href":"https:\/\/hu.life4oakforests.eu\/fr\/wp-json\/wp\/v2\/users\/1"}],"replies":[{"embeddable":true,"href":"https:\/\/hu.life4oakforests.eu\/fr\/wp-json\/wp\/v2\/comments?post=1338"}],"version-history":[{"count":1,"href":"https:\/\/hu.life4oakforests.eu\/fr\/wp-json\/wp\/v2\/pages\/1338\/revisions"}],"predecessor-version":[{"id":1340,"href":"https:\/\/hu.life4oakforests.eu\/fr\/wp-json\/wp\/v2\/pages\/1338\/revisions\/1340"}],"wp:attachment":[{"href":"https:\/\/hu.life4oakforests.eu\/fr\/wp-json\/wp\/v2\/media?parent=1338"}],"curies":[{"name":"wp","href":"https:\/\/api.w.org\/{rel}","templated":true}]}}