{"id":1329,"date":"2019-05-08T08:46:08","date_gmt":"2019-05-08T08:46:08","guid":{"rendered":"http:\/\/hu.life4oakforests.eu\/?page_id=1329"},"modified":"2020-10-20T21:45:23","modified_gmt":"2020-10-20T21:45:23","slug":"baberoroszlan-daphne-laureola","status":"publish","type":"page","link":"https:\/\/hu.life4oakforests.eu\/fr\/baberoroszlan-daphne-laureola\/","title":{"rendered":"Bab\u00e9rboroszl\u00e1n (Daphne laureola)"},"content":{"rendered":"<p style=\"text-align: left;\"><div class=\"row\"> <div class=\"col-md-6\">\n<h4>Faj \u00e9s \u00e9l\u0151hely le\u00edr\u00e1s<\/h4>\n<p>\u00d6r\u00f6kz\u00f6ld, m\u00e9teresre n\u00f6v\u0151 cserje, ny\u00fal\u00e1nk hajt\u00e1sokkal, kev\u00e9s oldal\u00e1ggal. 5\u201310 (\u201314) cm hossz\u00fa, vissz\u00e1s-l\u00e1ndzs\u00e1s, \u00fcl\u0151 levelei a hajt\u00e1scs\u00facson t\u00f6m\u00f6r\u00fclnek. A lev\u00e9llemez vastag, b\u0151rszer\u0171, fel\u00fcl f\u00e9nyes, s\u00f6t\u00e9tz\u00f6ld, fon\u00e1ka tompa vil\u00e1gosz\u00f6ld. S\u00e1rg\u00e1sz\u00f6ld vir\u00e1gai kev\u00e9s vir\u00e1g\u00fa f\u00fcrt\u00f6kben, a fels\u0151 levelek h\u00f3nalj\u00e1ban ny\u00edlnak. A vir\u00e1gtakar\u00f3 t\u00f6lcs\u00e9res, n\u00e9gy cimp\u00e1ra hasad\u00f3 cs\u00e9sz\u00e9b\u0151l \u00e1ll. Lombfakad\u00e1s el\u0151tt, m\u00e1rcius-\u00e1prilisban vir\u00e1gzik. G\u00f6mb\u00f6s term\u00e9se \u00e9retten fekete sz\u00edn\u0171, h\u00fasos.<br \/>\nLegink\u00e1bb m\u00e9szkedvel\u0151 hegyvid\u00e9ki faj; b\u00fckk\u00f6s\u00f6k, gyerty\u00e1nos-t\u00f6lgyesek, szurdokerd\u0151k, t\u00f6rmel\u00e9klejt\u0151-erd\u0151k \u00e9s karszterd\u0151k n\u00f6v\u00e9nye.<\/p>\n<h4>F\u0151bb vesz\u00e9lyeztet\u0151 t\u00e9nyez\u0151k<\/h4>\n<p>\u00c9l\u0151helyeinek degrad\u00e1l\u00f3d\u00e1sa, az intenz\u00edv erd\u0151gazd\u00e1lkod\u00e1s vesz\u00e9lyezteti.<\/p>\n<h4>Speci\u00e1lis term\u00e9szetv\u00e9delmi beavatkoz\u00e1sok<\/h4>\n<p>A projekt sor\u00e1n \u00e9l\u0151helyeinek fennmarad\u00e1s\u00e1t sz\u00e1mos beavatkoz\u00e1s seg\u00edti, p\u00e9ld\u00e1ul a v\u00e1ltozatos t\u00e9r- \u00e9s fajszerkezet biztos\u00edt\u00e1sa.<\/p>\n<p style=\"text-align: left;\"><\/div><div class=\"col-md-6\">\n<p style=\"text-align: left;\"><img loading=\"lazy\" decoding=\"async\" class=\"wp-image-1627 aligncenter\" src=\"http:\/\/www.life4oakforests.eu\/wp-content\/uploads\/2019\/05\/bab\u00e9rboroszl\u00e1n-300x191.jpg\" alt=\"\" width=\"501\" height=\"319\"><\/p>\n<p style=\"text-align: left;\"><\/div><\/div>\n<p><strong>Kapcsol\u00f3d\u00f3 projekthelysz\u00ednek<\/strong><br \/>\nBakonysz\u0171cs<\/p>\n<p><b>Irodalom<\/b><br \/>\nhttp:\/\/www.termeszetvedelem.hu<br \/>\nBartha D\u00e9nes, in Farkas S\u00e1ndor (szerk.) 1999: Magyarorsz\u00e1g v\u00e9dett n\u00f6v\u00e9nyei. Mez\u0151gazda Kiad\u00f3, Bp., &#8211; Bartha D\u00e9nes in Kir\u00e1ly Gergely (szerk.) 2009: \u00daj magyar f\u00fcv\u00e9szk\u00f6nyv. Magyarorsz\u00e1g hajt\u00e1sos n\u00f6v\u00e9nyei. Aggteleki Nemzeti Park Igazgat\u00f3s\u00e1g, J\u00f3svaf\u0151.<\/p>\n<h6><\/h6>\n","protected":false},"excerpt":{"rendered":"<p>Kapcsol\u00f3d\u00f3 projekthelysz\u00ednek Bakonysz\u0171cs Irodalom http:\/\/www.termeszetvedelem.hu Bartha D\u00e9nes, in Farkas S\u00e1ndor (szerk.) 1999: Magyarorsz\u00e1g v\u00e9dett n\u00f6v\u00e9nyei. Mez\u0151gazda Kiad\u00f3, Bp., &#8211; Bartha D\u00e9nes in Kir\u00e1ly Gergely (szerk.) 2009: \u00daj magyar f\u00fcv\u00e9szk\u00f6nyv. Magyarorsz\u00e1g hajt\u00e1sos n\u00f6v\u00e9nyei. Aggteleki Nemzeti Park Igazgat\u00f3s\u00e1g, J\u00f3svaf\u0151.<\/p>\n","protected":false},"author":1,"featured_media":0,"parent":0,"menu_order":0,"comment_status":"closed","ping_status":"closed","template":"","meta":{"kt_blocks_editor_width":"","_monsterinsights_skip_tracking":false,"_monsterinsights_sitenote_active":false,"_monsterinsights_sitenote_note":"","_monsterinsights_sitenote_category":0,"footnotes":""},"class_list":["post-1329","page","type-page","status-publish","hentry"],"translation":{"provider":"WPGlobus","version":"3.0.1","language":"fr","enabled_languages":["en","es","de","fr","ru"],"languages":{"en":{"title":true,"content":true,"excerpt":false},"es":{"title":false,"content":false,"excerpt":false},"de":{"title":false,"content":false,"excerpt":false},"fr":{"title":false,"content":false,"excerpt":false},"ru":{"title":false,"content":false,"excerpt":false}}},"aioseo_notices":[],"_links":{"self":[{"href":"https:\/\/hu.life4oakforests.eu\/fr\/wp-json\/wp\/v2\/pages\/1329","targetHints":{"allow":["GET"]}}],"collection":[{"href":"https:\/\/hu.life4oakforests.eu\/fr\/wp-json\/wp\/v2\/pages"}],"about":[{"href":"https:\/\/hu.life4oakforests.eu\/fr\/wp-json\/wp\/v2\/types\/page"}],"author":[{"embeddable":true,"href":"https:\/\/hu.life4oakforests.eu\/fr\/wp-json\/wp\/v2\/users\/1"}],"replies":[{"embeddable":true,"href":"https:\/\/hu.life4oakforests.eu\/fr\/wp-json\/wp\/v2\/comments?post=1329"}],"version-history":[{"count":3,"href":"https:\/\/hu.life4oakforests.eu\/fr\/wp-json\/wp\/v2\/pages\/1329\/revisions"}],"predecessor-version":[{"id":1810,"href":"https:\/\/hu.life4oakforests.eu\/fr\/wp-json\/wp\/v2\/pages\/1329\/revisions\/1810"}],"wp:attachment":[{"href":"https:\/\/hu.life4oakforests.eu\/fr\/wp-json\/wp\/v2\/media?parent=1329"}],"curies":[{"name":"wp","href":"https:\/\/api.w.org\/{rel}","templated":true}]}}