{"id":1317,"date":"2019-05-08T08:34:23","date_gmt":"2019-05-08T08:34:23","guid":{"rendered":"http:\/\/hu.life4oakforests.eu\/?page_id=1317"},"modified":"2019-05-08T08:34:23","modified_gmt":"2019-05-08T08:34:23","slug":"tolgyfaszender-marumba-quercus","status":"publish","type":"page","link":"https:\/\/hu.life4oakforests.eu\/fr\/tolgyfaszender-marumba-quercus\/","title":{"rendered":"T\u00f6lgyfaszender (Marumba quercus)"},"content":{"rendered":"<p style=\"text-align: left;\"><div class=\"row\"> <div class=\"col-md-6\">\n<h4>Faj \u00e9s \u00e9l\u0151hely le\u00edr\u00e1s<\/h4>\n<p>Az Eur\u00f3pa d\u00e9li \u00e9s k\u00f6z\u00e9ps\u0151 r\u00e9szein, Kis-\u00c1zsi\u00e1ban \u00e9s Ir\u00e1nban el\u0151fordul\u00f3 faj haz\u00e1nk sz\u00e1raz, meleg t\u00f6lgyeseiben a hegy- \u00e9s dombvid\u00e9keken egyar\u00e1nt el\u0151fordul. A 80-120 mm nagys\u00e1g\u00fa im\u00e1g\u00f3 m\u00e1jus v\u00e9g\u00e9t\u0151l j\u00falius v\u00e9g\u00e9ig rajzik, a k\u00e9s\u0151 \u00e9jszakai \u00f3r\u00e1kban rep\u00fcl. Herny\u00f3ja z\u00f6ld, s\u00e1rg\u00e1n pontozott, oldal\u00e1t hom\u00e1lyos s\u00e1rga vonal, fej\u00e9t narancssz\u00edn\u0171 rajzolat d\u00edsz\u00edti. Szarva k\u00e9k. T\u00e1pn\u00f6v\u00e9nyei a t\u00f6lgyek, haz\u00e1nkban els\u0151sorban a molyhos t\u00f6lgy (Quercus pubescens.) M\u00e9lyen a talajba \u00e1ssa mag\u00e1t b\u00e1boz\u00f3d\u00e1shoz \u00e9s b\u00e1b alakban telel \u00e1t. \u00c9vente egy nemzed\u00e9ke van.<\/p>\n<h4>F\u0151bb vesz\u00e9lyeztet\u0151 t\u00e9nyez\u0151k<\/h4>\n<p>\u00c9l\u0151helyeinek degrad\u00e1l\u00f3d\u00e1sa, faj\u00f6sszet\u00e9tel\u00e9nek v\u00e1ltoz\u00e1sa vesz\u00e9lyezteti. Fontos sz\u00e1m\u00e1ra a v\u00e1ltozatos t\u00e9rszerkezet\u0171 erd\u0151\u00e1llom\u00e1ny, \u00edgy a t\u00f6lgyeseket homogeniz\u00e1l\u00f3 erd\u00e9szeti beavatkoz\u00e1sok is vesz\u00e9lyeztetik.<\/p>\n<h4>Speci\u00e1lis term\u00e9szetv\u00e9delmi beavatkoz\u00e1sok<\/h4>\n<p>Homog\u00e9n erd\u0151\u00e1llom\u00e1nyok t\u00e9rszerkezet\u00e9nek jav\u00edt\u00e1sa, elegyfajok megseg\u00edt\u00e9se, cserjeszint v\u00e9delme.<\/p>\n<p style=\"text-align: left;\"><\/div><div class=\"col-md-6\">\n<p style=\"text-align: left;\"><img loading=\"lazy\" decoding=\"async\" class=\"wp-image-1655 aligncenter\" src=\"http:\/\/www.life4oakforests.eu\/wp-content\/uploads\/2019\/05\/t\u00f6lgyfaszender-300x200.jpg\" alt=\"\" width=\"500\" height=\"333\" \/><\/p>\n<p style=\"text-align: left;\"><\/div><\/div>\n<p><b>Kapcsol\u00f3d\u00f3 projekt ter\u00fcletek<\/b><br \/>\nP\u00e9csely<\/p>\n<p><b>Irodalom<\/b><br \/>\nGoulet H. : Sphinx moths<br \/>\nwww.macropelidoptera.hu<br \/>\nhttp:\/\/www.pyrgus.de\/Marumba_quercus_en.html<\/p>\n<h6><\/h6>\n","protected":false},"excerpt":{"rendered":"<p>Kapcsol\u00f3d\u00f3 projekt ter\u00fcletek P\u00e9csely Irodalom Goulet H. : Sphinx moths www.macropelidoptera.hu http:\/\/www.pyrgus.de\/Marumba_quercus_en.html<\/p>\n","protected":false},"author":1,"featured_media":0,"parent":0,"menu_order":0,"comment_status":"closed","ping_status":"closed","template":"","meta":{"kt_blocks_editor_width":"","_monsterinsights_skip_tracking":false,"_monsterinsights_sitenote_active":false,"_monsterinsights_sitenote_note":"","_monsterinsights_sitenote_category":0,"footnotes":""},"class_list":["post-1317","page","type-page","status-publish","hentry"],"translation":{"provider":"WPGlobus","version":"3.0.1","language":"fr","enabled_languages":["en","es","de","fr","ru"],"languages":{"en":{"title":true,"content":true,"excerpt":false},"es":{"title":false,"content":false,"excerpt":false},"de":{"title":false,"content":false,"excerpt":false},"fr":{"title":false,"content":false,"excerpt":false},"ru":{"title":false,"content":false,"excerpt":false}}},"aioseo_notices":[],"_links":{"self":[{"href":"https:\/\/hu.life4oakforests.eu\/fr\/wp-json\/wp\/v2\/pages\/1317","targetHints":{"allow":["GET"]}}],"collection":[{"href":"https:\/\/hu.life4oakforests.eu\/fr\/wp-json\/wp\/v2\/pages"}],"about":[{"href":"https:\/\/hu.life4oakforests.eu\/fr\/wp-json\/wp\/v2\/types\/page"}],"author":[{"embeddable":true,"href":"https:\/\/hu.life4oakforests.eu\/fr\/wp-json\/wp\/v2\/users\/1"}],"replies":[{"embeddable":true,"href":"https:\/\/hu.life4oakforests.eu\/fr\/wp-json\/wp\/v2\/comments?post=1317"}],"version-history":[{"count":1,"href":"https:\/\/hu.life4oakforests.eu\/fr\/wp-json\/wp\/v2\/pages\/1317\/revisions"}],"predecessor-version":[{"id":1319,"href":"https:\/\/hu.life4oakforests.eu\/fr\/wp-json\/wp\/v2\/pages\/1317\/revisions\/1319"}],"wp:attachment":[{"href":"https:\/\/hu.life4oakforests.eu\/fr\/wp-json\/wp\/v2\/media?parent=1317"}],"curies":[{"name":"wp","href":"https:\/\/api.w.org\/{rel}","templated":true}]}}