{"id":1313,"date":"2019-05-08T08:31:43","date_gmt":"2019-05-08T08:31:43","guid":{"rendered":"http:\/\/hu.life4oakforests.eu\/?page_id=1313"},"modified":"2019-05-08T08:31:43","modified_gmt":"2019-05-08T08:31:43","slug":"kozep-fakopancs-dendrocopos-medius","status":"publish","type":"page","link":"https:\/\/hu.life4oakforests.eu\/fr\/kozep-fakopancs-dendrocopos-medius\/","title":{"rendered":"K\u00f6z\u00e9p fakop\u00e1ncs (Dendrocopos medius)"},"content":{"rendered":"<p style=\"text-align: left;\"><div class=\"row\"> <div class=\"col-md-6\">\n<h4>Faj- \u00e9s \u00e9l\u0151hely ismertet\u00e9s<\/h4>\n<p>A k\u00f6z\u00e9p fakop\u00e1ncs az id\u0151sebb t\u00f6lgyerd\u0151kh\u00f6z k\u00f6t\u0151dik. T\u00e1pl\u00e1l\u00e9kforr\u00e1s\u00e1nak nagy r\u00e9sz\u00e9t a korhad\u00f3 t\u00f6lgyf\u00e1k k\u00e9rge alatt tal\u00e1lja meg (szaproxilof\u00e1g). Od\u00faj\u00e1t is els\u0151sorban bel\u00fclr\u0151l korhad\u00f3 f\u00e1ba \u00e1csolja. Haz\u00e1nkban a k\u00f6z\u00e9phegys\u00e9gekben \u00e9s a Duna \u00e1rt\u00e9ri erdeiben tal\u00e1lhat\u00f3 meg, de ak\u00e1r v\u00e1rosi parkokban is felt\u0171nhet. N\u00e1szid\u0151szakban a h\u00edm a t\u00f6bbi fakop\u00e1ncst\u00f3l elt\u00e9r\u0151en keveset dobol cs\u0151r\u00e9vel a f\u00e1k t\u00f6rzs\u00e9n. Ink\u00e1bb jellegzetes ny\u00e1vog\u00f3 hangj\u00e1t hallatja ilyenkor, melyet ak\u00e1r t\u00f6bb sz\u00e1z m\u00e9terr\u0151l is hallani lehet (MME 2019).<\/p>\n<h4>Vesz\u00e9lyeztet\u0151 t\u00e9nyez\u0151k<\/h4>\n<p>A faj k\u00f6zvetlen\u00fcl nem vesz\u00e9lyeztetett. Viszonylag gyenge cs\u0151r\u00fck miatt a k\u00f6lt\u0151\u00fcreget bel\u00fcl korhad\u00f3 vagy puha f\u00e1kba k\u00e9sz\u00edtik, ez\u00e9rt az id\u0151sebb kor\u00fa erd\u0151k \u00e1llom\u00e1ny\u00e1nak cs\u00f6kken\u00e9se a faj elterjed\u00e9si ter\u00fclet\u00e9t sz\u0171k\u00edtheti (MME 2019).<\/p>\n<h4>Faj-specifikus kezel\u00e9sek<\/h4>\n<p>A k\u00fcl\u00f6nb\u00f6z\u0151 holtfa k\u00e9pz\u00e9sek hozz\u00e1j\u00e1rulnak a faj sz\u00e1m\u00e1ra kedvez\u0151 mikro\u00e9l\u0151helyek kialak\u00edt\u00e1s\u00e1hoz. \u00c1llom\u00e1nya az elegyes erd\u0151k gyarapod\u00e1s\u00e1val n\u00f6velhet\u0151, melyekben az \u00f6reg, korhat\u00f3 f\u00e1k is megtal\u00e1lhat\u00f3k (MME 2019).<\/p>\n<p style=\"text-align: left;\"><\/div><div class=\"col-md-6\">\n<p style=\"text-align: left;\"><a href=\"http:\/\/www.life4oakforests.eu\/wp-content\/uploads\/2019\/05\/Kozep_fakopancs_Kalot\u00e1s-Zsolt.tif\"><img loading=\"lazy\" decoding=\"async\" class=\"alignnone size-medium wp-image-1662\" src=\"http:\/\/www.life4oakforests.eu\/wp-content\/uploads\/2019\/05\/Kozep_fakopancs_Kalot\u00e1s-Zsolt.tif\" alt=\"\" width=\"1\" height=\"1\" \/><img loading=\"lazy\" decoding=\"async\" class=\"wp-image-1663 aligncenter\" src=\"http:\/\/www.life4oakforests.eu\/wp-content\/uploads\/2019\/05\/Kozep_fakopancs_Kalot\u00e1s-Zsolt-206x300.jpg\" alt=\"\" width=\"369\" height=\"535\" \/><\/a><\/p>\n<p style=\"text-align: left;\"><\/div><\/div>\n<p><strong>Kapcsol\u00f3d\u00f3 projekt helysz\u00ednek<\/strong><br \/>\nDi\u00f3sjen\u0151<\/p>\n<p><b>Irodalom<\/b><br \/>\nBirdLife International 2018. Leiopicus medius. The IUCN Red List of Threatened Species 2018: e.T22681114A132055069. http:\/\/dx.doi.org\/10.2305\/IUCN.UK.2018-2.RLTS.T22681114A132055069.en<\/p>\n<h6><\/h6>\n","protected":false},"excerpt":{"rendered":"<p>Kapcsol\u00f3d\u00f3 projekt helysz\u00ednek Di\u00f3sjen\u0151 Irodalom BirdLife International 2018. Leiopicus medius. The IUCN Red List of Threatened Species 2018: e.T22681114A132055069. http:\/\/dx.doi.org\/10.2305\/IUCN.UK.2018-2.RLTS.T22681114A132055069.en<\/p>\n","protected":false},"author":1,"featured_media":0,"parent":0,"menu_order":0,"comment_status":"closed","ping_status":"closed","template":"","meta":{"kt_blocks_editor_width":"","_monsterinsights_skip_tracking":false,"_monsterinsights_sitenote_active":false,"_monsterinsights_sitenote_note":"","_monsterinsights_sitenote_category":0,"footnotes":""},"class_list":["post-1313","page","type-page","status-publish","hentry"],"translation":{"provider":"WPGlobus","version":"3.0.1","language":"fr","enabled_languages":["en","es","de","fr","ru"],"languages":{"en":{"title":true,"content":true,"excerpt":false},"es":{"title":false,"content":false,"excerpt":false},"de":{"title":false,"content":false,"excerpt":false},"fr":{"title":false,"content":false,"excerpt":false},"ru":{"title":false,"content":false,"excerpt":false}}},"aioseo_notices":[],"_links":{"self":[{"href":"https:\/\/hu.life4oakforests.eu\/fr\/wp-json\/wp\/v2\/pages\/1313","targetHints":{"allow":["GET"]}}],"collection":[{"href":"https:\/\/hu.life4oakforests.eu\/fr\/wp-json\/wp\/v2\/pages"}],"about":[{"href":"https:\/\/hu.life4oakforests.eu\/fr\/wp-json\/wp\/v2\/types\/page"}],"author":[{"embeddable":true,"href":"https:\/\/hu.life4oakforests.eu\/fr\/wp-json\/wp\/v2\/users\/1"}],"replies":[{"embeddable":true,"href":"https:\/\/hu.life4oakforests.eu\/fr\/wp-json\/wp\/v2\/comments?post=1313"}],"version-history":[{"count":1,"href":"https:\/\/hu.life4oakforests.eu\/fr\/wp-json\/wp\/v2\/pages\/1313\/revisions"}],"predecessor-version":[{"id":1315,"href":"https:\/\/hu.life4oakforests.eu\/fr\/wp-json\/wp\/v2\/pages\/1313\/revisions\/1315"}],"wp:attachment":[{"href":"https:\/\/hu.life4oakforests.eu\/fr\/wp-json\/wp\/v2\/media?parent=1313"}],"curies":[{"name":"wp","href":"https:\/\/api.w.org\/{rel}","templated":true}]}}