{"id":1310,"date":"2019-05-08T08:29:17","date_gmt":"2019-05-08T08:29:17","guid":{"rendered":"http:\/\/hu.life4oakforests.eu\/?page_id=1310"},"modified":"2019-05-08T08:29:17","modified_gmt":"2019-05-08T08:29:17","slug":"magyar-viragdiszbogar-anthaxia-hungarica","status":"publish","type":"page","link":"https:\/\/hu.life4oakforests.eu\/fr\/magyar-viragdiszbogar-anthaxia-hungarica\/","title":{"rendered":"Magyar vir\u00e1gd\u00edszbog\u00e1r (Anthaxia hungarica)"},"content":{"rendered":"<p style=\"text-align: left;\"><div class=\"row\"> <div class=\"col-md-6\">\n<h4>Faj- \u00e9s \u00e9l\u0151hely ismertet\u00e9s<\/h4>\n<p>T\u00f6lgyesek erdei tiszt\u00e1saihoz k\u00f6t\u0151d\u0151 faj. A l\u00e1rv\u00e1k a f\u00e1k vastag, sz\u00e1rad\u00f3 \u00e1gaiban, 2-3 \u00e9v alatt fejl\u0151dnek ki. A kifejlett egyedek m\u00e1jusban \u00e9s j\u00faniusban erd\u0151sz\u00e9leken, erdei tiszt\u00e1sokon rajzanak, a h\u00edmek leggyakrabban s\u00e1rga sz\u00edn\u0171 f\u00e9szkes vir\u00e1g\u00faakon tal\u00e1lhat\u00f3k, a n\u0151st\u00e9nyek j\u00f3val ritk\u00e1bban keresnek fel vir\u00e1gokat. Magyarorsz\u00e1gon a hegy- \u00e9s dombvid\u00e9k melegebb t\u00f6lgyeseiben sokfel\u00e9 el\u0151fordul, de nem gyakori. (Cs\u00f3ka \u00e9s Kov\u00e1cs 1999).<\/p>\n<h4>Vesz\u00e9lyeztet\u0151 t\u00e9nyez\u0151k<\/h4>\n<p>Az erd\u0151k homogeniz\u00e1l\u00f3d\u00e1sa, az elegyetlen, l\u00e9kek, tiszt\u00e1sok n\u00e9lk\u00fcli erd\u0151k cs\u00f6kkentik a faj elterjed\u00e9si ter\u00fclet\u00e9t. Vesz\u00e9lyeztet\u0151 t\u00e9nyez\u0151 tov\u00e1bb\u00e1 a holt, pontosabban a sz\u00e1rad\u00f3 f\u00e1k hi\u00e1nya, ahol a faj l\u00e1rv\u00e1i fejl\u0151dnek.<\/p>\n<h4>Faj-specifikus kezel\u00e9sek<\/h4>\n<p>T\u00f6lgyesekben t\u00f6rt\u00e9n\u0151 l\u00e9kek, kisebb tiszt\u00e1sok k\u00e9pz\u00e9s\u00e9vel hozz\u00e1j\u00e1rulhatunk a faj fennmarad\u00e1s\u00e1hoz. Ilyen kezel\u00e9sek a nagyoroszi \u00e9s az Esztergom projekt ter\u00fcleteken is elv\u00e9gz\u00fcnk. Fontos tov\u00e1bb\u00e1 a korhad\u00f3, sz\u00e1rad\u00f3 holtfa k\u00e9pz\u00e9s is.<br \/>\nWe can contribute to the survival of the species by the creation of glades and gaps in oak forests. These kind of treatments are also carried out in the project areas of Nagyoroszi and Esztergom. In addition, it is important to create decaying, drying deadwood as well.<\/p>\n<\/div><div class=\"col-md-6\">\n<p style=\"text-align: left;\"><img loading=\"lazy\" decoding=\"async\" class=\"wp-image-1007 aligncenter\" src=\"http:\/\/www.life4oakforests.eu\/wp-content\/uploads\/2018\/03\/anthaxia_hungarica-300x150.png\" alt=\"\" width=\"500\" height=\"250\" srcset=\"https:\/\/hu.life4oakforests.eu\/wp-content\/uploads\/2018\/03\/anthaxia_hungarica-300x150.png 300w, https:\/\/hu.life4oakforests.eu\/wp-content\/uploads\/2018\/03\/anthaxia_hungarica-24x12.png 24w, https:\/\/hu.life4oakforests.eu\/wp-content\/uploads\/2018\/03\/anthaxia_hungarica-36x18.png 36w, https:\/\/hu.life4oakforests.eu\/wp-content\/uploads\/2018\/03\/anthaxia_hungarica-48x24.png 48w, https:\/\/hu.life4oakforests.eu\/wp-content\/uploads\/2018\/03\/anthaxia_hungarica.png 400w\" sizes=\"auto, (max-width: 500px) 100vw, 500px\" \/><\/p>\n<p style=\"text-align: left;\"><\/div><\/div>\n<p><b>Kapcsol\u00f3d\u00f3 projekt helysz\u00ednek<\/b><br \/>\nEsztergom<\/p>\n<p><b>Irodalom<\/b><br \/>\nCs\u00f3ka, Gy\u00f6rgy and Kov\u00e1cs, Tibor (1999): Xilof\u00e1g rovarok &#8211; Xylophagous insects. Hungarian Forest Research Institute. Erd\u00e9szeti Turom\u00e1nyos Int\u00e9zet, Agroinform Kiad\u00f3, Budapest, 189 pp.<\/p>\n<h6><\/h6>\n","protected":false},"excerpt":{"rendered":"<p>Kapcsol\u00f3d\u00f3 projekt helysz\u00ednek Esztergom Irodalom Cs\u00f3ka, Gy\u00f6rgy and Kov\u00e1cs, Tibor (1999): Xilof\u00e1g rovarok &#8211; Xylophagous insects. Hungarian Forest Research Institute. Erd\u00e9szeti Turom\u00e1nyos Int\u00e9zet, Agroinform Kiad\u00f3, Budapest, 189 pp.<\/p>\n","protected":false},"author":1,"featured_media":0,"parent":0,"menu_order":0,"comment_status":"closed","ping_status":"closed","template":"","meta":{"kt_blocks_editor_width":"","_monsterinsights_skip_tracking":false,"_monsterinsights_sitenote_active":false,"_monsterinsights_sitenote_note":"","_monsterinsights_sitenote_category":0,"footnotes":""},"class_list":["post-1310","page","type-page","status-publish","hentry"],"translation":{"provider":"WPGlobus","version":"3.0.1","language":"fr","enabled_languages":["en","es","de","fr","ru"],"languages":{"en":{"title":true,"content":true,"excerpt":false},"es":{"title":false,"content":false,"excerpt":false},"de":{"title":false,"content":false,"excerpt":false},"fr":{"title":false,"content":false,"excerpt":false},"ru":{"title":false,"content":false,"excerpt":false}}},"aioseo_notices":[],"_links":{"self":[{"href":"https:\/\/hu.life4oakforests.eu\/fr\/wp-json\/wp\/v2\/pages\/1310","targetHints":{"allow":["GET"]}}],"collection":[{"href":"https:\/\/hu.life4oakforests.eu\/fr\/wp-json\/wp\/v2\/pages"}],"about":[{"href":"https:\/\/hu.life4oakforests.eu\/fr\/wp-json\/wp\/v2\/types\/page"}],"author":[{"embeddable":true,"href":"https:\/\/hu.life4oakforests.eu\/fr\/wp-json\/wp\/v2\/users\/1"}],"replies":[{"embeddable":true,"href":"https:\/\/hu.life4oakforests.eu\/fr\/wp-json\/wp\/v2\/comments?post=1310"}],"version-history":[{"count":1,"href":"https:\/\/hu.life4oakforests.eu\/fr\/wp-json\/wp\/v2\/pages\/1310\/revisions"}],"predecessor-version":[{"id":1312,"href":"https:\/\/hu.life4oakforests.eu\/fr\/wp-json\/wp\/v2\/pages\/1310\/revisions\/1312"}],"wp:attachment":[{"href":"https:\/\/hu.life4oakforests.eu\/fr\/wp-json\/wp\/v2\/media?parent=1310"}],"curies":[{"name":"wp","href":"https:\/\/api.w.org\/{rel}","templated":true}]}}