{"id":1298,"date":"2019-05-08T08:16:00","date_gmt":"2019-05-08T08:16:00","guid":{"rendered":"http:\/\/hu.life4oakforests.eu\/?page_id=1298"},"modified":"2019-05-08T08:16:00","modified_gmt":"2019-05-08T08:16:00","slug":"erdei-pele-dryomys-nitedula","status":"publish","type":"page","link":"https:\/\/hu.life4oakforests.eu\/fr\/erdei-pele-dryomys-nitedula\/","title":{"rendered":"Erdei pele (Dryomys nitedula)"},"content":{"rendered":"<p style=\"text-align: left;\"><div class=\"row\"> <div class=\"col-md-6\">\n<h4>Faj- \u00e9s \u00e9l\u0151hely le\u00edr\u00e1s<\/h4>\n<p>Testhossza 15-24 cm, ebb\u0151l a farok hossza 6-11 cm. Sz\u00ednezete enyh\u00e9n v\u00f6r\u00f6sesbarna. Orr\u00e1t\u00f3l a szemen \u00e1t a f\u00fcl\u00e9ig fekete maszkot visel. Az \u00e1llati eredet\u0171 t\u00e1pl\u00e1l\u00e9k &#8211; f\u0151k\u00e9nt &#8211; a rovarok jelent\u0151s ar\u00e1nyt k\u00e9pviselnek t\u00e1pl\u00e1l\u00e9k\u00e1ban. A cserjeszintben gazdag lombos erd\u0151ket, f\u0151k\u00e9nt a fajgazdag, cserj\u00e9s erd\u0151szeg\u00e9llyel rendelkez\u0151, nem t\u00falzottan z\u00e1rt, melegebb t\u00f6lgyeseket \u00e9s az alacsony n\u00f6v\u00e9s\u0171 felny\u00edl\u00f3 erd\u0151ket kedveli, de ezek szomsz\u00e9ds\u00e1g\u00e1ban l\u00e9v\u0151 felhagyott gy\u00fcm\u00f6lcs\u00f6s\u00f6kben is megtelepszik. Jellemz\u0151en a domb- \u00e9s hegyvid\u00e9ki erd\u0151ter\u00fcleteken fordul el\u0151.<\/p>\n<h4>F\u0151bb vesz\u00e9lyeztet\u0151 t\u00e9nyez\u0151k<\/h4>\n<p>Az elegyf\u00e1k \u00e9s a vadgy\u00fcm\u00f6lcs\u00f6k visszaszorul\u00e1sa, valamint a cserjeszint \u00e9s cserj\u00e9s erd\u0151szeg\u00e9ly felsz\u00e1mol\u00e1sa a legf\u0151bb vesz\u00e9ly. Ezen k\u00edv\u00fcl a holtf\u00e1k \u00e9s az odvas f\u00e1k kitermel\u00e9se is cs\u00f6kkenti az \u00e9l\u0151helyeit, illetve a homog\u00e9n szerkezet\u0171 t\u00f6lgyesek kialak\u00edt\u00e1sa is. Tov\u00e1bb\u00e1 az \u00e9l\u0151hely\u00fcl szolg\u00e1l\u00f3 cserj\u00e9sek, v\u00e1ltozatos szerkezet\u0171 t\u00f6lgyesek \u00e9s lombos erd\u0151k kitermel\u00e9se, m\u00e1s ter\u00fclethasznos\u00edt\u00e1s folytat\u00e1sa (pl. a cserj\u00e9sek hely\u00e9n), vagy nagyobb, \u00f6sszef\u00fcgg\u0151 v\u00e1g\u00e1ster\u00fcletek, homog\u00e9n fiatalosok kialak\u00edt\u00e1sa is cs\u00f6kkenti a faj fennmaradn\u00e1nak es\u00e9lyeit.<\/p>\n<h4>Speci\u00e1lis term\u00e9szetv\u00e9delmi beavatkoz\u00e1sok<\/h4>\n<p>Cserj\u00e9s erd\u0151szeg\u00e9lyek faj\u00f6sszet\u00e9tel\u00e9nek b\u0151v\u00edt\u00e9se, illetve cserj\u00e9s szeg\u00e9ly kialak\u00edt\u00e1sa. Az egyenletesen z\u00e1rt t\u00f6lgyesek lombkorona z\u00e1r\u00f3d\u00e1s\u00e1nak felnyit\u00e1s\u00e1val kisebb-nagyobb benapozott l\u00e9kek k\u00e9pezhet\u0151k, \u00edgy el\u0151seg\u00edthet\u0151 a vir\u00e1gz\u00f3 cserj\u00e9k megjelen\u00e9se. A fafaj\u00f6sszet\u00e9tel jav\u00edt\u00e1sa f\u0151k\u00e9nt a vadgy\u00fcm\u00f6lcs\u00f6k \u00e9s m\u00e1s ritk\u00e1bb elegyfafajok fejl\u0151d\u00e9s\u00e9nek a megseg\u00edt\u00e9s\u00e9vel, \u00e9s a kialak\u00edtott l\u00e9kekbe, illetve a cserj\u00e9s szeg\u00e9lybe t\u00f6rt\u00e9n\u0151 \u00fcltet\u00e9s\u00e9vel lehets\u00e9ges. A k\u00fcl\u00f6nb\u00f6z\u0151 holtfa t\u00edpusok k\u00e9pz\u00e9se \u00e9s a mesters\u00e9ges od\u00fakihelyez\u00e9s tov\u00e1bb seg\u00edtheti a faj szaporod\u00e1s\u00e1t.<\/p>\n<p style=\"text-align: left;\"><\/div><div class=\"col-md-6\">\n<p style=\"text-align: left;\"><img loading=\"lazy\" decoding=\"async\" class=\"wp-image-1680 aligncenter\" src=\"http:\/\/www.life4oakforests.eu\/wp-content\/uploads\/2019\/05\/Erdei-pele_Kazy-R\u00f3bert-300x225.jpg\" alt=\"\" width=\"498\" height=\"375\" \/><\/p>\n<p style=\"text-align: left;\"><\/div><\/div>\n<p><b>Kapcsol\u00f3d\u00f3 projekthelysz\u00ednek<\/b><br \/>\nF\u00f3ti-Somly\u00f3<\/p>\n<p><b>Irodalom<\/b><br \/>\n1. Hecker, K. (2013): A magyarorsz\u00e1gi pelefajok (Gliridae) popul\u00e1ci\u00f3inak elterjed\u00e9s\u00f6kol\u00f3giai vizsg\u00e1lata k\u00e9t ter\u00fcleten a Nemzeti Biodiverzit\u00e1s-monitoroz\u00f3 Rendszer alapj\u00e1n. (Doktori \u00e9rtekez\u00e9s) \u2013 Szent Istv\u00e1n Egyetem K\u00f6rnyezettudom\u00e1nyi Doktori Iskola, G\u00f6d\u00f6ll\u0151, 111 pp.<br \/>\n2. http:\/\/tolgy.tycmo.hu\/peleeh.php<\/p>\n<h6><\/h6>\n","protected":false},"excerpt":{"rendered":"<p>Kapcsol\u00f3d\u00f3 projekthelysz\u00ednek F\u00f3ti-Somly\u00f3 Irodalom 1. Hecker, K. (2013): A magyarorsz\u00e1gi pelefajok (Gliridae) popul\u00e1ci\u00f3inak elterjed\u00e9s\u00f6kol\u00f3giai vizsg\u00e1lata k\u00e9t ter\u00fcleten a Nemzeti Biodiverzit\u00e1s-monitoroz\u00f3 Rendszer alapj\u00e1n. (Doktori \u00e9rtekez\u00e9s) \u2013 Szent Istv\u00e1n Egyetem K\u00f6rnyezettudom\u00e1nyi Doktori Iskola, G\u00f6d\u00f6ll\u0151, 111 pp. 2. http:\/\/tolgy.tycmo.hu\/peleeh.php<\/p>\n","protected":false},"author":1,"featured_media":0,"parent":0,"menu_order":0,"comment_status":"closed","ping_status":"closed","template":"","meta":{"kt_blocks_editor_width":"","_monsterinsights_skip_tracking":false,"_monsterinsights_sitenote_active":false,"_monsterinsights_sitenote_note":"","_monsterinsights_sitenote_category":0,"footnotes":""},"class_list":["post-1298","page","type-page","status-publish","hentry"],"translation":{"provider":"WPGlobus","version":"3.0.1","language":"fr","enabled_languages":["en","es","de","fr","ru"],"languages":{"en":{"title":true,"content":true,"excerpt":false},"es":{"title":false,"content":false,"excerpt":false},"de":{"title":false,"content":false,"excerpt":false},"fr":{"title":false,"content":false,"excerpt":false},"ru":{"title":false,"content":false,"excerpt":false}}},"aioseo_notices":[],"_links":{"self":[{"href":"https:\/\/hu.life4oakforests.eu\/fr\/wp-json\/wp\/v2\/pages\/1298","targetHints":{"allow":["GET"]}}],"collection":[{"href":"https:\/\/hu.life4oakforests.eu\/fr\/wp-json\/wp\/v2\/pages"}],"about":[{"href":"https:\/\/hu.life4oakforests.eu\/fr\/wp-json\/wp\/v2\/types\/page"}],"author":[{"embeddable":true,"href":"https:\/\/hu.life4oakforests.eu\/fr\/wp-json\/wp\/v2\/users\/1"}],"replies":[{"embeddable":true,"href":"https:\/\/hu.life4oakforests.eu\/fr\/wp-json\/wp\/v2\/comments?post=1298"}],"version-history":[{"count":1,"href":"https:\/\/hu.life4oakforests.eu\/fr\/wp-json\/wp\/v2\/pages\/1298\/revisions"}],"predecessor-version":[{"id":1300,"href":"https:\/\/hu.life4oakforests.eu\/fr\/wp-json\/wp\/v2\/pages\/1298\/revisions\/1300"}],"wp:attachment":[{"href":"https:\/\/hu.life4oakforests.eu\/fr\/wp-json\/wp\/v2\/media?parent=1298"}],"curies":[{"name":"wp","href":"https:\/\/api.w.org\/{rel}","templated":true}]}}