{"id":1295,"date":"2019-05-08T08:12:42","date_gmt":"2019-05-08T08:12:42","guid":{"rendered":"http:\/\/hu.life4oakforests.eu\/?page_id=1295"},"modified":"2019-05-08T08:12:42","modified_gmt":"2019-05-08T08:12:42","slug":"vadmacska-felis-silvestris","status":"publish","type":"page","link":"https:\/\/hu.life4oakforests.eu\/fr\/vadmacska-felis-silvestris\/","title":{"rendered":"Vadmacska (Felis silvestris)"},"content":{"rendered":"<div class=\"row\"> <div class=\"col-md-6\">\n<h4>Faj- \u00e9s \u00e9l\u0151hely ismertet\u00e9s<\/h4>\n<p>A vadmacska \u00e9l\u0151helye legf\u0151k\u00e9ppen a term\u00e9szetes, \u00f6sszef\u00fcgg\u0151, nagy kiterjed\u00e9s\u0171 erd\u0151k. Nemcsak t\u00e1pl\u00e1l\u00e9k forr\u00e1s\u00e1t, hanem az arra alkalmas b\u00fav\u00f3helyeket is a term\u00e9szetszer\u0171 erd\u0151kben tal\u00e1lja meg. A vadmacsk\u00e1k sz\u00edne mindig sz\u00fcrk\u00e9sbarna, a test als\u00f3 fel\u00e9n \u00e9s a l\u00e1bak bels\u0151 r\u00e9sz\u00e9n okkers\u00e1rga be\u00fct\u00e9ssel, de f\u0151 ismertet\u0151jegy\u00fck a tomp\u00e1n lekerek\u00edtett, bunk\u00f3s v\u00e9g\u0171 farok, melyen 5\u20137 fekete gy\u0171r\u0171 tal\u00e1lhat\u00f3. A vadmacska f\u00e9l\u00e9nk, \u00f3vatos \u00e1llat, ker\u00fcli a telep\u00fcl\u00e9seket \u00e9s az ember \u00e1ltal bolygatott, h\u00e1bor\u00edtott helyeket. A faj Magyarorsz\u00e1gon 2012 \u00f3ta fokozottan v\u00e9dett.<\/p>\n<h4>Vesz\u00e9lyeztet\u0151 t\u00e9nyez\u0151k<\/h4>\n<p>Az erd\u0151k fragment\u00e1l\u00f3d\u00e1sa, bolygat\u00e1sa vesz\u00e9lyeztet\u0151 t\u00e9nyez\u0151 a faj sz\u00e1m\u00e1ra. Jelent\u0151s vesz\u00e9lyeztet\u0151 t\u00e9nyez\u0151 a h\u00e1zi macsk\u00e1kkal, illetve a kivadult h\u00e1zimacsk\u00e1kkal t\u00f6rt\u00e9n\u0151 hibridiz\u00e1ci\u00f3, a t\u00e1pl\u00e1l\u00e9k\u00e9rt \u00e9s az \u00e9l\u0151hely\u00e9rt folytatott verseny, illetve a kivadult macsk\u00e1kt\u00f3l sz\u00e1rmaz\u00f3 betegs\u00e9g elkap\u00e1sa. Az erdei utak ment\u00e9n sajnos az \u00e1llatok el\u00fct\u00e9se is komoly probl\u00e9ma.<\/p>\n<h4>Faj-specifikus kezel\u00e9sek<\/h4>\n<p>A faj a nagyoroszi projektter\u00fcleten el\u0151fordult! Fontos a folyamatos erd\u0151bor\u00edt\u00e1s fenntart\u00e1sa, amelyet a Duna-Ipoly Nemzeti Park Igazgat\u00f3s\u00e1g b\u00f6rzs\u00f6nyi \u00e9s pilisi ter\u00fcletein fontos kezel\u00e9si szempont. Fontos, felh\u00edvni az emberek figyelm\u00e9t arra, hogy \u201efelel\u0151s\u00e9ggel tartoznunk az\u00e9rt, amit megszel\u00edd\u00edtett\u00fcnk\u201d. Ne engedj\u00fck szabad h\u00e1zi kedvenc\u00fcnket az erd\u0151ben! A vadmacsk\u00e1k \u00e9l\u0151hely\u00e9nek fenntart\u00e1s\u00e1val a hi\u00fazok v\u00e9delm\u00e9hez is hozz\u00e1j\u00e1rulunk!<\/p>\n<\/div><div class=\"col-md-6\">\n<p><img loading=\"lazy\" decoding=\"async\" class=\"wp-image-1603 aligncenter\" src=\"http:\/\/www.life4oakforests.eu\/wp-content\/uploads\/2018\/07\/Felis-silvestris_Giancarlo-Tedaldi-232x300.jpg\" alt=\"\" width=\"372\" height=\"481\" \/><\/p>\n<\/div><\/div>\n<p><b>Kapcsol\u00f3d\u00f3 projekt ter\u00fcletek<\/b><br \/>\nMonte Mauro<br \/>\nRiva di San Biagio<\/p>\n<p>Nagyoroszi<\/p>\n<p><strong>Irodalom<\/strong><br \/>\nMathias Herrmann, Andrew Kitchener, Holger Meinig, Michael Stubbe, Margarida Fernandes, Jim Conroy, Giorgos Giannatos, Juan Herrero, Andreas Kranz, Agnieszka Olszanska 2007. Felis silvestris (errata version published in 2017). The IUCN Red List of Threatened Species 2007: e.T60354712A112955994. Downloaded on 01 May 2019.<\/p>\n","protected":false},"excerpt":{"rendered":"<p>Kapcsol\u00f3d\u00f3 projekt ter\u00fcletek Monte Mauro Riva di San Biagio Nagyoroszi Irodalom Mathias Herrmann, Andrew Kitchener, Holger Meinig, Michael Stubbe, Margarida Fernandes, Jim Conroy, Giorgos Giannatos, Juan Herrero, Andreas Kranz, Agnieszka Olszanska 2007. Felis silvestris (errata version published in 2017). The &hellip; <a href=\"https:\/\/hu.life4oakforests.eu\/fr\/vadmacska-felis-silvestris\/\">Lire la suite<\/a><\/p>\n","protected":false},"author":1,"featured_media":0,"parent":0,"menu_order":0,"comment_status":"closed","ping_status":"closed","template":"","meta":{"kt_blocks_editor_width":"","_monsterinsights_skip_tracking":false,"_monsterinsights_sitenote_active":false,"_monsterinsights_sitenote_note":"","_monsterinsights_sitenote_category":0,"footnotes":""},"class_list":["post-1295","page","type-page","status-publish","hentry"],"translation":{"provider":"WPGlobus","version":"3.0.1","language":"fr","enabled_languages":["en","es","de","fr","ru"],"languages":{"en":{"title":true,"content":true,"excerpt":false},"es":{"title":false,"content":false,"excerpt":false},"de":{"title":false,"content":false,"excerpt":false},"fr":{"title":false,"content":false,"excerpt":false},"ru":{"title":false,"content":false,"excerpt":false}}},"aioseo_notices":[],"_links":{"self":[{"href":"https:\/\/hu.life4oakforests.eu\/fr\/wp-json\/wp\/v2\/pages\/1295","targetHints":{"allow":["GET"]}}],"collection":[{"href":"https:\/\/hu.life4oakforests.eu\/fr\/wp-json\/wp\/v2\/pages"}],"about":[{"href":"https:\/\/hu.life4oakforests.eu\/fr\/wp-json\/wp\/v2\/types\/page"}],"author":[{"embeddable":true,"href":"https:\/\/hu.life4oakforests.eu\/fr\/wp-json\/wp\/v2\/users\/1"}],"replies":[{"embeddable":true,"href":"https:\/\/hu.life4oakforests.eu\/fr\/wp-json\/wp\/v2\/comments?post=1295"}],"version-history":[{"count":1,"href":"https:\/\/hu.life4oakforests.eu\/fr\/wp-json\/wp\/v2\/pages\/1295\/revisions"}],"predecessor-version":[{"id":1297,"href":"https:\/\/hu.life4oakforests.eu\/fr\/wp-json\/wp\/v2\/pages\/1295\/revisions\/1297"}],"wp:attachment":[{"href":"https:\/\/hu.life4oakforests.eu\/fr\/wp-json\/wp\/v2\/media?parent=1295"}],"curies":[{"name":"wp","href":"https:\/\/api.w.org\/{rel}","templated":true}]}}