{"id":1224,"date":"2019-05-02T00:53:15","date_gmt":"2019-05-02T00:53:15","guid":{"rendered":"http:\/\/hu.life4oakforests.eu\/?page_id=1224"},"modified":"2025-11-19T21:52:18","modified_gmt":"2025-11-19T21:52:18","slug":"kapcsolat","status":"publish","type":"page","link":"https:\/\/hu.life4oakforests.eu\/fr\/kapcsolat\/","title":{"rendered":"Kapcsolat"},"content":{"rendered":"\n<h3 class=\"wp-block-heading has-text-align-center\">Projektvezet\u0151<\/h3>\n\n\n\n<p class=\"has-text-align-center\"><img loading=\"lazy\" decoding=\"async\" width=\"200\" height=\"200\" class=\"size-full wp-image-690 aligncenter\" style=\"border-radius: 10px;\" src=\"http:\/\/www.life4oakforests.eu\/wp-content\/uploads\/2021\/08\/Agostini_N.jpeg\" alt=\"\"><\/p>\n\n\n\n<p class=\"has-text-align-center\"><strong>Nevio AGOSTINI<\/strong><\/p>\n\n\n\n<p class=\"has-text-align-center\">igazgat\u00f3<\/p>\n\n\n\n<p class=\"has-text-align-center\"><a href=\"http:\/\/www.parchiromagna.it\/\" target=\"_blank\" rel=\"noreferrer noopener\">Ente di gestione per i Parchi e la Biodiversit\u00e0-Romagna (MAR)<\/a><\/p>\n\n\n\n<p class=\"has-text-align-center\">Koordin\u00e1l\u00f3 kedvezm\u00e9nyezett<\/p>\n\n\n<div class=\"wp-block-kadence-spacer aligncenter kt-block-spacer-_dae74b-60\">\n<div class=\"kt-block-spacer kt-block-spacer-halign-center\" style=\"height:60px\">\n<hr class=\"kt-divider\" style=\"border-top-color:rgba(238, 238, 238, 1);border-top-width:1px;width:80%;border-top-style:solid\"\/><\/div>\n<\/div>\n\n\n<h3 class=\"wp-block-heading has-text-align-center\">Projektmenedzsment<\/h3>\n\n\n\n<div class=\"wp-block-columns is-layout-flex wp-container-core-columns-is-layout-9d6595d7 wp-block-columns-is-layout-flex\">\n<div class=\"wp-block-column is-layout-flow wp-block-column-is-layout-flow\">\n<p class=\"has-text-align-center\"><img loading=\"lazy\" decoding=\"async\" class=\"size-full wp-image-690 aligncenter\" style=\"border-radius: 10px;\" src=\"http:\/\/www.life4oakforests.eu\/wp-content\/uploads\/2018\/03\/fidlockyj.png\" alt=\"\" width=\"200\" height=\"200\" srcset=\"https:\/\/hu.life4oakforests.eu\/wp-content\/uploads\/2018\/03\/fidlockyj.png 120w, https:\/\/hu.life4oakforests.eu\/wp-content\/uploads\/2018\/03\/fidlockyj-60x60.png 60w, https:\/\/hu.life4oakforests.eu\/wp-content\/uploads\/2018\/03\/fidlockyj-24x24.png 24w, https:\/\/hu.life4oakforests.eu\/wp-content\/uploads\/2018\/03\/fidlockyj-36x36.png 36w, https:\/\/hu.life4oakforests.eu\/wp-content\/uploads\/2018\/03\/fidlockyj-48x48.png 48w\" sizes=\"auto, (max-width: 200px) 100vw, 200px\" \/><\/p>\n\n\n\n<p class=\"has-text-align-center\"><strong>FIDL\u00d3CZKY J\u00f3zsef<\/strong><\/p>\n\n\n\n<p class=\"has-text-align-center\">Projektmenedzser<\/p>\n\n\n\n<p class=\"has-text-align-center\"><a href=\"http:\/\/www.fencon.hu\/\" target=\"_blank\" rel=\"noreferrer noopener\">Fencon Kft.<\/a><\/p>\n<\/div>\n\n\n\n<div class=\"wp-block-column is-layout-flow wp-block-column-is-layout-flow\">\n<p class=\"has-text-align-center\"><img loading=\"lazy\" decoding=\"async\" class=\"size-full wp-image-690 aligncenter\" style=\"border-radius: 10px;\" src=\"http:\/\/www.life4oakforests.eu\/wp-content\/uploads\/2018\/06\/bene_viktoria.jpg\" alt=\"\" width=\"200\" height=\"200\"><\/p>\n\n\n\n<p class=\"has-text-align-center\"><strong>BENE Vikt\u00f3ria<\/strong><\/p>\n\n\n\n<p class=\"has-text-align-center\">P\u00e9nz\u00fcgyi menedzser<\/p>\n\n\n\n<p class=\"has-text-align-center\"><span style=\"color: #000000;\"><a href=\"http:\/\/www.fencon.hu\/\" target=\"_blank\" rel=\"noreferrer noopener\">Fencon Kft.<\/a><\/span><\/p>\n<\/div>\n\n\n\n<div class=\"wp-block-column is-layout-flow wp-block-column-is-layout-flow\">\n<p class=\"has-text-align-center\"><img loading=\"lazy\" decoding=\"async\" class=\"size-full wp-image-690 aligncenter\" style=\"border-radius: 10px;\" src=\"http:\/\/www.life4oakforests.eu\/wp-content\/uploads\/2018\/03\/fidloczkyzsuzsa.png\" alt=\"\" width=\"200\" height=\"200\"><\/p>\n\n\n\n<p class=\"has-text-align-center\"><strong>FIDL\u00d3CZKY Zsuzsa<\/strong><\/p>\n\n\n\n<p class=\"has-text-align-center\">\u00c1ltal\u00e1nos projektmenedzser-helyettes<\/p>\n\n\n\n<p class=\"has-text-align-center\"><span style=\"color: #ffcc00;\"><a href=\"http:\/\/www.fencon.hu\/\" target=\"_blank\" rel=\"noreferrer noopener\">Fencon Kft.<\/a><\/span><\/p>\n<\/div>\n<\/div>\n\n\n\n<p><\/p>\n\n\n\n<h3 class=\"wp-block-heading has-text-align-center\">Partner koordin\u00e1torok<\/h3>\n\n\n\n<p class=\"has-text-align-center\"><img loading=\"lazy\" decoding=\"async\" class=\"size-full wp-image-690 aligncenter\" style=\"border-radius: 10px;\" src=\"http:\/\/www.life4oakforests.eu\/wp-content\/uploads\/2020\/09\/serena.jpg\" alt=\"\" width=\"200\" height=\"200\"><\/p>\n\n\n\n<p class=\"has-text-align-center\"><strong>Serena Petroncini<\/strong><\/p>\n\n\n\n<p class=\"has-text-align-center\">partner koordina\u00e1tor<\/p>\n\n\n\n<p class=\"has-text-align-center\"><a href=\"http:\/\/www.parchiromagna.it\/\" target=\"_blank\" rel=\"noreferrer noopener\">Ente di gestione peri Parchi e la Biodiversit\u00e0-Romagna (MAR)<\/a><\/p>\n\n\n\n<p class=\"has-text-align-center\">Koordin\u00e1l\u00f3 kedvezm\u00e9nyezett<\/p>\n\n\n\n<h3 class=\"wp-block-heading has-text-align-center\"><\/h3>\n\n\n\n<div class=\"wp-block-columns is-layout-flex wp-container-core-columns-is-layout-9d6595d7 wp-block-columns-is-layout-flex\">\n<div class=\"wp-block-column is-layout-flow wp-block-column-is-layout-flow\">\n<p class=\"has-text-align-center\"><img loading=\"lazy\" decoding=\"async\" class=\"size-full wp-image-690 aligncenter\" style=\"border-radius: 10px;\" src=\"http:\/\/www.life4oakforests.eu\/wp-content\/uploads\/2020\/09\/vers_joska.jpg\" alt=\"\" width=\"200\" height=\"200\"><\/p>\n\n\n\n<p class=\"has-text-align-center\"><strong>VERS J\u00f3zsef<\/strong><\/p>\n\n\n\n<p class=\"has-text-align-center\">t\u00e1jegys\u00e9gvezet\u0151<\/p>\n\n\n\n<p class=\"has-text-align-center\"><a href=\"https:\/\/www.bfnp.hu\/\" target=\"_blank\" rel=\"noreferrer noopener\">Balaton-felvid\u00e9ki Nemzeti Park Igazgat\u00f3s\u00e1g (BfNPI<\/a><a href=\"https:\/\/www.bfnp.hu\/\">)<\/a><\/p>\n\n\n\n<p class=\"has-text-align-center\">T\u00e1rsult Kedvezm\u00e9nyezett<\/p>\n<\/div>\n\n\n\n<div class=\"wp-block-column is-layout-flow wp-block-column-is-layout-flow\">\n<p class=\"has-text-align-center\"><img loading=\"lazy\" decoding=\"async\" class=\"size-full wp-image-690 aligncenter\" style=\"border-radius: 10px;\" src=\"http:\/\/www.life4oakforests.eu\/wp-content\/uploads\/2020\/09\/K\u00c1_v\u00e1gott_uj.jpg\" alt=\"\" width=\"200\" height=\"200\"><\/p>\n\n\n\n<p class=\"has-text-align-center\"><strong>KOV\u00c1CS \u00c1rp\u00e1d<\/strong><\/p>\n\n\n\n<p class=\"has-text-align-center\">erd\u00e9szeti fel\u00fcgyel\u0151<\/p>\n\n\n\n<p class=\"has-text-align-center\"><a href=\"https:\/\/www.bnpi.hu\/\" target=\"_blank\" rel=\"noreferrer noopener\">B\u00fckki Nemzeti Park Igazgat\u00f3s\u00e1g (BNPI)<\/a><\/p>\n\n\n\n<p class=\"has-text-align-center\">T\u00e1rsult Kedvezm\u00e9nyezett<\/p>\n<\/div>\n\n\n\n<div class=\"wp-block-column is-layout-flow wp-block-column-is-layout-flow\">\n<p class=\"has-text-align-center\"><img loading=\"lazy\" decoding=\"async\" width=\"200\" height=\"200\" class=\"size-full wp-image-690 aligncenter\" style=\"border-radius: 10px;\" src=\"http:\/\/www.life4oakforests.eu\/wp-content\/uploads\/2024\/12\/n_n.jpg\" alt=\"\"><\/p>\n\n\n\n<p class=\"has-text-align-center\"><strong>M\u00c1RTON Nikoletta<\/strong><\/p>\n\n\n\n<p class=\"has-text-align-center\">projektmenedzser<\/p>\n\n\n\n<p class=\"has-text-align-center\"><a href=\"http:\/\/www.dunaipoly.hu\/hu\/\" target=\"_blank\" rel=\"noreferrer noopener\">Duna-Ipoly Nemzeti Park Igazgat\u00f3s\u00e1g (DINPI)<\/a><\/p>\n\n\n\n<p class=\"has-text-align-center\">T\u00e1rsult Kedvezm\u00e9nyezett<\/p>\n<\/div>\n<\/div>\n\n\n\n<div class=\"wp-block-columns is-layout-flex wp-container-core-columns-is-layout-9d6595d7 wp-block-columns-is-layout-flex\">\n<div class=\"wp-block-column is-layout-flow wp-block-column-is-layout-flow\">\n<p class=\"has-text-align-center\"><img loading=\"lazy\" decoding=\"async\" class=\"size-full wp-image-690 aligncenter\" style=\"border-radius: 10px;\" src=\"http:\/\/www.life4oakforests.eu\/wp-content\/uploads\/2020\/09\/szipi-300x300-1.png\" alt=\"\" width=\"200\" height=\"200\"><\/p>\n\n\n\n<p class=\"has-text-align-center\"><strong>V\u00c1S\u00c1RHELYI Szil\u00e1rd<\/strong><\/p>\n\n\n\n<p class=\"has-text-align-center\">eln\u00f6k<\/p>\n\n\n\n<p class=\"has-text-align-center\"><a href=\"http:\/\/www.ermellek.info\/\" target=\"_blank\" rel=\"noreferrer noopener\">\u00c9rmell\u00e9ki Term\u00e9szetv\u00e9delmi T\u00f6bbc\u00e9l\u00fa Egyes\u00fclet (ETTE)<\/a><\/p>\n\n\n\n<p class=\"has-text-align-center\">T\u00e1rsult Kedvezm\u00e9nyezett<\/p>\n<\/div>\n\n\n\n<div class=\"wp-block-column is-layout-flow wp-block-column-is-layout-flow\">\n<p class=\"has-text-align-center\"><img loading=\"lazy\" decoding=\"async\" class=\"size-full wp-image-690 aligncenter\" style=\"border-radius: 10px;\" src=\"http:\/\/www.life4oakforests.eu\/wp-content\/uploads\/2018\/03\/reka_aszalos.png\" alt=\"\" width=\"200\" height=\"200\"><\/p>\n\n\n\n<p class=\"has-text-align-center\"><strong>ASZAL\u00d3S R\u00e9ka<\/strong><\/p>\n\n\n\n<p class=\"has-text-align-center\">PhD, tudom\u00e1nyos munkat\u00e1rs<\/p>\n\n\n\n<p class=\"has-text-align-center\"><a href=\"http:\/\/www.okologia.mta.hu\" target=\"_blank\" rel=\"noreferrer noopener\">\u00d6kol\u00f3giai Kutat\u00f3k\u00f6zpont (OK)<\/a><\/p>\n\n\n\n<p class=\"has-text-align-center\">T\u00e1rsult Kedvezm\u00e9nyezett<\/p>\n<\/div>\n\n\n\n<div class=\"wp-block-column is-layout-flow wp-block-column-is-layout-flow\">\n<p class=\"has-text-align-center\"><img loading=\"lazy\" decoding=\"async\" class=\"size-full wp-image-690 aligncenter\" style=\"border-radius: 10px;\" src=\"http:\/\/hu.life4oakforests.eu\/wp-content\/uploads\/2025\/11\/WWF_staff_SutoDavid.jpg\" alt=\"\" width=\"200\" height=\"200\"><\/p>\n\n\n\n<p class=\"has-text-align-center\"><strong>S\u00dcT\u0150 D\u00e1vid<\/strong><\/p>\n\n\n\n<p class=\"has-text-align-center\">Nagyragadoz\u00f3k programvezet\u0151<\/p>\n\n\n\n<p class=\"has-text-align-center\"><a href=\"http:\/\/wwf.hu\/\" target=\"_blank\" rel=\"noreferrer noopener\">WWF Magyarorsz\u00e1g Alap\u00edtv\u00e1ny (WWF)<\/a><\/p>\n\n\n\n<p class=\"has-text-align-center\">T\u00e1rsult Kedvezm\u00e9nyezett<\/p>\n<\/div>\n<\/div>\n\n\n\n<h3 class=\"wp-block-heading has-text-align-center\">L\u00e9pjen vel\u00fcnk kapcsolatba<\/h3>\n\n\n\n<p class=\"has-text-align-center\">\n<div class=\"wpcf7 no-js\" id=\"wpcf7-f652-o1\" lang=\"en-US\" dir=\"ltr\" data-wpcf7-id=\"652\">\n<div class=\"screen-reader-response\"><p role=\"status\" aria-live=\"polite\" aria-atomic=\"true\"><\/p> <ul><\/ul><\/div>\n<form action=\"\/fr\/wp-json\/wp\/v2\/pages\/1224#wpcf7-f652-o1\" method=\"post\" class=\"wpcf7-form init\" aria-label=\"Contact form\" novalidate=\"novalidate\" data-status=\"init\">\n<fieldset class=\"hidden-fields-container\"><input type=\"hidden\" name=\"_wpcf7\" value=\"652\" \/><input type=\"hidden\" name=\"_wpcf7_version\" value=\"6.1.4\" \/><input type=\"hidden\" name=\"_wpcf7_locale\" value=\"en_US\" \/><input type=\"hidden\" name=\"_wpcf7_unit_tag\" value=\"wpcf7-f652-o1\" \/><input type=\"hidden\" name=\"_wpcf7_container_post\" value=\"0\" \/><input type=\"hidden\" name=\"_wpcf7_posted_data_hash\" value=\"\" \/>\n<\/fieldset>\n<p style=\"text-align: center;\"><br \/>\n<label> Your Name (required)<br \/>\n<span class=\"wpcf7-form-control-wrap\" data-name=\"your-name\"><input size=\"40\" maxlength=\"400\" class=\"wpcf7-form-control wpcf7-text wpcf7-validates-as-required\" aria-required=\"true\" aria-invalid=\"false\" value=\"\" type=\"text\" name=\"your-name\" \/><\/span> <\/label>\n<\/p>\n<p style=\"text-align: center;\"><br \/>\n<label> Your Email (required)<br \/>\n<span class=\"wpcf7-form-control-wrap\" data-name=\"your-email\"><input size=\"40\" maxlength=\"400\" class=\"wpcf7-form-control wpcf7-email wpcf7-validates-as-required wpcf7-text wpcf7-validates-as-email\" aria-required=\"true\" aria-invalid=\"false\" value=\"\" type=\"email\" name=\"your-email\" \/><\/span> <\/label>\n<\/p>\n<p style=\"text-align: center;\"><br \/>\n<label> Subject<br \/>\n<span class=\"wpcf7-form-control-wrap\" data-name=\"your-subject\"><input size=\"40\" maxlength=\"400\" class=\"wpcf7-form-control wpcf7-text\" aria-invalid=\"false\" value=\"\" type=\"text\" name=\"your-subject\" \/><\/span> <\/label>\n<\/p>\n<p style=\"text-align: center;\"><br \/>\n<label> Your Message<br \/>\n<span class=\"wpcf7-form-control-wrap\" data-name=\"your-message\"><textarea cols=\"40\" rows=\"10\" maxlength=\"2000\" class=\"wpcf7-form-control wpcf7-textarea\" aria-invalid=\"false\" name=\"your-message\"><\/textarea><\/span> <\/label>\n<\/p>\n<p style=\"text-align: center;\">\n<\/p>\n<div class=\"g-recaptcha-wrap\" style=\"padding:10px 0 10px 0\">\n\t<div  class=\"g-recaptcha\" data-sitekey=\"6Lf4ru8pAAAAAEpKoxmCrrgSB2x748qL8qo51vkF\">\n\t<\/div>\n<\/div>\n<p><span class='wpcf7-form-control-wrap' data-name='aiowps-captcha'><\/span>\n<\/p>\n<p style=\"text-align: center;\"><br \/>\n<input class=\"wpcf7-form-control wpcf7-submit has-spinner\" type=\"submit\" value=\"Send\" \/>\n<\/p><p style=\"display: none !important;\" class=\"akismet-fields-container\" data-prefix=\"_wpcf7_ak_\"><label>&#916;<textarea name=\"_wpcf7_ak_hp_textarea\" cols=\"45\" rows=\"8\" maxlength=\"100\"><\/textarea><\/label><input type=\"hidden\" id=\"ak_js_1\" name=\"_wpcf7_ak_js\" value=\"203\"\/><script>document.getElementById( \"ak_js_1\" ).setAttribute( \"value\", ( new Date() ).getTime() );<\/script><\/p><div class=\"wpcf7-response-output\" aria-hidden=\"true\"><\/div>\n<\/form>\n<\/div>\n\n","protected":false},"excerpt":{"rendered":"<p>Projektvezet\u0151 Nevio AGOSTINI igazgat\u00f3 Ente di gestione per i Parchi e la Biodiversit\u00e0-Romagna (MAR) Koordin\u00e1l\u00f3 kedvezm\u00e9nyezett Projektmenedzsment FIDL\u00d3CZKY J\u00f3zsef Projektmenedzser Fencon Kft. BENE Vikt\u00f3ria P\u00e9nz\u00fcgyi menedzser Fencon Kft. FIDL\u00d3CZKY Zsuzsa \u00c1ltal\u00e1nos projektmenedzser-helyettes Fencon Kft. Partner koordin\u00e1torok Serena Petroncini partner koordina\u00e1tor &hellip; <a href=\"https:\/\/hu.life4oakforests.eu\/fr\/kapcsolat\/\">Read More<\/a><\/p>\n","protected":false},"author":1,"featured_media":0,"parent":0,"menu_order":0,"comment_status":"closed","ping_status":"closed","template":"","meta":{"kt_blocks_editor_width":"","_monsterinsights_skip_tracking":false,"_monsterinsights_sitenote_active":false,"_monsterinsights_sitenote_note":"","_monsterinsights_sitenote_category":0,"footnotes":""},"class_list":["post-1224","page","type-page","status-publish","hentry"],"translation":{"provider":"WPGlobus","version":"3.0.1","language":"fr","enabled_languages":["en","es","de","fr","ru"],"languages":{"en":{"title":true,"content":true,"excerpt":false},"es":{"title":false,"content":false,"excerpt":false},"de":{"title":false,"content":false,"excerpt":false},"fr":{"title":false,"content":false,"excerpt":false},"ru":{"title":false,"content":false,"excerpt":false}}},"aioseo_notices":[],"_links":{"self":[{"href":"https:\/\/hu.life4oakforests.eu\/fr\/wp-json\/wp\/v2\/pages\/1224","targetHints":{"allow":["GET"]}}],"collection":[{"href":"https:\/\/hu.life4oakforests.eu\/fr\/wp-json\/wp\/v2\/pages"}],"about":[{"href":"https:\/\/hu.life4oakforests.eu\/fr\/wp-json\/wp\/v2\/types\/page"}],"author":[{"embeddable":true,"href":"https:\/\/hu.life4oakforests.eu\/fr\/wp-json\/wp\/v2\/users\/1"}],"replies":[{"embeddable":true,"href":"https:\/\/hu.life4oakforests.eu\/fr\/wp-json\/wp\/v2\/comments?post=1224"}],"version-history":[{"count":27,"href":"https:\/\/hu.life4oakforests.eu\/fr\/wp-json\/wp\/v2\/pages\/1224\/revisions"}],"predecessor-version":[{"id":7946,"href":"https:\/\/hu.life4oakforests.eu\/fr\/wp-json\/wp\/v2\/pages\/1224\/revisions\/7946"}],"wp:attachment":[{"href":"https:\/\/hu.life4oakforests.eu\/fr\/wp-json\/wp\/v2\/media?parent=1224"}],"curies":[{"name":"wp","href":"https:\/\/api.w.org\/{rel}","templated":true}]}}