{"id":1192,"date":"2019-05-01T23:51:46","date_gmt":"2019-05-01T23:51:46","guid":{"rendered":"http:\/\/hu.life4oakforests.eu\/?page_id=1192"},"modified":"2023-04-26T12:04:16","modified_gmt":"2023-04-26T12:04:16","slug":"madarak","status":"publish","type":"page","link":"https:\/\/hu.life4oakforests.eu\/fr\/madarak\/","title":{"rendered":"Madarak"},"content":{"rendered":"<div class=\"row\"> <div class=\"col-md-4\">\n<p style=\"text-align: center;\"><a href=\"http:\/\/hu.life4oakforests.eu\/szajko-garrulus-glandarius\/\"><b>Szajk\u00f3<\/b><\/a><\/p>\n<p style=\"text-align: center;\"><em> (Garrulus glandarius)<\/em><\/p>\n<p style=\"text-align: center;\">\n<\/div><div class=\"col-md-4\">\n<p style=\"text-align: center;\"><a href=\"http:\/\/hu.life4oakforests.eu\/kozep-fakopancs-dendrocopos-medius\/\"><b>K\u00f6z\u00e9p fakop\u00e1ncs<\/b><\/a><\/p>\n<p style=\"text-align: center;\"><em> (Dendrocopos medius, not meidus)<\/em><\/p>\n<\/div><div class=\"col-md-4\">\n<p style=\"text-align: center;\"><a href=\"http:\/\/hu.life4oakforests.eu\/orvos-legykapo-ficedula-albicollis\/\"><strong>\u00d6rv\u00f6s l\u00e9gykap\u00f3<\/strong><\/a><\/p>\n<p style=\"text-align: center;\"><em> (Ficedula albicollis)<\/em><\/p>\n<\/div><\/div>\n<div class=\"row\"> <div class=\"col-md-4\">\n<p style=\"text-align: center;\"><a href=\"http:\/\/hu.life4oakforests.eu\/hamvas-kullo-picus-canus\/\"><b>Hamvas k\u00fcll\u0151<\/b><\/a><\/p>\n<p style=\"text-align: center;\"><em> (Picus canus)<\/em><\/p>\n<\/div><div class=\"col-md-4\">\n<p style=\"text-align: center;\"><a href=\"http:\/\/hu.life4oakforests.eu\/macskabagoly-strix-aluco\/\"><b>Macskabagoly<\/b><\/a><\/p>\n<p style=\"text-align: center;\"><em> (Strix aluco)<\/em><\/p>\n<\/div><div class=\"col-md-4\">\n<p style=\"text-align: center;\">\n<\/div><\/div>\n<div class=\"row\"> <div class=\"col-md-4\">\n<\/div><div class=\"col-md-4\">\n<\/div><div class=\"col-md-4\">\n<\/div><\/div>\n<div class=\"row\"> <div class=\"col-md-4\">\n<\/div><div class=\"col-md-4\">\n<\/div><div class=\"col-md-4\">\n<\/div><\/div>\n","protected":false},"excerpt":{"rendered":"","protected":false},"author":1,"featured_media":0,"parent":0,"menu_order":0,"comment_status":"closed","ping_status":"closed","template":"","meta":{"kt_blocks_editor_width":"","_monsterinsights_skip_tracking":false,"_monsterinsights_sitenote_active":false,"_monsterinsights_sitenote_note":"","_monsterinsights_sitenote_category":0,"footnotes":""},"class_list":["post-1192","page","type-page","status-publish","hentry"],"translation":{"provider":"WPGlobus","version":"3.0.1","language":"fr","enabled_languages":["en","es","de","fr","ru"],"languages":{"en":{"title":true,"content":true,"excerpt":false},"es":{"title":false,"content":false,"excerpt":false},"de":{"title":false,"content":false,"excerpt":false},"fr":{"title":false,"content":false,"excerpt":false},"ru":{"title":false,"content":false,"excerpt":false}}},"aioseo_notices":[],"_links":{"self":[{"href":"https:\/\/hu.life4oakforests.eu\/fr\/wp-json\/wp\/v2\/pages\/1192","targetHints":{"allow":["GET"]}}],"collection":[{"href":"https:\/\/hu.life4oakforests.eu\/fr\/wp-json\/wp\/v2\/pages"}],"about":[{"href":"https:\/\/hu.life4oakforests.eu\/fr\/wp-json\/wp\/v2\/types\/page"}],"author":[{"embeddable":true,"href":"https:\/\/hu.life4oakforests.eu\/fr\/wp-json\/wp\/v2\/users\/1"}],"replies":[{"embeddable":true,"href":"https:\/\/hu.life4oakforests.eu\/fr\/wp-json\/wp\/v2\/comments?post=1192"}],"version-history":[{"count":5,"href":"https:\/\/hu.life4oakforests.eu\/fr\/wp-json\/wp\/v2\/pages\/1192\/revisions"}],"predecessor-version":[{"id":2069,"href":"https:\/\/hu.life4oakforests.eu\/fr\/wp-json\/wp\/v2\/pages\/1192\/revisions\/2069"}],"wp:attachment":[{"href":"https:\/\/hu.life4oakforests.eu\/fr\/wp-json\/wp\/v2\/media?parent=1192"}],"curies":[{"name":"wp","href":"https:\/\/api.w.org\/{rel}","templated":true}]}}