{"id":1188,"date":"2019-05-01T23:51:11","date_gmt":"2019-05-01T23:51:11","guid":{"rendered":"http:\/\/hu.life4oakforests.eu\/?page_id=1188"},"modified":"2020-10-20T21:35:51","modified_gmt":"2020-10-20T21:35:51","slug":"emlosok","status":"publish","type":"page","link":"https:\/\/hu.life4oakforests.eu\/fr\/emlosok\/","title":{"rendered":"Eml\u0151s\u00f6k"},"content":{"rendered":"<div class=\"row\"> <div class=\"col-md-4\">\n<p style=\"text-align: center;\">\n<\/div><div class=\"col-md-4\">\n<p style=\"text-align: center;\"><a href=\"http:\/\/hu.life4oakforests.eu\/vadmacska-felis-silvestris\/\"><b>Vadmacska<\/b><\/a><\/p>\n<p style=\"text-align: center;\"><em>(Felis silvestris)<\/em><\/p>\n<\/div><div class=\"col-md-4\">\n<p style=\"text-align: center;\"><a href=\"http:\/\/hu.life4oakforests.eu\/nagy-pele-glis-glis\/\"><b>Nagy pele<\/b><\/a><\/p>\n<p style=\"text-align: center;\"><em>(Glis glis)<\/em><\/p>\n<\/div><\/div>\n<div class=\"row\"> <div class=\"col-md-4\">\n<p style=\"text-align: center;\"><a href=\"http:\/\/hu.life4oakforests.eu\/erdei-pele-dryomys-nitedula\/\"><b>Erdei pele<\/b><\/a><\/p>\n<p style=\"text-align: center;\"><em> (Dryomys nitedula)<\/em><\/p>\n<\/div><div class=\"col-md-4\">\n<p style=\"text-align: center;\"><a href=\"http:\/\/hu.life4oakforests.eu\/barna-hosszufulu-denever-plecotus-auritus\/\"><strong>Barna hossz\u00faf\u00fcl\u0171-denev\u00e9r<\/strong><\/a><\/p>\n<p style=\"text-align: center;\"><em>(Plecotus auritus)<\/em><\/p>\n<\/div><div class=\"col-md-4\">\n<p style=\"text-align: center;\">\n<\/div><\/div>\n<div class=\"row\"> <div class=\"col-md-4\">\n<\/div><div class=\"col-md-4\">\n<\/div><div class=\"col-md-4\">\n<\/div><\/div>\n","protected":false},"excerpt":{"rendered":"","protected":false},"author":1,"featured_media":0,"parent":0,"menu_order":0,"comment_status":"closed","ping_status":"closed","template":"","meta":{"kt_blocks_editor_width":"","_monsterinsights_skip_tracking":false,"_monsterinsights_sitenote_active":false,"_monsterinsights_sitenote_note":"","_monsterinsights_sitenote_category":0,"footnotes":""},"class_list":["post-1188","page","type-page","status-publish","hentry"],"translation":{"provider":"WPGlobus","version":"3.0.1","language":"fr","enabled_languages":["en","es","de","fr","ru"],"languages":{"en":{"title":true,"content":true,"excerpt":false},"es":{"title":false,"content":false,"excerpt":false},"de":{"title":false,"content":false,"excerpt":false},"fr":{"title":false,"content":false,"excerpt":false},"ru":{"title":false,"content":false,"excerpt":false}}},"aioseo_notices":[],"_links":{"self":[{"href":"https:\/\/hu.life4oakforests.eu\/fr\/wp-json\/wp\/v2\/pages\/1188","targetHints":{"allow":["GET"]}}],"collection":[{"href":"https:\/\/hu.life4oakforests.eu\/fr\/wp-json\/wp\/v2\/pages"}],"about":[{"href":"https:\/\/hu.life4oakforests.eu\/fr\/wp-json\/wp\/v2\/types\/page"}],"author":[{"embeddable":true,"href":"https:\/\/hu.life4oakforests.eu\/fr\/wp-json\/wp\/v2\/users\/1"}],"replies":[{"embeddable":true,"href":"https:\/\/hu.life4oakforests.eu\/fr\/wp-json\/wp\/v2\/comments?post=1188"}],"version-history":[{"count":7,"href":"https:\/\/hu.life4oakforests.eu\/fr\/wp-json\/wp\/v2\/pages\/1188\/revisions"}],"predecessor-version":[{"id":1808,"href":"https:\/\/hu.life4oakforests.eu\/fr\/wp-json\/wp\/v2\/pages\/1188\/revisions\/1808"}],"wp:attachment":[{"href":"https:\/\/hu.life4oakforests.eu\/fr\/wp-json\/wp\/v2\/media?parent=1188"}],"curies":[{"name":"wp","href":"https:\/\/api.w.org\/{rel}","templated":true}]}}