{"id":1142,"date":"2019-05-01T23:28:01","date_gmt":"2019-05-01T23:28:01","guid":{"rendered":"http:\/\/hu.life4oakforests.eu\/?page_id=1142"},"modified":"2021-05-27T23:09:28","modified_gmt":"2021-05-27T23:09:28","slug":"kommunikacios-anyagok","status":"publish","type":"page","link":"https:\/\/hu.life4oakforests.eu\/fr\/kommunikacios-anyagok\/","title":{"rendered":"Kommunik\u00e1ci\u00f3s anyagok"},"content":{"rendered":"\n<div class=\"wp-block-columns is-layout-flex wp-container-core-columns-is-layout-9d6595d7 wp-block-columns-is-layout-flex\">\n<div class=\"wp-block-column is-layout-flow wp-block-column-is-layout-flow\">\n<h3 class=\"wp-block-heading\">2018<\/h3>\n\n\n\n<p><a href=\"https:\/\/www.dunaipoly.hu\/uploads\/2018-07\/20180724104344-2018-nyar-web-swl33uso.pdf\">&#8211; Cinc\u00e9r \u00dajs\u00e1g, 2018 ny\u00e1ri sz\u00e1m:\u00a0AZ \u00c9LETTEL TELI T\u00d6LGYESEK\u00c9RT<\/a><\/p>\n\n\n\n<p><a href=\"https:\/\/www.dunaipoly.hu\/hu\/program\/geotop-napok-sas-hegy-60-oreg-hegy-nem-ven-hegy\">&#8211; GEOT\u00d3P NAPOK: Sas-hegy 60 \u2013 \u00d6reg hegy, nem v\u00e9n hegy<\/a><\/p>\n\n\n\n<p><a href=\"https:\/\/www.dunaipoly.hu\/hu\/programok\/2018\/10?date=2018.10.12&amp;free=&amp;category=&amp;place=&amp;\">&#8211;&nbsp;Budai Sas-hegy TT 60, Budai TK 40 jubileumi rendezv\u00e9ny<\/a><\/p>\n\n\n\n<p><a href=\"https:\/\/www.dunaipoly.hu\/hu\/hir\/tolgyultetes-a-hegyen\">&#8211;&nbsp;T\u00f6lgy\u00fcltet\u00e9s a Hegyen<\/a><\/p>\n\n\n\n<p><a href=\"https:\/\/www.dunaipoly.hu\/hu\/hir\/tolgytortat-kapott-a-60-eves-sas-hegyi-tt\">&#8211;&nbsp;T\u00f6lgytort\u00e1t kapott a 60 \u00e9ves Sas-hegyi TT<\/a><\/p>\n\n\n\n<p><a href=\"https:\/\/www.dunaipoly.hu\/hu\/hir\/nyarias-seta-a-sas-hegy-vedo-egyesulettel\">&#8211;\u00a0Ny\u00e1rias s\u00e9ta a Sas-hegy V\u00e9d\u0151 Egyes\u00fclettel<\/a><\/p>\n\n\n\n<p><a href=\"https:\/\/www.dunaipoly.hu\/hu\/hir\/erdot-vetettunk\">&#8211; Erd\u0151t vetett\u00fcnk <\/a> <\/p>\n<\/div>\n\n\n\n<div class=\"wp-block-column is-layout-flow wp-block-column-is-layout-flow\">\n<h3 class=\"wp-block-heading\">2019<\/h3>\n\n\n\n<p><a href=\"https:\/\/www.bnpi.hu\/hu\/hir\/tolgyeseink-gyogyitasa\">&#8211; T\u00f6lgyeseink gy\u00f3gy\u00edt\u00e1sa<\/a><\/p>\n<\/div>\n\n\n\n<div class=\"wp-block-column is-layout-flow wp-block-column-is-layout-flow\">\n<h3 class=\"wp-block-heading\">2020<\/h3>\n<\/div>\n<\/div>\n\n\n\n<h3 class=\"wp-block-heading\">2021<\/h3>\n\n\n\n<p><a href=\"https:\/\/www.dunaipoly.hu\/uploads\/2021-05\/20210507105735-webre-ujsag-2021-tavasz-fm31hmz8.pdf?1.19.2\">-Cinc\u00e9r \u00dajs\u00e1g, 2021. tavaszi sz\u00e1m: SAS-HEGY \u2013 k\u00f6z\u00f6s (m)\u00e9rt\u00e9kre szabva <\/a><\/p>\n","protected":false},"excerpt":{"rendered":"<p>2018 &#8211; Cinc\u00e9r \u00dajs\u00e1g, 2018 ny\u00e1ri sz\u00e1m:\u00a0AZ \u00c9LETTEL TELI T\u00d6LGYESEK\u00c9RT &#8211; GEOT\u00d3P NAPOK: Sas-hegy 60 \u2013 \u00d6reg hegy, nem v\u00e9n hegy &#8211;&nbsp;Budai Sas-hegy TT 60, Budai TK 40 jubileumi rendezv\u00e9ny &#8211;&nbsp;T\u00f6lgy\u00fcltet\u00e9s a Hegyen &#8211;&nbsp;T\u00f6lgytort\u00e1t kapott a 60 \u00e9ves Sas-hegyi TT &hellip; <a href=\"https:\/\/hu.life4oakforests.eu\/fr\/kommunikacios-anyagok\/\">Lire la suite<\/a><\/p>\n","protected":false},"author":1,"featured_media":0,"parent":0,"menu_order":0,"comment_status":"closed","ping_status":"closed","template":"","meta":{"kt_blocks_editor_width":"","_monsterinsights_skip_tracking":false,"_monsterinsights_sitenote_active":false,"_monsterinsights_sitenote_note":"","_monsterinsights_sitenote_category":0,"footnotes":""},"class_list":["post-1142","page","type-page","status-publish","hentry"],"translation":{"provider":"WPGlobus","version":"3.0.1","language":"fr","enabled_languages":["en","es","de","fr","ru"],"languages":{"en":{"title":true,"content":true,"excerpt":false},"es":{"title":false,"content":false,"excerpt":false},"de":{"title":false,"content":false,"excerpt":false},"fr":{"title":false,"content":false,"excerpt":false},"ru":{"title":false,"content":false,"excerpt":false}}},"aioseo_notices":[],"_links":{"self":[{"href":"https:\/\/hu.life4oakforests.eu\/fr\/wp-json\/wp\/v2\/pages\/1142","targetHints":{"allow":["GET"]}}],"collection":[{"href":"https:\/\/hu.life4oakforests.eu\/fr\/wp-json\/wp\/v2\/pages"}],"about":[{"href":"https:\/\/hu.life4oakforests.eu\/fr\/wp-json\/wp\/v2\/types\/page"}],"author":[{"embeddable":true,"href":"https:\/\/hu.life4oakforests.eu\/fr\/wp-json\/wp\/v2\/users\/1"}],"replies":[{"embeddable":true,"href":"https:\/\/hu.life4oakforests.eu\/fr\/wp-json\/wp\/v2\/comments?post=1142"}],"version-history":[{"count":4,"href":"https:\/\/hu.life4oakforests.eu\/fr\/wp-json\/wp\/v2\/pages\/1142\/revisions"}],"predecessor-version":[{"id":1905,"href":"https:\/\/hu.life4oakforests.eu\/fr\/wp-json\/wp\/v2\/pages\/1142\/revisions\/1905"}],"wp:attachment":[{"href":"https:\/\/hu.life4oakforests.eu\/fr\/wp-json\/wp\/v2\/media?parent=1142"}],"curies":[{"name":"wp","href":"https:\/\/api.w.org\/{rel}","templated":true}]}}