{"id":1118,"date":"2019-05-01T21:17:31","date_gmt":"2019-05-01T21:17:31","guid":{"rendered":"http:\/\/hu.life4oakforests.eu\/?page_id=1118"},"modified":"2019-05-01T21:17:31","modified_gmt":"2019-05-01T21:17:31","slug":"varhato-eredmenyek-es-kimenetek","status":"publish","type":"page","link":"https:\/\/hu.life4oakforests.eu\/fr\/varhato-eredmenyek-es-kimenetek\/","title":{"rendered":"V\u00e1rhat\u00f3 eredm\u00e9nyek \u00e9s kimenetek"},"content":{"rendered":"<p>&nbsp;<\/p>\n<div class=\"row\"> <div class=\"col-md-2\">\n<\/div><div class=\"col-md-8\">\n<ol>\n<li>A term\u00e9szetes t\u00f6lgyerd\u0151 \u00e1llapot helyre\u00e1ll\u00edt\u00e1sra, ker\u00fcl, mint a t\u00f6lgyerd\u0151k term\u00e9szetv\u00e9delmi kezel\u00e9s\u00e9nek standardja<\/li>\n<li>A t\u00f6lgyerd\u0151k \u00f6kol\u00f3giai term\u00e9szetv\u00e9delmi   kezel\u00e9si ir\u00e1nyelveinek kidolgoz\u00e1sa \u00e9s k\u00f6zz\u00e9t\u00e9tele (700  p\u00e9ld\u00e1nyban angolul, magyarul \u00e9s olaszul) a projekt \u00e1ltali alkalmaz\u00e1s\u00e1nak eredm\u00e9nyeivel<\/li>\n<li>Magyarorsz\u00e1gon 43.52 ha, Olaszorsz\u00e1gban 40 ha erdei \u00e9l\u0151hely v\u00e1s\u00e1rl\u00e1s<\/li>\n<li>Kb. 2,066 ha v\u00e9dett t\u00f6lgyerd\u0151 (1,555 ha Magyarorsz\u00e1gon \u00e9s 511 ha Olaszorsz\u00e1gban) lesz kezelve,  a kidolgozott term\u00e9szv\u00e9delmi  kezel\u00e9si ir\u00e1nyelvek alapj\u00e1n a 24 projektter\u00fcleten (19 Magyarorsz\u00e1gon \u00e9s 5 Olaszorsz\u00e1gban). Ennek eredm\u00e9nyek\u00e9ppen az erd\u0151 szerkezete term\u00e9szetesebb\u00e9 v\u00e1lik, minden ter\u00fcleten lesznek \u00e1ll\u00f3 \u00e9s fekv\u0151 holt f\u00e1k. A projekt ter\u00fcletek biodiverzit\u00e1sa n\u00f6vekedni fog<\/li>\n<li>Kb. 95 hekt\u00e1rnyi erd\u0151ter\u00fclet lesz ker\u00edt\u00e9ssel k\u00f6rbev\u00e9ve, hogy megakad\u00e1lyozza a vadk\u00e1rt.<\/li>\n<li>80 ha-on (50 ha Magyarorsz\u00e1gon \u00e9s 30 ha Olaszorsz\u00e1gban) elt\u0171nnek, m\u00e1shol visszaszorulnak az inv\u00e1zi\u00f3s fafajok.<\/li>\n<li>Tizenegy el\u0151ad\u00e1s \u00e9s terepi bemutat\u00f3 lesz  315 \u00e9rintett szerepl\u0151 (az \u00e9rintett ter\u00fcleteken dolgoz\u00f3k, erd\u00e9szeti tan\u00e1rok \u00e9s di\u00e1kok) sz\u00e1m\u00e1ra<\/li>\n<li>Publik\u00e1ci\u00f3k: H\u00e1rom nyelven 500-500  p\u00e9ld\u00e1nyban kad\u00e1sra ker\u00fcl    az erdei \u00e9l\u0151helyek fejleszt\u00e9s\u00e9nek ir\u00e1nyelvei potenci\u00e1lis t\u00f6lgyes \u00e9l\u0151helyeken \u00e9s  az az \u00f6kosziszt\u00e9mai szolg\u00e1ltat\u00e1sokr\u00f3l sz\u00f3l\u00f3 dokumnetumok.<\/li>\n<li>Egy nemzetk\u00f6zi konferencia keret\u00e9ben ker\u00fclnek \u00e1tad\u00e1sra a projekt tapasztalatai \u00e9s eredm\u00e9nyei<\/li>\n<li>A nyilv\u00e1noss\u00e1g figyelm\u00e9nek felkelt\u00e9s\u00e9re a Natura 2000 ter\u00fcletek \u00e9s a t\u00f6lgyerd\u0151k term\u00e9szetv\u00e9delm\u00e9nek fontoss\u00e1g\u00e1r\u00f3l gondoskodik egy honlap rendszeres h\u00edrek seg\u00edts\u00e9g\u00e9vel , 25 t\u00e1j\u00e9koztat\u00f3 t\u00e1bla, egy 5 perces interakt\u00edv r\u00f6vidfilm, 300 p\u00e9ld\u00e1ny erd\u0151t\u00e9rk\u00e9p, 500 p\u00e9ld\u00e1ny nyomtatott \u00e9s internetes anyag gyerekeknek, inform\u00e1ci\u00f3s anyagok.<\/li>\n<\/ol>\n<\/div><div class=\"col-md-4\">\n<\/div><\/div>\n<div><\/div>\n<div><\/div>\n<div><\/div>\n<div><\/div>\n<div><\/div>\n<div><\/div>\n<div style=\"\u201dwidth: 50%; padding: 0;\"><\/div>\n","protected":false},"excerpt":{"rendered":"<p>&nbsp;<\/p>\n","protected":false},"author":1,"featured_media":0,"parent":0,"menu_order":0,"comment_status":"closed","ping_status":"closed","template":"","meta":{"kt_blocks_editor_width":"","_monsterinsights_skip_tracking":false,"_monsterinsights_sitenote_active":false,"_monsterinsights_sitenote_note":"","_monsterinsights_sitenote_category":0,"footnotes":""},"class_list":["post-1118","page","type-page","status-publish","hentry"],"translation":{"provider":"WPGlobus","version":"3.0.1","language":"fr","enabled_languages":["en","es","de","fr","ru"],"languages":{"en":{"title":true,"content":true,"excerpt":false},"es":{"title":false,"content":false,"excerpt":false},"de":{"title":false,"content":false,"excerpt":false},"fr":{"title":false,"content":false,"excerpt":false},"ru":{"title":false,"content":false,"excerpt":false}}},"aioseo_notices":[],"_links":{"self":[{"href":"https:\/\/hu.life4oakforests.eu\/fr\/wp-json\/wp\/v2\/pages\/1118","targetHints":{"allow":["GET"]}}],"collection":[{"href":"https:\/\/hu.life4oakforests.eu\/fr\/wp-json\/wp\/v2\/pages"}],"about":[{"href":"https:\/\/hu.life4oakforests.eu\/fr\/wp-json\/wp\/v2\/types\/page"}],"author":[{"embeddable":true,"href":"https:\/\/hu.life4oakforests.eu\/fr\/wp-json\/wp\/v2\/users\/1"}],"replies":[{"embeddable":true,"href":"https:\/\/hu.life4oakforests.eu\/fr\/wp-json\/wp\/v2\/comments?post=1118"}],"version-history":[{"count":1,"href":"https:\/\/hu.life4oakforests.eu\/fr\/wp-json\/wp\/v2\/pages\/1118\/revisions"}],"predecessor-version":[{"id":1120,"href":"https:\/\/hu.life4oakforests.eu\/fr\/wp-json\/wp\/v2\/pages\/1118\/revisions\/1120"}],"wp:attachment":[{"href":"https:\/\/hu.life4oakforests.eu\/fr\/wp-json\/wp\/v2\/media?parent=1118"}],"curies":[{"name":"wp","href":"https:\/\/api.w.org\/{rel}","templated":true}]}}