{"id":1093,"date":"2019-04-29T23:51:22","date_gmt":"2019-04-29T23:51:22","guid":{"rendered":"http:\/\/hu.life4oakforests.eu\/?page_id=1093"},"modified":"2025-03-06T11:36:40","modified_gmt":"2025-03-06T11:36:40","slug":"projektteruletek","status":"publish","type":"page","link":"https:\/\/hu.life4oakforests.eu\/fr\/projektteruletek\/","title":{"rendered":"Projektter\u00fcletek"},"content":{"rendered":"<h3 style=\"text-align: center;\"><\/h3>\n<p><img loading=\"lazy\" decoding=\"async\" class=\"size-full wp-image-379\" src=\"http:\/\/www.life4oakforests.eu\/wp-content\/uploads\/2018\/03\/terkep-1380px-1.png\" alt=\"life4oak forests project areas\" width=\"2126\" height=\"792\" srcset=\"https:\/\/hu.life4oakforests.eu\/wp-content\/uploads\/2018\/03\/terkep-1380px-1.png 2126w, https:\/\/hu.life4oakforests.eu\/wp-content\/uploads\/2018\/03\/terkep-1380px-1-300x112.png 300w, https:\/\/hu.life4oakforests.eu\/wp-content\/uploads\/2018\/03\/terkep-1380px-1-768x286.png 768w, https:\/\/hu.life4oakforests.eu\/wp-content\/uploads\/2018\/03\/terkep-1380px-1-1024x381.png 1024w\" sizes=\"auto, (max-width: 2126px) 100vw, 2126px\" \/><\/p>\n<hr \/>\n<h2 style=\"text-align: center;\">Projekthelysz\u00ednek &#8211; Magyarorsz\u00e1g<\/h2>\n<h5 style=\"text-align: center;\"><strong>Balaton-felvid\u00e9ki Nemzeti Park Igazgat\u00f3s\u00e1g (BfNPI)<\/strong><\/h5>\n<p style=\"text-align: center;\"><span class=\"collapseomatic \" id=\"id69d443bc69c7f\"  tabindex=\"0\" title=\" \"    > <\/span><div id=\"target-id69d443bc69c7f\" class=\"collapseomatic_content \">\n<p>1. <a href=\"http:\/\/www.life4oakforests.eu\/tihany\/\" target=\"_blank\" rel=\"noopener noreferrer\">Tihany<\/a><br \/>\n2. <a href=\"http:\/\/www.life4oakforests.eu\/koloska\" target=\"_blank\" rel=\"noopener noreferrer\">Koloska<\/a><br \/>\n3. <a href=\"http:\/\/www.life4oakforests.eu\/pecsely\" target=\"_blank\" rel=\"noopener noreferrer\">P\u00e9csely<\/a><br \/>\n4. <a href=\"http:\/\/www.life4oakforests.eu\/bakonyszucs\" target=\"_blank\" rel=\"noopener noreferrer\">Bakonysz\u0171cs<\/a><br \/>\n<\/div>\n<h5 style=\"text-align: center;\"><strong>Duna-Ipoly Nemzeti Park Igazgat\u00f3s\u00e1g (DINPD)<\/strong><\/h5>\n<p style=\"text-align: center;\"><span class=\"collapseomatic \" id=\"id69d443bc69cf2\"  tabindex=\"0\" title=\" \"    > <\/span><div id=\"target-id69d443bc69cf2\" class=\"collapseomatic_content \">\n<p>5. <a href=\"http:\/\/www.life4oakforests.eu\/borzsony-nagyoroszi\" target=\"_blank\" rel=\"noopener noreferrer\">B\u00f6rzs\u00f6ny-Nagyoroszi<\/a><br \/>\n6. <a href=\"http:\/\/www.life4oakforests.eu\/borzsony-diosjeno\" target=\"_blank\" rel=\"noopener noreferrer\">B\u00f6rzs\u00f6ny-Di\u00f3sjen\u0151<\/a><br \/>\n7. <a href=\"http:\/\/www.life4oakforests.eu\/esztergom-strazsa-hegy\" target=\"_blank\" rel=\"noopener noreferrer\">Esztergom-Str\u00e1zsa-hegy<\/a><br \/>\n8. <a href=\"http:\/\/www.life4oakforests.eu\/foti-somlyo\" target=\"_blank\" rel=\"noopener noreferrer\">F\u00f3ti Somly\u00f3<\/a><br \/>\n9. <a href=\"http:\/\/www.life4oakforests.eu\/budai-sas-hegy\/\" target=\"_blank\" rel=\"noopener noreferrer\">Budai Sas-hegy<\/a><br \/>\n<\/div>\n<h5 style=\"text-align: center;\"><strong>B\u00fckki Nemzeti Park Igazgat\u00f3s\u00e1g\u00a0 \u00a0 \u00a0<\/strong><strong style=\"color: inherit; font-family: inherit;\">(BNPI)<\/strong><\/h5>\n<p style=\"text-align: center;\"><span class=\"collapseomatic \" id=\"id69d443bc69d1e\"  tabindex=\"0\" title=\" \"    > <\/span><div id=\"target-id69d443bc69d1e\" class=\"collapseomatic_content \">\n<p>10. <a href=\"http:\/\/www.life4oakforests.eu\/bukkzserci-ortas\" target=\"_blank\" rel=\"noopener noreferrer\">B\u00fckkzs\u00e9rci Ort\u00e1s<\/a><br \/>\n11. <a href=\"http:\/\/www.life4oakforests.eu\/cserepfalu-kornyeki-erdok\/\" target=\"_blank\" rel=\"noopener noreferrer\">Cser\u00e9pfalu k\u00f6rny\u00e9ki erd\u0151k<\/a><br \/>\n12. <a href=\"http:\/\/www.life4oakforests.eu\/felsotarkanyi-barat-erdo\" target=\"_blank\" rel=\"noopener noreferrer\">Fels\u0151t\u00e1rk\u00e1nyi Bar\u00e1t-erd\u0151<\/a><br \/>\n13. <a href=\"http:\/\/www.life4oakforests.eu\/felsotarkanyi-miklos-volgy-and-ostoros-volgy\/\" target=\"_blank\" rel=\"noopener noreferrer\">Fels\u0151t\u00e1rk\u00e1nyi Mikl\u00f3s-v\u00f6lgy \u00e9s Ostoros-v\u00f6lgy<\/a><br \/>\n14. <a href=\"http:\/\/www.life4oakforests.eu\/garabi-varju-berc\" target=\"_blank\" rel=\"noopener noreferrer\">Gar\u00e1bi Varj\u00fa-b\u00e9rc<\/a><br \/>\n15. <a href=\"http:\/\/www.life4oakforests.eu\/gyongyosi-sar-hegy\" target=\"_blank\" rel=\"noopener noreferrer\">Gy\u00f6ngy\u00f6si S\u00e1r-hegy<\/a><br \/>\n16. <a href=\"http:\/\/www.life4oakforests.eu\/kerecsendi-erdo\/\" target=\"_blank\" rel=\"noopener noreferrer\">Kerecsendi-erd\u0151<\/a><br \/>\n17. <a href=\"http:\/\/www.life4oakforests.eu\/matraszolosi-kis-fuggo-ko\/\" target=\"_blank\" rel=\"noopener noreferrer\">M\u00e1trasz\u0151l\u0151si Kis-F\u00fcgg\u0151-k\u0151<\/a><br \/>\n18. <a href=\"http:\/\/www.life4oakforests.eu\/matraszentimre-falloskut\/\" target=\"_blank\" rel=\"noopener noreferrer\">M\u00e1traszentimre-Fall\u00f3sk\u00fat<\/a><br \/>\n19. <a href=\"http:\/\/www.life4oakforests.eu\/bujak-bokri-hegy\/\" target=\"_blank\" rel=\"noopener noreferrer\">Buj\u00e1ki Bokri-hegy<\/a><br \/>\n<\/div>\n<hr \/>\n<h2 style=\"text-align: center;\">Projekthelysz\u00ednek &#8211; Olaszorsz\u00e1g<\/h2>\n<h5 style=\"text-align: center;\"><strong>Ente di gestione per i Parchi e la Biodiversit\u00e0<\/strong><\/h5>\n<h5 style=\"text-align: center;\"><strong>Romagna (MAR)<\/strong><\/h5>\n<p style=\"text-align: center;\"><span class=\"collapseomatic \" id=\"id69d443bc69d44\"  tabindex=\"0\" title=\" \"    > <\/span><div id=\"target-id69d443bc69d44\" class=\"collapseomatic_content \">\n<p style=\"text-align: center;\">1. <a href=\"http:\/\/www.life4oakforests.eu\/carne-e-rontana\" target=\"_blank\" rel=\"noopener noreferrer\">Carn\u00e8 e Rontana<\/a><br \/>\n2. <a href=\"http:\/\/www.life4oakforests.eu\/localita-gesso\" target=\"_blank\" rel=\"noopener noreferrer\">Locatil\u00e0 Gesso<\/a><br \/>\n3. <a href=\"http:\/\/www.life4oakforests.eu\/monte-penzola\/\" target=\"_blank\" rel=\"noopener noreferrer\">Monte Penzola<\/a><br \/>\n4. <a href=\"http:\/\/www.life4oakforests.eu\/monte-mauro\/\" target=\"_blank\" rel=\"noopener noreferrer\">Monte Mauro<\/a><br \/>\n5. <a href=\"http:\/\/www.life4oakforests.eu\/riva-di-san-biagio\" target=\"_blank\" rel=\"noopener noreferrer\">Riva di San Biagio<\/a><\/p>\n<\/div>\n","protected":false},"excerpt":{"rendered":"<p>Projekthelysz\u00ednek &#8211; Magyarorsz\u00e1g Balaton-felvid\u00e9ki Nemzeti Park Igazgat\u00f3s\u00e1g (BfNPI) Duna-Ipoly Nemzeti Park Igazgat\u00f3s\u00e1g (DINPD) B\u00fckki Nemzeti Park Igazgat\u00f3s\u00e1g\u00a0 \u00a0 \u00a0(BNPI) Projekthelysz\u00ednek &#8211; Olaszorsz\u00e1g Ente di gestione per i Parchi e la Biodiversit\u00e0 Romagna (MAR)<\/p>\n","protected":false},"author":1,"featured_media":0,"parent":0,"menu_order":0,"comment_status":"closed","ping_status":"closed","template":"","meta":{"kt_blocks_editor_width":"","_monsterinsights_skip_tracking":false,"_monsterinsights_sitenote_active":false,"_monsterinsights_sitenote_note":"","_monsterinsights_sitenote_category":0,"footnotes":""},"class_list":["post-1093","page","type-page","status-publish","hentry"],"translation":{"provider":"WPGlobus","version":"3.0.1","language":"fr","enabled_languages":["en","es","de","fr","ru"],"languages":{"en":{"title":true,"content":true,"excerpt":false},"es":{"title":false,"content":false,"excerpt":false},"de":{"title":false,"content":false,"excerpt":false},"fr":{"title":false,"content":false,"excerpt":false},"ru":{"title":false,"content":false,"excerpt":false}}},"aioseo_notices":[],"_links":{"self":[{"href":"https:\/\/hu.life4oakforests.eu\/fr\/wp-json\/wp\/v2\/pages\/1093","targetHints":{"allow":["GET"]}}],"collection":[{"href":"https:\/\/hu.life4oakforests.eu\/fr\/wp-json\/wp\/v2\/pages"}],"about":[{"href":"https:\/\/hu.life4oakforests.eu\/fr\/wp-json\/wp\/v2\/types\/page"}],"author":[{"embeddable":true,"href":"https:\/\/hu.life4oakforests.eu\/fr\/wp-json\/wp\/v2\/users\/1"}],"replies":[{"embeddable":true,"href":"https:\/\/hu.life4oakforests.eu\/fr\/wp-json\/wp\/v2\/comments?post=1093"}],"version-history":[{"count":12,"href":"https:\/\/hu.life4oakforests.eu\/fr\/wp-json\/wp\/v2\/pages\/1093\/revisions"}],"predecessor-version":[{"id":5676,"href":"https:\/\/hu.life4oakforests.eu\/fr\/wp-json\/wp\/v2\/pages\/1093\/revisions\/5676"}],"wp:attachment":[{"href":"https:\/\/hu.life4oakforests.eu\/fr\/wp-json\/wp\/v2\/media?parent=1093"}],"curies":[{"name":"wp","href":"https:\/\/api.w.org\/{rel}","templated":true}]}}