{"id":5684,"date":"2025-03-06T12:44:06","date_gmt":"2025-03-06T12:44:06","guid":{"rendered":"https:\/\/hu.life4oakforests.eu\/?page_id=5684"},"modified":"2025-03-06T13:05:22","modified_gmt":"2025-03-06T13:05:22","slug":"ismeretterjesztes","status":"publish","type":"page","link":"https:\/\/hu.life4oakforests.eu\/es\/ismeretterjesztes\/","title":{"rendered":"Ismeretterjeszt\u00e9s"},"content":{"rendered":"\n<p class=\"has-large-font-size\"><strong>Sajt\u00f3megejelen\u00e9sek<\/strong><\/p>\n\n\n\n<p><a href=\"https:\/\/magyarmezogazdasag.hu\/2018\/04\/03\/harom-mazsa-tolgymakkbol-lesz-uj-erdo-foti-somlyon\">H\u00e1rom m\u00e1zsa t\u00f6lgymakkb\u00f3l lesz \u00faj erd\u0151 a F\u00f3ti-Somly\u00f3<br><\/a><a href=\"https:\/\/greenfo.hu\/hir\/odut-a-fakra-madarat-az-oduba\/\">Od\u00fat a f\u00e1kra, madarat az od\u00faba!<br><\/a><a href=\"http:\/\/turizmusonline.hu\/aktualis\/cikk\/latott_mar_zold_kullot__vagy_fekete_harkalyt\">L\u00e1tott m\u00e1r z\u00f6ld k\u00fcll\u0151t, vagy fekete hark\u00e1lyt?<br><\/a><a href=\"https:\/\/turizmus.com\/desztinaciok\/barkocaberkenye-es-fakopancs-erdomento-program-indult-1157564\">Bark\u00f3caberkenye \u00e9s fakop\u00e1ncs \u2013 erd\u0151ment\u0151 program indult<br><\/a><a href=\"http:\/\/ecolounge.hu\/vadon\/odut-a-fakra-madarat-az-oduba\">Od\u00fat a f\u00e1kra, madarat az od\u00faba!\u00bb<\/a><\/p>\n\n\n\n<p><a href=\"https:\/\/www.elobolygonk.hu\/Klimahirek\/Termeszet\/2018_05_10\/odut_a_fakra_madarat_az_oduba__a_wwf_kozlemenye  \">OD\u00daT A F\u00c1KRA, MADARAT AZ OD\u00daBA! \u2013 A WWF K\u00d6ZLEM\u00c9NYE A MADARAK \u00c9S F\u00c1K NAPJ\u00c1N\u00bb&gt;<br><br><\/a><a href=\"https:\/\/nepszava.hu\/1159536_kiserleti-kezelessel-mentenek-meg-a-tolgyeseket\">K\u00eds\u00e9rleti kezel\u00e9ssel menten\u00e9k meg a t\u00f6lgyeseket<br><\/a><br><a href=\"https:\/\/www.origo.hu\/tudomany\/20180511-europai-viszonylatban-is-paratlan-okologiai-kiserlet-folyik-a-keletcserhat-tersegeben.html\">Ism\u00e9t lesznek val\u00f3di \u0151serd\u0151k Magyarorsz\u00e1gon<br><\/a> <br> <a href=\"https:\/\/magyarmezogazdasag.hu\/2018\/05\/24\/oserdot-telepitenek-bukkbe\">\u0150serd\u0151t telep\u00edtenek a B\u00fckkbe<\/a><br> <br> <a href=\"http:\/\/erdo-mezo.hu\/2018\/05\/30\/wwf-szazeves-erdok-magyarorszagon\/\">WWF: Sz\u00e1z\u00e9ves erd\u0151k Magyarorsz\u00e1gon<\/a><br> <br> <a href=\"https:\/\/ng.hu\/termeszet\/2018\/06\/04\/szazeves-erdok-magyarorszagon\/\">Sz\u00e1z\u00e9ves erd\u0151k Magyarorsz\u00e1gon<\/a><br> <br><a href=\"http:\/\/www.tveger.hu\/2019\/02\/26\/life4oakforests-osszefogas-a-tolgyerdokert\/\"> Life4OakForests \u2013 \u00f6sszefog\u00e1s a t\u00f6lgyerd\u0151k\u00e9rt<\/a><br> <br> <a href=\"https:\/\/sokszinuvidek.24.hu\/viragzo-videkunk\/2019\/03\/15\/famatuzsalemek-kirandulas-magyarorszag\/\">Haz\u00e1nkban is fokozott v\u00e9detts\u00e9get \u00e9lveznek az \u0151shonos erd\u0151k<\/a><br> <br><a href=\"https:\/\/www.youtube.com\/watch?v=5r8_jATVVQk&amp;list=UUzkHADCWVsYYEg0lVdOF09A&amp;index=8\"> Life4OakForests<\/a><\/p>\n\n\n\n<p><a href=\"https:\/\/lifepalyazatok.eu\/life4oak-forests-a-natura-2000-tolgyerdok-biologiai-sokfelesegenek-noveleseert.html\">Lifep\u00e1ly\u00e1zatok<\/a><\/p>\n\n\n\n<p><a href=\"https:\/\/nyeromagyarok.eu\/life4oak-forests.html\">Nyer\u0151magyarok<\/a><\/p>\n\n\n\n<p><a href=\"https:\/\/drive.google.com\/file\/d\/1r7zg0Vd-GuQ5xXD-MI0ftR9kXgxeZGzu\/view?usp=sharing\" title=\"\">\u00c9let \u00e9s Tudom\u00e1ny: Ahol m\u00e9g a Szajk\u00f3k is munkat\u00e1rsak<\/a><\/p>\n\n\n\n<p class=\"has-large-font-size\"><br><strong>Kommunik\u00e1ci\u00f3s anyagok<\/strong><\/p>\n\n\n\n<div class=\"wp-block-columns is-layout-flex wp-container-core-columns-is-layout-9d6595d7 wp-block-columns-is-layout-flex\">\n<div class=\"wp-block-column is-layout-flow wp-block-column-is-layout-flow\">\n<h3 class=\"wp-block-heading\">2018<\/h3>\n\n\n\n<p><a href=\"https:\/\/www.dunaipoly.hu\/uploads\/2018-07\/20180724104344-2018-nyar-web-swl33uso.pdf\">&#8211; Cinc\u00e9r \u00dajs\u00e1g, 2018 ny\u00e1ri sz\u00e1m:&nbsp;AZ \u00c9LETTEL TELI T\u00d6LGYESEK\u00c9RT<\/a><\/p>\n\n\n\n<p><a href=\"https:\/\/www.dunaipoly.hu\/hu\/program\/geotop-napok-sas-hegy-60-oreg-hegy-nem-ven-hegy\">&#8211; GEOT\u00d3P NAPOK: Sas-hegy 60 \u2013 \u00d6reg hegy, nem v\u00e9n hegy<\/a><\/p>\n\n\n\n<p><a href=\"https:\/\/www.dunaipoly.hu\/hu\/programok\/2018\/10?date=2018.10.12&amp;free=&amp;category=&amp;place=&amp;\">&#8211;&nbsp;Budai Sas-hegy TT 60, Budai TK 40 jubileumi rendezv\u00e9ny<\/a><\/p>\n\n\n\n<p><a href=\"https:\/\/www.dunaipoly.hu\/hu\/hir\/tolgyultetes-a-hegyen\">&#8211;&nbsp;T\u00f6lgy\u00fcltet\u00e9s a Hegyen<\/a><\/p>\n\n\n\n<p><a href=\"https:\/\/www.dunaipoly.hu\/hu\/hir\/tolgytortat-kapott-a-60-eves-sas-hegyi-tt\">&#8211;&nbsp;T\u00f6lgytort\u00e1t kapott a 60 \u00e9ves Sas-hegyi TT<\/a><\/p>\n\n\n\n<p><a href=\"https:\/\/www.dunaipoly.hu\/hu\/hir\/nyarias-seta-a-sas-hegy-vedo-egyesulettel\">&#8211;&nbsp;Ny\u00e1rias s\u00e9ta a Sas-hegy V\u00e9d\u0151 Egyes\u00fclettel<\/a><\/p>\n\n\n\n<p><a href=\"https:\/\/www.dunaipoly.hu\/hu\/hir\/erdot-vetettunk\">&#8211; Erd\u0151t vetett\u00fcnk <\/a><\/p>\n\n\n\n<h3 class=\"wp-block-heading\">2021<\/h3>\n\n\n\n<p><a href=\"https:\/\/www.dunaipoly.hu\/uploads\/2021-05\/20210507105735-webre-ujsag-2021-tavasz-fm31hmz8.pdf?1.19.2\">-Cinc\u00e9r \u00dajs\u00e1g, 2021. tavaszi sz\u00e1m: SAS-HEGY \u2013 k\u00f6z\u00f6s (m)\u00e9rt\u00e9kre szabva <\/a><\/p>\n<\/div>\n\n\n\n<div class=\"wp-block-column is-layout-flow wp-block-column-is-layout-flow\">\n<h3 class=\"wp-block-heading\">2019<\/h3>\n\n\n\n<p><a href=\"https:\/\/www.bnpi.hu\/hu\/hir\/tolgyeseink-gyogyitasa\">&#8211; T\u00f6lgyeseink gy\u00f3gy\u00edt\u00e1sa<\/a><\/p>\n<\/div>\n\n\n\n<div class=\"wp-block-column is-layout-flow wp-block-column-is-layout-flow\">\n<h3 class=\"wp-block-heading\">2020<\/h3>\n<\/div>\n<\/div>\n","protected":false},"excerpt":{"rendered":"<p>Sajt\u00f3megejelen\u00e9sek H\u00e1rom m\u00e1zsa t\u00f6lgymakkb\u00f3l lesz \u00faj erd\u0151 a F\u00f3ti-Somly\u00f3Od\u00fat a f\u00e1kra, madarat az od\u00faba!L\u00e1tott m\u00e1r z\u00f6ld k\u00fcll\u0151t, vagy fekete hark\u00e1lyt?Bark\u00f3caberkenye \u00e9s fakop\u00e1ncs \u2013 erd\u0151ment\u0151 program indultOd\u00fat a f\u00e1kra, madarat az od\u00faba!\u00bb OD\u00daT A F\u00c1KRA, MADARAT AZ OD\u00daBA! \u2013 A WWF &hellip; <a href=\"https:\/\/hu.life4oakforests.eu\/es\/ismeretterjesztes\/\">Leer m\u00e1s<\/a><\/p>\n","protected":false},"author":1,"featured_media":0,"parent":0,"menu_order":0,"comment_status":"closed","ping_status":"closed","template":"","meta":{"kt_blocks_editor_width":"","_monsterinsights_skip_tracking":false,"_monsterinsights_sitenote_active":false,"_monsterinsights_sitenote_note":"","_monsterinsights_sitenote_category":0,"footnotes":""},"class_list":["post-5684","page","type-page","status-publish","hentry"],"translation":{"provider":"WPGlobus","version":"3.0.1","language":"es","enabled_languages":["en","es","de","fr","ru"],"languages":{"en":{"title":true,"content":true,"excerpt":false},"es":{"title":false,"content":false,"excerpt":false},"de":{"title":false,"content":false,"excerpt":false},"fr":{"title":false,"content":false,"excerpt":false},"ru":{"title":false,"content":false,"excerpt":false}}},"aioseo_notices":[],"_links":{"self":[{"href":"https:\/\/hu.life4oakforests.eu\/es\/wp-json\/wp\/v2\/pages\/5684","targetHints":{"allow":["GET"]}}],"collection":[{"href":"https:\/\/hu.life4oakforests.eu\/es\/wp-json\/wp\/v2\/pages"}],"about":[{"href":"https:\/\/hu.life4oakforests.eu\/es\/wp-json\/wp\/v2\/types\/page"}],"author":[{"embeddable":true,"href":"https:\/\/hu.life4oakforests.eu\/es\/wp-json\/wp\/v2\/users\/1"}],"replies":[{"embeddable":true,"href":"https:\/\/hu.life4oakforests.eu\/es\/wp-json\/wp\/v2\/comments?post=5684"}],"version-history":[{"count":3,"href":"https:\/\/hu.life4oakforests.eu\/es\/wp-json\/wp\/v2\/pages\/5684\/revisions"}],"predecessor-version":[{"id":5697,"href":"https:\/\/hu.life4oakforests.eu\/es\/wp-json\/wp\/v2\/pages\/5684\/revisions\/5697"}],"wp:attachment":[{"href":"https:\/\/hu.life4oakforests.eu\/es\/wp-json\/wp\/v2\/media?parent=5684"}],"curies":[{"name":"wp","href":"https:\/\/api.w.org\/{rel}","templated":true}]}}