{"id":565,"date":"2018-05-08T11:35:18","date_gmt":"2018-05-08T11:35:18","guid":{"rendered":"http:\/\/www.hu.life4oakforests.eu\/?page_id=565"},"modified":"2025-03-06T10:20:09","modified_gmt":"2025-03-06T10:20:09","slug":"esztergom-strazsa-hegy","status":"publish","type":"page","link":"https:\/\/hu.life4oakforests.eu\/es\/esztergom-strazsa-hegy\/","title":{"rendered":"Esztergom-Str\u00e1zsa-hegy"},"content":{"rendered":"<h4 style=\"text-align: center;\"><strong>Projektter\u00fclet \u00e1lt\u00e1nos le\u00edr\u00e1sa<\/strong><\/h4>\n<div class=\"row\"> <div class=\"col-md-6\">\n<p>A projektter\u00fclet neve: Esztergom-Str\u00e1zsa -hegyn<\/p>\n<p>Ter\u00fclet (ha): 375,760<\/p>\n<p>EU v\u00e9delmi jog\u00e1ll\u00e1s: K\u00fcl\u00f6nleges Mad\u00e1rv\u00e9delmi Ter\u00fclet (SPA): HUDI10002, K\u00fcl\u00f6nleges Term\u00e9szetmeg\u0151rz\u00e9si Ter\u00fclet (SCI): HUDI20039<\/p>\n<p>Egy\u00e9b jog\u00e1ll\u00e1s nemzeti vagy region\u00e1lis szab\u00e1lyoz\u00e1s \u00e9rtelm\u00e9ben:<\/p>\n<p>A nemzeti park \u00e9s bioszf\u00e9ra rezerv\u00e1tum 98%-a fokozottan v\u00e9dett, 91,1% a park term\u00e9szetes ter\u00fclete, 8,6% k\u00f6rnyzetbar\u00e1t kezel\u00e9si ter\u00fclet, \u00e9s 0,3% bemutat\u00f3ter\u00fclet.<\/p>\n<p>A projektter\u00fcet hasznos\u00edt\u00e1sa: F\u00f6ldhaszn\u00e1lat: Term\u00e9szetv\u00e9delem 100%<\/p>\n<p>Tulajdonjogi st\u00e1tusz: \u00c1llami tulajdon 100%<\/p>\n<\/div><div class=\"col-md-6\">\n<p><img loading=\"lazy\" decoding=\"async\" class=\"wp-image-1456 aligncenter\" src=\"http:\/\/www.life4oakforests.eu\/wp-content\/uploads\/2018\/05\/esztergom2-300x200.jpg\" alt=\"\" width=\"432\" height=\"288\" \/><\/p>\n<\/div><\/div>\n<h5><\/h5>\n<h4 style=\"text-align: center;\">Projektter\u00fclet tudom\u00e1nyos le\u00edr\u00e1sa<\/h4>\n<p>A projektter\u00fcletet a XIX. sz\u00e1zadt\u00f3l 1990-ig katonai gyakorl\u00f3t\u00e9rnek haszn\u00e1lt\u00e1k. A katonai c\u00e9l\u00fa haszn\u00e1lat mellett legeltet\u00e9s \u00e9s esetenk\u00e9nt fakitermel\u00e9s folyt a ter\u00fcleten. A ter\u00fclet egyfel\u0151l lepusztult a katonai tev\u00e9kenys\u00e9gek miatt (l\u00f6v\u00e9sz\u00e1rkok kialak\u00edt\u00e1sa, bunkerek, mesters\u00e9ges dombok \u00e9s utak l\u00e9trehoz\u00e1sa), \u00e1m m\u00e1sfel\u0151l a term\u00e9szet v\u00e9dve volt egy\u00e9b k\u00e1ros tev\u00e9kenys\u00e9gek hat\u00e1sait\u00f3l, mint az intenz\u00edv mez\u0151gazdas\u00e1g, \u00e9p\u00edtkez\u00e9sek \u00e9s tervezett erd\u0151kezel\u00e9s. A bunkerek \u00e9s utak k\u00f6z\u00f6tt a term\u00e9szeti folyamatok szabadon lej\u00e1tsz\u00f3dhattak.<br \/>\nAz I. \u00e9s II. vil\u00e1gh\u00e1bor\u00fa sor\u00e1n a legt\u00f6bb erd\u0151t teljesen kiv\u00e1gt\u00e1k, amelyek ezek ut\u00e1n term\u00e9szetes m\u00f3don, magukt\u00f3l \u00fajra\u00e9ledtek (magr\u00f3l \u00e9s sarjr\u00f3l) mindennem\u0171 emberi beavatkoz\u00e1s n\u00e9lk\u00fcl. 1956-t\u00f3l 1990-ig a megsz\u00e1ll\u00f3 szovjet hadsereg haszn\u00e1lta a gyakorl\u00f3teret. Ebben az id\u0151szakban nem t\u00f6rt\u00e9nt jelent\u0151s emberi beavatkoz\u00e1s a projektter\u00fcleten &#8211; kiv\u00e9ve az utak haszn\u00e1lat\u00e1t, az alkalmank\u00e9nti (katonai) hullad\u00e9klerak\u00e1st, a rendszertelen, kis mennyis\u00e9g\u0171 fakitermel\u00e9st (t\u00e1bort\u0171z) \u00e9s a vad\u00e1szatot.<br \/>\nA projektter\u00fclet alatt sz\u00e9nb\u00e1ny\u00e1t nyitottak, amelynek bej\u00e1rata messzebb volt a t\u00e9nyleges projektter\u00fclett\u0151l, \u00e1m a felsz\u00edni l\u00e9tes\u00edtm\u00e9nyek, szell\u0151ztet\u0151 akn\u00e1k, v\u00edznyer\u0151 felszerel\u00e9sek m\u00e9g mindig megtal\u00e1lhat\u00f3ak itt. A b\u00e1nyam\u0171vel\u00e9s befejezt\u00e9vel n\u00e9h\u00e1ny v\u00e1gat beomlott, f\u00f6ldcsuszaml\u00e1sokat \u00e9s felsz\u00edni hasad\u00e9kokat okozva.<br \/>\nA szovjet csapatok kivonul\u00e1sa ut\u00e1n kutat\u00f3k vizsg\u00e1lt\u00e1k a ter\u00fcletet. Az eredm\u00e9nyek f\u00e9ny\u00e9ben a ter\u00fclet t\u00f6bbl\u00e9pcs\u0151s folyamat sor\u00e1n v\u00e9dett\u00e9 v\u00e1lt. Mai v\u00e9delmi szintj\u00e9t a Duna-Ipoly Nemzeti Park alap\u00edt\u00e1sakor \u00e9rte el. A ter\u00fclet \u00e1llami tulajdon volt \u00e9s 2004-t\u0151l term\u00e9szetv\u00e9delmi oltalom alatt \u00e1ll.<br \/>\n\u00d6sszegezve elmondhat\u00f3, hogy az ut\u00f3bbi 70 \u00e9vben a kijel\u00f6lt projektter\u00fcleten jelent\u0151s kezel\u00e9si tev\u00e9kenys\u00e9g nem t\u00f6rt\u00e9nt, \u00e9s a term\u00e9szeti folyamatok szabadon v\u00e9gbemehettek. Azonban &#8211; a csek\u00e9ly emberi beavatkoz\u00e1s hat\u00e1s\u00e1ra &#8211; megjelentek invaz\u00edv fajok, r\u00e9szben az erd\u0151kben, mint fat\u00e1rsul\u00e1sok, r\u00e9szben pedig a r\u00e9teken \u0151shonos (t\u00f6lgy) t\u00e1rsul\u00e1sokban, ahol egybef\u00fcgg\u0151 r\u00e9szeket alkotnak. A kor\u00e1bban legel\u0151nek haszn\u00e1lt, erd\u0151egys\u00e9gek r\u00e9szeit k\u00e9pez\u0151 r\u00e9tek, (manaps\u00e1g cserj\u00e9sek \u00e9s irt\u00e1sos r\u00e9szek) term\u00e9szetes beerd\u0151s\u00fcl\u00e9se megkezd\u0151d\u00f6tt. A term\u00e9szeti folyamatok eredm\u00e9nyei \u00e1tal\u00e1ban v\u00e9ve term\u00e9szetes jelleg\u0171, vegyes \u00f6sszet\u00e9tel\u0171 erd\u0151k, amelyekben nagy az \u00e9p \u00e1llom\u00e1ny \u00e9s a holtfa mennyis\u00e9ge; \u00e1m ezek egykor\u00faak, \u00edgy, mivel nincs meg az elterszaporod\u00e1sukhoz megfelel\u0151 forr\u00e1s, egyes fafajok nincsenek jelen. A kor\u00e1bbi tarv\u00e1g\u00e1sok miatt csup\u00e1n n\u00e9h\u00e1ny nagy, odvas f\u00e1t tal\u00e1lunk, ami nem kedvez\u0151 a f\u00e1k od\u00faiban \u00e9l\u0151 fajoknak.<br \/>\nA projekt keretein bel\u00fcl tervezett beavatkoz\u00e1sokkal k\u00edv\u00e1njuk fejleszteni az erd\u0151k korszerkezet\u00e9t, v\u00e1ltozatosabb\u00e1 tenni t\u00e9rbeli szerkezet\u00e9t, valamint faj\u00f6sszet\u00e9tel\u00e9t. Minden invaz\u00edv faj elt\u00e1vol\u00edt\u00e1sra ker\u00fcl. Az egybef\u00fcgg\u0151 ak\u00e1cosok hely\u00e9re \u0151shonos fajokat \u00fcltet\u00fcnk, amelyek term\u00e9szeti folyamatok \u00e1ltal Natura 2000 \u00e9l\u0151helly\u00e9 (91H0, 91I0, 91M0) v\u00e1lhatnak. A nagy, koros, odvas f\u00e1k hi\u00e1nya miatt odukat \u00a0helyez\u00fcnk ki, amelyekben a denev\u00e9rek \u00e9s madarak otthonra lelhetnek. Az egykori b\u00e1ny\u00e1szati c\u00e9lra haszn\u00e1lt ter\u00fcleteket \u00fajb\u00f3l megm\u0171velik majd.<br \/>\nA projekt keretein bel\u00fcl a fokozottan v\u00e9dett term\u00e9szetv\u00e9delmi ter\u00fcleteken fejleszt\u00e9seket hajtunk v\u00e9gre, ami hozz\u00e1j\u00e1rul az erd\u0151k szerkezet\u00e9nek, \u00e9l\u0151helyeinek, term\u00e9szetess\u00e9g\u00e9nek \u00e9s biol\u00f3giai soksz\u00edn\u0171s\u00e9g\u00e9nek javul\u00e1s\u00e1hoz. A erd\u0151kezel\u00e9s eredm\u00e9nyeit hossz\u00fa t\u00e1von tartjuk fent.<br \/>\nA projektter\u00fclet k\u00f6zel\u00e9ben tal\u00e1lhat\u00f3 nagyobb ter\u00fcletek szint\u00e9n a Duna-Ipoly Nemzeti Park v\u00e9dn\u00f6ks\u00e9ge alatt \u00e1llnak, ahol term\u00e9szetv\u00e9delmi kezel\u00e9st folytatnak, \u00edgy a fejleszt\u00e9sek eredm\u00e9nyei garant\u00e1ltak. Jelent\u0151s term\u00e9szet-\u00e1talak\u00edt\u00e1s nem v\u00e1rhat\u00f3, de az idegenhonos invaz\u00edv fajok kiirt\u00e1sra ker\u00fclnek a k\u00f6zeli r\u00e9teken \u00e9s alapvet\u0151en \u00fajb\u00f3li megjelen\u00e9s\u00fcket is megel\u0151zz\u00fck rendszeres legeltet\u00e9ssel.<br \/>\nA kelet fel\u00e9 elter\u00fcl\u0151 szomsz\u00e9dos erd\u0151 ter\u00fclete, ahol \u00e1llami erd\u0151gazd\u00e1lkod\u00e1s folyik, szint\u00e9n a nemzeti park tervezett term\u00e9szeti z\u00f3n\u00e1j\u00e1nak r\u00e9sze, \u00edgy olyan erd\u0151kezel\u00e9si m\u00f3dszerek alkalmaz\u00e1s\u00e1ra, amelyek a term\u00e9szetv\u00e9delem ellen ir\u00e1nyulnak nem ker\u00fcl sor.<br \/>\nA ter\u00fclet \u00e9l\u0151helyei a 91G0* &#8211; pannon gyerty\u00e1nos-t\u00f6lgyesek Quercus petraea-val \u00e9s Carpinus betulus-szal (36%), 91H0* &#8211; Pannon molyhos t\u00f6lgyesek Quercus pubescens-szel (33%), 91M0 &#8211;\u00a0 pannon cseres-t\u00f6lgyesek (11%), 91F0 &#8211; Kem\u00e9nyf\u00e1s\u00a0ligeterd\u0151k nagy foly\u00f3k ment\u00e9n Quercus robur, Ulmus laevis \u00e9s Ulmus minor, Fraxinus excelsior vagy Fraxinus angustifoliafajokkal (2%), 6210* &#8211; Sz\u00e1lkaperj\u00e9s-rozsnokos xero-mezofil gyepek (jelent\u0151s orchidea-telepekkel) (5%). K\u00f6r\u00fclbel\u00fcl 13% az invaz\u00edv <em>ak\u00e1c<\/em> jelenl\u00e9t\u00e9nek ar\u00e1nya a ter\u00fcleten.<br \/>\nN\u00e9h\u00e1ny jellemz\u0151 \u00e9s fokozottan v\u00e9dett n\u00f6v\u00e9ny:\u00a0<em>M\u00e9hbang\u00f3, b\u00edboros kosbor, vit\u00e9zvir\u00e1g, tarka n\u0151szirom, p\u00e1zsitos n\u0151szirom, tavaszi h\u00e9rics, le\u00e1nyk\u00f6k\u00f6rcsin, turb\u00e1nliliom, h\u00f3vir\u00e1g, pirosl\u00f3 hunyor, farkas\u00f6l\u0151 sisakvir\u00e1g, csillag\u0151szir\u00f3zsa, fekete mad\u00e1rbirs, piros mad\u00e1rbirs, szirti gy\u00f6ngyvessz\u0151, h\u00e1zi berkenye, dunai berkenye.<\/em><br \/>\nEml\u0151s\u00f6k:\u00a0<em>Keleti s\u00fcn, vadmacska, nyest, k\u00f6z\u00f6ns\u00e9ges vakond<\/em><br \/>\nMadarak:\u00a0<em>H\u00e9ja, karvaly, erdei f\u00fclesbagoly, eger\u00e9sz\u00f6lyv, barna r\u00e9tih\u00e9ja, k\u00e9kes r\u00e9tih\u00e9ja, k\u00edgy\u00e1sz\u00f6lyv, holl\u00f3, nagy fakop\u00e1ncs, fekete hark\u00e1ly, kis fakop\u00e1ncs, sord\u00e9ly, bajszos s\u00e1rm\u00e1ny, v\u00f6r\u00f6s v\u00e9rcse, v\u00e1ndors\u00f3lyom, t\u00f6vissz\u00far\u00f3 g\u00e9bics, k\u00f6z\u00e9p fakop\u00e1ncs, Musicapa sp., h\u00e1zi rozsdafark\u00fa, rozsd\u00e1s csuk, csuszka, karvalyposz\u00e1ta, macskabagoly, l\u00e9prig\u00f3.<\/em><br \/>\nRovarok:\u00a0<em>Gy\u00e1szcinc\u00e9r, di\u00f3facinc\u00e9r, havasi cinc\u00e9r, nagy h\u0151scinc\u00e9r, k\u00f6z\u00f6ns\u00e9ges s\u00fcngomba.<\/em><\/p>\n<h3><\/h3>\n<h4 style=\"text-align: center;\"><strong>A projektter\u00fclet jelent\u0151s\u00e9ge a biol\u00f3giai sokf\u00e9les\u00e9g \u00e9s \/ vagy a region\u00e1lis, nemzeti \u00e9s uni\u00f3s szinten c\u00e9lzott fajok \/ \u00e9l\u0151helyt\u00edpusok meg\u0151rz\u00e9se szempontj\u00e1b\u00f3l<br \/>\n<\/strong><\/h4>\n<h3><\/h3>\n<p>A ter\u00fclet adta lehet\u0151s\u00e9gek kiemelked\u0151 szerepet j\u00e1tszanak, hogy n\u00f6velhess\u00fck a term\u00e9szeti \u00e9rt\u00e9kek fenntart\u00e1s\u00e1nak es\u00e9ly\u00e9t az invaz\u00edv <em>ak\u00e1c<\/em>\u00a0kiirt\u00e1s\u00e1val \u00e9s egy szerkezet\u00e9ben soksz\u00edn\u0171 \u00e9l\u0151hely megteremt\u00e9s\u00e9vel.<br \/>\nA t\u00f6lgyerd\u0151k szerepe jelent\u0151s az \u0151shonos lombhullat\u00f3 erd\u0151k hossz\u00fa t\u00e1v\u00fa fenntart\u00e1s\u00e1ban. Az eml\u00edtett Natura 2000 min\u0151s\u00edt\u00e9s\u0171 ter\u00fclet fejleszt\u00e9se \u00e9s fenntart\u00e1sa Eur\u00f3pai Uni\u00f3s szinten is fontos.<\/p>\n<h4><\/h4>\n<h4 style=\"text-align: center;\">Projektter\u00fclet z\u00e1szl\u00f3shaj\u00f3 fajai<\/h4>\n<p style=\"text-align: center;\"><em>Sorbus danubialis,\u00a0Anthaxia hungarica,\u00a0Garrulus glandarius<\/em><\/p>\n<p style=\"text-align: center;\"><a href=\"http:\/\/hu.life4oakforests.eu\/projekthelyszinek-magyarorszagon\/\">Vissza a projekt ter\u00fcletekre<\/a><\/p>\n","protected":false},"excerpt":{"rendered":"<p>Projektter\u00fclet \u00e1lt\u00e1nos le\u00edr\u00e1sa Projektter\u00fclet tudom\u00e1nyos le\u00edr\u00e1sa A projektter\u00fcletet a XIX. sz\u00e1zadt\u00f3l 1990-ig katonai gyakorl\u00f3t\u00e9rnek haszn\u00e1lt\u00e1k. A katonai c\u00e9l\u00fa haszn\u00e1lat mellett legeltet\u00e9s \u00e9s esetenk\u00e9nt fakitermel\u00e9s folyt a ter\u00fcleten. A ter\u00fclet egyfel\u0151l lepusztult a katonai tev\u00e9kenys\u00e9gek miatt (l\u00f6v\u00e9sz\u00e1rkok kialak\u00edt\u00e1sa, bunkerek, mesters\u00e9ges dombok &hellip; <a href=\"https:\/\/hu.life4oakforests.eu\/es\/esztergom-strazsa-hegy\/\">Leer m\u00e1s<\/a><\/p>\n","protected":false},"author":1,"featured_media":0,"parent":0,"menu_order":0,"comment_status":"closed","ping_status":"closed","template":"","meta":{"kt_blocks_editor_width":"","_monsterinsights_skip_tracking":false,"_monsterinsights_sitenote_active":false,"_monsterinsights_sitenote_note":"","_monsterinsights_sitenote_category":0,"footnotes":""},"class_list":["post-565","page","type-page","status-publish","hentry"],"translation":{"provider":"WPGlobus","version":"3.0.1","language":"es","enabled_languages":["en","es","de","fr","ru"],"languages":{"en":{"title":true,"content":true,"excerpt":false},"es":{"title":false,"content":false,"excerpt":false},"de":{"title":false,"content":false,"excerpt":false},"fr":{"title":false,"content":false,"excerpt":false},"ru":{"title":false,"content":false,"excerpt":false}}},"aioseo_notices":[],"_links":{"self":[{"href":"https:\/\/hu.life4oakforests.eu\/es\/wp-json\/wp\/v2\/pages\/565","targetHints":{"allow":["GET"]}}],"collection":[{"href":"https:\/\/hu.life4oakforests.eu\/es\/wp-json\/wp\/v2\/pages"}],"about":[{"href":"https:\/\/hu.life4oakforests.eu\/es\/wp-json\/wp\/v2\/types\/page"}],"author":[{"embeddable":true,"href":"https:\/\/hu.life4oakforests.eu\/es\/wp-json\/wp\/v2\/users\/1"}],"replies":[{"embeddable":true,"href":"https:\/\/hu.life4oakforests.eu\/es\/wp-json\/wp\/v2\/comments?post=565"}],"version-history":[{"count":5,"href":"https:\/\/hu.life4oakforests.eu\/es\/wp-json\/wp\/v2\/pages\/565\/revisions"}],"predecessor-version":[{"id":5649,"href":"https:\/\/hu.life4oakforests.eu\/es\/wp-json\/wp\/v2\/pages\/565\/revisions\/5649"}],"wp:attachment":[{"href":"https:\/\/hu.life4oakforests.eu\/es\/wp-json\/wp\/v2\/media?parent=565"}],"curies":[{"name":"wp","href":"https:\/\/api.w.org\/{rel}","templated":true}]}}