{"id":548,"date":"2018-05-08T09:07:28","date_gmt":"2018-05-08T09:07:28","guid":{"rendered":"http:\/\/www.hu.life4oakforests.eu\/?page_id=548"},"modified":"2025-03-06T10:18:59","modified_gmt":"2025-03-06T10:18:59","slug":"borzsony-diosjeno","status":"publish","type":"page","link":"https:\/\/hu.life4oakforests.eu\/es\/borzsony-diosjeno\/","title":{"rendered":"B\u00f6rzs\u00f6ny &#8211; Di\u00f3sjen\u0151"},"content":{"rendered":"<h4 style=\"text-align: center;\">Projektter\u00fclet \u00e1ltal\u00e1nos le\u00edr\u00e1sa<\/h4>\n<div class=\"row\"> <div class=\"col-md-6\">\n<p>A projektter\u00fclet neve: B\u00f6rzs\u00f6ny \u2013 Di\u00f3sjen\u0151<\/p>\n<p>Ter\u00fclet (ha): 55,060<\/p>\n<p>EU v\u00e9delmi jog\u00e1ll\u00e1s: K\u00fcl\u00f6nleges Mad\u00e1rv\u00e9delmi Ter\u00fclet (SPA): HUDI10002, K\u00fcl\u00f6nleges Term\u00e9szetmeg\u0151rz\u00e9si Ter\u00fclet (SCI): HUDI20008<\/p>\n<p>Egy\u00e9b jog\u00e1ll\u00e1s nemzeti vagy region\u00e1lis szab\u00e1lyoz\u00e1s \u00e9rtelm\u00e9ben:<\/p>\n<p>Nemzeti park, Nemzeti oltalom alatt \u00e1ll\u00f3 ter\u00fclet<\/p>\n<p>A projektter\u00fcet hasznos\u00edt\u00e1sa: F\u00f6ldhaszn\u00e1lat: Term\u00e9szetv\u00e9delem 50%, turizmus 20%, erd\u0151gazd\u00e1lkod\u00e1s 20%<\/p>\n<p>Tulajdonjogi st\u00e1tusz: \u00c1llami tulajdon 100%<\/p>\n<\/div><div class=\"col-md-6\">\n<p><img loading=\"lazy\" decoding=\"async\" class=\"wp-image-1450 aligncenter\" src=\"http:\/\/www.life4oakforests.eu\/wp-content\/uploads\/2018\/05\/Di\u00f3sjen\u01512-300x225.jpg\" alt=\"\" width=\"431\" height=\"325\" \/><\/p>\n<\/div><\/div>\n<h5><\/h5>\n<h4 style=\"text-align: center;\">Projektter\u00fclet tudom\u00e1nyos le\u00edr\u00e1sa<\/h4>\n<p>K\u00fcl\u00f6nb\u00f6z\u0151 erd\u0151ket tal\u00e1lunk a hegyoldalakon a B\u00f6rzs\u00f6ny sz\u00edv\u00e9ben. A Di\u00f3sjen\u0151n tal\u00e1lhat\u00f3 erd\u0151 projektter\u00fclet 10 erd\u0151r\u00e9szlettel csaknem el\u0151hegys\u00e9g a maga 300 m\u00e9teres tengerszint feletti magass\u00e1g\u00e1val. Noha a t\u00f6lgy a jellegzetes fafaj eme erd\u0151kben, figyelembe v\u00e9ve a korszerkezetet (20-120 \u00e9v) \u00e9s a faj\u00f6sszet\u00e9telt (ak\u00e1c \u00e9s b\u00fckk), igen k\u00fcl\u00f6nb\u00f6z\u0151 sz\u00ednfoltokra bukkanhatunk.<br \/>\nAlapvet\u0151en a 91G0* Pannon gyerty\u00e1nos-t\u00f6lgyesek (51.75%) \u00e9s 91M0 Pannon cseres-t\u00f6lgyesek (28.7%) az itt el\u0151fordul\u00f3 Natura 2000 \u00e9l\u0151helyek, \u00e1m 40A0 kontinent\u00e1lis sziklai- \u00e9s sztyeppcserj\u00e9sekkel is tal\u00e1lkozhatunk (9%). Vannak itt 9130 szubmont\u00e1n \u00e9s mont\u00e1n b\u00fckk\u00f6s\u00f6k is (6,6%). Az \u00a0<em>ak\u00e1c<\/em> jelenl\u00e9te (4%) azonban akad\u00e1lyozza a t\u00f6lgyf\u00e1k elterjed\u00e9s\u00e9t \u00e9s a term\u00e9szeti \u00e9rt\u00e9kek fenntart\u00e1s\u00e1t a kiemelt jelent\u0151s\u00e9g\u0171 91G0* Pannon gyerty\u00e1nos-t\u00f6lgyesekben.<br \/>\nA ter\u00fclet gazdag term\u00e9szeti \u00e9rt\u00e9kekben, \u00e1m ezek ellen\u0151rz\u00e9se nem kiel\u00e9g\u00edt\u0151 (a margin\u00e1lis ter\u00fcleti elhelyezked\u00e9s \u00e9s a soksz\u00edn\u0171, de fiatal fa\u00e1llom\u00e1ny miatt, amely kutat\u00e1si szempontb\u00f3l nem el\u00e9g \u00e9rdekes).<br \/>\nA ter\u00fclet kiemelt \u00e1llatai:<\/p>\n<ul>\n<li>Eml\u0151s\u00f6k:\u00a0<em>Nagyf\u00fcl\u0171 denev\u00e9r, k\u00f6z\u00f6ns\u00e9ges denev\u00e9r, kis patk\u00f3sdenev\u00e9r<\/em><\/li>\n<li>Madarak:\u00a0<em>Fekete hark\u00e1ly, feh\u00e9rh\u00e1t\u00fa fakop\u00e1ncs, \u00f6rv\u00f6s l\u00e9gykap\u00f3, dar\u00e1zs\u00f6lyv, hamvas k\u00fcll\u0151<\/em><\/li>\n<li>K\u00e9t\u00e9lt\u0171ek\u00a0<em>Erdei b\u00e9ka<\/em><\/li>\n<li>H\u00fcll\u0151k:<em>L\u00e1batlan gy\u00edk \u00e9s z\u00f6ld gy\u00edk<\/em><\/li>\n<li>Bogarak:\u00a0<em>Nagy h\u0151scinc\u00e9r, kis szarvasbog\u00e1r \u00e9s nagy szarvasbog\u00e1r<\/em><\/li>\n<li>Lepk\u00e9k:\u00a0<em>S\u00e1rga gyapjassz\u00f6v\u0151, kis Apoll\u00f3-lepke<\/em><\/li>\n<\/ul>\n<h4 style=\"text-align: center;\"><strong>A projektter\u00fclet jelent\u0151s\u00e9ge a biol\u00f3giai sokf\u00e9les\u00e9g \u00e9s \/ vagy a region\u00e1lis, nemzeti \u00e9s uni\u00f3s szinten c\u00e9lzott fajok \/ \u00e9l\u0151helyt\u00edpusok meg\u0151rz\u00e9se szempontj\u00e1b\u00f3l<br \/>\n<\/strong><\/h4>\n<p>A ter\u00fclet adta lehet\u0151s\u00e9gek kiemelked\u0151 szerepet j\u00e1tszanak, hogy n\u00f6velhess\u00fck a term\u00e9szeti \u00e9rt\u00e9kek fenntart\u00e1s\u00e1t az invaz\u00edv <em>ak\u00e1c<\/em>\u00a0kiirt\u00e1s\u00e1val \u00e9s egy szerkezet\u00e9ben soksz\u00edn\u0171 \u00e9l\u0151hely megteremt\u00e9s\u00e9vel. Minthogy a gazdas\u00e1gi c\u00e9l\u00fa erd\u0151kezel\u00e9s az eg\u00e9sz B\u00f6rzs\u00f6nyben jellemz\u0151, nem puszt\u00e1n helyi, de nemzeti szinten is fontos egyes fajok (gomb\u00e1k, rovarok \u00e9s madarak) szempontj\u00e1b\u00f3l, hogy ilyen t\u00f6mb\u00f6ket hozzunk l\u00e9tre, ahol az els\u0151dleges c\u00e9l nem a fakitermel\u00e9s.<br \/>\nA t\u00f6lgyerd\u0151k szerepe jelent\u0151s az \u0151shonos lombhullat\u00f3 erd\u0151k hossz\u00fa t\u00e1v\u00fa fenntart\u00e1s\u00e1ban.<br \/>\nAz eml\u00edtett Natura 2000 min\u0151s\u00edt\u00e9s\u0171 ter\u00fclet fejleszt\u00e9se \u00e9s fenntart\u00e1sa Eur\u00f3pai Uni\u00f3s szinten is fontos.<\/p>\n<h4 style=\"text-align: center;\">Projektter\u00fclet z\u00e1szl\u00f3shaj\u00f3 fajai<\/h4>\n<p style=\"text-align: center;\"><em>Cerambyx cerdo,\u00a0Dendrocoposmedius,not meidus,\u00a0Strix aluco<\/em><\/p>\n<p style=\"text-align: center;\"><a href=\"http:\/\/hu.life4oakforests.eu\/projekthelyszinek-magyarorszagon\/\">Vissza a projekt ter\u00fcletekre<\/a><\/p>\n<h5><\/h5>\n","protected":false},"excerpt":{"rendered":"<p>Projektter\u00fclet \u00e1ltal\u00e1nos le\u00edr\u00e1sa Projektter\u00fclet tudom\u00e1nyos le\u00edr\u00e1sa K\u00fcl\u00f6nb\u00f6z\u0151 erd\u0151ket tal\u00e1lunk a hegyoldalakon a B\u00f6rzs\u00f6ny sz\u00edv\u00e9ben. A Di\u00f3sjen\u0151n tal\u00e1lhat\u00f3 erd\u0151 projektter\u00fclet 10 erd\u0151r\u00e9szlettel csaknem el\u0151hegys\u00e9g a maga 300 m\u00e9teres tengerszint feletti magass\u00e1g\u00e1val. Noha a t\u00f6lgy a jellegzetes fafaj eme erd\u0151kben, figyelembe v\u00e9ve &hellip; <a href=\"https:\/\/hu.life4oakforests.eu\/es\/borzsony-diosjeno\/\">Leer m\u00e1s<\/a><\/p>\n","protected":false},"author":1,"featured_media":0,"parent":0,"menu_order":0,"comment_status":"closed","ping_status":"closed","template":"","meta":{"kt_blocks_editor_width":"","_monsterinsights_skip_tracking":false,"_monsterinsights_sitenote_active":false,"_monsterinsights_sitenote_note":"","_monsterinsights_sitenote_category":0,"footnotes":""},"class_list":["post-548","page","type-page","status-publish","hentry"],"translation":{"provider":"WPGlobus","version":"3.0.1","language":"es","enabled_languages":["en","es","de","fr","ru"],"languages":{"en":{"title":true,"content":true,"excerpt":false},"es":{"title":false,"content":false,"excerpt":false},"de":{"title":false,"content":false,"excerpt":false},"fr":{"title":false,"content":false,"excerpt":false},"ru":{"title":false,"content":false,"excerpt":false}}},"aioseo_notices":[],"_links":{"self":[{"href":"https:\/\/hu.life4oakforests.eu\/es\/wp-json\/wp\/v2\/pages\/548","targetHints":{"allow":["GET"]}}],"collection":[{"href":"https:\/\/hu.life4oakforests.eu\/es\/wp-json\/wp\/v2\/pages"}],"about":[{"href":"https:\/\/hu.life4oakforests.eu\/es\/wp-json\/wp\/v2\/types\/page"}],"author":[{"embeddable":true,"href":"https:\/\/hu.life4oakforests.eu\/es\/wp-json\/wp\/v2\/users\/1"}],"replies":[{"embeddable":true,"href":"https:\/\/hu.life4oakforests.eu\/es\/wp-json\/wp\/v2\/comments?post=548"}],"version-history":[{"count":16,"href":"https:\/\/hu.life4oakforests.eu\/es\/wp-json\/wp\/v2\/pages\/548\/revisions"}],"predecessor-version":[{"id":5647,"href":"https:\/\/hu.life4oakforests.eu\/es\/wp-json\/wp\/v2\/pages\/548\/revisions\/5647"}],"wp:attachment":[{"href":"https:\/\/hu.life4oakforests.eu\/es\/wp-json\/wp\/v2\/media?parent=548"}],"curies":[{"name":"wp","href":"https:\/\/api.w.org\/{rel}","templated":true}]}}