{"id":513,"date":"2018-05-08T07:48:52","date_gmt":"2018-05-08T07:48:52","guid":{"rendered":"http:\/\/www.hu.life4oakforests.eu\/?page_id=513"},"modified":"2025-03-06T10:19:38","modified_gmt":"2025-03-06T10:19:38","slug":"borzsony-nagyoroszi","status":"publish","type":"page","link":"https:\/\/hu.life4oakforests.eu\/es\/borzsony-nagyoroszi\/","title":{"rendered":"B\u00f6rzs\u00f6ny &#8211; Nagyoroszi"},"content":{"rendered":"<h4 style=\"text-align: center;\">Projektter\u00fclet \u00e1ltal\u00e1nos le\u00edr\u00e1sa<\/h4>\n<div class=\"row\"> <div class=\"col-md-6\">\n<p>A projektter\u00fclet neve: B\u00f6rzs\u00f6ny-Nagyoroszi<\/p>\n<p>Ter\u00fclet (ha): 77,750<\/p>\n<p>EU v\u00e9delmi jog\u00e1ll\u00e1s: K\u00fcl\u00f6nleges Mad\u00e1rv\u00e9delmi Ter\u00fclet (SPA): HUDI20008<\/p>\n<p>Egy\u00e9b jog\u00e1ll\u00e1s nemzeti vagy region\u00e1lis szab\u00e1lyoz\u00e1s \u00e9rtelm\u00e9ben:<\/p>\n<p>Nemzeti park, Nemzeti oltalom alatt \u00e1ll\u00f3 ter\u00fclet<\/p>\n<p>A projektter\u00fclet hasznos\u00edt\u00e1sa: F\u00f6ldhaszn\u00e1lat: Term\u00e9szetv\u00e9delem 60%, turizmus 10%, erd\u0151gazd\u00e1lkod\u00e1s 30%<\/p>\n<p>Tulajdonjogi st\u00e1tusz: \u00c1llami tulajdon 100%<\/p>\n<\/div><div class=\"col-md-6\">\n<p><img loading=\"lazy\" decoding=\"async\" class=\" wp-image-1447 aligncenter\" src=\"http:\/\/www.life4oakforests.eu\/wp-content\/uploads\/2018\/05\/Nagyoroszi2-300x225.jpg\" alt=\"\" width=\"431\" height=\"325\" \/><\/p>\n<\/div><\/div>\n<h5><\/h5>\n<h3><\/h3>\n<h4 style=\"text-align: center;\">Projektter\u00fclet tudom\u00e1nyos le\u00edr\u00e1sa<\/h4>\n<p>\u00c9szak-B\u00f6rzs\u00f6ny alacsony hegyoldalait kevesebben l\u00e1togatj\u00e1k \u00e9s h\u00edrneve sem kelt akkora visszhangot, mint a hegys\u00e9g k\u00f6z\u00e9ps\u0151 r\u00e9szei. A hat tag t\u00f6bb tucat erd\u0151r\u00e9szlettel egyetlen erd\u0151r\u00e9szt alkot, ezt a H\u00e9v\u00edz-patak v\u00e1gja kett\u00e9, amely alacsonyabb ter\u00fcleten tal\u00e1lhat\u00f3. Itt a legmagasabb tengerszint feletti magass\u00e1g 400 m\u00e9ter.<br \/>\nEmellett ezen erd\u0151k korszerkezete (40-110 \u00e9v) kell\u0151en sokf\u00e9le \u00e9s fajokban is megfelel\u0151en soksz\u00edn\u0171. A f\u0151 fafajok jellemz\u0151en a <em>kocs\u00e1nytalan t\u00f6lgy<\/em> \u00e9s a <em>csert\u00f6lgy<\/em>, ebb\u0151l kifoly\u00f3lag az itteni Natura 2000 \u00e9l\u0151helyek: 91G0* Pannon gyerty\u00e1nos-t\u00f6lgyesek (48%) \u00e9s 91M0 Pannon cseres-t\u00f6lgyesek (41%). Az invaz\u00edv <em>ak\u00e1c<\/em> vesz\u00e9lyt jelent a ter\u00fclet term\u00e9szeti \u00e9rt\u00e9keire \u00e9s a 91G0* Pannon gyerty\u00e1nos-t\u00f6lgyesekre n\u00e9zve.<\/p>\n<p>A projektter\u00fclet b\u0151velkedik term\u00e9szeti \u00e9rt\u00e9kekben, \u00e1m e tekintetben m\u00e9g sok felfedeznival\u00f3 van a ter\u00fclet margin\u00e1lis elhelyezked\u00e9se \u00e9s soksz\u00edn\u0171s\u00e9ge miatt. A fa\u00e1llom\u00e1ny azonban nem el\u00e9g id\u0151s kutat\u00e1sok v\u00e9gz\u00e9s\u00e9hez.<br \/>\nA f\u0151 v\u00e9dett n\u00f6v\u00e9nyek:\u00a0<em>Kardos mad\u00e1rsisak, sz\u00e1lk\u00e1s pajzsika, mad\u00e1rf\u00e9szek kosbor, b\u00e1rsonyos kakukkszegf\u0171<\/em><\/p>\n<p>A ter\u00fclet kiemelt \u00e1llatai:<\/p>\n<ul>\n<li>Eml\u0151s\u00f6k:\u00a0<em>Vadmacska, nagyf\u00fcl\u0171 denev\u00e9r, k\u00f6z\u00f6ns\u00e9ges denev\u00e9r, kis patk\u00f3sdenev\u00e9r<\/em><\/li>\n<li>Madarak:\u00a0<em>Fekete hark\u00e1ly, feh\u00e9rh\u00e1t\u00fa fakop\u00e1ncs, \u00f6rv\u00f6s l\u00e9gykap\u00f3, dar\u00e1zs\u00f6lyv, hamvas k\u00fcll\u0151, macskabagoly<\/em><\/li>\n<li>K\u00e9t\u00e9lt\u0171ek\u00a0<em>Erdei b\u00e9ka<\/em><\/li>\n<li>H\u00fcll\u0151k:\u00a0<em>L\u00e1batlan gy\u00edk \u00e9s z\u00f6ld gy\u00edk<\/em><\/li>\n<li>Bogarak:\u00a0<em>Nagy h\u0151scinc\u00e9r, kis szarvasbog\u00e1r \u00e9s nagy szarvasbog\u00e1r Lepk\u00e9k: <\/em>S\u00e1rga gyapjassz\u00f6v\u0151, kis Apoll\u00f3-lepke<\/li>\n<\/ul>\n<h4><\/h4>\n<h4 style=\"text-align: center;\"><strong>A projektter\u00fclet jelent\u0151s\u00e9ge a biol\u00f3giai sokf\u00e9les\u00e9g \u00e9s \/ vagy a region\u00e1lis, nemzeti \u00e9s uni\u00f3s szinten c\u00e9lzott fajok \/ \u00e9l\u0151helyt\u00edpusok meg\u0151rz\u00e9se szempontj\u00e1b\u00f3l<br \/>\n<\/strong><\/h4>\n<h4 style=\"text-align: center;\"><strong>\u00a0<\/strong><\/h4>\n<p>A ter\u00fclet adta lehet\u0151s\u00e9gek kiemelked\u0151ek a term\u00e9szeti \u00e9rt\u00e9kek meg\u0151rz\u00e9s\u00e9re \u00e9s az invaz\u00edv <em>ak\u00e1c<\/em> kiirt\u00e1s\u00e1ra n\u00e9zv\u00e9st. Tov\u00e1bb\u00e1 jelent\u0151s a szerepe az \u00e9l\u0151hely strukt\u00far\u00e1j\u00e1nak soksz\u00edn\u0171bb\u00e9 t\u00e9tel\u00e9ben is. Mivel az erd\u0151gazd\u00e1lkod\u00e1s gazdas\u00e1gi c\u00e9ljai az eg\u00e9sz B\u00f6rzs\u00f6nyben meghat\u00e1roz\u00f3ak, nem puszt\u00e1n helyi, de region\u00e1lis szinten is fontos, hogy egyes fajok (gomb\u00e1k, rovarok \u00e9s madarak) alapj\u00e1ban v\u00e9ve zavartalanul \u00e9lhessenek azokban az erd\u0151r\u00e9szekben, ahol a f\u0151 c\u00e9l nem a fakitermel\u00e9s. A t\u00f6lgyerd\u0151k szerepe jelent\u0151s az \u0151shonos lombhullat\u00f3 erd\u0151k hossz\u00fa t\u00e1v\u00fa fenntart\u00e1s\u00e1ban. Az eml\u00edtett Natura 2000 min\u0151s\u00edt\u00e9s\u0171 ter\u00fclet fejleszt\u00e9se \u00e9s fenntart\u00e1sa Eur\u00f3pai Uni\u00f3s szinten is fontos.<\/p>\n<h4><\/h4>\n<h4 style=\"text-align: center;\">Projektter\u00fclet z\u00e1szl\u00f3shaj\u00f3 fajai<\/h4>\n<p style=\"text-align: center;\"><em> Hypnum moss,\u00a0Picus canus,\u00a0Felis silvestris<\/em><\/p>\n<p style=\"text-align: center;\"><a href=\"http:\/\/hu.life4oakforests.eu\/projekthelyszinek-magyarorszagon\/\">Vissza a projekt ter\u00fcletekre<\/a><\/p>\n","protected":false},"excerpt":{"rendered":"<p>Projektter\u00fclet \u00e1ltal\u00e1nos le\u00edr\u00e1sa Projektter\u00fclet tudom\u00e1nyos le\u00edr\u00e1sa \u00c9szak-B\u00f6rzs\u00f6ny alacsony hegyoldalait kevesebben l\u00e1togatj\u00e1k \u00e9s h\u00edrneve sem kelt akkora visszhangot, mint a hegys\u00e9g k\u00f6z\u00e9ps\u0151 r\u00e9szei. A hat tag t\u00f6bb tucat erd\u0151r\u00e9szlettel egyetlen erd\u0151r\u00e9szt alkot, ezt a H\u00e9v\u00edz-patak v\u00e1gja kett\u00e9, amely alacsonyabb ter\u00fcleten tal\u00e1lhat\u00f3. &hellip; <a href=\"https:\/\/hu.life4oakforests.eu\/es\/borzsony-nagyoroszi\/\">Leer m\u00e1s<\/a><\/p>\n","protected":false},"author":1,"featured_media":0,"parent":0,"menu_order":0,"comment_status":"closed","ping_status":"closed","template":"","meta":{"kt_blocks_editor_width":"","_monsterinsights_skip_tracking":false,"_monsterinsights_sitenote_active":false,"_monsterinsights_sitenote_note":"","_monsterinsights_sitenote_category":0,"footnotes":""},"class_list":["post-513","page","type-page","status-publish","hentry"],"translation":{"provider":"WPGlobus","version":"3.0.1","language":"es","enabled_languages":["en","es","de","fr","ru"],"languages":{"en":{"title":true,"content":true,"excerpt":false},"es":{"title":false,"content":false,"excerpt":false},"de":{"title":false,"content":false,"excerpt":false},"fr":{"title":false,"content":false,"excerpt":false},"ru":{"title":false,"content":false,"excerpt":false}}},"aioseo_notices":[],"_links":{"self":[{"href":"https:\/\/hu.life4oakforests.eu\/es\/wp-json\/wp\/v2\/pages\/513","targetHints":{"allow":["GET"]}}],"collection":[{"href":"https:\/\/hu.life4oakforests.eu\/es\/wp-json\/wp\/v2\/pages"}],"about":[{"href":"https:\/\/hu.life4oakforests.eu\/es\/wp-json\/wp\/v2\/types\/page"}],"author":[{"embeddable":true,"href":"https:\/\/hu.life4oakforests.eu\/es\/wp-json\/wp\/v2\/users\/1"}],"replies":[{"embeddable":true,"href":"https:\/\/hu.life4oakforests.eu\/es\/wp-json\/wp\/v2\/comments?post=513"}],"version-history":[{"count":7,"href":"https:\/\/hu.life4oakforests.eu\/es\/wp-json\/wp\/v2\/pages\/513\/revisions"}],"predecessor-version":[{"id":5648,"href":"https:\/\/hu.life4oakforests.eu\/es\/wp-json\/wp\/v2\/pages\/513\/revisions\/5648"}],"wp:attachment":[{"href":"https:\/\/hu.life4oakforests.eu\/es\/wp-json\/wp\/v2\/media?parent=513"}],"curies":[{"name":"wp","href":"https:\/\/api.w.org\/{rel}","templated":true}]}}