{"id":1341,"date":"2019-05-08T09:02:51","date_gmt":"2019-05-08T09:02:51","guid":{"rendered":"http:\/\/hu.life4oakforests.eu\/?page_id=1341"},"modified":"2019-05-08T09:02:51","modified_gmt":"2019-05-08T09:02:51","slug":"hamvas-kullo-picus-canus","status":"publish","type":"page","link":"https:\/\/hu.life4oakforests.eu\/es\/hamvas-kullo-picus-canus\/","title":{"rendered":"Hamvas k\u00fcll\u0151 (Picus canus)"},"content":{"rendered":"<div class=\"row\"> <div class=\"col-md-6\">\n<h4>Faj- \u00e9s \u00e9l\u0151hely ismertet\u00e9s<\/h4>\n<p>A faj k\u00f6nnyen felismerhet\u0151 ol\u00edva z\u00f6ld sz\u00edn\u0171 fels\u0151 tollazat\u00e1r\u00f3l. A h\u00edmek piros fejkoron\u00e1ja szint\u00e9n szembet\u0171n\u0151. A hamvas k\u00fcll\u0151 id\u0151s, v\u00e1ltozatos elegy-\u00f6sszet\u00e9tel\u0171 feny\u0151erd\u0151kben \u00e9s t\u00f6lgyesekben \u00e9l. Od\u00faj\u00e1t a korhadt f\u00e1ba v\u00e1jja, ez\u00e9rt a holtf\u00e1ban gazdag erd\u0151kh\u00f6z k\u00f6t\u0151dik. T\u00e1pl\u00e1l\u00e9k\u00e1t k\u00fcl\u00f6nb\u00f6z\u0151 rovarok, magvak alkotj\u00e1k, de els\u0151sorban hangy\u00e1kat fogyaszt, ez\u00e9rt els\u0151sorban olyan erd\u0151kben \u00e9l, ahol hangyabolyok is megtal\u00e1lhat\u00f3ak.<\/p>\n<h4>Vesz\u00e9lyeztet\u0151 t\u00e9nyez\u0151k<\/h4>\n<p>Az erd\u0151irt\u00e1s \u00e1ltal okozott \u00e9l\u0151hely-vesztes\u00e9g \u00e9s az ennek k\u00f6vetkezt\u00e9ben fell\u00e9p\u0151 elszigetel\u0151d\u00e9s, a faj legjelent\u0151sebb vesz\u00e9lyeztet\u0151 t\u00e9nyez\u0151je. Az intenz\u00edv erd\u0151gazd\u00e1lkod\u00e1s sor\u00e1n kialak\u00edtott r\u00f6vid v\u00e1g\u00e1sfordul\u00f3 szint\u00e9n nem kedvez az odvak, \u00edgy a k\u00f6lt\u0151helyek kialak\u00edt\u00e1s\u00e1nak. Az elegyes, ligetes erd\u0151k visszaszorul\u00e1s\u00e1val p\u00e1rhuzamosan cs\u00f6kkent a hangyabolyok sz\u00e1ma is, amelyek a faj sz\u00e1m\u00e1ra a legjelent\u0151sebb t\u00e1pl\u00e1l\u00e9kforr\u00e1st szolg\u00e1ltatj\u00e1k. (IUCN 2016)<\/p>\n<h4>Faj-specifikus kezel\u00e9sek<\/h4>\n<p>A hamvas k\u00fcll\u0151 t\u00f6bbek k\u00f6z\u00f6tt a nagyoroszi projekt ter\u00fcleten tal\u00e1lhat\u00f3 (80 ha) meg. Egy 12 hekt\u00e1ros ter\u00fcleten cserj\u00e9k visszaszor\u00edt\u00e1s\u00e1val, nagyobb f\u00e1k koron\u00e1j\u00e1nak kibont\u00e1s\u00e1val naps\u00fct\u00f6tte l\u00e9keket (100-200 m2), erd\u0151szeg\u00e9lyeket hozunk l\u00e9tre, illetve tartunk fenn. Ez\u00e1ltal el\u0151seg\u00edtj\u00fck a hangyabolyok kialakul\u00e1s\u00e1nak felt\u00e9teleit. A ter\u00fcletet ker\u00edt\u00e9ssel vessz\u00fck k\u00f6rbe, hogy az erd\u0151 regener\u00e1ci\u00f3s k\u00e9pess\u00e9g\u00e9t, az \u00fajulat, az elegyess\u00e9g \u00e9s a vertik\u00e1lis lombkorona-szerkezet v\u00e1ltozatoss\u00e1g\u00e1t n\u00f6velj\u00fck. Hekt\u00e1ronk\u00e9nt tov\u00e1bb\u00e1 30-40 m3 \u00e1ll\u00f3 \u00e9s fekv\u0151 holtf\u00e1t k\u00e9pz\u00fcnk, hogy a faj sz\u00e1m\u00e1ra megfelel\u0151 k\u00f6lt\u0151- \u00e9s t\u00e1pl\u00e1lkoz\u00f3 helyeket alak\u00edtsunk ki.<\/p>\n<\/div><div class=\"col-md-6\">\n<p>&nbsp;<\/p>\n<\/div><\/div>\n<p>&nbsp;<\/p>\n<p><b>Kapcsol\u00f3d\u00f3 projekt ter\u00fcletek<\/b><\/p>\n<p>Nagyoroszi<\/p>\n<p><b>Irodalom<\/b><br \/>\nIUCN (2016) The IUCN Red List of Threatened Species: Picus canus. BirdLife International, e.T22726503A86924320. http:\/\/dx.doi.org\/10.2305\/IUCN.UK.2016-3.RLTS.T22726503A86924320.en.<\/p>\n<h6><\/h6>\n","protected":false},"excerpt":{"rendered":"<p>&nbsp; Kapcsol\u00f3d\u00f3 projekt ter\u00fcletek Nagyoroszi Irodalom IUCN (2016) The IUCN Red List of Threatened Species: Picus canus. BirdLife International, e.T22726503A86924320. http:\/\/dx.doi.org\/10.2305\/IUCN.UK.2016-3.RLTS.T22726503A86924320.en.<\/p>\n","protected":false},"author":1,"featured_media":0,"parent":0,"menu_order":0,"comment_status":"closed","ping_status":"closed","template":"","meta":{"kt_blocks_editor_width":"","_monsterinsights_skip_tracking":false,"_monsterinsights_sitenote_active":false,"_monsterinsights_sitenote_note":"","_monsterinsights_sitenote_category":0,"footnotes":""},"class_list":["post-1341","page","type-page","status-publish","hentry"],"translation":{"provider":"WPGlobus","version":"3.0.1","language":"es","enabled_languages":["en","es","de","fr","ru"],"languages":{"en":{"title":true,"content":true,"excerpt":false},"es":{"title":false,"content":false,"excerpt":false},"de":{"title":false,"content":false,"excerpt":false},"fr":{"title":false,"content":false,"excerpt":false},"ru":{"title":false,"content":false,"excerpt":false}}},"aioseo_notices":[],"_links":{"self":[{"href":"https:\/\/hu.life4oakforests.eu\/es\/wp-json\/wp\/v2\/pages\/1341","targetHints":{"allow":["GET"]}}],"collection":[{"href":"https:\/\/hu.life4oakforests.eu\/es\/wp-json\/wp\/v2\/pages"}],"about":[{"href":"https:\/\/hu.life4oakforests.eu\/es\/wp-json\/wp\/v2\/types\/page"}],"author":[{"embeddable":true,"href":"https:\/\/hu.life4oakforests.eu\/es\/wp-json\/wp\/v2\/users\/1"}],"replies":[{"embeddable":true,"href":"https:\/\/hu.life4oakforests.eu\/es\/wp-json\/wp\/v2\/comments?post=1341"}],"version-history":[{"count":1,"href":"https:\/\/hu.life4oakforests.eu\/es\/wp-json\/wp\/v2\/pages\/1341\/revisions"}],"predecessor-version":[{"id":1343,"href":"https:\/\/hu.life4oakforests.eu\/es\/wp-json\/wp\/v2\/pages\/1341\/revisions\/1343"}],"wp:attachment":[{"href":"https:\/\/hu.life4oakforests.eu\/es\/wp-json\/wp\/v2\/media?parent=1341"}],"curies":[{"name":"wp","href":"https:\/\/api.w.org\/{rel}","templated":true}]}}