{"id":1335,"date":"2019-05-08T08:51:34","date_gmt":"2019-05-08T08:51:34","guid":{"rendered":"http:\/\/hu.life4oakforests.eu\/?page_id=1335"},"modified":"2019-05-08T08:51:34","modified_gmt":"2019-05-08T08:51:34","slug":"orias-bocskorosgomba-volvariella-bombycina","status":"publish","type":"page","link":"https:\/\/hu.life4oakforests.eu\/es\/orias-bocskorosgomba-volvariella-bombycina\/","title":{"rendered":"\u00d3ri\u00e1s bocskorosgomba (Volvariella bombycina)"},"content":{"rendered":"<p style=\"text-align: left;\"><div class=\"row\"> <div class=\"col-md-6\">\n<h4>Faj \u00e9s \u00e9l\u0151hely le\u00edr\u00e1s<\/h4>\n<p>Az \u00f3ri\u00e1s bocskorosgomba (Volvariella bombycina) kalapja feh\u00e9rest\u0151l szalmas\u00e1rg\u00e1ig v\u00e1ltoz\u00f3, fel\u00fclete fiatalon selymes-bolyhos, k\u00e9s\u0151bb sz\u00e1las-pikkelyes. Lemezek szabadon \u00e1ll\u00f3k, kezdetben feh\u00e9resek, k\u00e9s\u0151bb r\u00f3zs\u00e1sh\u00fassz\u00edn\u0171ek. T\u00f6nkje t\u00f6v\u00e9n\u00e9l j\u00f3l fejlett okkers\u00e1rg\u00e1s, barn\u00e1s sz\u00edn\u0171 bocskor tal\u00e1lhat\u00f3, amelynek k\u00fcls\u0151 fel\u00fclete foltszer\u0171en felszakadoz\u00f3. M\u00e1just\u00f3l okt\u00f3berig, f\u0151leg ligeterd\u0151kben, de ember \u00e1ltal befoly\u00e1solt \u00e9l\u0151helyeken (parkok, temet\u0151k stb.) is, \u00e9l\u0151 \u00e9s korhad\u00f3 lombos f\u00e1k id\u0151s fat\u00f6rzs\u00e9n n\u0151. Ehet\u0151, de Magyarorsz\u00e1gon v\u00e9dett faj.<\/p>\n<h4>F\u0151bb vesz\u00e9lyeztet\u0151 t\u00e9nyez\u0151k<\/h4>\n<p>Az \u00e1ll\u00f3 \u00e9s fekv\u0151 holt fa elt\u00e1vol\u00edt\u00e1sa vesz\u00e9lyezteti.<\/p>\n<h4>Speci\u00e1lis term\u00e9szetv\u00e9delmi beavatkoz\u00e1sok<\/h4>\n<p>A projekt sor\u00e1n valamennyi helysz\u00ednen k\u00e9pz\u00fcnk \u00e1ll\u00f3- \u00e9s fekv\u0151 holt f\u00e1t.<\/p>\n<p style=\"text-align: left;\"><\/div><div class=\"col-md-6\">\n<p style=\"text-align: left;\"><img loading=\"lazy\" decoding=\"async\" class=\"wp-image-1644 aligncenter\" src=\"http:\/\/www.life4oakforests.eu\/wp-content\/uploads\/2019\/05\/\u00f3ri\u00e1s-bocskorosgomba-300x202.jpg\" alt=\"\" width=\"499\" height=\"336\" \/><\/p>\n<p style=\"text-align: left;\"><\/div><\/div>\n<p><b>Kapcsol\u00f3d\u00f3 projekt ter\u00fcletek<\/b><br \/>\nTihany<\/p>\n<p><b>Irodalom<\/b><br \/>\nhttp:\/\/publication.nhmus.hu\/NatEu\/HNHM_Botany\/HNHM-MYC_Volvariella%20bombycina.pdf<br \/>\nSiller Ir\u00e9n, Dima B\u00e1lint, Albert L\u00e1szl\u00f3, Vasas Gizella, Fodor L\u00edvia, P\u00e1l-F\u00e1m Ferenc, Bratek Zolt\u00e1n, Zagyva Imre: V\u00e9dett nagygombafajok Magyarorsz\u00e1gon \u2013 Mikol\u00f3giai K\u00f6zlem\u00e9nyek, Clusiana 45(1-3): 3-158. (2006)<br \/>\nhttp:\/\/www.kvvm.hu\/data\/kiadvanyok\/kvvm_kiadvany_7.pdf<br \/>\nV\u00e9dett gomb\u00e1k \u00e9s zuzm\u00f3k Magyarorsz\u00e1gon (Protected fungi and lichenes in Hungary)<\/p>\n<h6><\/h6>\n","protected":false},"excerpt":{"rendered":"<p>Kapcsol\u00f3d\u00f3 projekt ter\u00fcletek Tihany Irodalom http:\/\/publication.nhmus.hu\/NatEu\/HNHM_Botany\/HNHM-MYC_Volvariella%20bombycina.pdf Siller Ir\u00e9n, Dima B\u00e1lint, Albert L\u00e1szl\u00f3, Vasas Gizella, Fodor L\u00edvia, P\u00e1l-F\u00e1m Ferenc, Bratek Zolt\u00e1n, Zagyva Imre: V\u00e9dett nagygombafajok Magyarorsz\u00e1gon \u2013 Mikol\u00f3giai K\u00f6zlem\u00e9nyek, Clusiana 45(1-3): 3-158. (2006) http:\/\/www.kvvm.hu\/data\/kiadvanyok\/kvvm_kiadvany_7.pdf V\u00e9dett gomb\u00e1k \u00e9s zuzm\u00f3k Magyarorsz\u00e1gon (Protected fungi &hellip; <a href=\"https:\/\/hu.life4oakforests.eu\/es\/orias-bocskorosgomba-volvariella-bombycina\/\">Leer m\u00e1s<\/a><\/p>\n","protected":false},"author":1,"featured_media":0,"parent":0,"menu_order":0,"comment_status":"closed","ping_status":"closed","template":"","meta":{"kt_blocks_editor_width":"","_monsterinsights_skip_tracking":false,"_monsterinsights_sitenote_active":false,"_monsterinsights_sitenote_note":"","_monsterinsights_sitenote_category":0,"footnotes":""},"class_list":["post-1335","page","type-page","status-publish","hentry"],"translation":{"provider":"WPGlobus","version":"3.0.1","language":"es","enabled_languages":["en","es","de","fr","ru"],"languages":{"en":{"title":true,"content":true,"excerpt":false},"es":{"title":false,"content":false,"excerpt":false},"de":{"title":false,"content":false,"excerpt":false},"fr":{"title":false,"content":false,"excerpt":false},"ru":{"title":false,"content":false,"excerpt":false}}},"aioseo_notices":[],"_links":{"self":[{"href":"https:\/\/hu.life4oakforests.eu\/es\/wp-json\/wp\/v2\/pages\/1335","targetHints":{"allow":["GET"]}}],"collection":[{"href":"https:\/\/hu.life4oakforests.eu\/es\/wp-json\/wp\/v2\/pages"}],"about":[{"href":"https:\/\/hu.life4oakforests.eu\/es\/wp-json\/wp\/v2\/types\/page"}],"author":[{"embeddable":true,"href":"https:\/\/hu.life4oakforests.eu\/es\/wp-json\/wp\/v2\/users\/1"}],"replies":[{"embeddable":true,"href":"https:\/\/hu.life4oakforests.eu\/es\/wp-json\/wp\/v2\/comments?post=1335"}],"version-history":[{"count":2,"href":"https:\/\/hu.life4oakforests.eu\/es\/wp-json\/wp\/v2\/pages\/1335\/revisions"}],"predecessor-version":[{"id":1811,"href":"https:\/\/hu.life4oakforests.eu\/es\/wp-json\/wp\/v2\/pages\/1335\/revisions\/1811"}],"wp:attachment":[{"href":"https:\/\/hu.life4oakforests.eu\/es\/wp-json\/wp\/v2\/media?parent=1335"}],"curies":[{"name":"wp","href":"https:\/\/api.w.org\/{rel}","templated":true}]}}