{"id":1291,"date":"2019-05-08T08:06:18","date_gmt":"2019-05-08T08:06:18","guid":{"rendered":"http:\/\/hu.life4oakforests.eu\/?page_id=1291"},"modified":"2019-05-08T08:06:18","modified_gmt":"2019-05-08T08:06:18","slug":"nagy-pele-glis-glis","status":"publish","type":"page","link":"https:\/\/hu.life4oakforests.eu\/es\/nagy-pele-glis-glis\/","title":{"rendered":"Nagy pele (Glis glis)"},"content":{"rendered":"<p style=\"text-align: left;\"><div class=\"row\"> <div class=\"col-md-6\">\n<h4>Faj \u00e9s \u00e9l\u0151hely le\u00edr\u00e1s<\/h4>\n<p>A nagy pele a legnagyobb test\u0171 a pel\u00e9k k\u00f6z\u00f6tt, testhossza 14-19 cm, farka k\u00f6r\u00fclbel\u00fcl 12 cm. Testt\u00f6mege 80 \u00e9s 200 gramm k\u00f6z\u00f6tt v\u00e1ltozhat. A k\u00e9t ivar hasonl\u00f3 testm\u00e9ret\u0171. Testfel\u00e9p\u00edt\u00e9se \u00e9s alakja hasonl\u00edt a m\u00f3kushoz, de f\u00fclei kicsik, l\u00e1baik viszonylag r\u00f6videk, l\u00e1bfejei nagyok.<br \/>\nSz\u0151rzet\u00e9nek sz\u00edne a sz\u00fcrk\u00e9t\u0151l a sz\u00fcrk\u00e9sbarn\u00e1ig terjed, a gerinc k\u00f6rny\u00e9k\u00e9n s\u00f6t\u00e9tebb s\u00e1vval. Teste alul feh\u00e9res. T\u00e1pl\u00e1l\u00e9k\u00e1t rovarok, magvak, gy\u00fcm\u00f6lcs\u00f6k (pl szeder), makk \u00e9s bizonyos \u00e9l\u0151helyeken mad\u00e1rtoj\u00e1sok alkotj\u00e1k.<br \/>\nJellemz\u0151en az id\u0151sebb, s\u0171r\u0171bb lombhullat\u00f3 erd\u0151ket kedveli, de el\u0151fordul parkokban, ligetes erd\u0151kben is, valamint kedveli az ember \u00e1ltal kialak\u00edtott \u00faj \u00e9l\u0151helyeket pl. a gy\u00fcm\u00f6lcs\u00f6s\u00f6ket is.<br \/>\nA mediterr\u00e1neumban szikl\u00e1s ter\u00fcleten is megtal\u00e1lhat\u00f3.<\/p>\n<h4>F\u0151bb vesz\u00e9lyeztet\u0151 t\u00e9nyez\u0151k<\/h4>\n<p>Eur\u00f3pa egyes orsz\u00e1gaiban rendszeresen vad\u00e1szt\u00e1k, de napjainkra ez a trad\u00edci\u00f3 visszaszorult. Olaszorsz\u00e1gban \u00e9s haz\u00e1nkban is v\u00e9dett faj. Nagy \u00f6sszef\u00fcgg\u0151 v\u00e1g\u00e1ster\u00fcletek l\u00e9tes\u00edt\u00e9se, az ezek nyom\u00e1n kialakul\u00f3 fiataloserd\u0151ter\u00fcletek, a nagy homog\u00e9n erd\u0151\u00e1llom\u00e1nyok kedvez\u0151tlenek sz\u00e1m\u00e1ra. Az odvas f\u00e1k kitermel\u00e9se, \u00e9l\u0151helyek\u00e9nek feldarabol\u00f3d\u00e1sa ugyancsak vesz\u00e9lyezteti.<\/p>\n<h4>Speci\u00e1lis term\u00e9szetv\u00e9delmi beavatkoz\u00e1sok<\/h4>\n<p>Homog\u00e9n erd\u0151\u00e1llom\u00e1nyok t\u00e9rszerkezet\u00e9nek jav\u00edt\u00e1sa, elegyfajok megseg\u00edt\u00e9se, odvas f\u00e1k k\u00edm\u00e9lete, \u00e1ll\u00f3 holtfa l\u00e9trehoz\u00e1sa.<\/p>\n<p style=\"text-align: left;\"><\/div><div class=\"col-md-6\">\n<p style=\"text-align: left;\"><img loading=\"lazy\" decoding=\"async\" class=\"wp-image-1641 aligncenter\" src=\"http:\/\/www.life4oakforests.eu\/wp-content\/uploads\/2019\/05\/nagy_pele-300x212.jpg\" alt=\"\" width=\"500\" height=\"353\" \/><\/p>\n<p style=\"text-align: left;\"><\/div><\/div>\n<p><b>Kapcsol\u00f3d\u00f3 projekt helysz\u00ednek<\/b><br \/>\nTihany<\/p>\n<p><b>Irodalom<\/b><\/p>\n<p>Tartuffe-ek, B. (2010). \u00abGlis glis (Rodentia: Gliridae)\u00bb. Mammalian Species. 42 (1): 195\u2013206.<\/p>\n<p>Kry\u0161tufek, B. 1999. Glis glis. In: A. J. Mitchell-Jones, G. Amori, W. Bogdanowicz, B. Kry\u0161tufek, P. J. H. Reijnders, F. Spitzenberger, M. Stubbe, J. B. M. Thissen, V. Vohral\u00edk and J. Zima (eds), The Atlas of European Mammals, pp. 294-295. Academic Press, London, UK.<\/p>\n<p>Macdonald, D.W. and Barrett, P. 1993. Mammals of Britain and Europe. Collins, London, UK.<\/p>\n<h6><\/h6>\n","protected":false},"excerpt":{"rendered":"<p>Kapcsol\u00f3d\u00f3 projekt helysz\u00ednek Tihany Irodalom Tartuffe-ek, B. (2010). \u00abGlis glis (Rodentia: Gliridae)\u00bb. Mammalian Species. 42 (1): 195\u2013206. Kry\u0161tufek, B. 1999. Glis glis. In: A. J. Mitchell-Jones, G. Amori, W. Bogdanowicz, B. Kry\u0161tufek, P. J. H. Reijnders, F. Spitzenberger, M. Stubbe, &hellip; <a href=\"https:\/\/hu.life4oakforests.eu\/es\/nagy-pele-glis-glis\/\">Leer m\u00e1s<\/a><\/p>\n","protected":false},"author":1,"featured_media":0,"parent":0,"menu_order":0,"comment_status":"closed","ping_status":"closed","template":"","meta":{"kt_blocks_editor_width":"","_monsterinsights_skip_tracking":false,"_monsterinsights_sitenote_active":false,"_monsterinsights_sitenote_note":"","_monsterinsights_sitenote_category":0,"footnotes":""},"class_list":["post-1291","page","type-page","status-publish","hentry"],"translation":{"provider":"WPGlobus","version":"3.0.1","language":"es","enabled_languages":["en","es","de","fr","ru"],"languages":{"en":{"title":true,"content":true,"excerpt":false},"es":{"title":false,"content":false,"excerpt":false},"de":{"title":false,"content":false,"excerpt":false},"fr":{"title":false,"content":false,"excerpt":false},"ru":{"title":false,"content":false,"excerpt":false}}},"aioseo_notices":[],"_links":{"self":[{"href":"https:\/\/hu.life4oakforests.eu\/es\/wp-json\/wp\/v2\/pages\/1291","targetHints":{"allow":["GET"]}}],"collection":[{"href":"https:\/\/hu.life4oakforests.eu\/es\/wp-json\/wp\/v2\/pages"}],"about":[{"href":"https:\/\/hu.life4oakforests.eu\/es\/wp-json\/wp\/v2\/types\/page"}],"author":[{"embeddable":true,"href":"https:\/\/hu.life4oakforests.eu\/es\/wp-json\/wp\/v2\/users\/1"}],"replies":[{"embeddable":true,"href":"https:\/\/hu.life4oakforests.eu\/es\/wp-json\/wp\/v2\/comments?post=1291"}],"version-history":[{"count":1,"href":"https:\/\/hu.life4oakforests.eu\/es\/wp-json\/wp\/v2\/pages\/1291\/revisions"}],"predecessor-version":[{"id":1293,"href":"https:\/\/hu.life4oakforests.eu\/es\/wp-json\/wp\/v2\/pages\/1291\/revisions\/1293"}],"wp:attachment":[{"href":"https:\/\/hu.life4oakforests.eu\/es\/wp-json\/wp\/v2\/media?parent=1291"}],"curies":[{"name":"wp","href":"https:\/\/api.w.org\/{rel}","templated":true}]}}