{"id":1285,"date":"2019-05-08T07:59:20","date_gmt":"2019-05-08T07:59:20","guid":{"rendered":"http:\/\/hu.life4oakforests.eu\/?page_id=1285"},"modified":"2019-05-08T07:59:20","modified_gmt":"2019-05-08T07:59:20","slug":"ember-homo-sapiens","status":"publish","type":"page","link":"https:\/\/hu.life4oakforests.eu\/es\/ember-homo-sapiens\/","title":{"rendered":"Ember (Homo sapiens)"},"content":{"rendered":"<p style=\"text-align: left;\"><div class=\"row\"> <div class=\"col-md-6\">\n<h4>Faj \u00e9s \u00e9l\u0151hely le\u00edr\u00e1s<\/h4>\n<p>Az ember ugyan jelent\u0151s m\u00e9rt\u00e9kben \u00e1talak\u00edtja a k\u00f6rnyezet\u00e9t \u00e9s a term\u00e9szetet, n\u00f6velve ezzel az emberis\u00e9g popul\u00e1ci\u00f3j\u00e1t, de ett\u0151l az ember m\u00e9g a term\u00e9szet elv\u00e1laszthatatlan r\u00e9sze. A k\u00f6rnyezetszennyez\u00e9s \u00e9s az \u00f6kol\u00f3giai rendszerek k\u00e1ros\u00edt\u00e1sa azonban napjainkban m\u00e1r olyan m\u00e9rt\u00e9k\u0171v\u00e9 v\u00e1lt, hogy ez m\u00e1s fajok \u00e9letfelt\u00e9telinek sz\u0171k\u00fcl\u00e9s\u00e9hez, s\u0151t kihal\u00e1s\u00e1hoz vezetett. S\u0151t, az ember ma m\u00e1r saj\u00e1t fennmarad\u00e1s\u00e1nak es\u00e9lyeit is cs\u00f6kkenti.<\/p>\n<p>Az emberis\u00e9g el\u00e9rkezett ahhoz a ponthoz, hogy most m\u00e1r jelent\u0151s szerepet kell v\u00e1llalnia a glob\u00e1lis \u00f6kol\u00f3giai folyamatok fenntart\u00e1s\u00e1ban, amelyekre id\u00e1ig nem volt gondja. A biodiverzit\u00e1s emberi t\u00e9nyez\u0151kre visszavezethet\u0151 drasztikus cs\u00f6kken\u00e9se fel\u00e9r a F\u00f6ld nagy kihal\u00e1si hull\u00e1mai sor\u00e1n t\u00f6rt\u00e9nt fajvesztes\u00e9gekkel. Az \u00fcvegh\u00e1zhat\u00e1s\u00fa g\u00e1zok kibocs\u00e1t\u00e1s\u00e1n kereszt\u00fcl megv\u00e1ltoztattunk F\u00f6ld\u00fcnk \u00e9ghajlat\u00e1t. Az emberi tev\u00e9kenys\u00e9gek k\u00f6vetkezt\u00e9ben terjednek az inv\u00e1zi\u00f3s fajok, amelynek k\u00f6vetkezt\u00e9ben egyar\u00e1nt cs\u00f6kkenhet a biol\u00f3giai sokf\u00e9les\u00e9g \u00e9s s\u00e9r\u00fclhet az \u00f6kosziszt\u00e9m\u00e1k m\u0171k\u00f6d\u00e9se, stabilit\u00e1sa.<\/p>\n<p>A negat\u00edv folyamatokat vissza kell ford\u00edtani. Az ember k\u00e9pes a biodiverzit\u00e1s cs\u00f6kken\u00e9s\u00e9nek meg\u00e1ll\u00edt\u00e1sra, glob\u00e1lis kl\u00edma szab\u00e1lyoz\u00e1s\u00e1ra, illetve az invaz\u00edv fajok terjed\u00e9s\u00e9nek megakad\u00e1lyoz\u00e1sra, kontroll\u00e1s\u00e1sra.<\/p>\n<p>Jelen projekt eset\u00e9ben, ha kis m\u00e9rt\u00e9kben is, de tesz\u00fcnk ez\u00e9rt. N\u00f6velj\u00fck a t\u00f6lgyesek szerkezeti \u00e9s \u00f6sszet\u00e9teli biol\u00f3giai sokf\u00e9les\u00e9g\u00e9t, f\u00e1kat \u00fcltet\u00fcnk ezzel is seg\u00edtve az \u00f6kol\u00f3giai funkci\u00f3k stabiliz\u00e1l\u00f3d\u00e1s\u00e1t.<\/p>\n<p>A Sas-hegyen k\u00fcl\u00f6n\u00f6sen \u00e9rezhet\u0151 az ember \u00e9s a term\u00e9szet \u00e9rintkez\u00e9se. A projekt ter\u00fclet egy v\u00e1rosi sz\u00f6vetben helyezkedik el. Ezen a ter\u00fcleten az ember \u00e9s a melegkedvel\u0151 molyhos t\u00f6lgyes karsztbokor erd\u0151 j\u00f3l megf\u00e9r egym\u00e1s mellett.<\/p>\n<p style=\"text-align: left;\"><\/div><div class=\"col-md-6\">\n<p style=\"text-align: left;\"><img loading=\"lazy\" decoding=\"async\" class=\"wp-image-1687 aligncenter\" src=\"http:\/\/www.life4oakforests.eu\/wp-content\/uploads\/2018\/08\/wise_man_m-300x150.png\" alt=\"\" width=\"500\" height=\"250\" \/><\/p>\n<p style=\"text-align: left;\"><\/div><\/div>\n<p><b>Kapcsol\u00f3d\u00f3 projekt helysz\u00ednek<\/b><\/p>\n<p>Budai-Sas hegy<\/p>\n<p><b>Irodalom<\/b><\/p>\n<p>Diamond, J. M. (1998). Guns, germs and steel: a short history of everybody for the last 13,000 years. Random House.<\/p>\n<p>&nbsp;<\/p>\n","protected":false},"excerpt":{"rendered":"<p>Kapcsol\u00f3d\u00f3 projekt helysz\u00ednek Budai-Sas hegy Irodalom Diamond, J. M. (1998). Guns, germs and steel: a short history of everybody for the last 13,000 years. Random House. &nbsp;<\/p>\n","protected":false},"author":1,"featured_media":0,"parent":0,"menu_order":0,"comment_status":"closed","ping_status":"closed","template":"","meta":{"kt_blocks_editor_width":"","_monsterinsights_skip_tracking":false,"_monsterinsights_sitenote_active":false,"_monsterinsights_sitenote_note":"","_monsterinsights_sitenote_category":0,"footnotes":""},"class_list":["post-1285","page","type-page","status-publish","hentry"],"translation":{"provider":"WPGlobus","version":"3.0.1","language":"es","enabled_languages":["en","es","de","fr","ru"],"languages":{"en":{"title":true,"content":true,"excerpt":false},"es":{"title":false,"content":false,"excerpt":false},"de":{"title":false,"content":false,"excerpt":false},"fr":{"title":false,"content":false,"excerpt":false},"ru":{"title":false,"content":false,"excerpt":false}}},"aioseo_notices":[],"_links":{"self":[{"href":"https:\/\/hu.life4oakforests.eu\/es\/wp-json\/wp\/v2\/pages\/1285","targetHints":{"allow":["GET"]}}],"collection":[{"href":"https:\/\/hu.life4oakforests.eu\/es\/wp-json\/wp\/v2\/pages"}],"about":[{"href":"https:\/\/hu.life4oakforests.eu\/es\/wp-json\/wp\/v2\/types\/page"}],"author":[{"embeddable":true,"href":"https:\/\/hu.life4oakforests.eu\/es\/wp-json\/wp\/v2\/users\/1"}],"replies":[{"embeddable":true,"href":"https:\/\/hu.life4oakforests.eu\/es\/wp-json\/wp\/v2\/comments?post=1285"}],"version-history":[{"count":1,"href":"https:\/\/hu.life4oakforests.eu\/es\/wp-json\/wp\/v2\/pages\/1285\/revisions"}],"predecessor-version":[{"id":1287,"href":"https:\/\/hu.life4oakforests.eu\/es\/wp-json\/wp\/v2\/pages\/1285\/revisions\/1287"}],"wp:attachment":[{"href":"https:\/\/hu.life4oakforests.eu\/es\/wp-json\/wp\/v2\/media?parent=1285"}],"curies":[{"name":"wp","href":"https:\/\/api.w.org\/{rel}","templated":true}]}}