{"id":1281,"date":"2019-05-08T07:56:56","date_gmt":"2019-05-08T07:56:56","guid":{"rendered":"http:\/\/hu.life4oakforests.eu\/?page_id=1281"},"modified":"2019-05-08T07:56:56","modified_gmt":"2019-05-08T07:56:56","slug":"dunai-berkenye-sorbus-danubialis","status":"publish","type":"page","link":"https:\/\/hu.life4oakforests.eu\/es\/dunai-berkenye-sorbus-danubialis\/","title":{"rendered":"Dunai berkenye (Sorbus danubialis)"},"content":{"rendered":"<p style=\"text-align: left;\"><div class=\"row\"> <div class=\"col-md-6\">\n<h4>Faj- \u00e9s \u00e9l\u0151hely ismertet\u00e9s<\/h4>\n<p>A dunai berkenye a szikla- \u00e9s bokorerd\u0151k, sziklai cserj\u00e9sek lak\u00f3ja. Magass\u00e1ga 2 \u00e9s ak\u00e1r 10 m\u00e9ter k\u00f6z\u00f6tt alakul; az erd\u00e9szeti jogszab\u00e1lyok szerint erdei fafajnak min\u0151s\u00fcl. Levele vastag, merev, fon\u00e1kja sz\u00fcrk\u00e9sfeh\u00e9ren molyhos. S\u00f6t\u00e9tpiros term\u00e9se legel\u0151 \u00e1llatok \u00e9s vadak t\u00e1pl\u00e1l\u00e9ka, de a hagyom\u00e1nyos t\u00e1jhaszn\u00e1latban vadgy\u00fcm\u00f6lcsk\u00e9nt is hasznos\u00edtott\u00e1k.<\/p>\n<h4>Vesz\u00e9lyeztet\u0151 t\u00e9nyez\u0151k<\/h4>\n<p>A kev\u00e9sb\u00e9 l\u00e1tv\u00e1nyos, kisebb termet\u0171 egyedek \u2013 v\u00e9detts\u00e9g\u00fck ellen\u00e9re \u2013 gyakran \u00e1ldozatul esnek a sematikus cserje-irt\u00e1soknak, fakitermel\u00e9seknek. A fakitermel\u0151k gyakran nem ismerik fel a v\u00e9dett berkenye-fajokat, amelyek egyedi jel\u00f6l\u00e9s, v\u00e9delem n\u00e9lk\u00fcl elveszhetnek. A kiv\u00e1gott egyedek gy\u00f6k\u00e9rr\u0151l, \u00e9s tusk\u00f3r\u00f3l j\u00f3l sarjadnak, de a t\u00faltartott vad\u00e1llom\u00e1ny visszar\u00e1gja \u00e9s elt\u00fcnteti a sarjhajt\u00e1sokat, csemet\u00e9ket.<\/p>\n<h4>Faj-specifikus kezel\u00e9sek<\/h4>\n<p>Az esztergomi projektter\u00fcleten m\u00e1ra m\u00e1r csak egyetlen egyede maradt fenn (Kis-Str\u00e1zsa-hegy), ez\u00e9rt tervezz\u00fck a visszatelep\u00edt\u00e9s\u00e9t k\u00fcl\u00f6nb\u00f6z\u0151 \u00e9l\u0151helyekre, n\u00f6v\u00e9nyt\u00e1rsul\u00e1sokba (404, 406, 407, \u00e9s 409-413 erd\u0151tagok, jellemz\u0151en utak ment\u00e9n, erd\u0151szeg\u00e9lyekben). Az elt\u00e9r\u0151 adotts\u00e1g\u00fa ter\u00fcletekre az arra jellemz\u0151 term\u0151helyi ig\u00e9ny\u0171 fajt kell \u00fcltetni, figyelembe v\u00e9ve az adott faj term\u00e9szetes elterjed\u00e9si ter\u00fclet\u00e9t is.<\/p>\n<p style=\"text-align: left;\"><\/div><div class=\"col-md-6\">\n<p><img loading=\"lazy\" decoding=\"async\" class=\"wp-image-1670 aligncenter\" src=\"http:\/\/www.life4oakforests.eu\/wp-content\/uploads\/2019\/05\/Dunai-berkenye_Sorbus-danubialis-03Sas-225x300.jpg\" alt=\"\" width=\"370\" height=\"491\" \/><\/p>\n<p style=\"text-align: left;\"><\/div><\/div>\n<p><b>Kapcsol\u00f3d\u00f3 projekt helysz\u00ednek<\/b><br \/>\nEsztergom<\/p>\n<p><b>Irodalom<\/b><br \/>\nBeech, E. &amp; Rivers, M.C. 2017. Sorbus danubialis. The IUCN Red List of Threatened Species 2017: e.T79748483A79748488. http:\/\/dx.doi.org\/10.2305\/IUCN.UK.2017-2.RLTS.T79748483A79748488.en.<\/p>\n<h6><\/h6>\n","protected":false},"excerpt":{"rendered":"<p>Kapcsol\u00f3d\u00f3 projekt helysz\u00ednek Esztergom Irodalom Beech, E. &amp; Rivers, M.C. 2017. Sorbus danubialis. The IUCN Red List of Threatened Species 2017: e.T79748483A79748488. http:\/\/dx.doi.org\/10.2305\/IUCN.UK.2017-2.RLTS.T79748483A79748488.en.<\/p>\n","protected":false},"author":1,"featured_media":0,"parent":0,"menu_order":0,"comment_status":"closed","ping_status":"closed","template":"","meta":{"kt_blocks_editor_width":"","_monsterinsights_skip_tracking":false,"_monsterinsights_sitenote_active":false,"_monsterinsights_sitenote_note":"","_monsterinsights_sitenote_category":0,"footnotes":""},"class_list":["post-1281","page","type-page","status-publish","hentry"],"translation":{"provider":"WPGlobus","version":"3.0.1","language":"es","enabled_languages":["en","es","de","fr","ru"],"languages":{"en":{"title":true,"content":true,"excerpt":false},"es":{"title":false,"content":false,"excerpt":false},"de":{"title":false,"content":false,"excerpt":false},"fr":{"title":false,"content":false,"excerpt":false},"ru":{"title":false,"content":false,"excerpt":false}}},"aioseo_notices":[],"_links":{"self":[{"href":"https:\/\/hu.life4oakforests.eu\/es\/wp-json\/wp\/v2\/pages\/1281","targetHints":{"allow":["GET"]}}],"collection":[{"href":"https:\/\/hu.life4oakforests.eu\/es\/wp-json\/wp\/v2\/pages"}],"about":[{"href":"https:\/\/hu.life4oakforests.eu\/es\/wp-json\/wp\/v2\/types\/page"}],"author":[{"embeddable":true,"href":"https:\/\/hu.life4oakforests.eu\/es\/wp-json\/wp\/v2\/users\/1"}],"replies":[{"embeddable":true,"href":"https:\/\/hu.life4oakforests.eu\/es\/wp-json\/wp\/v2\/comments?post=1281"}],"version-history":[{"count":1,"href":"https:\/\/hu.life4oakforests.eu\/es\/wp-json\/wp\/v2\/pages\/1281\/revisions"}],"predecessor-version":[{"id":1283,"href":"https:\/\/hu.life4oakforests.eu\/es\/wp-json\/wp\/v2\/pages\/1281\/revisions\/1283"}],"wp:attachment":[{"href":"https:\/\/hu.life4oakforests.eu\/es\/wp-json\/wp\/v2\/media?parent=1281"}],"curies":[{"name":"wp","href":"https:\/\/api.w.org\/{rel}","templated":true}]}}