{"id":1183,"date":"2019-05-01T23:47:25","date_gmt":"2019-05-01T23:47:25","guid":{"rendered":"http:\/\/hu.life4oakforests.eu\/?page_id=1183"},"modified":"2025-02-13T23:42:56","modified_gmt":"2025-02-13T23:42:56","slug":"tudomanyos-publikaciok","status":"publish","type":"page","link":"https:\/\/hu.life4oakforests.eu\/es\/tudomanyos-publikaciok\/","title":{"rendered":"Tudom\u00e1nyos publik\u00e1ci\u00f3k"},"content":{"rendered":"\n<div class=\"wp-block-columns is-layout-flex wp-container-core-columns-is-layout-9d6595d7 wp-block-columns-is-layout-flex\">\n<div class=\"wp-block-column is-layout-flow wp-block-column-is-layout-flow\">\n<h2 class=\"wp-block-heading has-text-align-center\">2019<\/h2>\n<\/div>\n\n\n\n<div class=\"wp-block-column is-layout-flow wp-block-column-is-layout-flow\">\n<h2 class=\"wp-block-heading has-text-align-center\">2020<\/h2>\n\n\n\n<p><a href=\"https:\/\/drive.google.com\/file\/d\/1tq5wgDWmzHFjUcC7L49dSggyaQS1EnXW\/view?usp=sharing\">&#8211; Pusztai t\u00f6lgyesek Nagyk\u0151r\u00f6s\u00f6n: gyepes erd\u0151k erd\u0151s gyepekkel vegy\u00edtve<\/a><\/p>\n\n\n\n<p><a href=\"https:\/\/drive.google.com\/file\/d\/1BHfKZacLYJ7YvaJpXJeWbJFM2ZbEZ7Gh\/view?usp=sharing\">&#8211; Feketefeny\u0151 visszaszor\u00edt\u00e1s a Sz\u00e9n\u00e1s-hegycsoport Eur\u00f3pa Diplom\u00e1s Ter\u00fcleten<\/a><\/p>\n\n\n\n<p><a href=\"https:\/\/drive.google.com\/file\/d\/1-PB7Dj2Xh7p4bjCPq5L7Z961qoeFRyGT\/view?usp=sharing\">&#8211; Erd\u0151szerkezet gazdag\u00edt\u00e1s az \u00d3csai T\u00e1jv\u00e9delmi K\u00f6rzetben<\/a><\/p>\n\n\n\n<p><a href=\"https:\/\/drive.google.com\/file\/d\/12Q44VnTb8pVeCsHzsbW3LuqsQV1yeeSU\/view?usp=sharing\" target=\"_blank\" rel=\"noopener\" title=\"\">&#8211; Frank Tam\u00e1s, Fidl\u00f3czky J\u00f3zsef, Dr. Koncz P\u00e9ter: V\u00e9dett Natura 2000 t\u00f6lgyesek term\u00e9szetv\u00e9delmi kezel\u00e9se<\/a><\/p>\n<\/div>\n\n\n\n<div class=\"wp-block-column is-layout-flow wp-block-column-is-layout-flow\">\n<h2 class=\"wp-block-heading has-text-align-center\">2021<\/h2>\n\n\n\n<p><a href=\"https:\/\/drive.google.com\/file\/d\/1uhHghm4okBXBgsrc6BOa-Ji4Am9bI9FD\/view?usp=sharing\" target=\"_blank\" rel=\"noopener\" title=\"\">&#8211; Frank Tam\u00e1s-Koncz P\u00e9ter-Vers J\u00f3zsef-Kov\u00e1cs \u00c1rp\u00e1d-Aszal\u00f3s R\u00e9ka-Veres Katalin-\u00d3dor P\u00e9ter-Fidl\u00f3czky J\u00f3zsef-B\u00f6l\u00f6ni J\u00e1nos:V\u00e9dett Natura 2000 t\u00f6lgyesek term\u00e9szetv\u00e9delmi kezel\u00e9se II. (cikk)<\/a><\/p>\n<\/div>\n<\/div>\n\n\n\n<p><\/p>\n\n\n\n<div class=\"wp-block-columns is-layout-flex wp-container-core-columns-is-layout-9d6595d7 wp-block-columns-is-layout-flex\">\n<div class=\"wp-block-column is-layout-flow wp-block-column-is-layout-flow\">\n<h2 class=\"wp-block-heading has-text-align-center\">2022<\/h2>\n\n\n\n<p><a href=\"https:\/\/drive.google.com\/file\/d\/1YuoHxTsf6xCObiyB7gexPjFKATuRreRD\/view?usp=sharing\" target=\"_blank\" rel=\"noopener\" title=\"\">&#8211; Frank Tam\u00e1s-dr.Koncz P\u00e9ter-Vers J\u00f3zsef-Kov\u00e1cs \u00c1rp\u00e1d-Horv\u00e1th Soma-dr.Aszal\u00f3s R\u00e9ka-dr.Veres Katalin-dr.\u00d3dor P\u00e9ter-Fidl\u00f3czky J\u00f3zsef-dr.B\u00f6l\u00f6ni J\u00e1nos:V\u00e9dett Natura 2000 t\u00f6lgyesek term\u00e9szetv\u00e9delmi kezel\u00e9se III. (cikk)<\/a><\/p>\n<\/div>\n\n\n\n<div class=\"wp-block-column is-layout-flow wp-block-column-is-layout-flow\">\n<h2 class=\"wp-block-heading has-text-align-center\">2023<\/h2>\n\n\n\n<p><a href=\"https:\/\/drive.google.com\/file\/d\/1pe_IoX27kPdoDmjCJOo8SyJDgeiC-zeN\/view?usp=sharing\" target=\"_blank\" rel=\"noopener\" title=\"\">&#8211; Frank Tam\u00e1s-Serena Petrocini-dr.Koncz P\u00e9ter-Vers J\u00f3zsef-Kov\u00e1cs \u00c1rp\u00e1d-dr.Aszal\u00f3s R\u00e9ka-dr.Veres Katalin-Koml\u00f3s Mariann- dr. N\u00e9meth Csaba-Kov\u00e1cs Bence-dr.\u00d3dor P\u00e9ter-Fidl\u00f3czky J\u00f3zsef-dr.B\u00f6l\u00f6ni J\u00e1nos:V\u00e9dett Natura 2000 t\u00f6lgyesek term\u00e9szetv\u00e9delmi kezel\u00e9se IV. (cikk)<\/a><\/p>\n\n\n\n<p><a href=\"https:\/\/drive.google.com\/file\/d\/1ZvlV6ECyVQYKWSNicc-lDt-FdLCn95sn\/view?usp=sharing\" target=\"_blank\" rel=\"noopener\" title=\"\">&#8211; Szil\u00e1gyi Sarolta: Term\u00e9szetv\u00e9delmi c\u00e9l\u00fa l\u00e9knyit\u00e1sok hat\u00e1sai cseres t\u00f6lgyes erd\u0151k \u00fajulat\u00e1ra (TDK dolgozat)<\/a><\/p>\n<\/div>\n\n\n\n<div class=\"wp-block-column is-layout-flow wp-block-column-is-layout-flow\">\n<h2 class=\"wp-block-heading has-text-align-center\">2024<\/h2>\n\n\n\n<p><a href=\"https:\/\/drive.google.com\/file\/d\/11Xh9eSm-IDWEilC4aw69s4tiZvTMtvM5\/view?usp=drive_link\" target=\"_blank\" rel=\"noopener\" title=\"\">&#8211; Frank P\u00e9ter: A fekv\u0151 holtfa szerepe egyes gerinces \u00e1llatfajok \u00e9l\u0151helyhaszn\u00e1lat\u00e1ban (szakdolgozat)<\/a><\/p>\n\n\n\n<div style=\"height:29px\" aria-hidden=\"true\" class=\"wp-block-spacer\"><\/div>\n\n\n\n<p><\/p>\n<\/div>\n<\/div>\n\n\n\n<div class=\"wp-block-columns is-layout-flex wp-container-core-columns-is-layout-9d6595d7 wp-block-columns-is-layout-flex\">\n<div class=\"wp-block-column is-layout-flow wp-block-column-is-layout-flow\">\n<h2 class=\"wp-block-heading has-text-align-center\">2025<\/h2>\n\n\n\n<p><a href=\"https:\/\/drive.google.com\/file\/d\/1SNxQnxmPu2G3SPV0DPJ46i8BSveBtrup\/view?usp=drive_link\" target=\"_blank\" rel=\"noopener\" title=\"\">&#8211; Serena Petroncini, Lorenso Cangini, Matteo Roucco, Fidl\u00f3czky J\u00f3zsef, Frank Tam\u00e1s<br>V\u00e9dett Natura 2000 t\u00f6lgyesek term\u00e9szetv\u00e9delmi kezel\u00e9se V. (cikk)<br>Mikro\u00e9l\u0151helyek kialak\u00edt\u00e1sa az olaszorsz\u00e1gi Vena del Gesso Romagnola Region\u00e1lis Parkban (Erd\u00e9szeti Lapok, CXL \u00e9vf., 2025. Janu\u00e1r, p6-11)<\/a><\/p>\n<\/div>\n\n\n\n<div class=\"wp-block-column is-layout-flow wp-block-column-is-layout-flow\">\n<h2 class=\"wp-block-heading has-text-align-center\">2026<\/h2>\n\n\n\n<p><\/p>\n\n\n\n<p><\/p>\n<\/div>\n\n\n\n<div class=\"wp-block-column is-layout-flow wp-block-column-is-layout-flow\">\n<h2 class=\"wp-block-heading has-text-align-center\">2027<\/h2>\n\n\n\n<p><a href=\"https:\/\/drive.google.com\/file\/d\/11Xh9eSm-IDWEilC4aw69s4tiZvTMtvM5\/view?usp=drive_link\" target=\"_blank\" rel=\"noopener\" title=\"\">&#8211; F<\/a><\/p>\n<\/div>\n<\/div>\n","protected":false},"excerpt":{"rendered":"<p>2019 2020 &#8211; Pusztai t\u00f6lgyesek Nagyk\u0151r\u00f6s\u00f6n: gyepes erd\u0151k erd\u0151s gyepekkel vegy\u00edtve &#8211; Feketefeny\u0151 visszaszor\u00edt\u00e1s a Sz\u00e9n\u00e1s-hegycsoport Eur\u00f3pa Diplom\u00e1s Ter\u00fcleten &#8211; Erd\u0151szerkezet gazdag\u00edt\u00e1s az \u00d3csai T\u00e1jv\u00e9delmi K\u00f6rzetben &#8211; Frank Tam\u00e1s, Fidl\u00f3czky J\u00f3zsef, Dr. Koncz P\u00e9ter: V\u00e9dett Natura 2000 t\u00f6lgyesek term\u00e9szetv\u00e9delmi kezel\u00e9se &hellip; <a href=\"https:\/\/hu.life4oakforests.eu\/es\/tudomanyos-publikaciok\/\">Leer m\u00e1s<\/a><\/p>\n","protected":false},"author":1,"featured_media":0,"parent":0,"menu_order":0,"comment_status":"closed","ping_status":"closed","template":"","meta":{"kt_blocks_editor_width":"","_monsterinsights_skip_tracking":false,"_monsterinsights_sitenote_active":false,"_monsterinsights_sitenote_note":"","_monsterinsights_sitenote_category":0,"footnotes":""},"class_list":["post-1183","page","type-page","status-publish","hentry"],"translation":{"provider":"WPGlobus","version":"3.0.1","language":"es","enabled_languages":["en","es","de","fr","ru"],"languages":{"en":{"title":true,"content":true,"excerpt":false},"es":{"title":false,"content":false,"excerpt":false},"de":{"title":false,"content":false,"excerpt":false},"fr":{"title":false,"content":false,"excerpt":false},"ru":{"title":false,"content":false,"excerpt":false}}},"aioseo_notices":[],"_links":{"self":[{"href":"https:\/\/hu.life4oakforests.eu\/es\/wp-json\/wp\/v2\/pages\/1183","targetHints":{"allow":["GET"]}}],"collection":[{"href":"https:\/\/hu.life4oakforests.eu\/es\/wp-json\/wp\/v2\/pages"}],"about":[{"href":"https:\/\/hu.life4oakforests.eu\/es\/wp-json\/wp\/v2\/types\/page"}],"author":[{"embeddable":true,"href":"https:\/\/hu.life4oakforests.eu\/es\/wp-json\/wp\/v2\/users\/1"}],"replies":[{"embeddable":true,"href":"https:\/\/hu.life4oakforests.eu\/es\/wp-json\/wp\/v2\/comments?post=1183"}],"version-history":[{"count":10,"href":"https:\/\/hu.life4oakforests.eu\/es\/wp-json\/wp\/v2\/pages\/1183\/revisions"}],"predecessor-version":[{"id":5422,"href":"https:\/\/hu.life4oakforests.eu\/es\/wp-json\/wp\/v2\/pages\/1183\/revisions\/5422"}],"wp:attachment":[{"href":"https:\/\/hu.life4oakforests.eu\/es\/wp-json\/wp\/v2\/media?parent=1183"}],"curies":[{"name":"wp","href":"https:\/\/api.w.org\/{rel}","templated":true}]}}