{"id":1109,"date":"2019-05-01T21:07:31","date_gmt":"2019-05-01T21:07:31","guid":{"rendered":"http:\/\/hu.life4oakforests.eu\/?page_id=1109"},"modified":"2026-02-10T08:46:29","modified_gmt":"2026-02-10T08:46:29","slug":"tevekenysegek","status":"publish","type":"page","link":"https:\/\/hu.life4oakforests.eu\/es\/tevekenysegek\/","title":{"rendered":"Tev\u00e9kenys\u00e9gek"},"content":{"rendered":"<div class=\"row\"> <div class=\"col-md-2\">\n<\/div><div class=\"col-md-8\">\n<h5><b>El\u0151k\u00e9sz\u00edt\u0151 tev\u00e9kenys\u00e9gek, kezel\u00e9si \u00fatmutat\u00f3 kidolgoz\u00e1sa (A1)<\/b><\/h5>\n<p><span style=\"font-weight: 400;\">A projekt a term\u00e9szetes t\u00f6lgyerd\u0151kre jellemz\u0151 \u00f6kol\u00f3giai \u00e1llapotok vissza\u00e1ll\u00edt\u00e1s\u00e1ra koncentr\u00e1l. Ehhez felm\u00e9rj\u00fck a m\u00e9g fellelhet\u0151 <\/span><b>referencia erd\u0151k <\/b><span style=\"font-weight: 400;\">\u00e1llapot\u00e1t, \u00f6sszegy\u0171jtj\u00fck a hazai \u00e9s a nemzetk\u00f6zi <\/span><b>szakirodalmi <\/b><span style=\"font-weight: 400;\">adatokat, le\u00edr\u00e1sokat, valamint szintetiz\u00e1ljuk az eddig alkalmazott term\u00e9szetv\u00e9delmi kezel\u00e9sek hat\u00e9konys\u00e1g\u00e1t. Mindezek eredm\u00e9nyek\u00e9nt kidolgozunk egy term\u00e9szetv\u00e9delmi <\/span><b>kezel\u00e9si \u00fatmutat\u00f3t<\/b><span style=\"font-weight: 400;\">, ami ir\u00e1nymutat\u00e1st ny\u00fajt a term\u00e9szetes erd\u0151k helyre\u00e1ll\u00edt\u00e1s\u00e1hoz.<\/span><\/p>\n<h5><b>Erd\u0151k megv\u00e1s\u00e1rl\u00e1sa (B1)<\/b><\/h5>\n<p><span style=\"font-weight: 400;\">T\u00f6lgyerd\u0151k <\/span><b>megv\u00e1s\u00e1rl\u00e1s\u00e1val \u00e9s nemzeti parki kezel\u00e9s\u00e9vel <\/b><span style=\"font-weight: 400;\">biztos\u00edtjuk, hogy term\u00e9szetes t\u00f6lgyerd\u0151kre jellemz\u0151 \u00f6kol\u00f3giai \u00e1llapotok, biodiverzit\u00e1s hossz\u00fa t\u00e1von ki tudjon alakulni.<\/span><\/p>\n<h5><b>Term\u00e9szetv\u00e9delmi kezel\u00e9sek (C1)<\/b><\/h5>\n<p><span style=\"font-weight: 400;\">A kidolgozott term\u00e9szetv\u00e9delmi kezel\u00e9si \u00fatmutat\u00f3 alapj\u00e1n a nemzeti parkok kezel\u00e9s\u00e9ben l\u00e9v\u0151 Natura 2000 ter\u00fcleten <\/span><b>v\u00e9grehajtjuk a term\u00e9szetv\u00e9delmi erd\u0151kezel\u00e9seket<\/b><span style=\"font-weight: 400;\">, helyre\u00e1ll\u00edtjuk a term\u00e9szetes erd\u0151kre jellemz\u0151 <\/span><b>szerkezetet <\/b><span style=\"font-weight: 400;\">\u00e9s <\/span><b>biol\u00f3giai sokf\u00e9les\u00e9get<\/b><span style=\"font-weight: 400;\">, valamint megseg\u00edtj\u00fck a term\u00e9sztes erd\u0151kre jellemz\u0151 erd\u0151dinamikai folyamatokat. A c\u00e9l \u00e9rdek\u00e9ben k\u00fcl\u00f6nb\u00f6z\u0151 eszk\u00f6z\u00f6ket alkalmazunk pl. k\u00fcl\u00f6nb\u00f6z\u0151 m\u00e9ret\u0171 \u00e9s funkci\u00f3j\u00fa l\u00e9keket nyitunk, v\u00e1ltozatos holtfa form\u00e1kat, mikro-\u00e9l\u0151helyeket hozunk l\u00e9tre, megseg\u00edtj\u00fck az erd\u0151 fel\u00fajul\u00e1si folyamatait. A projekt keret\u00e9ben tov\u00e1bb\u00e1 <\/span><b>visszaszor\u00edtjuk az invaz\u00edv fafajokat<\/b><span style=\"font-weight: 400;\"> \u00e9s <\/span><b>vadkiz\u00e1r\u0151 ker\u00edt\u00e9sek \u00e9p\u00edt\u00e9s\u00e9vel<\/b><span style=\"font-weight: 400;\"> kiz\u00e1rjuk a t\u00faltartott cs\u00fclk\u00f6s vad\u00e1llom\u00e1ny k\u00e1ros\u00edt\u00f3 hat\u00e1s\u00e1t..<\/span><\/p>\n<h5><b>Monitoring (A2, D1)<\/b><\/h5>\n<p><span style=\"font-weight: 400;\">Az elv\u00e9gzett term\u00e9szetv\u00e9delmi erd\u0151kezel\u00e9sek hat\u00e1s\u00e1t intenz\u00edv <\/span><b>fa\u00e1llom\u00e1nyszerkezeti<\/b><span style=\"font-weight: 400;\">, <\/span><b>botanikai <\/b><span style=\"font-weight: 400;\">\u00e9s <\/span><b>zool\u00f3gai monitoring <\/b><span style=\"font-weight: 400;\">seg\u00edts\u00e9g\u00e9vel vizsg\u00e1ljuk meg. Ehhez m\u00e1sok sz\u00e1m\u00e1ra is adapt\u00e1lhat\u00f3 <\/span><b>monitoring protokollt <\/b><span style=\"font-weight: 400;\">dolgozunk ki.<\/span><\/p>\n<h5><b>\u00c9rt\u00e9kel\u00e9s (D2 and D4)<\/b><\/h5>\n<p><span style=\"font-weight: 400;\">A monitoring seg\u00edts\u00e9g\u00e9vel <\/span><b>ki\u00e9rt\u00e9kelj\u00fck <\/b><span style=\"font-weight: 400;\">a term\u00e9szetv\u00e9delmi kezel\u00e9sek <\/span><b>hat\u00e1s\u00e1t <\/b><span style=\"font-weight: 400;\">\u00e9s sz\u00e9lesebb, <\/span><b>t\u00e1rsadalmi-gazdas\u00e1gi<\/b><span style=\"font-weight: 400;\"> kontextusban elemezz\u00fck a kezel\u00e9sek kivitelezhet\u0151s\u00e9g\u00e9t, illetve \u00f6kosziszt\u00e9ma-szolg\u00e1ltat\u00e1sokra gyakorolt hat\u00e1s\u00e1t.\u00a0<\/span><\/p>\n<h5><b>Szakmai kommunik\u00e1ci\u00f3 (E1)<\/b><\/h5>\n<p><span style=\"font-weight: 400;\">A tapasztalatokat \u00e9s az eredm\u00e9nyeket folyamatosan megosztjuk a sz\u00e9lesebb szakmai k\u00f6z\u00f6ns\u00e9ggel (gazd\u00e1lkod\u00f3k, erd\u00e9szek, term\u00e9szetv\u00e9d\u0151k, kutat\u00f3k). Az eredm\u00e9nyeket folyamatosan publik\u00e1ljuk, bemutatjuk. Szervez\u00fcnk egy nemzetk\u00f6zi konferenci\u00e1t, ahol bemutatjuk, megvitatjuk a projekt eredm\u00e9nyeket.<\/span><\/p>\n<p><b>Ismeretterjeszt\u00e9s, bevon\u00e1s<\/b> <b>(E2)<\/b><\/p>\n<h5><span style=\"font-weight: 400;\">Intenz\u00edv figyelemfelkelt\u00e9s, rendezv\u00e9nyek keret\u00e9ben bevonjuk a <\/span><b>nyilv\u00e1noss\u00e1got<\/b><span style=\"font-weight: 400;\">, a civil szf\u00e9r\u00e1t, a laikus \u00e9rdekl\u0151d\u0151ket, valamint a d\u00f6nt\u00e9shoz\u00f3kat.\u00a0 <\/span><b>El\u0151ad\u00e1sokat<\/b><span style=\"font-weight: 400;\">, <\/span><b>terepi bemutat\u00f3kat<\/b><span style=\"font-weight: 400;\"> szervez\u00fcnk az erd\u00e9szeti tan\u00e1rok \u00e9s di\u00e1kok r\u00e9sz\u00e9re. Ismeretterjesz\u0151 \u00e9s szakmai <\/span><b>cikkeket publik\u00e1lunk<\/b><span style=\"font-weight: 400;\"> a term\u00e9szetv\u00e9delmi erd\u0151kezel\u00e9sek technol\u00f3gi\u00e1j\u00e1r\u00f3l, a projket eredm\u00e9nyeir\u0151l, \u00e9rdekess\u00e9geir\u0151l. <\/span><b>\u00d6nk\u00e9ntes napokat, terepgyakorlat, erd\u0151ismereti programokat<\/b><span style=\"font-weight: 400;\"> szervez\u00fcnk. Kapcsolatokat teremt\u00fcnk hasonl\u00f3 projektekkel \u00e9s szakemberekkel. A kezel\u00e9sekr\u0151l <\/span><b>inform\u00e1ci\u00f3s t\u00e1bl\u00e1kat<\/b><span style=\"font-weight: 400;\"> helyez\u00fcnk ki. A projekt el\u0151rehalad\u00e1s\u00e1r\u00f3l a m\u00e9di\u00e1ban, sajt\u00f3ban is h\u00edrt adunk. <\/span><\/h5>\n<\/div><div class=\"col-md-4\">\n<\/div><\/div>\n<div><\/div>\n<div><\/div>\n<div><\/div>\n<div><\/div>\n<div><\/div>\n<div><\/div>\n<div style=\"\u201dwidth: 50%; padding: 0;\"><\/div>\n","protected":false},"excerpt":{"rendered":"","protected":false},"author":1,"featured_media":0,"parent":0,"menu_order":0,"comment_status":"closed","ping_status":"closed","template":"","meta":{"kt_blocks_editor_width":"","_monsterinsights_skip_tracking":false,"_monsterinsights_sitenote_active":false,"_monsterinsights_sitenote_note":"","_monsterinsights_sitenote_category":0,"footnotes":""},"class_list":["post-1109","page","type-page","status-publish","hentry"],"translation":{"provider":"WPGlobus","version":"3.0.1","language":"es","enabled_languages":["en","es","de","fr","ru"],"languages":{"en":{"title":true,"content":true,"excerpt":false},"es":{"title":false,"content":false,"excerpt":false},"de":{"title":false,"content":false,"excerpt":false},"fr":{"title":false,"content":false,"excerpt":false},"ru":{"title":false,"content":false,"excerpt":false}}},"aioseo_notices":[],"_links":{"self":[{"href":"https:\/\/hu.life4oakforests.eu\/es\/wp-json\/wp\/v2\/pages\/1109","targetHints":{"allow":["GET"]}}],"collection":[{"href":"https:\/\/hu.life4oakforests.eu\/es\/wp-json\/wp\/v2\/pages"}],"about":[{"href":"https:\/\/hu.life4oakforests.eu\/es\/wp-json\/wp\/v2\/types\/page"}],"author":[{"embeddable":true,"href":"https:\/\/hu.life4oakforests.eu\/es\/wp-json\/wp\/v2\/users\/1"}],"replies":[{"embeddable":true,"href":"https:\/\/hu.life4oakforests.eu\/es\/wp-json\/wp\/v2\/comments?post=1109"}],"version-history":[{"count":3,"href":"https:\/\/hu.life4oakforests.eu\/es\/wp-json\/wp\/v2\/pages\/1109\/revisions"}],"predecessor-version":[{"id":8515,"href":"https:\/\/hu.life4oakforests.eu\/es\/wp-json\/wp\/v2\/pages\/1109\/revisions\/8515"}],"wp:attachment":[{"href":"https:\/\/hu.life4oakforests.eu\/es\/wp-json\/wp\/v2\/media?parent=1109"}],"curies":[{"name":"wp","href":"https:\/\/api.w.org\/{rel}","templated":true}]}}