{"id":6845,"date":"2025-07-10T07:49:29","date_gmt":"2025-07-10T07:49:29","guid":{"rendered":"https:\/\/hu.life4oakforests.eu\/?page_id=6845"},"modified":"2026-03-30T06:05:26","modified_gmt":"2026-03-30T06:05:26","slug":"tolgyes-elohelyek-letrehozasa","status":"publish","type":"page","link":"https:\/\/hu.life4oakforests.eu\/de\/tolgyes-elohelyek-letrehozasa\/","title":{"rendered":"T\u00f6lgyes \u00e9l\u0151helyek l\u00e9trehoz\u00e1sa"},"content":{"rendered":"\n<p><a href=\"https:\/\/drive.google.com\/file\/d\/1bIH4GcJBbynxW_5grUgv5RyV0bI7ibZt\/view?usp=drive_link\" title=\"\">T\u00f6lgyes \u00e9l\u0151helyek l\u00e9trehoz\u00e1sa kiadv\u00e1ny let\u00f6lt\u00e9se.<\/a><\/p>\n\n\n<style>.wp-block-kadence-advancedheading.kt-adv-heading6845_db869b-1b, .wp-block-kadence-advancedheading.kt-adv-heading6845_db869b-1b[data-kb-block=\"kb-adv-heading6845_db869b-1b\"]{text-align:center;font-style:normal;}.wp-block-kadence-advancedheading.kt-adv-heading6845_db869b-1b mark.kt-highlight, .wp-block-kadence-advancedheading.kt-adv-heading6845_db869b-1b[data-kb-block=\"kb-adv-heading6845_db869b-1b\"] mark.kt-highlight{font-style:normal;color:#f76a0c;-webkit-box-decoration-break:clone;box-decoration-break:clone;padding-top:0px;padding-right:0px;padding-bottom:0px;padding-left:0px;}.wp-block-kadence-advancedheading.kt-adv-heading6845_db869b-1b img.kb-inline-image, .wp-block-kadence-advancedheading.kt-adv-heading6845_db869b-1b[data-kb-block=\"kb-adv-heading6845_db869b-1b\"] img.kb-inline-image{width:150px;vertical-align:baseline;}<\/style>\n<h3 class=\"kt-adv-heading6845_db869b-1b wp-block-kadence-advancedheading\" data-kb-block=\"kb-adv-heading6845_db869b-1b\">A T\u00f6lgyes \u00e9l\u0151helyek l\u00e9trehoz\u00e1sa c. kiadv\u00e1nyban haszn\u00e1lt r\u00f6vid\u00edt\u00e9sek felold\u00e1sa<\/h3>\n\n\n\n<div data-wp-interactive=\"core\/file\" class=\"wp-block-file\"><object data-wp-bind--hidden=\"!state.hasPdfPreview\" hidden class=\"wp-block-file__embed\" data=\"https:\/\/hu.life4oakforests.eu\/wp-content\/uploads\/2025\/07\/Leiro_lap_kodjegyzek___teljes_2021-1.pdf\" type=\"application\/pdf\" style=\"width:100%;height:600px\" aria-label=\"Einbettung von Leiro_lap_kodjegyzek___teljes_2021 (1).\"><\/object><a id=\"wp-block-file--media-7340c320-3621-4bbe-b72b-c23f00592c8f\" href=\"https:\/\/hu.life4oakforests.eu\/wp-content\/uploads\/2025\/07\/Leiro_lap_kodjegyzek___teljes_2021-1.pdf\">Leiro_lap_kodjegyzek___teljes_2021 (1)<\/a><a href=\"https:\/\/hu.life4oakforests.eu\/wp-content\/uploads\/2025\/07\/Leiro_lap_kodjegyzek___teljes_2021-1.pdf\" class=\"wp-block-file__button wp-element-button\" download aria-describedby=\"wp-block-file--media-7340c320-3621-4bbe-b72b-c23f00592c8f\">Let\u00f6lt\u00e9s<\/a><\/div>\n","protected":false},"excerpt":{"rendered":"<p>T\u00f6lgyes \u00e9l\u0151helyek l\u00e9trehoz\u00e1sa kiadv\u00e1ny let\u00f6lt\u00e9se. A T\u00f6lgyes \u00e9l\u0151helyek l\u00e9trehoz\u00e1sa c. kiadv\u00e1nyban haszn\u00e1lt r\u00f6vid\u00edt\u00e9sek felold\u00e1sa<\/p>\n","protected":false},"author":1,"featured_media":0,"parent":0,"menu_order":0,"comment_status":"closed","ping_status":"closed","template":"","meta":{"kt_blocks_editor_width":"","_monsterinsights_skip_tracking":false,"_monsterinsights_sitenote_active":false,"_monsterinsights_sitenote_note":"","_monsterinsights_sitenote_category":0,"footnotes":""},"class_list":["post-6845","page","type-page","status-publish","hentry"],"translation":{"provider":"WPGlobus","version":"3.0.1","language":"de","enabled_languages":["en","es","de","fr","ru"],"languages":{"en":{"title":true,"content":true,"excerpt":false},"es":{"title":false,"content":false,"excerpt":false},"de":{"title":false,"content":false,"excerpt":false},"fr":{"title":false,"content":false,"excerpt":false},"ru":{"title":false,"content":false,"excerpt":false}}},"aioseo_notices":[],"_links":{"self":[{"href":"https:\/\/hu.life4oakforests.eu\/de\/wp-json\/wp\/v2\/pages\/6845","targetHints":{"allow":["GET"]}}],"collection":[{"href":"https:\/\/hu.life4oakforests.eu\/de\/wp-json\/wp\/v2\/pages"}],"about":[{"href":"https:\/\/hu.life4oakforests.eu\/de\/wp-json\/wp\/v2\/types\/page"}],"author":[{"embeddable":true,"href":"https:\/\/hu.life4oakforests.eu\/de\/wp-json\/wp\/v2\/users\/1"}],"replies":[{"embeddable":true,"href":"https:\/\/hu.life4oakforests.eu\/de\/wp-json\/wp\/v2\/comments?post=6845"}],"version-history":[{"count":5,"href":"https:\/\/hu.life4oakforests.eu\/de\/wp-json\/wp\/v2\/pages\/6845\/revisions"}],"predecessor-version":[{"id":8893,"href":"https:\/\/hu.life4oakforests.eu\/de\/wp-json\/wp\/v2\/pages\/6845\/revisions\/8893"}],"wp:attachment":[{"href":"https:\/\/hu.life4oakforests.eu\/de\/wp-json\/wp\/v2\/media?parent=6845"}],"curies":[{"name":"wp","href":"https:\/\/api.w.org\/{rel}","templated":true}]}}