{"id":569,"date":"2018-05-08T11:42:13","date_gmt":"2018-05-08T11:42:13","guid":{"rendered":"http:\/\/www.hu.life4oakforests.eu\/?page_id=569"},"modified":"2025-03-06T10:23:12","modified_gmt":"2025-03-06T10:23:12","slug":"felsotarkanyi-barat-erdo","status":"publish","type":"page","link":"https:\/\/hu.life4oakforests.eu\/de\/felsotarkanyi-barat-erdo\/","title":{"rendered":"Fels\u0151t\u00e1rk\u00e1nyi Bar\u00e1t-erd\u0151"},"content":{"rendered":"<h4 style=\"text-align: center;\"><strong>Projektter\u00fclet \u00e1ltal\u00e1nos le\u00edr\u00e1sa<\/strong><\/h4>\n<div class=\"row\"> <div class=\"col-md-6\">\n<p>A projektter\u00fclet neve: Fels\u0151t\u00e1rk\u00e1nyi Bar\u00e1t-erd\u0151<\/p>\n<p>Ter\u00fclet (ha): 99,030<\/p>\n<p>EU v\u00e9delmi jog\u00e1ll\u00e1s: K\u00fcl\u00f6nleges Mad\u00e1rv\u00e9delmi Ter\u00fclet (SPA): HUBN10001, K\u00fcl\u00f6nleges Term\u00e9szetmeg\u0151rz\u00e9si Ter\u00fclet (SCI): HUBN20002<\/p>\n<p>Egy\u00e9b jog\u00e1ll\u00e1s nemzeti vagy region\u00e1lis szab\u00e1lyoz\u00e1s \u00e9rtelm\u00e9ben: Nemzeti park<\/p>\n<p>A projektter\u00fcet hasznos\u00edt\u00e1sa: F\u00f6ldhaszn\u00e1lat: Term\u00e9szetv\u00e9delem 100%<\/p>\n<p>Tulajdonjogi st\u00e1tusz: \u00c1llami tulajdon 100%<\/p>\n<\/div><div class=\"col-md-6\">\n<p><img loading=\"lazy\" decoding=\"async\" class=\"wp-image-1482 aligncenter\" src=\"http:\/\/www.life4oakforests.eu\/wp-content\/uploads\/2018\/05\/Felsotarkany_Barat_erdo2-300x225.jpg\" alt=\"\" width=\"430\" height=\"324\" \/><\/p>\n<\/div><\/div>\n<h3><\/h3>\n<h4 style=\"text-align: center;\">Projektter\u00fclet tudom\u00e1nyos le\u00edr\u00e1sa<\/h4>\n<p>A projektter\u00fclet a D\u00e9lnyugat-B\u00fckk f\u0151k\u00e9nt nem karsztos r\u00e9szein tal\u00e1lhat\u00f3. A ter\u00fclet jellemz\u0151 \u00e9l\u0151helyei a 91G0*pannon gyerty\u00e1nos-t\u00f6lgyesek Quercus petraea-val\u00a0\u00e9s Carpinus betulus-szal (78%), de vannak itt 91M0 pannon cseres-t\u00f6lgyesek (8%), valamint a 91H0* pannon molyhos t\u00f6lgyesek Quercus pubescens-szel\u00a0(2%), \u00e9s 9180* lajt\u0151t\u00f6rmel\u00e9k- \u00e9s szurdokerd\u0151k (1%).<br \/>\nA ter\u00fclet legfontosabb n\u00f6v\u00e9nyei a <em>kikeleti h\u00f3vir\u00e1g, le\u00e1nyk\u00f6k\u00f6rcsin<\/em> \u00e9s <em>Janka-tars\u00f3ka<\/em>.<\/p>\n<p>A ter\u00fclet kiemelt \u00e1llatai:<\/p>\n<ul>\n<li>Eml\u0151s\u00f6k:\u00a0<em>Nyugati piszedenev\u00e9r, erdei pele, k\u00f6z\u00f6ns\u00e9ges k\u00e9seidenev\u00e9r, nagy pele,\u00a0<\/em><em>hossz\u00fasz\u00e1rny\u00fa denev\u00e9r, r\u0151t koraidenev\u00e9r, szopr\u00e1n t\u00f6rpedenev\u00e9r, k\u00f6z\u00f6ns\u00e9ges t\u00f6rpedenev\u00e9r.<\/em><\/li>\n<li>Madarak:\u00a0<em>B\u00e9k\u00e1sz\u00f3 sas, uhu, fekete hark\u00e1ly, feh\u00e9rh\u00e1t\u00fa fakop\u00e1ncs, \u00f6rv\u00f6s l\u00e9gykap\u00f3, hamvas k\u00fcll\u0151, macskabagoly.<\/em><\/li>\n<li>Bogarak: <em>Nagy h\u0151scinc\u00e9r, b\u00fckkfa-d\u00edszbog\u00e1r, t\u00f6lgyfa-d\u00edszbog\u00e1r, nagy szarvasbog\u00e1r<\/em><\/li>\n<li>Lepk\u00e9k:\u00a0<em>Magyar tavaszi-f\u00e9s\u0171sbagolylepke<\/em><\/li>\n<\/ul>\n<h4><\/h4>\n<h4 style=\"text-align: center;\"><strong>A projektter\u00fclet jelent\u0151s\u00e9ge a biol\u00f3giai sokf\u00e9les\u00e9g \u00e9s \/ vagy a region\u00e1lis, nemzeti \u00e9s uni\u00f3s szinten c\u00e9lzott fajok \/ \u00e9l\u0151helyt\u00edpusok meg\u0151rz\u00e9se szempontj\u00e1b\u00f3l<br \/>\n<\/strong><\/h4>\n<p>A ter\u00fcleten tal\u00e1lhat\u00f3 melegkedvel\u0151 t\u00f6lgyerd\u0151k &#8211; a k\u0151zettani \u00e9s domborzati soksz\u00edn\u0171s\u00e9g j\u00f3volt\u00e1b\u00f3l &#8211; nagy sz\u00e1mban k\u00e9pviseltetik magukat, k\u00fcl\u00f6nleges \u00e1llat-\u00e9s n\u00f6v\u00e9nyvil\u00e1gnak teret engedve.<br \/>\nAzokon a ter\u00fcleteken, ahol a geol\u00f3giai, geomorfol\u00f3giai \u00e9s mikroklimatikus sokf\u00e9les\u00e9g \u00e1tfog\u00f3 antropog\u00e9n hat\u00e1ssal j\u00e1rt, jelent\u0151s fajgazdagod\u00e1sra ker\u00fclt sor, hiszen sok faj leteleped\u00e9s\u00e9nek kedvezett \u00e9s hozz\u00e1j\u00e1rult a popul\u00e1ci\u00f3k stabilit\u00e1s\u00e1hoz. A k\u00fcl\u00f6nf\u00e9le t\u00f6lgyerd\u0151\u00e1llom\u00e1nyok (91G0, 91H0, 91M0) sz\u00e1mos fokozottan v\u00e9dett fajnak (lsd. projektter\u00fclet tudom\u00e1nyos le\u00edr\u00e1sa) biztos\u00edtanak \u00e9l\u0151helyet, \u00edgy megfelel\u0151 term\u00e9szetv\u00e9delmi kezel\u00e9st ig\u00e9nyelnek. A megfelel\u0151 term\u00e9szetv\u00e9delmi erd\u0151kezel\u00e9s hozz\u00e1j\u00e1rulhat a pannon gyerty\u00e1nos-t\u00f6lgyesek Quercus petraea-val \u00e9s Carpinus betulus-szal, a pannon molyhos t\u00f6lgyesek Quercus pubescens-szel \u00e9s pannon cseres-t\u00f6lgyesek bor\u00edtotta ter\u00fcletek fejl\u0151d\u00e9s\u00e9hez. Eme erd\u0151k \u00e9s a pannon lejt\u0151sztyeppek \u00e9s sziklaf\u00fcves lejt\u0151k jelenl\u00e9te biol\u00f3giai soksz\u00edn\u0171s\u00e9g szempontj\u00e1b\u00f3l, uni\u00f3s szinten teszik fontoss\u00e1 a ter\u00fcletet. A ter\u00fclet term\u00e9szetess\u00e9ge \u00e9s biol\u00f3giai soksz\u00edn\u0171s\u00e9ge viszonylag r\u00f6vid id\u0151n bel\u00fcl jobb\u00e1 tehet\u0151 megfelel\u0151 term\u00e9szetv\u00e9delmi kezel\u00e9ssel.<\/p>\n<h4 style=\"text-align: center;\">Projektter\u00fclet z\u00e1szl\u00f3shaj\u00f3 fajai<\/h4>\n<p style=\"text-align: center;\"><em>Lucanus cervus,\u00a0Ficedula albicollis,\u00a0Glis glis<\/em><\/p>\n<p style=\"text-align: center;\"><a href=\"http:\/\/hu.life4oakforests.eu\/projekthelyszinek-magyarorszagon\/\">Vissza a projekt ter\u00fcletekre<\/a><\/p>\n<h5><\/h5>\n","protected":false},"excerpt":{"rendered":"<p>Projektter\u00fclet \u00e1ltal\u00e1nos le\u00edr\u00e1sa Projektter\u00fclet tudom\u00e1nyos le\u00edr\u00e1sa A projektter\u00fclet a D\u00e9lnyugat-B\u00fckk f\u0151k\u00e9nt nem karsztos r\u00e9szein tal\u00e1lhat\u00f3. A ter\u00fclet jellemz\u0151 \u00e9l\u0151helyei a 91G0*pannon gyerty\u00e1nos-t\u00f6lgyesek Quercus petraea-val\u00a0\u00e9s Carpinus betulus-szal (78%), de vannak itt 91M0 pannon cseres-t\u00f6lgyesek (8%), valamint a 91H0* pannon molyhos t\u00f6lgyesek &hellip; <a href=\"https:\/\/hu.life4oakforests.eu\/de\/felsotarkanyi-barat-erdo\/\">Weiterlesen<\/a><\/p>\n","protected":false},"author":1,"featured_media":0,"parent":0,"menu_order":0,"comment_status":"closed","ping_status":"closed","template":"","meta":{"kt_blocks_editor_width":"","_monsterinsights_skip_tracking":false,"_monsterinsights_sitenote_active":false,"_monsterinsights_sitenote_note":"","_monsterinsights_sitenote_category":0,"footnotes":""},"class_list":["post-569","page","type-page","status-publish","hentry"],"translation":{"provider":"WPGlobus","version":"3.0.1","language":"de","enabled_languages":["en","es","de","fr","ru"],"languages":{"en":{"title":true,"content":true,"excerpt":false},"es":{"title":false,"content":false,"excerpt":false},"de":{"title":false,"content":false,"excerpt":false},"fr":{"title":false,"content":false,"excerpt":false},"ru":{"title":false,"content":false,"excerpt":false}}},"aioseo_notices":[],"_links":{"self":[{"href":"https:\/\/hu.life4oakforests.eu\/de\/wp-json\/wp\/v2\/pages\/569","targetHints":{"allow":["GET"]}}],"collection":[{"href":"https:\/\/hu.life4oakforests.eu\/de\/wp-json\/wp\/v2\/pages"}],"about":[{"href":"https:\/\/hu.life4oakforests.eu\/de\/wp-json\/wp\/v2\/types\/page"}],"author":[{"embeddable":true,"href":"https:\/\/hu.life4oakforests.eu\/de\/wp-json\/wp\/v2\/users\/1"}],"replies":[{"embeddable":true,"href":"https:\/\/hu.life4oakforests.eu\/de\/wp-json\/wp\/v2\/comments?post=569"}],"version-history":[{"count":5,"href":"https:\/\/hu.life4oakforests.eu\/de\/wp-json\/wp\/v2\/pages\/569\/revisions"}],"predecessor-version":[{"id":5654,"href":"https:\/\/hu.life4oakforests.eu\/de\/wp-json\/wp\/v2\/pages\/569\/revisions\/5654"}],"wp:attachment":[{"href":"https:\/\/hu.life4oakforests.eu\/de\/wp-json\/wp\/v2\/media?parent=569"}],"curies":[{"name":"wp","href":"https:\/\/api.w.org\/{rel}","templated":true}]}}