{"id":561,"date":"2018-05-08T11:21:29","date_gmt":"2018-05-08T11:21:29","guid":{"rendered":"http:\/\/www.hu.life4oakforests.eu\/?page_id=561"},"modified":"2025-03-06T10:28:58","modified_gmt":"2025-03-06T10:28:58","slug":"bujak-bokri-hegy","status":"publish","type":"page","link":"https:\/\/hu.life4oakforests.eu\/de\/bujak-bokri-hegy\/","title":{"rendered":"Buj\u00e1k Bokri-hegy"},"content":{"rendered":"<h4 style=\"text-align: center;\"><strong>Projekt ter\u00fclet \u00e1ltal\u00e1nos le\u00edr\u00e1sa<\/strong><\/h4>\n<div class=\"row\"> <div class=\"col-md-6\">\n<p>A projektter\u00fclet neve: Buj\u00e1k Bokri-hegy<\/p>\n<p>Ter\u00fclet (ha): 46,120<\/p>\n<p>EU v\u00e9delmi jog\u00e1ll\u00e1s: K\u00fcl\u00f6nleges Term\u00e9szetmeg\u0151rz\u00e9si Ter\u00fclet (SCI): HUBN20057<\/p>\n<p>Egy\u00e9b jog\u00e1ll\u00e1s nemzeti vagy region\u00e1lis szab\u00e1lyoz\u00e1s \u00e9rtelm\u00e9ben:<\/p>\n<p>Kelet-Cserh\u00e1t T\u00e1jv\u00e9delmi K\u00f6rzet<\/p>\n<p>A projektter\u00fcet hasznos\u00edt\u00e1sa: F\u00f6ldhaszn\u00e1lat: Term\u00e9szetv\u00e9delem 100%<\/p>\n<p>Tulajdonjogi st\u00e1tusz: \u00c1llami tulajdon 100%<\/p>\n<\/div><div class=\"col-md-6\">\n<p><img loading=\"lazy\" decoding=\"async\" class=\"wp-image-1512 aligncenter\" src=\"http:\/\/www.life4oakforests.eu\/wp-content\/uploads\/2018\/05\/Buj\u00e1k-1-300x200.jpg\" alt=\"\" width=\"432\" height=\"288\" \/><\/p>\n<\/div><\/div>\n<h4 style=\"text-align: center;\">Projektter\u00fclet tudom\u00e1nyos le\u00edr\u00e1sa<\/h4>\n<p>The area is located 240-390 m a.s.l. on andesite bedrock. The area is covered with 100 years old forests of 91H0*Pannonian woods with Quercus pubescens (36%), and 91M0 Pannonian-Balkanic turkey oak \u2013sessile oak forests (63%). There are some small patches of 40A0*Subcontinental peri- Pannonic scrub, some transition forests and 6240*Sub-Pannonic steppic grasslands. The landscape around it comprise maintained and abandoned grasslands, abandoned wine yards and forests. There wasn&#8217;t any forestry operation during the last decades, therefore the plants are enriched in the area with large number of protected species such as Aconitum anthora, Allium paniculatum, Ecium russicum, Inula oculus-christi and Spiraea media. There are some invasive Robinia a pseudoacacia in the project area.<br \/>\nAnimals of the area:<\/p>\n<ul>\n<li>Mammals: <em>Dryomis nitedula, Felis sylvestris Glis glis and Nyctalus noctula.<\/em><\/li>\n<li>Birds: <em>Caprimulgus europaeus, Dryocopus martius, Dendrocopos medius, Ficedula albicollis, Upupa\u00a0<\/em><em>epos, Pernis apivorus Strix aluco.<\/em><\/li>\n<li>Reptiles:<em> Ablepharus kitaibelii fitzingeri<\/em><\/li>\n<li>Beetles: <em>Aesalus scarabaeoides, Cerambyx cerdo, Lacon querceus, Limoniscus violaceus, Liocola\u00a0<\/em><em>lugubris, Lucanus cervus and Trichoferus pallidus.<\/em><\/li>\n<li>Butterflies: <em>Dioszeghyana schmidtii, Marumba quercus, Pammene querceti, and Parnassius\u00a0<\/em><em>mnemosyne<\/em><\/li>\n<\/ul>\n<h4><\/h4>\n<h4><\/h4>\n<h4 style=\"text-align: center;\"><strong>A projektter\u00fclet jelent\u0151s\u00e9ge a biol\u00f3giai sokf\u00e9les\u00e9g \u00e9s \/ vagy a region\u00e1lis, nemzeti \u00e9s uni\u00f3s szinten c\u00e9lzott fajok \/ \u00e9l\u0151helyt\u00edpusok meg\u0151rz\u00e9se szempontj\u00e1b\u00f3l<br \/>\n<\/strong><\/h4>\n<p>The age, stand structure, composition, mixture rate and dead wood of Pannonian woods with <em>Quercus pubescens<\/em> and Pannonian-Balkanic turkey oak \u2013sessile oak forests of the area, the presence of Subcontinental peri-Pannonic scrub and Sub-Pannonic steppic grasslands makes the area important in a biodiversity and EU point of view. The naturalness and biological diversity of the area can be relatively quickly improved by a proper nature conservation management.<\/p>\n<h3><\/h3>\n<h4><\/h4>\n<h4 style=\"text-align: center;\">Projektter\u00fclet z\u00e1szl\u00f3shaj\u00f3 fajai<\/h4>\n<p style=\"text-align: center;\"><em>Aesalus scarabaeoides,\u00a0Dendrocopos medius, not meidus,\u00a0Dryomys nitedula<\/em><\/p>\n<p style=\"text-align: center;\"><a href=\"http:\/\/hu.life4oakforests.eu\/projekthelyszinek-magyarorszagon\/\">Vissza a projekthelysz\u00ednekre<\/a><\/p>\n<h5><\/h5>\n","protected":false},"excerpt":{"rendered":"<p>Projekt ter\u00fclet \u00e1ltal\u00e1nos le\u00edr\u00e1sa Projektter\u00fclet tudom\u00e1nyos le\u00edr\u00e1sa The area is located 240-390 m a.s.l. on andesite bedrock. The area is covered with 100 years old forests of 91H0*Pannonian woods with Quercus pubescens (36%), and 91M0 Pannonian-Balkanic turkey oak \u2013sessile oak &hellip; <a href=\"https:\/\/hu.life4oakforests.eu\/de\/bujak-bokri-hegy\/\">Weiterlesen<\/a><\/p>\n","protected":false},"author":1,"featured_media":0,"parent":0,"menu_order":0,"comment_status":"closed","ping_status":"closed","template":"","meta":{"kt_blocks_editor_width":"","_monsterinsights_skip_tracking":false,"_monsterinsights_sitenote_active":false,"_monsterinsights_sitenote_note":"","_monsterinsights_sitenote_category":0,"footnotes":""},"class_list":["post-561","page","type-page","status-publish","hentry"],"translation":{"provider":"WPGlobus","version":"3.0.1","language":"de","enabled_languages":["en","es","de","fr","ru"],"languages":{"en":{"title":true,"content":true,"excerpt":false},"es":{"title":false,"content":false,"excerpt":false},"de":{"title":false,"content":false,"excerpt":false},"fr":{"title":false,"content":false,"excerpt":false},"ru":{"title":false,"content":false,"excerpt":false}}},"aioseo_notices":[],"_links":{"self":[{"href":"https:\/\/hu.life4oakforests.eu\/de\/wp-json\/wp\/v2\/pages\/561","targetHints":{"allow":["GET"]}}],"collection":[{"href":"https:\/\/hu.life4oakforests.eu\/de\/wp-json\/wp\/v2\/pages"}],"about":[{"href":"https:\/\/hu.life4oakforests.eu\/de\/wp-json\/wp\/v2\/types\/page"}],"author":[{"embeddable":true,"href":"https:\/\/hu.life4oakforests.eu\/de\/wp-json\/wp\/v2\/users\/1"}],"replies":[{"embeddable":true,"href":"https:\/\/hu.life4oakforests.eu\/de\/wp-json\/wp\/v2\/comments?post=561"}],"version-history":[{"count":4,"href":"https:\/\/hu.life4oakforests.eu\/de\/wp-json\/wp\/v2\/pages\/561\/revisions"}],"predecessor-version":[{"id":5662,"href":"https:\/\/hu.life4oakforests.eu\/de\/wp-json\/wp\/v2\/pages\/561\/revisions\/5662"}],"wp:attachment":[{"href":"https:\/\/hu.life4oakforests.eu\/de\/wp-json\/wp\/v2\/media?parent=561"}],"curies":[{"name":"wp","href":"https:\/\/api.w.org\/{rel}","templated":true}]}}