{"id":536,"date":"2018-05-08T08:17:53","date_gmt":"2018-05-08T08:17:53","guid":{"rendered":"http:\/\/www.hu.life4oakforests.eu\/?page_id=536"},"modified":"2025-03-06T10:22:40","modified_gmt":"2025-03-06T10:22:40","slug":"cserepfalu-kornyeki-erdok","status":"publish","type":"page","link":"https:\/\/hu.life4oakforests.eu\/de\/cserepfalu-kornyeki-erdok\/","title":{"rendered":"Cser\u00e9pfalu k\u00f6rny\u00e9ki erd\u0151k"},"content":{"rendered":"<h4 style=\"text-align: center;\"><strong>A projektter\u00fclet \u00e1ltal\u00e1nos le\u00edr\u00e1sa<\/strong><\/h4>\n<div class=\"row\"> <div class=\"col-md-6\">\n<p>Name of the project area: Cser\u00e9pfalu k\u00f6rny\u00e9ki erd\u0151k<\/p>\n<p>Surface area (ha): 89.990<\/p>\n<p>EU protection status\u00a0SPA: NATURA 2000 Code HUBN10003<\/p>\n<p>EU protection status\u00a0SCI: NATURA 2000 Code HUBN20002<\/p>\n<p>Other protection status according to national or regional legislation:\u00a0National Park<\/p>\n<p>The main uses of the project site: The main land uses: Nature conservation 100%<\/p>\n<p>The ownership status: Sate property 94%, private property 6%<\/p>\n<\/div><div class=\"col-md-6\">\n<p><img loading=\"lazy\" decoding=\"async\" class=\"wp-image-1480 aligncenter\" src=\"http:\/\/www.life4oakforests.eu\/wp-content\/uploads\/2018\/05\/Cserepfalu_kornyeki_erdok_pompas_viragbogar_elohely1-300x169.jpg\" alt=\"\" width=\"431\" height=\"243\" \/><\/p>\n<\/div><\/div>\n<h5><\/h5>\n<h3><\/h3>\n<h4 style=\"text-align: center;\">Projektter\u00fclet tudom\u00e1nyos le\u00edr\u00e1sa<\/h4>\n<p>A projektter\u00fclet a D\u00e9li-B\u00fckk karsztr\u00e9szein tal\u00e1lhat\u00f3. A ter\u00fclet jellemz\u0151 \u00e9l\u0151helyei a 91M0 pannon cseres-t\u00f6lgyesek (61%), valamint a 91H0* pannon molyhos t\u00f6lgyesek Quercus pubescens-szel\u00a0(13%), 91G0*pannon gyerty\u00e1nos-t\u00f6lgyesek Quercus petraea-val \u00e9s Carpinus betulus-szal\u00a0(4%), 6240*pannon lejt\u0151sztyeppek \u00e9s sziklaf\u00fcves lejt\u0151k (5%) \u00e9s 9180* t\u00f6rmel\u00e9klejt\u0151- \u00e9s szurdokerd\u0151k (2%). A kor\u00e1bbi erd\u0151gazd\u00e1lkod\u00e1si tev\u00e9keny\u00e9sgekb\u0151l kifoly\u00f3lag nagyj\u00e1b\u00f3l 3% az <em>erdeifeny\u0151<\/em> \u00fcltetv\u00e9ny ar\u00e1nya, \u00e9s 7%-\u00e1t bor\u00edtja a ter\u00fcletnek <em>ak\u00e1c<\/em>.<br \/>\nA ter\u00fclet legfontosabb n\u00f6v\u00e9nyei a <em>kikeleti h\u00f3vir\u00e1g, le\u00e1nyk\u00f6k\u00f6rcsin<\/em> \u00e9s <em>Janka-tars\u00f3ka<\/em>.<br \/>\nA ter\u00fclet kiemelt \u00e1llatai:<\/p>\n<ul>\n<li>Eml\u0151s\u00f6k:\u00a0<em>Nyugati piszedenev\u00e9r, sz\u00fcrke farkas<\/em><em>, eur\u00e1zsiai hi\u00faz, nagyf\u00fcl\u0171 denev\u00e9r, k\u00f6z\u00f6ns\u00e9ges denev\u00e9r, kis patk\u00f3sdenev\u00e9r<\/em><\/li>\n<li><em>Madarak: Uhu, k\u00edgy\u00e1sz\u00f6lyv, fekete hark\u00e1ly, k\u00f6z\u00e9p fakop\u00e1ncs, <\/em><br \/>\n<em>bajszos s\u00e1rm\u00e1ny, \u00f6rv\u00f6s l\u00e9gykap\u00f3, hamvas k\u00fcll\u0151, ur\u00e1li bagoly.<\/em><\/li>\n<li>K\u00e9t\u00e9lt\u0171ek:\u00a0<em>V\u00f6r\u00f6shas\u00fa unka<\/em><\/li>\n<li>Bogarak:\u00a0Nagy h\u0151scinc\u00e9r, t\u00f6lgyfa-d\u00edszbog\u00e1r, k\u00e9k pattan\u00f3bog\u00e1r, nagy szarvasbog\u00e1r<\/li>\n<li>Lepk\u00e9k:\u00a0<em>Cs\u00edkos medvelepke, Magyar tavaszi-f\u00e9s\u0171sbagolylepke<\/em><\/li>\n<\/ul>\n<h4><strong>A projektter\u00fclet jelent\u0151s\u00e9ge a biol\u00f3giai sokf\u00e9les\u00e9g \u00e9s \/ vagy a region\u00e1lis, nemzeti \u00e9s uni\u00f3s szinten c\u00e9lzott fajok \/ \u00e9l\u0151helyt\u00edpusok meg\u0151rz\u00e9se szempontj\u00e1b\u00f3l<br \/>\n<\/strong><\/h4>\n<p>A k\u00fcl\u00f6nf\u00e9le t\u00f6lgyerd\u0151 \u00e1llom\u00e1nyok (91G0, 91H0, 91M0) sz\u00e1mos fokozottan v\u00e9dett fajnak (lsd. projektter\u00fclet tudom\u00e1nyos le\u00edr\u00e1sa) biztos\u00edtanak \u00e9l\u0151helyet, \u00edgy megfelel\u0151 term\u00e9szetv\u00e9delmi kezel\u00e9st ig\u00e9nyelnek. K\u00fcl\u00f6n\u00f6sen a <em>sz\u00fcrke farkas<\/em>\u00a0\u00e9s az <em>eur\u00e1zsiai hi\u00faz <\/em>sz\u00e1m\u00e1ra sz\u00fcks\u00e9ges nagy kiterjed\u00e9s\u0171, h\u00e1bor\u00edtatlan erd\u0151r\u00e9szek biztos\u00edt\u00e1sa. Azonban, ehhez a mag\u00e1ntulajdonban l\u00e9v\u0151 erd\u0151k felv\u00e1s\u00e1rl\u00e1sa sz\u00fcks\u00e9ges, \u00e9s az <em>erdeifeny\u0151vel <\/em>ben\u0151tt erd\u0151ket t\u00f6lgyerd\u0151kk\u00e9 kell alak\u00edtanunk, valamint az invaz\u00edv fajokat is el kell t\u00e1vol\u00edtani. A megfelel\u0151 term\u00e9szetv\u00e9delmi erd\u0151kezel\u00e9s hozz\u00e1j\u00e1rulhat a pannon gyerty\u00e1nos-t\u00f6lgyesek Quercus petraea-val \u00e9s Carpinus betulus-szal, a pannon molyhos t\u00f6lgyesek Quercus pubescens-szel \u00e9s pannon cseres-t\u00f6lgyesek bor\u00edtotta ter\u00fcletek fejl\u0151d\u00e9s\u00e9hez. Eme erd\u0151k \u00e9s a pannon lejt\u0151sztyeppek \u00e9s sziklaf\u00fcves lejt\u0151k jelenl\u00e9te biol\u00f3giai soksz\u00edn\u0171s\u00e9g szempontj\u00e1b\u00f3l, uni\u00f3s szinten teszi fontoss\u00e1 a ter\u00fcletet. A ter\u00fclet term\u00e9szetess\u00e9ge \u00e9s biol\u00f3giai soksz\u00edn\u0171s\u00e9ge viszonylag r\u00f6vid id\u0151n bel\u00fcl jobb\u00e1 tehet\u0151 megfelel\u0151 term\u00e9szetv\u00e9delmi kezel\u00e9ssel.<\/p>\n<h3><\/h3>\n<h4 style=\"text-align: center;\">Projektter\u00fclet z\u00e1szl\u00f3shaj\u00f3 fajai<\/h4>\n<p style=\"text-align: center;\"><em>Protaetia speciosissima,\u00a0Zamenislongissimus,\u00a0Plecotus auritus<\/em><\/p>\n<p style=\"text-align: center;\"><a href=\"http:\/\/hu.life4oakforests.eu\/projekthelyszinek-magyarorszagon\/\">Vissza a projekt ter\u00fcletekre<\/a><\/p>\n","protected":false},"excerpt":{"rendered":"<p>A projektter\u00fclet \u00e1ltal\u00e1nos le\u00edr\u00e1sa Projektter\u00fclet tudom\u00e1nyos le\u00edr\u00e1sa A projektter\u00fclet a D\u00e9li-B\u00fckk karsztr\u00e9szein tal\u00e1lhat\u00f3. A ter\u00fclet jellemz\u0151 \u00e9l\u0151helyei a 91M0 pannon cseres-t\u00f6lgyesek (61%), valamint a 91H0* pannon molyhos t\u00f6lgyesek Quercus pubescens-szel\u00a0(13%), 91G0*pannon gyerty\u00e1nos-t\u00f6lgyesek Quercus petraea-val \u00e9s Carpinus betulus-szal\u00a0(4%), 6240*pannon lejt\u0151sztyeppek \u00e9s &hellip; <a href=\"https:\/\/hu.life4oakforests.eu\/de\/cserepfalu-kornyeki-erdok\/\">Weiterlesen<\/a><\/p>\n","protected":false},"author":1,"featured_media":0,"parent":0,"menu_order":0,"comment_status":"closed","ping_status":"closed","template":"","meta":{"kt_blocks_editor_width":"","_monsterinsights_skip_tracking":false,"_monsterinsights_sitenote_active":false,"_monsterinsights_sitenote_note":"","_monsterinsights_sitenote_category":0,"footnotes":""},"class_list":["post-536","page","type-page","status-publish","hentry"],"translation":{"provider":"WPGlobus","version":"3.0.1","language":"de","enabled_languages":["en","es","de","fr","ru"],"languages":{"en":{"title":true,"content":true,"excerpt":false},"es":{"title":false,"content":false,"excerpt":false},"de":{"title":false,"content":false,"excerpt":false},"fr":{"title":false,"content":false,"excerpt":false},"ru":{"title":false,"content":false,"excerpt":false}}},"aioseo_notices":[],"_links":{"self":[{"href":"https:\/\/hu.life4oakforests.eu\/de\/wp-json\/wp\/v2\/pages\/536","targetHints":{"allow":["GET"]}}],"collection":[{"href":"https:\/\/hu.life4oakforests.eu\/de\/wp-json\/wp\/v2\/pages"}],"about":[{"href":"https:\/\/hu.life4oakforests.eu\/de\/wp-json\/wp\/v2\/types\/page"}],"author":[{"embeddable":true,"href":"https:\/\/hu.life4oakforests.eu\/de\/wp-json\/wp\/v2\/users\/1"}],"replies":[{"embeddable":true,"href":"https:\/\/hu.life4oakforests.eu\/de\/wp-json\/wp\/v2\/comments?post=536"}],"version-history":[{"count":4,"href":"https:\/\/hu.life4oakforests.eu\/de\/wp-json\/wp\/v2\/pages\/536\/revisions"}],"predecessor-version":[{"id":5653,"href":"https:\/\/hu.life4oakforests.eu\/de\/wp-json\/wp\/v2\/pages\/536\/revisions\/5653"}],"wp:attachment":[{"href":"https:\/\/hu.life4oakforests.eu\/de\/wp-json\/wp\/v2\/media?parent=536"}],"curies":[{"name":"wp","href":"https:\/\/api.w.org\/{rel}","templated":true}]}}